{"id":647,"date":"2024-07-09T08:37:50","date_gmt":"2024-07-09T08:37:50","guid":{"rendered":"https:\/\/kehuan.easiwin.com\/?post_type=product&#038;p=647"},"modified":"2025-04-28T05:56:05","modified_gmt":"2025-04-28T05:56:05","slug":"tube-en-acier-au-carbone-sans-soudure-astm-a106-a53-vendu-a-chaud-tube-en-acier-au-carbone-sans-soudure-pour-la-construction","status":"publish","type":"product","link":"https:\/\/khsteel.net\/fr\/product\/hot-selling-seamless-carbon-steel-pipe-astm-a106-a53-carbon-steel-seamless-steel-pipe-for-construction\/","title":{"rendered":"Tube en acier au carbone sans soudure ASTM A106 A53 Tube en acier au carbone sans soudure pour la construction"},"content":{"rendered":"<h3 class=\"wp-block-heading\" id=\"key-attributes\">Principales caract\u00e9ristiques<\/h3>\n\n\n\n<h4 class=\"wp-block-heading\">Attributs sp\u00e9cifiques \u00e0 l'industrie<\/h4>\n\n\n\n<figure class=\"wp-block-table\"><table><tbody><tr><td>Forme de la section<\/td><td>Rond<\/td><\/tr><tr><td>Traitement de surface<\/td><td>Lamin\u00e9s \u00e0 chaud<\/td><\/tr><tr><td>Tol\u00e9rance<\/td><td>\u00b15%, \u00b11%<\/td><\/tr><tr><td>Huil\u00e9 ou non huil\u00e9<\/td><td>Non huil\u00e9<\/td><\/tr><tr><td>Facturation<\/td><td>en poids th\u00e9orique<\/td><\/tr><\/tbody><\/table><\/figure>\n\n\n\n<p>Autres caract\u00e9ristiques<\/p>\n\n\n\n<figure class=\"wp-block-table\"><table><tbody><tr><td>Lieu d'origine<\/td><td>Shandong, Chine<\/td><\/tr><tr><td>Alliage ou non<\/td><td>Est un alliage<\/td><\/tr><tr><td>Standard<\/td><td>ASTM<\/td><\/tr><tr><td>Grade<\/td><td>Q195\/Q235\/Q345 A53 A106<\/td><\/tr><tr><td>D\u00e9lai de livraison<\/td><td>8-14 jours<\/td><\/tr><tr><td>Nom de la marque<\/td><td>Kehuan<\/td><\/tr><tr><td>Application<\/td><td>Tuyaux de structure, autres<\/td><\/tr><tr><td>Tuyaux sp\u00e9ciaux<\/td><td>Autres, tuyaux \u00e0 paroi \u00e9paisse<\/td><\/tr><tr><td>\u00c9paisseur<\/td><td>11-60mm<\/td><\/tr><tr><td>Longueur<\/td><td>12M, 6m, 6.4M<\/td><\/tr><tr><td>Certificat<\/td><td>API, ISO9001<\/td><\/tr><tr><td>Service de traitement<\/td><td>Pliage, soudage, d\u00e9cochage, poin\u00e7onnage, d\u00e9coupage<\/td><\/tr><tr><td>Standard<\/td><td>ASTM JIS DIN GB ASME<\/td><\/tr><tr><td>Nom du produit<\/td><td>Tubes sans soudure lamin\u00e9s \u00e0 chaud<\/td><\/tr><tr><td>Mat\u00e9riau<\/td><td>10#.20# 45# 16Mn<\/td><\/tr><tr><td>Type<\/td><td>Tube rond en acier sans soudure<\/td><\/tr><tr><td>Mot-cl\u00e9<\/td><td>Tube rond en acier<\/td><\/tr><tr><td>Surface<\/td><td>Exigence des clients<\/td><\/tr><tr><td>Utilisation<\/td><td>Machines pour l'industrie du b\u00e2timent<\/td><\/tr><tr><td>Forme<\/td><td>Section ronde<\/td><\/tr><tr><td>MOQ<\/td><td>5 tonnes<\/td><\/tr><tr><td>Technique<\/td><td>Base lamin\u00e9e \u00e0 chaud<\/td><\/tr><\/tbody><\/table><\/figure>\n\n\n\n<figure class=\"wp-block-table\"><table><tbody><tr><td>Nom<\/td><td>Tube en acier au carbone sans soudure de premi\u00e8re qualit\u00e9<\/td><\/tr><tr><td>Zone utilis\u00e9e<\/td><td>P\u00e9trole, chimie, \u00e9lectricit\u00e9, gaz, eau, m\u00e9tallurgie, construction navale, construction, etc.<\/td><\/tr><tr><td>Emballage<\/td><td>Emballage standard pour l'exportation ou selon les exigences du client<\/td><\/tr><tr><td>Longueur<\/td><td>5.8m 6m 12m ou Selon la demande du client<\/td><\/tr><tr><td>Grade<\/td><td>A106 Gr.B, A53, ST52, Grade B,1020,1045<\/td><\/tr><tr><td>Dur\u00e9e du prix<\/td><td>CIF FOB CNF EXW<\/td><\/tr><\/tbody><\/table><\/figure>","protected":false},"featured_media":653,"parent":0,"template":"","meta":{"_acf_changed":true,"_gspb_post_css":"","_kad_blocks_custom_css":"","_kad_blocks_head_custom_js":"","_kad_blocks_body_custom_js":"","_kad_blocks_footer_custom_js":"","_kad_post_transparent":"","_kad_post_title":"","_kad_post_layout":"","_kad_post_sidebar_id":"","_kad_post_content_style":"","_kad_post_vertical_padding":"","_kad_post_feature":"","_kad_post_feature_position":"","_kad_post_header":false,"_kad_post_footer":false,"_kad_post_classname":""},"product-category":[],"class_list":["post-647","product","type-product","status-publish","has-post-thumbnail","hentry"],"acf":[],"taxonomy_info":[],"featured_image_src_large":["https:\/\/khsteel.net\/wp-content\/uploads\/2024\/07\/10006-16.jpg",580,580,false],"author_info":[],"comment_info":"","_links":{"self":[{"href":"https:\/\/khsteel.net\/fr\/wp-json\/wp\/v2\/product\/647","targetHints":{"allow":["GET"]}}],"collection":[{"href":"https:\/\/khsteel.net\/fr\/wp-json\/wp\/v2\/product"}],"about":[{"href":"https:\/\/khsteel.net\/fr\/wp-json\/wp\/v2\/types\/product"}],"wp:featuredmedia":[{"embeddable":true,"href":"https:\/\/khsteel.net\/fr\/wp-json\/wp\/v2\/media\/653"}],"wp:attachment":[{"href":"https:\/\/khsteel.net\/fr\/wp-json\/wp\/v2\/media?parent=647"}],"wp:term":[{"taxonomy":"product-category","embeddable":true,"href":"https:\/\/khsteel.net\/fr\/wp-json\/wp\/v2\/product-category?post=647"}],"curies":[{"name":"wp","href":"https:\/\/api.w.org\/{rel}","templated":true}]}}