{"id":624,"date":"2024-07-09T08:14:43","date_gmt":"2024-07-09T08:14:43","guid":{"rendered":"https:\/\/kehuan.easiwin.com\/?post_type=product&#038;p=624"},"modified":"2025-06-18T08:26:33","modified_gmt":"2025-06-18T08:26:33","slug":"tole-dacier-ondulee-2","status":"publish","type":"product","link":"https:\/\/khsteel.net\/fr\/product\/corrugated-steel-plate-2\/","title":{"rendered":"Vente directe par l'usine de t\u00f4les ondul\u00e9es de haute qualit\u00e9 Vente \u00e0 chaud Q195 Q235 T\u00f4les de couverture \u00e0 rev\u00eatement color\u00e9 Ferme de toit pour charpente de maison"},"content":{"rendered":"\n<h2>Key attributes Corrugated Steel Plate <\/h2>\n\n\n\n<h4 class=\"wp-block-heading\" id=\"industry-specific-attributes\">Industry-specific attributes<\/h4>\n\n\n\n<figure class=\"wp-block-table\"><table><tbody><tr><td>Thickness<\/td><td>0.12-3.0MM<\/td><\/tr><tr><td>Grade<\/td><td>Q235\/Q235B\/Q345\/Q345B<\/td><\/tr><tr><td>Coating<\/td><td>Z10-Z29<\/td><\/tr><tr><td>RAL Color<\/td><td>RAL Colors<\/td><\/tr><tr><td>Hardness<\/td><td>Mid Hard<\/td><\/tr><\/tbody><\/table><\/figure>\n\n\n\n<p>Other attributes<\/p>\n\n\n\n<figure class=\"wp-block-table\"><table><tbody><tr><td>Place of Origin<\/td><td>Shandong, China<\/td><\/tr><tr><td>Standard<\/td><td>ASTM<\/td><\/tr><tr><td>Delivery Time<\/td><td>15-21 days<\/td><\/tr><tr><td>Brand Name<\/td><td>Kehuan<\/td><\/tr><tr><td>Application<\/td><td>Structural,Roofing,Industry<\/td><\/tr><tr><td>Width<\/td><td>600mm-1500mm<\/td><\/tr><tr><td>Length<\/td><td>1400-1799mm, 1800-2000mm, 2001-3600mm, 3601-3660mm<\/td><\/tr><tr><td>Certificate<\/td><td>API, JIS, ISO9001<\/td><\/tr><tr><td>Tolerance<\/td><td>\u00b11%<\/td><\/tr><tr><td>Processing Service<\/td><td>Welding, Punching, Cutting, Bending, Decoiling<\/td><\/tr><tr><td>Standard<\/td><td>EN10147\/EN10142\/DIN 17162\/JIS G3302\/ASTM A653<\/td><\/tr><tr><td>Galvanized Weight<\/td><td>10g &#8211; 275g \/ m2<\/td><\/tr><tr><td>Length<\/td><td>1-12m,as Your Request<\/td><\/tr><tr><td>Tolerance<\/td><td>Thickness: \u00b10.01 mmWidth: \u00b12 mm<\/td><\/tr><tr><td>Top Coating Thickness<\/td><td>15\u03bcm-25\u03bcm<\/td><\/tr><tr><td>Back Coated Thickness<\/td><td>5\u03bcm-20\u03bcm<\/td><\/tr><tr><td>Steel Grade<\/td><td>Dx51D\/Dx52D\/Dx53D\/DX54D\/S250GD\/S350GD\/S550GD<\/td><\/tr><tr><td>Technique<\/td><td>Hot Rolled<\/td><\/tr><tr><td>Keyword<\/td><td>Corrugated Steel Plate<\/td><\/tr><tr><td>Package<\/td><td>Sea-worth Package<\/td><\/tr><\/tbody><\/table><\/figure>\n\n\n\n<p>Specification<\/p>\n\n\n<style>.kb-row-layout-id624_317b6a-85 > .kt-row-column-wrap{align-content:start;}:where(.kb-row-layout-id624_317b6a-85 > .kt-row-column-wrap) > .wp-block-kadence-column{justify-content:start;}.kb-row-layout-id624_317b6a-85 > .kt-row-column-wrap{column-gap:var(--global-kb-gap-sm, 1rem);row-gap:var(--global-kb-gap-md, 2rem);max-width:var( --global-content-width, 1500px );padding-left:var(--global-content-edge-padding);padding-right:var(--global-content-edge-padding);padding-top:var(--global-kb-spacing-sm, 1.5rem);padding-bottom:var(--global-kb-spacing-xl, 4rem);}.kb-row-layout-id624_317b6a-85 > .kt-row-column-wrap > div:not(.added-for-specificity){grid-column:initial;}.kb-row-layout-id624_317b6a-85 > .kt-row-column-wrap{grid-template-columns:minmax(0, 1fr) minmax(0, 1fr) minmax(0, 2fr);}.kb-row-layout-id624_317b6a-85 > .kt-row-layout-overlay{opacity:0.30;}@media all and (max-width: 1024px){.kb-row-layout-id624_317b6a-85 > .kt-row-column-wrap{padding-top:var(--global-kb-spacing-xl, 4rem);grid-template-columns:minmax(0, 1fr) minmax(0, 1fr) minmax(0, 2fr);}}@media all and (max-width: 1024px){.kb-row-layout-id624_317b6a-85 > .kt-row-column-wrap > div:not(.added-for-specificity){grid-column:initial;}}@media all and (max-width: 767px){.kb-row-layout-id624_317b6a-85 > .kt-row-column-wrap > div:not(.added-for-specificity){grid-column:initial;}.kb-row-layout-id624_317b6a-85 > .kt-row-column-wrap{grid-template-columns:minmax(0, 1fr);}.kb-row-layout-id624_317b6a-85 > .kt-row-column-wrap > .wp-block-kadence-column:nth-child(1 of *:not(style)){order:3;}.kb-row-layout-id624_317b6a-85 > .kt-row-column-wrap > .wp-block-kadence-column:nth-child(2 of *:not(style)){order:2;}.kb-row-layout-id624_317b6a-85 > .kt-row-column-wrap > .wp-block-kadence-column:nth-child(3 of *:not(style)){order:1;}.kb-row-layout-id624_317b6a-85 > .kt-row-column-wrap > .wp-block-kadence-column:nth-child(4 of *:not(style)){order:13;}.kb-row-layout-id624_317b6a-85 > .kt-row-column-wrap > .wp-block-kadence-column:nth-child(5 of *:not(style)){order:12;}.kb-row-layout-id624_317b6a-85 > .kt-row-column-wrap > .wp-block-kadence-column:nth-child(6 of *:not(style)){order:11;}.kb-row-layout-id624_317b6a-85 > .kt-row-column-wrap > .wp-block-kadence-column:nth-child(7 of *:not(style)){order:23;}.kb-row-layout-id624_317b6a-85 > .kt-row-column-wrap > .wp-block-kadence-column:nth-child(8 of *:not(style)){order:22;}.kb-row-layout-id624_317b6a-85 > .kt-row-column-wrap > .wp-block-kadence-column:nth-child(9 of *:not(style)){order:21;}.kb-row-layout-id624_317b6a-85 > .kt-row-column-wrap > .wp-block-kadence-column:nth-child(10 of *:not(style)){order:33;}.kb-row-layout-id624_317b6a-85 > .kt-row-column-wrap > .wp-block-kadence-column:nth-child(11 of *:not(style)){order:32;}.kb-row-layout-id624_317b6a-85 > .kt-row-column-wrap > .wp-block-kadence-column:nth-child(12 of *:not(style)){order:31;}}<\/style><div class=\"kb-row-layout-wrap kb-row-layout-id624_317b6a-85 alignfull has-theme-palette8-background-color kt-row-has-bg wp-block-kadence-rowlayout\"><div class=\"kt-row-column-wrap kt-has-3-columns kt-row-layout-right-half kt-tab-layout-inherit kt-mobile-layout-row kt-row-valign-top kb-theme-content-width\">\n<style>.kadence-column624_6c7a28-9e > .kt-inside-inner-col{display:flex;}.kadence-column624_6c7a28-9e > .kt-inside-inner-col,.kadence-column624_6c7a28-9e > .kt-inside-inner-col:before{border-top-left-radius:0px;border-top-right-radius:0px;border-bottom-right-radius:0px;border-bottom-left-radius:0px;}.kadence-column624_6c7a28-9e > .kt-inside-inner-col{column-gap:var(--global-kb-gap-sm, 1rem);}.kadence-column624_6c7a28-9e > .kt-inside-inner-col{flex-direction:column;justify-content:flex-end;}.kadence-column624_6c7a28-9e > .kt-inside-inner-col > .aligncenter{width:100%;}.kt-row-column-wrap > .kadence-column624_6c7a28-9e{align-self:flex-end;}.kt-inner-column-height-full:not(.kt-has-1-columns) > .wp-block-kadence-column.kadence-column624_6c7a28-9e{align-self:auto;}.kt-inner-column-height-full:not(.kt-has-1-columns) > .wp-block-kadence-column.kadence-column624_6c7a28-9e > .kt-inside-inner-col{flex-direction:column;justify-content:flex-end;}.kadence-column624_6c7a28-9e > .kt-inside-inner-col:before{opacity:0.3;}.kadence-column624_6c7a28-9e{position:relative;}@media all and (max-width: 1024px){.kt-row-column-wrap > .kadence-column624_6c7a28-9e{align-self:flex-end;}}@media all and (max-width: 1024px){.kt-inner-column-height-full:not(.kt-has-1-columns) > .wp-block-kadence-column.kadence-column624_6c7a28-9e{align-self:auto;}}@media all and (max-width: 1024px){.kt-inner-column-height-full:not(.kt-has-1-columns) > .wp-block-kadence-column.kadence-column624_6c7a28-9e > .kt-inside-inner-col{flex-direction:column;justify-content:flex-end;}}@media all and (max-width: 1024px){.kadence-column624_6c7a28-9e > .kt-inside-inner-col{flex-direction:column;justify-content:flex-end;}}@media all and (max-width: 767px){.kt-row-column-wrap > .kadence-column624_6c7a28-9e{align-self:flex-end;}.kt-inner-column-height-full:not(.kt-has-1-columns) > .wp-block-kadence-column.kadence-column624_6c7a28-9e{align-self:auto;}.kt-inner-column-height-full:not(.kt-has-1-columns) > .wp-block-kadence-column.kadence-column624_6c7a28-9e > .kt-inside-inner-col{flex-direction:column;justify-content:flex-end;}.kadence-column624_6c7a28-9e > .kt-inside-inner-col{flex-direction:column;justify-content:flex-end;}}<\/style>\n<div class=\"wp-block-kadence-column kadence-column624_6c7a28-9e\"><div class=\"kt-inside-inner-col\"><style>.kb-image624_6eb006-1f .kb-image-has-overlay:after{opacity:0.3;border-top-left-radius:10px;border-top-right-radius:10px;border-bottom-right-radius:10px;border-bottom-left-radius:10px;}.kb-image624_6eb006-1f img.kb-img, .kb-image624_6eb006-1f .kb-img img{border-top-left-radius:10px;border-top-right-radius:10px;border-bottom-right-radius:10px;border-bottom-left-radius:10px;}<\/style>\n<figure class=\"wp-block-kadence-image kb-image624_6eb006-1f size-full kb-image-is-ratio-size\"><div class=\"kb-is-ratio-image kb-image-ratio-square\"><img loading=\"lazy\" decoding=\"async\" width=\"750\" height=\"632\" src=\"https:\/\/khsteel.net\/wp-content\/uploads\/2025\/06\/\u5ba2\u6237\u63a5\u5f85.png\" alt=\"\" class=\"kb-img wp-image-2525\" title=\"\" srcset=\"https:\/\/khsteel.net\/wp-content\/uploads\/2025\/06\/\u5ba2\u6237\u63a5\u5f85.png 750w, https:\/\/khsteel.net\/wp-content\/uploads\/2025\/06\/\u5ba2\u6237\u63a5\u5f85-300x253.png 300w, https:\/\/khsteel.net\/wp-content\/uploads\/2025\/06\/\u5ba2\u6237\u63a5\u5f85-14x12.png 14w\" sizes=\"auto, (max-width: 750px) 100vw, 750px\" \/><\/div><\/figure>\n<\/div><\/div>\n\n\n<style>.kadence-column624_a553d9-3e > .kt-inside-inner-col{display:flex;}.kadence-column624_a553d9-3e > .kt-inside-inner-col,.kadence-column624_a553d9-3e > .kt-inside-inner-col:before{border-top-left-radius:0px;border-top-right-radius:0px;border-bottom-right-radius:0px;border-bottom-left-radius:0px;}.kadence-column624_a553d9-3e > .kt-inside-inner-col{column-gap:var(--global-kb-gap-sm, 1rem);}.kadence-column624_a553d9-3e > .kt-inside-inner-col{flex-direction:column;justify-content:flex-end;}.kadence-column624_a553d9-3e > .kt-inside-inner-col > .aligncenter{width:100%;}.kt-row-column-wrap > .kadence-column624_a553d9-3e{align-self:flex-end;}.kt-inner-column-height-full:not(.kt-has-1-columns) > .wp-block-kadence-column.kadence-column624_a553d9-3e{align-self:auto;}.kt-inner-column-height-full:not(.kt-has-1-columns) > .wp-block-kadence-column.kadence-column624_a553d9-3e > .kt-inside-inner-col{flex-direction:column;justify-content:flex-end;}.kadence-column624_a553d9-3e > .kt-inside-inner-col:before{opacity:0.3;}.kadence-column624_a553d9-3e{position:relative;}@media all and (max-width: 1024px){.kt-row-column-wrap > .kadence-column624_a553d9-3e{align-self:flex-end;}}@media all and (max-width: 1024px){.kt-inner-column-height-full:not(.kt-has-1-columns) > .wp-block-kadence-column.kadence-column624_a553d9-3e{align-self:auto;}}@media all and (max-width: 1024px){.kt-inner-column-height-full:not(.kt-has-1-columns) > .wp-block-kadence-column.kadence-column624_a553d9-3e > .kt-inside-inner-col{flex-direction:column;justify-content:flex-end;}}@media all and (max-width: 1024px){.kadence-column624_a553d9-3e > .kt-inside-inner-col{flex-direction:column;justify-content:flex-end;}}@media all and (max-width: 767px){.kt-row-column-wrap > .kadence-column624_a553d9-3e{align-self:flex-end;}.kt-inner-column-height-full:not(.kt-has-1-columns) > .wp-block-kadence-column.kadence-column624_a553d9-3e{align-self:auto;}.kt-inner-column-height-full:not(.kt-has-1-columns) > .wp-block-kadence-column.kadence-column624_a553d9-3e > .kt-inside-inner-col{flex-direction:column;justify-content:flex-end;}.kadence-column624_a553d9-3e > .kt-inside-inner-col{flex-direction:column;justify-content:flex-end;}}<\/style>\n<div class=\"wp-block-kadence-column kadence-column624_a553d9-3e\"><div class=\"kt-inside-inner-col\"><style>.kadence-column624_ffcfc7-e8 > .kt-inside-inner-col{display:flex;}.kadence-column624_ffcfc7-e8 > .kt-inside-inner-col{padding-top:var(--global-kb-spacing-sm, 1.5rem);padding-bottom:var(--global-kb-spacing-sm, 1.5rem);}.kadence-column624_ffcfc7-e8 > .kt-inside-inner-col{box-shadow:0px 0px 60px 5px rgba(0, 0, 0, 0.09);}.kadence-column624_ffcfc7-e8 > .kt-inside-inner-col,.kadence-column624_ffcfc7-e8 > .kt-inside-inner-col:before{border-top-left-radius:500px;border-top-right-radius:500px;border-bottom-right-radius:500px;border-bottom-left-radius:500px;}.kadence-column624_ffcfc7-e8 > .kt-inside-inner-col{column-gap:var(--global-kb-gap-sm, 1rem);}.kadence-column624_ffcfc7-e8 > .kt-inside-inner-col{flex-direction:column;align-items:center;}.kadence-column624_ffcfc7-e8 > .kt-inside-inner-col > .kb-image-is-ratio-size{align-self:stretch;}.kadence-column624_ffcfc7-e8 > .kt-inside-inner-col > .wp-block-kadence-advancedgallery{align-self:stretch;}.kadence-column624_ffcfc7-e8 > .kt-inside-inner-col > .aligncenter{width:100%;}.kadence-column624_ffcfc7-e8 > .kt-inside-inner-col{background-color:var(--global-palette9, #ffffff);}.kadence-column624_ffcfc7-e8 > .kt-inside-inner-col:before{opacity:0.3;}.kadence-column624_ffcfc7-e8{z-index:100;position:relative;}.kadence-column624_ffcfc7-e8, .kt-inside-inner-col > .kadence-column624_ffcfc7-e8:not(.specificity){margin-top:300px;margin-right:-60px;margin-bottom:-370px;margin-left:160px;}@media all and (max-width: 1024px){.kadence-column624_ffcfc7-e8 > .kt-inside-inner-col{flex-direction:column;justify-content:center;align-items:center;}}@media all and (max-width: 1024px){.kadence-column624_ffcfc7-e8, .kt-inside-inner-col > .kadence-column624_ffcfc7-e8:not(.specificity){margin-top:200px;margin-bottom:-290px;margin-left:110px;}}@media all and (max-width: 767px){.kadence-column624_ffcfc7-e8 > .kt-inside-inner-col{flex-direction:column;justify-content:center;align-items:center;}.kadence-column624_ffcfc7-e8, .kt-inside-inner-col > .kadence-column624_ffcfc7-e8:not(.specificity){margin-top:210px;margin-right:10px;margin-bottom:-300px;margin-left:190px;}}<\/style>\n<div class=\"wp-block-kadence-column kadence-column624_ffcfc7-e8\"><div class=\"kt-inside-inner-col\"><style>.kb-count-up-624_9c65d9-ef .kb-count-up-title{color:var(--global-palette1, #3182CE);font-size:var(--global-kb-font-size-sm, 0.9rem);}.kb-count-up-624_9c65d9-ef .kb-count-up-title{text-align:center;}.kb-count-up-624_9c65d9-ef .kb-count-up-number{color:var(--global-palette3, #1A202C);font-size:var(--global-kb-font-size-lg, 2rem);}.kb-count-up-624_9c65d9-ef .kb-count-up-number{text-align:center;}<\/style>\n<div class=\"wp-block-kadence-countup kb-count-up-624_9c65d9-ef kb-count-up\" data-start=\"0\" data-end=\"20\" data-prefix=\"\" data-suffix=\"+\" data-duration=\"2.5\" data-separator=\"\"><div class=\"kb-count-up-process kb-count-up-number\"><\/div><div class=\"kb-count-up-title\">Stat Title<\/div><\/div>\n<\/div><\/div>\n\n\n<style>.kb-image624_914a17-a2 .kb-image-has-overlay:after{opacity:0.3;border-top-left-radius:10px;border-top-right-radius:10px;border-bottom-right-radius:10px;border-bottom-left-radius:10px;}.kb-image624_914a17-a2 img.kb-img, .kb-image624_914a17-a2 .kb-img img{border-top-left-radius:10px;border-top-right-radius:10px;border-bottom-right-radius:10px;border-bottom-left-radius:10px;object-position:54% 41%;}<\/style>\n<figure class=\"wp-block-kadence-image kb-image624_914a17-a2 size-large kb-image-is-ratio-size\"><div class=\"kb-is-ratio-image kb-image-ratio-port23\"><img loading=\"lazy\" decoding=\"async\" width=\"1024\" height=\"768\" src=\"https:\/\/khsteel.net\/wp-content\/uploads\/2025\/06\/\u5382\u95e8\u53e3-1024x768.jpg\" alt=\"\" class=\"kb-img wp-image-2482\" title=\"\" srcset=\"https:\/\/khsteel.net\/wp-content\/uploads\/2025\/06\/\u5382\u95e8\u53e3-1024x768.jpg 1024w, https:\/\/khsteel.net\/wp-content\/uploads\/2025\/06\/\u5382\u95e8\u53e3-300x225.jpg 300w, https:\/\/khsteel.net\/wp-content\/uploads\/2025\/06\/\u5382\u95e8\u53e3-768x576.jpg 768w, https:\/\/khsteel.net\/wp-content\/uploads\/2025\/06\/\u5382\u95e8\u53e3-1536x1152.jpg 1536w, https:\/\/khsteel.net\/wp-content\/uploads\/2025\/06\/\u5382\u95e8\u53e3-2048x1536.jpg 2048w, https:\/\/khsteel.net\/wp-content\/uploads\/2025\/06\/\u5382\u95e8\u53e3-16x12.jpg 16w\" sizes=\"auto, (max-width: 1024px) 100vw, 1024px\" \/><\/div><\/figure>\n<\/div><\/div>\n\n\n<style>.kadence-column624_087c58-c4 > .kt-inside-inner-col{display:flex;}.kadence-column624_087c58-c4 > .kt-inside-inner-col{padding-left:var(--global-kb-spacing-lg, 3rem);}.kadence-column624_087c58-c4 > .kt-inside-inner-col,.kadence-column624_087c58-c4 > .kt-inside-inner-col:before{border-top-left-radius:0px;border-top-right-radius:0px;border-bottom-right-radius:0px;border-bottom-left-radius:0px;}.kadence-column624_087c58-c4 > .kt-inside-inner-col{column-gap:var(--global-kb-gap-sm, 1rem);}.kadence-column624_087c58-c4 > .kt-inside-inner-col{flex-direction:column;justify-content:center;}.kadence-column624_087c58-c4 > .kt-inside-inner-col > .aligncenter{width:100%;}.kt-row-column-wrap > .kadence-column624_087c58-c4{align-self:center;}.kt-inner-column-height-full:not(.kt-has-1-columns) > .wp-block-kadence-column.kadence-column624_087c58-c4{align-self:auto;}.kt-inner-column-height-full:not(.kt-has-1-columns) > .wp-block-kadence-column.kadence-column624_087c58-c4 > .kt-inside-inner-col{flex-direction:column;justify-content:center;}.kadence-column624_087c58-c4 > .kt-inside-inner-col:before{opacity:0.3;}.kadence-column624_087c58-c4{position:relative;}@media all and (max-width: 1024px){.kt-row-column-wrap > .kadence-column624_087c58-c4{align-self:center;}}@media all and (max-width: 1024px){.kt-inner-column-height-full:not(.kt-has-1-columns) > .wp-block-kadence-column.kadence-column624_087c58-c4{align-self:auto;}}@media all and (max-width: 1024px){.kt-inner-column-height-full:not(.kt-has-1-columns) > .wp-block-kadence-column.kadence-column624_087c58-c4 > .kt-inside-inner-col{flex-direction:column;justify-content:center;}}@media all and (max-width: 1024px){.kadence-column624_087c58-c4 > .kt-inside-inner-col{flex-direction:column;justify-content:center;}}@media all and (max-width: 767px){.kt-row-column-wrap > .kadence-column624_087c58-c4{align-self:center;}.kt-inner-column-height-full:not(.kt-has-1-columns) > .wp-block-kadence-column.kadence-column624_087c58-c4{align-self:auto;}.kt-inner-column-height-full:not(.kt-has-1-columns) > .wp-block-kadence-column.kadence-column624_087c58-c4 > .kt-inside-inner-col{flex-direction:column;justify-content:center;}.kadence-column624_087c58-c4 > .kt-inside-inner-col{flex-direction:column;justify-content:center;}}<\/style>\n<div class=\"wp-block-kadence-column kadence-column624_087c58-c4\"><div class=\"kt-inside-inner-col\"><style>.wp-block-kadence-advancedheading.kt-adv-heading624_315ca8-95, .wp-block-kadence-advancedheading.kt-adv-heading624_315ca8-95[data-kb-block=\"kb-adv-heading624_315ca8-95\"]{padding-bottom:0px;margin-bottom:0px;text-align:left;font-size:20px;font-weight:500;font-style:normal;}.wp-block-kadence-advancedheading.kt-adv-heading624_315ca8-95 mark.kt-highlight, .wp-block-kadence-advancedheading.kt-adv-heading624_315ca8-95[data-kb-block=\"kb-adv-heading624_315ca8-95\"] mark.kt-highlight{font-style:normal;color:#f76a0c;-webkit-box-decoration-break:clone;box-decoration-break:clone;padding-top:0px;padding-right:0px;padding-bottom:0px;padding-left:0px;}.wp-block-kadence-advancedheading.kt-adv-heading624_315ca8-95 img.kb-inline-image, .wp-block-kadence-advancedheading.kt-adv-heading624_315ca8-95[data-kb-block=\"kb-adv-heading624_315ca8-95\"] img.kb-inline-image{width:150px;vertical-align:baseline;}@media all and (max-width: 1024px){.wp-block-kadence-advancedheading.kt-adv-heading624_315ca8-95, .wp-block-kadence-advancedheading.kt-adv-heading624_315ca8-95[data-kb-block=\"kb-adv-heading624_315ca8-95\"]{text-align:left!important;}}<\/style>\n<div class=\"kt-adv-heading624_315ca8-95 wp-block-kadence-advancedheading has-theme-palette-3-color has-text-color\" data-kb-block=\"kb-adv-heading624_315ca8-95\"><a href=\"https:\/\/lckehuan.en.alibaba.com\/\" data-type=\"link\" data-id=\"https:\/\/lckehuan.en.alibaba.com\/\" target=\"_blank\" rel=\"noopener\">https:\/\/lckehuan.en.alibaba.com\/<\/a><\/div>\n\n\n<style>.wp-block-kadence-advancedheading.kt-adv-heading624_ac5cef-39, .wp-block-kadence-advancedheading.kt-adv-heading624_ac5cef-39[data-kb-block=\"kb-adv-heading624_ac5cef-39\"]{padding-top:0px;margin-top:var(--global-kb-spacing-xs, 1rem);font-size:var(--global-kb-font-size-lg, 2rem);line-height:1.2em;font-style:normal;}.wp-block-kadence-advancedheading.kt-adv-heading624_ac5cef-39 mark.kt-highlight, .wp-block-kadence-advancedheading.kt-adv-heading624_ac5cef-39[data-kb-block=\"kb-adv-heading624_ac5cef-39\"] mark.kt-highlight{font-style:normal;color:#f76a0c;-webkit-box-decoration-break:clone;box-decoration-break:clone;padding-top:0px;padding-right:0px;padding-bottom:0px;padding-left:0px;}.wp-block-kadence-advancedheading.kt-adv-heading624_ac5cef-39 img.kb-inline-image, .wp-block-kadence-advancedheading.kt-adv-heading624_ac5cef-39[data-kb-block=\"kb-adv-heading624_ac5cef-39\"] img.kb-inline-image{width:150px;vertical-align:baseline;}@media all and (max-width: 1024px){.wp-block-kadence-advancedheading.kt-adv-heading624_ac5cef-39, .wp-block-kadence-advancedheading.kt-adv-heading624_ac5cef-39[data-kb-block=\"kb-adv-heading624_ac5cef-39\"]{font-size:var(--global-kb-font-size-lg, 2rem);text-align:left!important;}}<\/style>\n<h2 class=\"kt-adv-heading624_ac5cef-39 wp-block-kadence-advancedheading has-theme-palette-3-color has-text-color\" data-kb-block=\"kb-adv-heading624_ac5cef-39\">SHANDONG KEHUAN STEEL COMPANY<\/h2>\n\n\n<style>.wp-block-kadence-advancedheading.kt-adv-heading624_2f0365-fe, .wp-block-kadence-advancedheading.kt-adv-heading624_2f0365-fe[data-kb-block=\"kb-adv-heading624_2f0365-fe\"]{font-style:normal;}.wp-block-kadence-advancedheading.kt-adv-heading624_2f0365-fe mark.kt-highlight, .wp-block-kadence-advancedheading.kt-adv-heading624_2f0365-fe[data-kb-block=\"kb-adv-heading624_2f0365-fe\"] mark.kt-highlight{font-style:normal;color:#f76a0c;-webkit-box-decoration-break:clone;box-decoration-break:clone;padding-top:0px;padding-right:0px;padding-bottom:0px;padding-left:0px;}.wp-block-kadence-advancedheading.kt-adv-heading624_2f0365-fe img.kb-inline-image, .wp-block-kadence-advancedheading.kt-adv-heading624_2f0365-fe[data-kb-block=\"kb-adv-heading624_2f0365-fe\"] img.kb-inline-image{width:150px;vertical-align:baseline;}@media all and (max-width: 1024px){.wp-block-kadence-advancedheading.kt-adv-heading624_2f0365-fe, .wp-block-kadence-advancedheading.kt-adv-heading624_2f0365-fe[data-kb-block=\"kb-adv-heading624_2f0365-fe\"]{text-align:left!important;}}<\/style>\n<p class=\"kt-adv-heading624_2f0365-fe wp-block-kadence-advancedheading has-theme-palette-5-color has-text-color\" data-kb-block=\"kb-adv-heading624_2f0365-fe\">we have a large inventory, fast delivery and high quality capabilities, we can provide you with CE, 3C, ISO, API and patents, which can reduce your after-sales and infringement problems.<\/p>\n\n\n<style>.wp-block-kadence-advancedbtn.kb-btns624_aef485-b2{gap:var(--global-kb-gap-xs, 0.5rem );justify-content:flex-start;align-items:center;}.kt-btns624_aef485-b2 .kt-button{font-weight:normal;font-style:normal;}<\/style>\n<div class=\"wp-block-kadence-advancedbtn kb-buttons-wrap kb-btns624_aef485-b2\"><style>ul.menu .wp-block-kadence-advancedbtn .kb-btn624_7855a4-a2.kb-button{width:initial;}.wp-block-kadence-advancedbtn .kb-btn624_7855a4-a2.kb-button{padding-top:5px;padding-right:14px;padding-bottom:5px;padding-left:14px;}<\/style><a class=\"kb-button kt-button button kb-btn624_7855a4-a2 kt-btn-size-standard kt-btn-width-type-auto kb-btn-global-inherit  kt-btn-has-text-true kt-btn-has-svg-false  wp-block-button__link wp-block-kadence-singlebtn\" href=\"https:\/\/khsteel.net\/product\/zinc-coated-galvanized-steel-roofing-sheet\/\"><span class=\"kt-btn-inner-text\">Call To Action<\/span><\/a><\/div>\n<\/div><\/div>\n\n<\/div><\/div>\n\n\n<figure class=\"wp-block-table\"><table><tbody><tr><td>Brand Name<\/td><td>kehuan<\/td><\/tr><tr><td>Price Term<\/td><td>EXW, Fob, CIF, CIR<\/td><\/tr><tr><td>Alloy Or Not<\/td><td>Non-Alloy<\/td><\/tr><tr><td>Standard<\/td><td>JIS<\/td><\/tr><tr><td>Certificate<\/td><td>API, JIS, ISO9001<\/td><\/tr><tr><td>Tolerance<\/td><td>\u00b11%<\/td><\/tr><tr><td>Date of Delivery<\/td><td>Have Stock or Negotiate According to Actual OrderCutting<\/td><\/tr><tr><td>Color<\/td><td>Ral Color<\/td><\/tr><tr><td>Invoicing<\/td><td>by actual weight<\/td><\/tr><tr><td>Product name<\/td><td>Corrugated Steel Plate<\/td><\/tr><tr><td>length<\/td><td>Customers&#8217; Request<\/td><\/tr><tr><td>Packaging Details<\/td><td>Export standard package,bundled or be required.<\/td><\/tr><tr><td>Advantage<\/td><td>Strong Corrosion Resistance<\/td><\/tr><tr><td>MOQ<\/td><td>5 Tons<\/td><\/tr><tr><td>Service<\/td><td>24 Hours Online<\/td><\/tr><\/tbody><\/table><\/figure>\n","protected":false},"featured_media":625,"parent":0,"template":"","meta":{"_acf_changed":true,"_gspb_post_css":"","_kad_blocks_custom_css":"","_kad_blocks_head_custom_js":"","_kad_blocks_body_custom_js":"","_kad_blocks_footer_custom_js":"","_kad_post_transparent":"","_kad_post_title":"","_kad_post_layout":"","_kad_post_sidebar_id":"","_kad_post_content_style":"","_kad_post_vertical_padding":"","_kad_post_feature":"","_kad_post_feature_position":"","_kad_post_header":false,"_kad_post_footer":false,"_kad_post_classname":""},"product-category":[87],"class_list":["post-624","product","type-product","status-publish","has-post-thumbnail","hentry","product-category-color-coating-plate"],"acf":[],"taxonomy_info":{"product-category":[{"value":87,"label":"Color coating plate"}]},"featured_image_src_large":["https:\/\/khsteel.net\/wp-content\/uploads\/2024\/07\/10001-33.jpg",570,570,false],"author_info":[],"comment_info":"","_links":{"self":[{"href":"https:\/\/khsteel.net\/fr\/wp-json\/wp\/v2\/product\/624","targetHints":{"allow":["GET"]}}],"collection":[{"href":"https:\/\/khsteel.net\/fr\/wp-json\/wp\/v2\/product"}],"about":[{"href":"https:\/\/khsteel.net\/fr\/wp-json\/wp\/v2\/types\/product"}],"wp:featuredmedia":[{"embeddable":true,"href":"https:\/\/khsteel.net\/fr\/wp-json\/wp\/v2\/media\/625"}],"wp:attachment":[{"href":"https:\/\/khsteel.net\/fr\/wp-json\/wp\/v2\/media?parent=624"}],"wp:term":[{"taxonomy":"product-category","embeddable":true,"href":"https:\/\/khsteel.net\/fr\/wp-json\/wp\/v2\/product-category?post=624"}],"curies":[{"name":"wp","href":"https:\/\/api.w.org\/{rel}","templated":true}]}}