{"id":588,"date":"2024-07-09T07:53:10","date_gmt":"2024-07-09T07:53:10","guid":{"rendered":"https:\/\/kehuan.easiwin.com\/?post_type=product&#038;p=588"},"modified":"2025-04-28T06:00:50","modified_gmt":"2025-04-28T06:00:50","slug":"boucliers-de-chaudieres-vendus-a-chaud-pieces-de-reparation-de-chaudieres-manchon-de-demi-tube-bouclier-contre-lerosion-du-tube-dentrainement","status":"publish","type":"product","link":"https:\/\/khsteel.net\/fr\/product\/hot-selling-boiler-shields-boiler-repair-parts-half-pipe-sleeve-drivepipe-erosion-shield\/","title":{"rendered":"Boucliers pour chaudi\u00e8res Pi\u00e8ces pour r\u00e9paration de chaudi\u00e8res Manchon pour demi-tube Bouclier contre l'\u00e9rosion des tuyaux d'entra\u00eenement"},"content":{"rendered":"<h3 class=\"wp-block-heading\" id=\"key-attributes\">Principales caract\u00e9ristiques<\/h3>\n\n\n\n<h4 class=\"wp-block-heading\">Attributs sp\u00e9cifiques \u00e0 l'industrie<\/h4>\n\n\n\n<figure class=\"wp-block-table\"><table><tbody><tr><td>Type<\/td><td>Sans couture<\/td><\/tr><tr><td>Qualit\u00e9 de l'acier<\/td><td>S\u00e9rie 500<\/td><\/tr><tr><td>Tol\u00e9rance<\/td><td>\u00b11%<\/td><\/tr><tr><td>Grade<\/td><td>S\u00e9rie 400<\/td><\/tr><tr><td>Qualit\u00e9 de l'acier<\/td><td>301, 316L, 316<\/td><\/tr><tr><td>Finition de la surface<\/td><td>TSHS<\/td><\/tr><tr><td>Facturation<\/td><td>en fonction du poids r\u00e9el<\/td><\/tr><\/tbody><\/table><\/figure>\n\n\n\n<p>Autres caract\u00e9ristiques<\/p>\n\n\n\n<figure class=\"wp-block-table\"><table><tbody><tr><td>Standard<\/td><td>JIS<\/td><\/tr><tr><td>Lieu d'origine<\/td><td>Shandong, Chine<\/td><\/tr><tr><td>Forme de la section<\/td><td>Rond<\/td><\/tr><tr><td>Alliage ou non<\/td><td>Non-alliage<\/td><\/tr><tr><td>D\u00e9lai de livraison<\/td><td>15-21 jours<\/td><\/tr><tr><td>Nom de la marque<\/td><td>kehuan<\/td><\/tr><tr><td>Num\u00e9ro de mod\u00e8le<\/td><td>k06<\/td><\/tr><tr><td>Application<\/td><td>Aimant industriel<\/td><\/tr><tr><td>Type de ligne de soudage<\/td><td>Sans couture<\/td><\/tr><tr><td>Service de traitement<\/td><td>Pliage, soudage, d\u00e9coilage, poin\u00e7onnage, d\u00e9coupage, moulage<\/td><\/tr><tr><td>Nom du produit<\/td><td>Boucliers anti-\u00e9rosion pour tubes de chaudi\u00e8res<\/td><\/tr><tr><td>Mots cl\u00e9s<\/td><td>Bouclier contre l'\u00e9rosion des chaudi\u00e8res<\/td><\/tr><tr><td>Technique<\/td><td>Forg\u00e9\/coul\u00e9<\/td><\/tr><tr><td>Utilisation<\/td><td>Pour la protection des tubes de chaudi\u00e8re<\/td><\/tr><tr><td>Mat\u00e9riau<\/td><td>Acier<\/td><\/tr><tr><td>tailles<\/td><td>Tailles personnalis\u00e9es<\/td><\/tr><tr><td>Paquet<\/td><td>Carton en bois<\/td><\/tr><\/tbody><\/table><\/figure>\n\n\n\n<p>Sp\u00e9cifications<\/p>\n\n\n\n<figure class=\"wp-block-table\"><table><tbody><tr><td>Standard<\/td><td>ASTM<\/td><\/tr><tr><td>Grade<\/td><td>S\u00e9rie 200<\/td><\/tr><tr><td>Application<\/td><td>Chaudi\u00e8res, centrales \u00e9lectriques<\/td><\/tr><tr><td>Traitement de surface<\/td><td>Lumineux<\/td><\/tr><tr><td>Lieu d'origine<\/td><td>Chine<\/td><\/tr><tr><td><\/td><td>Shandong<\/td><\/tr><tr><td>Nom de la marque<\/td><td>kehuan<\/td><\/tr><tr><td>Num\u00e9ro de mod\u00e8le<\/td><td>k03<\/td><\/tr><tr><td>Tol\u00e9rance<\/td><td>\u00b11%<\/td><\/tr><tr><td>Service de traitement<\/td><td>Pliage, soudage, d\u00e9cochage, poin\u00e7onnage, d\u00e9coupage<\/td><\/tr><tr><td>Qualit\u00e9 de l'acier<\/td><td>301L, 316L, 316<\/td><\/tr><tr><td>Finition de la surface<\/td><td>TSHS<\/td><\/tr><tr><td>D\u00e9lai de livraison<\/td><td>15-21 jours<\/td><\/tr><tr><td>Nom du produit<\/td><td>Boucliers anti-\u00e9rosion pour tubes de chaudi\u00e8res<\/td><\/tr><tr><td>Mots cl\u00e9s<\/td><td>Bouclier contre l'\u00e9rosion des chaudi\u00e8res<\/td><\/tr><tr><td>Technique<\/td><td>Forg\u00e9\/coul\u00e9<\/td><\/tr><tr><td>Utilisation<\/td><td>Pour la protection des tubes de chaudi\u00e8re<\/td><\/tr><tr><td>Mat\u00e9riau<\/td><td>Acier<\/td><\/tr><tr><td>tailles<\/td><td>Tailles personnalis\u00e9es<\/td><\/tr><tr><td>Paquet<\/td><td>Carton en bois<\/td><\/tr><\/tbody><\/table><\/figure>","protected":false},"featured_media":589,"parent":0,"template":"","meta":{"_acf_changed":true,"_gspb_post_css":"","_kad_blocks_custom_css":"","_kad_blocks_head_custom_js":"","_kad_blocks_body_custom_js":"","_kad_blocks_footer_custom_js":"","_kad_post_transparent":"","_kad_post_title":"","_kad_post_layout":"","_kad_post_sidebar_id":"","_kad_post_content_style":"","_kad_post_vertical_padding":"","_kad_post_feature":"","_kad_post_feature_position":"","_kad_post_header":false,"_kad_post_footer":false,"_kad_post_classname":""},"product-category":[],"class_list":["post-588","product","type-product","status-publish","has-post-thumbnail","hentry"],"acf":[],"taxonomy_info":[],"featured_image_src_large":["https:\/\/khsteel.net\/wp-content\/uploads\/2024\/07\/10001-10.png",720,720,false],"author_info":[],"comment_info":"","_links":{"self":[{"href":"https:\/\/khsteel.net\/fr\/wp-json\/wp\/v2\/product\/588","targetHints":{"allow":["GET"]}}],"collection":[{"href":"https:\/\/khsteel.net\/fr\/wp-json\/wp\/v2\/product"}],"about":[{"href":"https:\/\/khsteel.net\/fr\/wp-json\/wp\/v2\/types\/product"}],"wp:featuredmedia":[{"embeddable":true,"href":"https:\/\/khsteel.net\/fr\/wp-json\/wp\/v2\/media\/589"}],"wp:attachment":[{"href":"https:\/\/khsteel.net\/fr\/wp-json\/wp\/v2\/media?parent=588"}],"wp:term":[{"taxonomy":"product-category","embeddable":true,"href":"https:\/\/khsteel.net\/fr\/wp-json\/wp\/v2\/product-category?post=588"}],"curies":[{"name":"wp","href":"https:\/\/api.w.org\/{rel}","templated":true}]}}