{"id":570,"date":"2024-07-09T07:21:20","date_gmt":"2024-07-09T07:21:20","guid":{"rendered":"https:\/\/kehuan.easiwin.com\/?post_type=product&#038;p=570"},"modified":"2025-06-20T06:39:01","modified_gmt":"2025-06-20T06:39:01","slug":"barres-en-acier-inoxydable-a276-2205-2507-4140-310s","status":"publish","type":"product","link":"https:\/\/khsteel.net\/fr\/product\/stainless-steel-rod-a276-2205-2507-4140-310s\/","title":{"rendered":"Barre d'acier inoxydable de haute qualit\u00e9 ASTM a276 2205 2507 4140 310s barre d'acier rond ss barre d'acier inoxydable bidirectionnelle"},"content":{"rendered":"<p>Site web de l'entreprise<\/p>\n\n\n\n<p>Site web du bureau :<a href=\"https:\/\/khsteel.net\/fr\/\">https:\/\/khsteel.net\/<\/a><br>Site web d'Alibaba :<a href=\"https:\/\/lckehuan.en.alibaba.com\/\" target=\"_blank\" rel=\"noopener\">https:\/\/lckehuan.en.alibaba.com\/<\/a><\/p>\n\n\n\n<h3 class=\"wp-block-heading\" id=\"key-attributes-stainless-steel-rod\">Principales caract\u00e9ristiques de la tige en acier inoxydable<\/h3>\n\n\n\n<h4 class=\"wp-block-heading\" id=\"industry-specific-attributes\">Attributs sp\u00e9cifiques \u00e0 l'industrie <\/h4>\n\n\n\n<figure class=\"wp-block-table\"><table><tbody><tr><td>Nom du produit<\/td><td>tige en acier inoxydable<\/td><\/tr><tr><td>Grade<\/td><td>S\u00e9rie 300<\/td><\/tr><tr><td>Forme<\/td><td>Rond<\/td><\/tr><tr><td>Tol\u00e9rance<\/td><td>\u00b11%<\/td><\/tr><tr><td>Qualit\u00e9 de l'acier<\/td><td>301L, 301, 304N, 310S, 410, 316L, 316, 314, 304, 304L<\/td><\/tr><tr><td>Finition de la surface<\/td><td>2B<\/td><\/tr><\/tbody><\/table><\/figure>\n\n\n\n<p>Autres caract\u00e9ristiques<\/p>\n\n\n\n<figure class=\"wp-block-table\"><table><tbody><tr><td>Lieu d'origine<\/td><td>Shandong, Chine<\/td><\/tr><tr><td>D\u00e9lai de livraison<\/td><td>15-21 jours<\/td><\/tr><tr><td>Nom de la marque<\/td><td>Kehuan<\/td><\/tr><tr><td>Num\u00e9ro de mod\u00e8le<\/td><td>Tige en acier inoxydable<\/td><\/tr><tr><td>Type<\/td><td>Rond<\/td><\/tr><tr><td>Application<\/td><td>industrie, machines<\/td><\/tr><tr><td>Usage sp\u00e9cial<\/td><td>Aciers pour soupapes<\/td><\/tr><tr><td>Service de traitement<\/td><td>Pliage, soudage, d\u00e9cochage, poin\u00e7onnage, d\u00e9coupage<\/td><\/tr><tr><td>Grade<\/td><td>201, 202 , 304 , 304L , 316, 316L, 316Ti, 317 ,etc.<\/td><\/tr><tr><td>Finition de la surface<\/td><td>polissage brillant<\/td><\/tr><tr><td>Technique<\/td><td>Lamin\u00e9s \u00e0 froid ; lamin\u00e9s \u00e0 chaud<\/td><\/tr><tr><td>Longueur<\/td><td>5800mm,6000mm,12000mm<\/td><\/tr><tr><td>Conditions de paiement<\/td><td>30% TT pour d\u00e9p\u00f4t,70% TT \/70% LC \u00e0 vue<\/td><\/tr><tr><td>Application<\/td><td>industrie chimique, construction, nucl\u00e9aire, \u00e9nergie, machines, construction navale<\/td><\/tr><tr><td>Standard<\/td><td>JIS\/SUS\/GB\/DIN\/ASTM\/AISI\/EN<\/td><\/tr><tr><td>Nom de la marque<\/td><td>Kehuan<\/td><\/tr><tr><td>Conditions de prix<\/td><td>FOB, EXW, CIF, CFR<\/td><\/tr><tr><td>Emballage<\/td><td>Forfait standard de navigabilit\u00e9<\/td><\/tr><\/tbody><\/table><\/figure>\n\n\n\n<p>Application du produit<\/p>\n\n\n\n<figure class=\"wp-block-table\"><table><tbody><tr><td>Produit<\/td><td>tige en acier inoxydable<\/td><\/tr><tr><td>Surface<\/td><td>N\u00b0 1, d\u00e9cap\u00e9, noir, pel\u00e9, brillant, polissage, sablage<\/td><\/tr><tr><td>Diam\u00e8tre ext\u00e9rieur<\/td><td>4mm-350mm, ou selon les besoins<\/td><\/tr><tr><td>Mat\u00e9riau<\/td><td>201 202 301 303 303Cu 304 304L 316 316L 310S 316Ti 321 430 904L, etc.<\/td><\/tr><\/tbody><\/table><\/figure>\n\n\n\n<p>Caract\u00e9ristiques<\/p>\n\n\n\n<p>1. La barre en acier inoxydable est un type de produit fabriqu\u00e9 \u00e0 partir de mat\u00e9riaux en acier inoxydable. Il existe diff\u00e9rentes qualit\u00e9s d'acier inoxydable utilis\u00e9es dans diverses industries. 2. Les barres en acier inoxydable sont utilis\u00e9es pour leur solidit\u00e9 et leur r\u00e9sistance \u00e0 la corrosion. Tous les aciers inoxydables contiennent du chrome. La composition peut varier et la teneur en chrome varie \u00e9galement. Plus la teneur en chrome est \u00e9lev\u00e9e, plus la r\u00e9sistance \u00e0 la corrosion est importante. 3. L'acier inoxydable est durable, solide et mall\u00e9able. Il r\u00e9siste \u00e0 la rouille, \u00e0 la corrosion et aux acides.<\/p>\n\n\n\n<figure class=\"wp-block-image size-full is-resized\"><img loading=\"lazy\" decoding=\"async\" width=\"750\" height=\"750\" src=\"https:\/\/khsteel.net\/wp-content\/uploads\/2024\/07\/10005-32.jpg\" alt=\"\" class=\"wp-image-737\" style=\"width:349px;height:auto\" title=\"\" srcset=\"https:\/\/khsteel.net\/wp-content\/uploads\/2024\/07\/10005-32.jpg 750w, https:\/\/khsteel.net\/wp-content\/uploads\/2024\/07\/10005-32-300x300.jpg 300w, https:\/\/khsteel.net\/wp-content\/uploads\/2024\/07\/10005-32-150x150.jpg 150w\" sizes=\"auto, (max-width: 750px) 100vw, 750px\" \/><\/figure>\n\n\n\n\n\n<figure class=\"wp-block-image\"><img decoding=\"async\" src=\"https:\/\/sc04.alicdn.com\/kf\/Haef7fe706a38439683e71fa6713b9d7em\/245885696\/Haef7fe706a38439683e71fa6713b9d7em.jpg\" alt=\"\" title=\"\"><\/figure>\n\n\n\n<figure class=\"wp-block-image\"><img decoding=\"async\" src=\"https:\/\/sc04.alicdn.com\/kf\/H21084ec2b20a45dbaeb69fa80be847d3A\/245885696\/H21084ec2b20a45dbaeb69fa80be847d3A.jpg\" alt=\"\u6b64\u56fe\u7247\u7684 alt \u5c5e\u6027\u4e3a\u7a7a\uff1b\u6587\u4ef6\u540d\u4e3a H21084ec2b20a45dbaeb69fa80be847d3A.jpg\" title=\"\"><\/figure>\n\n\n\n<p><\/p>","protected":false},"featured_media":735,"parent":0,"template":"","meta":{"_acf_changed":true,"_gspb_post_css":"","_kad_blocks_custom_css":"","_kad_blocks_head_custom_js":"","_kad_blocks_body_custom_js":"","_kad_blocks_footer_custom_js":"","_kad_post_transparent":"","_kad_post_title":"","_kad_post_layout":"","_kad_post_sidebar_id":"","_kad_post_content_style":"","_kad_post_vertical_padding":"","_kad_post_feature":"","_kad_post_feature_position":"","_kad_post_header":false,"_kad_post_footer":false,"_kad_post_classname":""},"product-category":[91],"class_list":["post-570","product","type-product","status-publish","has-post-thumbnail","hentry","product-category-the-stainless-steel-rod"],"acf":[],"taxonomy_info":{"product-category":[{"value":91,"label":"The stainless steel rod"}]},"featured_image_src_large":["https:\/\/khsteel.net\/wp-content\/uploads\/2024\/07\/10002-10-1024x772.png",1024,772,true],"author_info":[],"comment_info":"","_links":{"self":[{"href":"https:\/\/khsteel.net\/fr\/wp-json\/wp\/v2\/product\/570","targetHints":{"allow":["GET"]}}],"collection":[{"href":"https:\/\/khsteel.net\/fr\/wp-json\/wp\/v2\/product"}],"about":[{"href":"https:\/\/khsteel.net\/fr\/wp-json\/wp\/v2\/types\/product"}],"wp:featuredmedia":[{"embeddable":true,"href":"https:\/\/khsteel.net\/fr\/wp-json\/wp\/v2\/media\/735"}],"wp:attachment":[{"href":"https:\/\/khsteel.net\/fr\/wp-json\/wp\/v2\/media?parent=570"}],"wp:term":[{"taxonomy":"product-category","embeddable":true,"href":"https:\/\/khsteel.net\/fr\/wp-json\/wp\/v2\/product-category?post=570"}],"curies":[{"name":"wp","href":"https:\/\/api.w.org\/{rel}","templated":true}]}}