{"id":564,"date":"2024-07-09T07:16:22","date_gmt":"2024-07-09T07:16:22","guid":{"rendered":"https:\/\/kehuan.easiwin.com\/?post_type=product&#038;p=564"},"modified":"2025-04-28T06:02:45","modified_gmt":"2025-04-28T06:02:45","slug":"barres-rondes-professionnelles-a-faible-teneur-en-carbone-barre-dacier-allie-barre-dacier-doux-laminee-a-chaud-barre-de-fer","status":"publish","type":"product","link":"https:\/\/khsteel.net\/fr\/product\/professional-low-carbon-round-rods-alloy-steel-bar-hot-rolled-steel-mild-steel-iron-bar\/","title":{"rendered":"Barres rondes professionnelles \u00e0 faible teneur en carbone Barres d'acier alli\u00e9 lamin\u00e9es \u00e0 chaud Barres de fer en acier doux"},"content":{"rendered":"<h3 class=\"wp-block-heading\" id=\"key-attributes\">Principales caract\u00e9ristiques<\/h3>\n\n\n\n<h4 class=\"wp-block-heading\">Attributs sp\u00e9cifiques \u00e0 l'industrie<\/h4>\n\n\n\n<figure class=\"wp-block-table\"><table><tbody><tr><td>Qualit\u00e9 de l'acier<\/td><td>Q235\/Q345\/A36\/S235\/S275\/S355\/SS400\/SS540<\/td><\/tr><tr><td>Tol\u00e9rance<\/td><td>\u00b11%<\/td><\/tr><tr><td>Grade<\/td><td>Q195, Q215, Q235, Q275 Q295, Q345, Q390<\/td><\/tr><\/tbody><\/table><\/figure>\n\n\n\n<p>Autres caract\u00e9ristiques<\/p>\n\n\n\n<figure class=\"wp-block-table\"><table><tbody><tr><td>Standard<\/td><td>JIS<\/td><\/tr><tr><td>Lieu d'origine<\/td><td>Shandong, Chine<\/td><\/tr><tr><td>Alliage ou non<\/td><td>Non-alliage<\/td><\/tr><tr><td>D\u00e9lai de livraison<\/td><td>15-21 jours<\/td><\/tr><tr><td>Nom de la marque<\/td><td>kehuan<\/td><\/tr><tr><td>Num\u00e9ro de mod\u00e8le<\/td><td>K01<\/td><\/tr><tr><td>Technique<\/td><td>Lamin\u00e9s \u00e0 chaud<\/td><\/tr><tr><td>Application<\/td><td>Barres d'acier de construction<\/td><\/tr><tr><td>Usage sp\u00e9cial<\/td><td>Acier de d\u00e9coupage \u00e0 froid<\/td><\/tr><tr><td>Type<\/td><td>Barre d'acier au carbone<\/td><\/tr><tr><td>Service de traitement<\/td><td>Pliage, soudage, d\u00e9cochage, d\u00e9coupage, poin\u00e7onnage<\/td><\/tr><tr><td>Nom du produit<\/td><td>Barre ronde en acier au carbone<\/td><\/tr><tr><td>Mot-cl\u00e9<\/td><td>Barre d'acier ronde Tige de construction B\u00e2timent multifonctionnel<\/td><\/tr><tr><td>Mat\u00e9riau<\/td><td>Q235\/Q345\/SS400\/ST37-2\/ST52\/Q420\/Q460\/S235JR\/S275JR\/S355JR<\/td><\/tr><tr><td>Technologie<\/td><td>Lamin\u00e9s \u00e0 chaud Lamin\u00e9s \u00e0 froid Erw<\/td><\/tr><tr><td>Longueur<\/td><td>1-12m\/personnalis\u00e9<\/td><\/tr><tr><td>Emballage<\/td><td>Forfait standard de navigabilit\u00e9<\/td><\/tr><tr><td>Paiement<\/td><td>TT: 30%deposit+70% Balance<\/td><\/tr><tr><td>\u00c9paisseur<\/td><td>1-500mm<\/td><\/tr><\/tbody><\/table><\/figure>\n\n\n\n<p>Sp\u00e9cifications<\/p>\n\n\n\n<figure class=\"wp-block-table\"><table><tbody><tr><td>article<\/td><td>valeur<\/td><\/tr><tr><td>Qualit\u00e9 de l'acier<\/td><td>Q235\/Q345\/A36\/S235\/S275\/S355\/SS400\/SS540<\/td><\/tr><tr><td>Standard<\/td><td>JIS<\/td><\/tr><tr><td>Lieu d'origine<\/td><td>Chine<\/td><\/tr><tr><td><\/td><td>Shandong<\/td><\/tr><tr><td>Nom de la marque<\/td><td>kehuan<\/td><\/tr><tr><td>Num\u00e9ro de mod\u00e8le<\/td><td>K01<\/td><\/tr><tr><td>Technique<\/td><td>Lamin\u00e9s \u00e0 chaud<\/td><\/tr><tr><td>Application<\/td><td>Barres d'acier de construction<\/td><\/tr><tr><td>Alliage ou non<\/td><td>Non-alliage<\/td><\/tr><tr><td>Usage sp\u00e9cial<\/td><td>Acier de d\u00e9coupage \u00e0 froid<\/td><\/tr><tr><td>Type<\/td><td>Barre d'acier au carbone<\/td><\/tr><tr><td>Tol\u00e9rance<\/td><td>\u00b11%<\/td><\/tr><tr><td>Service de traitement<\/td><td>Pliage, soudage, d\u00e9cochage, d\u00e9coupage, poin\u00e7onnage<\/td><\/tr><tr><td>Grade<\/td><td>Q195, Q215, Q235, Q275 Q295, Q345, Q390<\/td><\/tr><tr><td>D\u00e9lai de livraison<\/td><td>15-21 jours<\/td><\/tr><tr><td>Nom du produit<\/td><td>Barre ronde en acier au carbone<\/td><\/tr><tr><td>Mot-cl\u00e9<\/td><td>Barre d'acier ronde Tige de construction B\u00e2timent multifonctionnel<\/td><\/tr><tr><td>Mat\u00e9riau<\/td><td>Q235\/Q345\/SS400\/ST37-2\/ST52\/Q420\/Q460\/S235JR\/S275JR\/S355JR<\/td><\/tr><tr><td>Technologie<\/td><td>Lamin\u00e9s \u00e0 chaud Lamin\u00e9s \u00e0 froid Erw<\/td><\/tr><tr><td>Longueur<\/td><td>1-12m\/personnalis\u00e9<\/td><\/tr><tr><td>Emballage<\/td><td>Forfait standard de navigabilit\u00e9<\/td><\/tr><tr><td>Paiement<\/td><td>TT: 30%deposit+70% Balance<\/td><\/tr><tr><td>\u00c9paisseur<\/td><td>1-500mm<\/td><\/tr><\/tbody><\/table><\/figure>","protected":false},"featured_media":567,"parent":0,"template":"","meta":{"_acf_changed":true,"_gspb_post_css":"","_kad_blocks_custom_css":"","_kad_blocks_head_custom_js":"","_kad_blocks_body_custom_js":"","_kad_blocks_footer_custom_js":"","_kad_post_transparent":"","_kad_post_title":"","_kad_post_layout":"","_kad_post_sidebar_id":"","_kad_post_content_style":"","_kad_post_vertical_padding":"","_kad_post_feature":"","_kad_post_feature_position":"","_kad_post_header":false,"_kad_post_footer":false,"_kad_post_classname":""},"product-category":[],"class_list":["post-564","product","type-product","status-publish","has-post-thumbnail","hentry"],"acf":[],"taxonomy_info":[],"featured_image_src_large":["https:\/\/khsteel.net\/wp-content\/uploads\/2024\/07\/10002-6.png",800,969,false],"author_info":[],"comment_info":"","_links":{"self":[{"href":"https:\/\/khsteel.net\/fr\/wp-json\/wp\/v2\/product\/564","targetHints":{"allow":["GET"]}}],"collection":[{"href":"https:\/\/khsteel.net\/fr\/wp-json\/wp\/v2\/product"}],"about":[{"href":"https:\/\/khsteel.net\/fr\/wp-json\/wp\/v2\/types\/product"}],"wp:featuredmedia":[{"embeddable":true,"href":"https:\/\/khsteel.net\/fr\/wp-json\/wp\/v2\/media\/567"}],"wp:attachment":[{"href":"https:\/\/khsteel.net\/fr\/wp-json\/wp\/v2\/media?parent=564"}],"wp:term":[{"taxonomy":"product-category","embeddable":true,"href":"https:\/\/khsteel.net\/fr\/wp-json\/wp\/v2\/product-category?post=564"}],"curies":[{"name":"wp","href":"https:\/\/api.w.org\/{rel}","templated":true}]}}