{"id":557,"date":"2024-07-09T07:08:25","date_gmt":"2024-07-09T07:08:25","guid":{"rendered":"https:\/\/kehuan.easiwin.com\/?post_type=product&#038;p=557"},"modified":"2025-04-28T06:03:02","modified_gmt":"2025-04-28T06:03:02","slug":"manchon-de-raccordement-de-barres-darmature-en-acier-manchon-de-raccordement-dancrage-coupleurs-pour-barres-filetees-a-ancrage-automatique-coupleur-de-tube-de-forage","status":"publish","type":"product","link":"https:\/\/khsteel.net\/fr\/product\/splicing-rebars-steel-bar-connection-sleeve-anchor-connect-sleeve-couplers-for-self-anchor-threaded-bar-rods-drill-pipe-coupler\/","title":{"rendered":"\u00e9pissage de barres d'armature manchon de raccordement de barres d'acier manchon de raccordement d'ancrage coupleurs pour barres filet\u00e9es \u00e0 ancrage automatique coupleur de tuyau de forage"},"content":{"rendered":"<h3 class=\"wp-block-heading\" id=\"key-attributes\">Principales caract\u00e9ristiques<\/h3>\n\n\n\n<h4 class=\"wp-block-heading\">Attributs sp\u00e9cifiques \u00e0 l'industrie<\/h4>\n\n\n\n<figure class=\"wp-block-table\"><table><tbody><tr><td>Grade<\/td><td>Acier au carbone<\/td><\/tr><tr><td>Longueur<\/td><td>6CM\/3CM\/8CM<\/td><\/tr><tr><td>Tol\u00e9rance<\/td><td>\u00b11%<\/td><\/tr><\/tbody><\/table><\/figure>\n\n\n\n<p>Autres caract\u00e9ristiques<\/p>\n\n\n\n<figure class=\"wp-block-table\"><table><tbody><tr><td>Standard<\/td><td>ISO<\/td><\/tr><tr><td>Lieu d'origine<\/td><td>Shandong, Chine<\/td><\/tr><tr><td>Alliage ou non<\/td><td>Non-alliage<\/td><\/tr><tr><td>D\u00e9lai de livraison<\/td><td>15-21 jours<\/td><\/tr><tr><td>Nom de la marque<\/td><td>Kehuan<\/td><\/tr><tr><td>Num\u00e9ro de mod\u00e8le<\/td><td>M6, coupleur, 12mm-50mm<\/td><\/tr><tr><td>Application<\/td><td>\u00c9nergie et mines, Tunnels, B\u00e2timent<\/td><\/tr><tr><td>Service de traitement<\/td><td>Pliage, soudage, d\u00e9cochage, d\u00e9coupage, poin\u00e7onnage<\/td><\/tr><tr><td>Nom du produit<\/td><td>Coupleur de barres d'armature<\/td><\/tr><tr><td>Standard<\/td><td>JGJ107, ACI318, DIN1045<\/td><\/tr><tr><td>Surface<\/td><td>Exigence des clients<\/td><\/tr><tr><td>\u00c9paisseur de la paroi<\/td><td>0,3mm-20mm<\/td><\/tr><tr><td>Technologie<\/td><td>Form\u00e9 \u00e0 froid<\/td><\/tr><tr><td>Application<\/td><td>Construction de tunnels, de mines, de centrales hydro\u00e9lectriques, construction<\/td><\/tr><tr><td>Conditions de paiement<\/td><td>30%TT Avance + 70% Solde<\/td><\/tr><tr><td>MOQ<\/td><td>50<\/td><\/tr><tr><td>\u00c9chantillon<\/td><td>Disponible<\/td><\/tr><tr><td>Emballage<\/td><td>Emballage maritime standard<\/td><\/tr><\/tbody><\/table><\/figure>\n\n\n\n<figure class=\"wp-block-table\"><table><tbody><tr><td>Nom du produit<\/td><td>Manchon de raccordement en acier 45#,manchon en acier,manchon d'extrusion \u00e0 froid 20#,manchon de raccordement en acier 40Cr,coupleur pour barres d'armature<\/td><td><\/td><\/tr><tr><td>Mat\u00e9riau<\/td><td>ASTM 1020 1045 40CR<\/td><td><\/td><\/tr><tr><td>standard<\/td><td>ASTM A106-2006,ASTM A53-2007,GB\/T8162,GB\/T8163<\/td><td><\/td><\/tr><tr><td>taille<\/td><td>La demande du client<\/td><td><\/td><\/tr><tr><td>Surface<\/td><td>1. PVC, noir et peinture 3. Huile transparente et huile antirouille 4. Selon les besoins du client<\/td><td><\/td><\/tr><tr><td>\u00c9chantillons<\/td><td>Veuillez discuter avec le personnel de vente<\/td><td><\/td><\/tr><tr><td>D\u00e9lai d'ex\u00e9cution<\/td><td>D\u00e9pend des sp\u00e9cifications, de la quantit\u00e9, etc.<\/td><td><\/td><\/tr><tr><td>Paquet<\/td><td>1. tube en acier envelopp\u00e9 dans du papier imperm\u00e9able 2. toile de sac avec plusieurs bandes d'acier 3. capuchon de couverture 4. tube en acier Caisse en bois du tube d'acier<\/td><td><\/td><\/tr><\/tbody><\/table><\/figure>","protected":false},"featured_media":559,"parent":0,"template":"","meta":{"_acf_changed":true,"_gspb_post_css":"","_kad_blocks_custom_css":"","_kad_blocks_head_custom_js":"","_kad_blocks_body_custom_js":"","_kad_blocks_footer_custom_js":"","_kad_post_transparent":"","_kad_post_title":"","_kad_post_layout":"","_kad_post_sidebar_id":"","_kad_post_content_style":"","_kad_post_vertical_padding":"","_kad_post_feature":"","_kad_post_feature_position":"","_kad_post_header":false,"_kad_post_footer":false,"_kad_post_classname":""},"product-category":[],"class_list":["post-557","product","type-product","status-publish","has-post-thumbnail","hentry"],"acf":[],"taxonomy_info":[],"featured_image_src_large":["https:\/\/khsteel.net\/wp-content\/uploads\/2024\/07\/10002-5.png",800,800,false],"author_info":[],"comment_info":"","_links":{"self":[{"href":"https:\/\/khsteel.net\/fr\/wp-json\/wp\/v2\/product\/557","targetHints":{"allow":["GET"]}}],"collection":[{"href":"https:\/\/khsteel.net\/fr\/wp-json\/wp\/v2\/product"}],"about":[{"href":"https:\/\/khsteel.net\/fr\/wp-json\/wp\/v2\/types\/product"}],"wp:featuredmedia":[{"embeddable":true,"href":"https:\/\/khsteel.net\/fr\/wp-json\/wp\/v2\/media\/559"}],"wp:attachment":[{"href":"https:\/\/khsteel.net\/fr\/wp-json\/wp\/v2\/media?parent=557"}],"wp:term":[{"taxonomy":"product-category","embeddable":true,"href":"https:\/\/khsteel.net\/fr\/wp-json\/wp\/v2\/product-category?post=557"}],"curies":[{"name":"wp","href":"https:\/\/api.w.org\/{rel}","templated":true}]}}