{"id":549,"date":"2024-07-09T06:58:40","date_gmt":"2024-07-09T06:58:40","guid":{"rendered":"https:\/\/kehuan.easiwin.com\/?post_type=product&#038;p=549"},"modified":"2025-04-28T06:03:15","modified_gmt":"2025-04-28T06:03:15","slug":"coupleur-de-barres-darmature-prix-manchon-en-acier-manchons-daccouplement-pour-vis","status":"publish","type":"product","link":"https:\/\/khsteel.net\/fr\/product\/rebar-coupler-price-steel-sleeve-coupling-sleeves-for-screws\/","title":{"rendered":"Coupleur de barres d'armature Prix Manchons de couplage en acier Manchons de couplage pour vis"},"content":{"rendered":"<h3 class=\"wp-block-heading\" id=\"key-attributes\">Principales caract\u00e9ristiques<\/h3>\n\n\n\n<h4 class=\"wp-block-heading\">Attributs sp\u00e9cifiques \u00e0 l'industrie<\/h4>\n\n\n\n<figure class=\"wp-block-table\"><table><tbody><tr><td>Forme de la section<\/td><td>Rond<\/td><\/tr><tr><td>Traitement de surface<\/td><td>galvanis\u00e9<\/td><\/tr><tr><td>Tol\u00e9rance<\/td><td>\u00b11%<\/td><\/tr><tr><td>Huil\u00e9 ou non huil\u00e9<\/td><td>L\u00e9g\u00e8rement huil\u00e9<\/td><\/tr><tr><td>Facturation<\/td><td>en fonction du poids r\u00e9el<\/td><\/tr><\/tbody><\/table><\/figure>\n\n\n\n<p>Autres caract\u00e9ristiques<\/p>\n\n\n\n<figure class=\"wp-block-table\"><table><tbody><tr><td>Lieu d'origine<\/td><td>Shandong, Chine<\/td><\/tr><tr><td>Alliage ou non<\/td><td>Est un alliage<\/td><\/tr><tr><td>Standard<\/td><td>AiSi<\/td><\/tr><tr><td>Grade<\/td><td>Carbone, alliage, acier inoxydable<\/td><\/tr><tr><td>D\u00e9lai de livraison<\/td><td>8-14 jours<\/td><\/tr><tr><td>Nom de la marque<\/td><td>Kehuan<\/td><\/tr><tr><td>Application<\/td><td>Tuyaux de structure, autres<\/td><\/tr><tr><td>Tuyaux sp\u00e9ciaux<\/td><td>Autres<\/td><\/tr><tr><td>\u00c9paisseur<\/td><td>5-80<\/td><\/tr><tr><td>Certificat<\/td><td>API, CE, Bsi, GS<\/td><\/tr><tr><td>Service de traitement<\/td><td>Soudage, poin\u00e7onnage, d\u00e9coupage, cintrage, d\u00e9coilage<\/td><\/tr><tr><td>Nom du produit<\/td><td>Coupleur de barres d'acier de haute qualit\u00e9<\/td><\/tr><tr><td>Poids<\/td><td>0.13-0.73kgs<\/td><\/tr><tr><td>Taille<\/td><td>Accepter la personnalisation<\/td><\/tr><tr><td>Composition chimique<\/td><td>Composition chimique<\/td><\/tr><tr><td>Alliage ou non<\/td><td>Non-alliage<\/td><\/tr><tr><td>Secondaire ou non<\/td><td>Non-secondaire<\/td><\/tr><tr><td>Num\u00e9ro de mod\u00e8le<\/td><td>D12-D50<\/td><\/tr><tr><td>Standard<\/td><td>AISI<\/td><\/tr><tr><td>Paquet<\/td><td>Caisse en bois<\/td><\/tr><tr><td>Surface<\/td><td>Meulage Polissage<\/td><\/tr><\/tbody><\/table><\/figure>\n\n\n\n<figure class=\"wp-block-table\"><table><tbody><tr><td>Taille du coupleur<\/td><td>Diam\u00e8tre ext\u00e9rieur \u00b10,5 mm<\/td><td>Longueur \u00b11mm<\/td><td>Angle du filet<\/td><td>Poids\/pi\u00e8ce (kg)<\/td><\/tr><tr><td>D12<\/td><td>20.5<\/td><td>35<\/td><td>60<\/td><td>0.036<\/td><\/tr><tr><td>D14<\/td><td>21.5<\/td><td>37<\/td><td>60\/75<\/td><td>0.068<\/td><\/tr><tr><td>D16<\/td><td>60\/7524.5<\/td><td>39<\/td><td>60\/75<\/td><td>0.099<\/td><\/tr><tr><td>D18<\/td><td>27.5<\/td><td>44<\/td><td>60\/75<\/td><td>0.125<\/td><\/tr><tr><td>D20<\/td><td>29.5<\/td><td>49<\/td><td>60\/75<\/td><td>0.18<\/td><\/tr><tr><td>D22<\/td><td>33<\/td><td>54<\/td><td>60\/75<\/td><td>0.205<\/td><\/tr><tr><td>D25<\/td><td>37.5<\/td><td>60<\/td><td>60\/75<\/td><td>0.317<\/td><\/tr><tr><td>D28<\/td><td>41.5<\/td><td>64<\/td><td>60\/75<\/td><td>0.399<\/td><\/tr><tr><td>D32<\/td><td>47.5<\/td><td>74<\/td><td>60\/75<\/td><td>0.64<\/td><\/tr><tr><td>D36<\/td><td>54<\/td><td>84<\/td><td>60\/75<\/td><td>0.9<\/td><\/tr><tr><td>D40<\/td><td>59<\/td><td>89<\/td><td>60\/75<\/td><td>1.099<\/td><\/tr><tr><td>D50<\/td><td>74<\/td><td>125<\/td><td>75<\/td><td>1.298<\/td><\/tr><\/tbody><\/table><\/figure>","protected":false},"featured_media":551,"parent":0,"template":"","meta":{"_acf_changed":false,"_gspb_post_css":"","_kad_blocks_custom_css":"","_kad_blocks_head_custom_js":"","_kad_blocks_body_custom_js":"","_kad_blocks_footer_custom_js":"","_kad_post_transparent":"","_kad_post_title":"","_kad_post_layout":"","_kad_post_sidebar_id":"","_kad_post_content_style":"","_kad_post_vertical_padding":"","_kad_post_feature":"","_kad_post_feature_position":"","_kad_post_header":false,"_kad_post_footer":false,"_kad_post_classname":""},"product-category":[],"class_list":["post-549","product","type-product","status-publish","has-post-thumbnail","hentry"],"acf":[],"taxonomy_info":[],"featured_image_src_large":["https:\/\/khsteel.net\/wp-content\/uploads\/2024\/07\/10002-30.jpg",800,800,false],"author_info":[],"comment_info":"","_links":{"self":[{"href":"https:\/\/khsteel.net\/fr\/wp-json\/wp\/v2\/product\/549","targetHints":{"allow":["GET"]}}],"collection":[{"href":"https:\/\/khsteel.net\/fr\/wp-json\/wp\/v2\/product"}],"about":[{"href":"https:\/\/khsteel.net\/fr\/wp-json\/wp\/v2\/types\/product"}],"wp:featuredmedia":[{"embeddable":true,"href":"https:\/\/khsteel.net\/fr\/wp-json\/wp\/v2\/media\/551"}],"wp:attachment":[{"href":"https:\/\/khsteel.net\/fr\/wp-json\/wp\/v2\/media?parent=549"}],"wp:term":[{"taxonomy":"product-category","embeddable":true,"href":"https:\/\/khsteel.net\/fr\/wp-json\/wp\/v2\/product-category?post=549"}],"curies":[{"name":"wp","href":"https:\/\/api.w.org\/{rel}","templated":true}]}}