{"id":537,"date":"2024-07-09T06:38:15","date_gmt":"2024-07-09T06:38:15","guid":{"rendered":"https:\/\/kehuan.easiwin.com\/?post_type=product&#038;p=537"},"modified":"2025-04-28T06:04:02","modified_gmt":"2025-04-28T06:04:02","slug":"fournisseur-professionnel-vente-de-haute-qualite-dacier-au-carbone-en-forme-de-u-kehuan-m-norme-astm","status":"publish","type":"product","link":"https:\/\/khsteel.net\/fr\/product\/professional-supplier-sale-high-quality-u-shape-carbon-steel-kehuan-m-astm-standard\/","title":{"rendered":"Fournisseur professionnel Vente de produits de haute qualit\u00e9 en forme de U en acier au carbone Kehuan M ASTM Standard"},"content":{"rendered":"<h3 class=\"wp-block-heading\" id=\"key-attributes\">Principales caract\u00e9ristiques<\/h3>\n\n\n\n<h4 class=\"wp-block-heading\">Attributs sp\u00e9cifiques \u00e0 l'industrie<\/h4>\n\n\n\n<figure class=\"wp-block-table\"><table><tbody><tr><td>Standard<\/td><td>ASTM<\/td><\/tr><tr><td>Grade<\/td><td>304 304l 309 316l<\/td><\/tr><tr><td>Forme<\/td><td>Canal U<\/td><\/tr><tr><td>Tol\u00e9rance<\/td><td>\u00b11%<\/td><\/tr><tr><td>Facturation<\/td><td>en fonction du poids r\u00e9el<\/td><\/tr><\/tbody><\/table><\/figure>\n\n\n\n<p>Autres caract\u00e9ristiques<\/p>\n\n\n\n<figure class=\"wp-block-table\"><table><tbody><tr><td>Lieu d'origine<\/td><td>Shandong, Chine<\/td><\/tr><tr><td>Alliage ou non<\/td><td>Non-alliage<\/td><\/tr><tr><td>D\u00e9lai de livraison<\/td><td>8-14 jours<\/td><\/tr><tr><td>Nom de la marque<\/td><td>Kehuan<\/td><\/tr><tr><td>Num\u00e9ro de mod\u00e8le<\/td><td>5# 6.3# 8# 10# 12.5# 14# 16# 20# 25<\/td><\/tr><tr><td>Application<\/td><td>B\u00e2timent<\/td><\/tr><tr><td>Perfor\u00e9 ou non<\/td><td>Non perfor\u00e9<\/td><\/tr><tr><td>Service de traitement<\/td><td>Pliage, soudage, poin\u00e7onnage, d\u00e9coilage, d\u00e9coupage<\/td><\/tr><tr><td>Nom du produit<\/td><td>Canal de la jambe de force<\/td><\/tr><tr><td>Technique<\/td><td>Lamin\u00e9s \u00e0 froid Lamin\u00e9s \u00e0 chaud<\/td><\/tr><tr><td>Mot-cl\u00e9<\/td><td>Profil\u00e9s en acier de dimensions standard<\/td><\/tr><tr><td>Traitement de surface<\/td><td>Rev\u00eatement galvanis\u00e9<\/td><\/tr><tr><td>Mat\u00e9riau<\/td><td>Q235\/Q345\/SS400\/ST37-2\/ST52\/Q420\/Q460\/S235JR\/S275JR\/S355JR<\/td><\/tr><tr><td>Type<\/td><td>Section du canal<\/td><\/tr><tr><td>Conditions de paiement<\/td><td>L\/C T\/T (30%DEPOSIT)<\/td><\/tr><tr><td>MOQ<\/td><td>1 tonne<\/td><\/tr><tr><td>Longueur<\/td><td>6m-12m<\/td><\/tr><tr><td>Paquet<\/td><td>Forfait standard de navigabilit\u00e9<\/td><\/tr><\/tbody><\/table><\/figure>\n\n\n\n<p>Sp\u00e9cifications<\/p>\n\n\n\n<figure class=\"wp-block-table\"><table><tbody><tr><td>article<\/td><td>valeur<\/td><\/tr><tr><td>Lieu d'origine<\/td><td>Chine<\/td><\/tr><tr><td><\/td><td>Shandong<\/td><\/tr><tr><td>Nom de la marque<\/td><td>Kehuan<\/td><\/tr><tr><td>Application<\/td><td>Conduite de fluide, conduite de forage, conduite de gaz, conduite de p\u00e9trole, conduite de structure<\/td><\/tr><tr><td>Alliage ou non<\/td><td>Non-alliage<\/td><\/tr><tr><td>Forme de la section<\/td><td>Rond<\/td><\/tr><tr><td>Tuyaux sp\u00e9ciaux<\/td><td>Tube API, tube \u00e0 paroi \u00e9paisse<\/td><\/tr><tr><td>\u00c9paisseur<\/td><td>0,8 - 30 mm<\/td><\/tr><tr><td>Standard<\/td><td>ASTM<\/td><\/tr><tr><td>Longueur<\/td><td>12M, 6m<\/td><\/tr><tr><td>Certificat<\/td><td>API, CE, JIS, GS, ISO9001<\/td><\/tr><tr><td>Grade<\/td><td>Q195\/Q215\/Q235\/Q345, GR.A\/B, S235\/S355<\/td><\/tr><tr><td>Traitement de surface<\/td><td>Pr\u00e9-galvanis\u00e9 \/ galvanis\u00e9 \u00e0 chaud \/ nu \/ \u00e0 l'huile<\/td><\/tr><tr><td>Tol\u00e9rance<\/td><td>\u00b11%<\/td><\/tr><tr><td>Service de traitement<\/td><td>Pliage, soudage, poin\u00e7onnage, d\u00e9coupage<\/td><\/tr><tr><td>Huil\u00e9 ou non huil\u00e9<\/td><td>Non huil\u00e9<\/td><\/tr><tr><td>Facturation<\/td><td>en fonction du poids r\u00e9el<\/td><\/tr><tr><td>D\u00e9lai de livraison<\/td><td>14-21 jours<\/td><\/tr><tr><td>Standard<\/td><td>GB 5310-1995<\/td><\/tr><tr><td>Nom du produit<\/td><td>Tube d'acier galvanis\u00e9 \u00e0 chaud<\/td><\/tr><tr><td>Mat\u00e9riau<\/td><td>ST37\/ST45\/ST52\/25Mn\/27SiMn\/E355\/SAE1026\/STKM13C<\/td><\/tr><tr><td>Type<\/td><td>Tube d'acier soud\u00e9<\/td><\/tr><tr><td>Surface<\/td><td>Galvanisation \u00e0 chaud<\/td><\/tr><tr><td>Forme<\/td><td>Tube rond<\/td><\/tr><tr><td>Utilisation<\/td><td>Structure de la construction<\/td><\/tr><tr><td>Technique<\/td><td>Lamin\u00e9s \u00e0 froid Lamin\u00e9s \u00e0 chaud<\/td><\/tr><tr><td>Mot-cl\u00e9<\/td><td>Tube en acier galvanis\u00e9<\/td><\/tr><tr><td>Conditions de paiement<\/td><td>T\/T<\/td><\/tr><\/tbody><\/table><\/figure>","protected":false},"featured_media":538,"parent":0,"template":"","meta":{"_acf_changed":false,"_gspb_post_css":"","_kad_blocks_custom_css":"","_kad_blocks_head_custom_js":"","_kad_blocks_body_custom_js":"","_kad_blocks_footer_custom_js":"","_kad_post_transparent":"","_kad_post_title":"","_kad_post_layout":"","_kad_post_sidebar_id":"","_kad_post_content_style":"","_kad_post_vertical_padding":"","_kad_post_feature":"","_kad_post_feature_position":"","_kad_post_header":false,"_kad_post_footer":false,"_kad_post_classname":""},"product-category":[],"class_list":["post-537","product","type-product","status-publish","has-post-thumbnail","hentry"],"acf":[],"taxonomy_info":[],"featured_image_src_large":["https:\/\/khsteel.net\/wp-content\/uploads\/2024\/07\/10001-7.png",800,800,false],"author_info":[],"comment_info":"","_links":{"self":[{"href":"https:\/\/khsteel.net\/fr\/wp-json\/wp\/v2\/product\/537","targetHints":{"allow":["GET"]}}],"collection":[{"href":"https:\/\/khsteel.net\/fr\/wp-json\/wp\/v2\/product"}],"about":[{"href":"https:\/\/khsteel.net\/fr\/wp-json\/wp\/v2\/types\/product"}],"wp:featuredmedia":[{"embeddable":true,"href":"https:\/\/khsteel.net\/fr\/wp-json\/wp\/v2\/media\/538"}],"wp:attachment":[{"href":"https:\/\/khsteel.net\/fr\/wp-json\/wp\/v2\/media?parent=537"}],"wp:term":[{"taxonomy":"product-category","embeddable":true,"href":"https:\/\/khsteel.net\/fr\/wp-json\/wp\/v2\/product-category?post=537"}],"curies":[{"name":"wp","href":"https:\/\/api.w.org\/{rel}","templated":true}]}}