{"id":509,"date":"2024-07-09T06:07:29","date_gmt":"2024-07-09T06:07:29","guid":{"rendered":"https:\/\/kehuan.easiwin.com\/?post_type=product&#038;p=509"},"modified":"2025-04-27T08:03:34","modified_gmt":"2025-04-27T08:03:34","slug":"bobine-dacier-ppgi-bobine-galvanisee-prepeinte-z275-toles-de-toiture-metalliques-materiaux-de-construction-en-chine","status":"publish","type":"product","link":"https:\/\/khsteel.net\/fr\/product\/ppgi-steel-coil-prepainted-galvanized-coil-z275-metal-roofing-sheets-building-materials-in-china\/","title":{"rendered":"PPGI Steel Coil Prepainted Galvanized Coil Z275\/Metal Roofing Sheets Building Materials En Chine"},"content":{"rendered":"<h3 class=\"wp-block-heading\" id=\"key-attributes\">Principales caract\u00e9ristiques<\/h3>\n\n\n\n<h4 class=\"wp-block-heading\">Attributs sp\u00e9cifiques \u00e0 l'industrie<\/h4>\n\n\n\n<figure class=\"wp-block-table\"><table><tbody><tr><td>Type<\/td><td>Bobine d'acier<\/td><\/tr><tr><td>\u00c9paisseur<\/td><td>0,21-0,50 mm<\/td><\/tr><tr><td>Rev\u00eatement<\/td><td>Z81-Z120<\/td><\/tr><tr><td>Duret\u00e9<\/td><td>Moyennement dur<\/td><\/tr><\/tbody><\/table><\/figure>\n\n\n\n<p>Autres caract\u00e9ristiques<\/p>\n\n\n\n<figure class=\"wp-block-table\"><table><tbody><tr><td>Lieu d'origine<\/td><td>Shandong, Chine<\/td><\/tr><tr><td>Standard<\/td><td>ASTM<\/td><\/tr><tr><td>Grade<\/td><td>DX51D DX52D DX53D DX54D<\/td><\/tr><tr><td>D\u00e9lai de livraison<\/td><td>22-30 jours<\/td><\/tr><tr><td>Nom de la marque<\/td><td>Kehuan<\/td><\/tr><tr><td>Application<\/td><td>fabrication de tuyaux, d\u00e9coupage de t\u00f4les, fabrication de petits outils, fabrication de t\u00f4les ondul\u00e9es, fabrication de conteneurs, fabrication de cl\u00f4tures<\/td><\/tr><tr><td>Largeur<\/td><td>1001-1250mm<\/td><\/tr><tr><td>Longueur<\/td><td>selon les besoins du client<\/td><\/tr><tr><td>Certificat<\/td><td>API, CE, SNI, BIS, SASO, SABS, sirm, KS, JIS, GS<\/td><\/tr><tr><td>Tol\u00e9rance<\/td><td>\u00b11%<\/td><\/tr><tr><td>Service de traitement<\/td><td>Soudage, poin\u00e7onnage, d\u00e9coupage, cintrage, d\u00e9coilage<\/td><\/tr><tr><td>Couleur RAL<\/td><td>comme PANTONE<\/td><\/tr><tr><td>Nom du produit<\/td><td>Bobine d'acier galvanis\u00e9 pr\u00e9peint<\/td><\/tr><tr><td>Surface<\/td><td>Bobine d'acier color\u00e9 Ppgi<\/td><\/tr><tr><td>Mot-cl\u00e9<\/td><td>PPGI Coil Prepainted Steel Coil (bobine d'acier pr\u00e9peint)<\/td><\/tr><tr><td>Forme<\/td><td>Rouleau de bobine<\/td><\/tr><tr><td>Couleur<\/td><td>RALColor<\/td><\/tr><tr><td>Traitement de surface<\/td><td>Rev\u00eatement de couleur<\/td><\/tr><tr><td>Technique<\/td><td>Pr\u00e9peint+galvanis\u00e9 par immersion \u00e0 chaud<\/td><\/tr><tr><td>Largeur<\/td><td>600mm-1500mm<\/td><\/tr><tr><td>\u00c9chantillon<\/td><td>Avialable<\/td><\/tr><tr><td>ID de la bobine<\/td><td>508\/610mm\/Accord<\/td><\/tr><\/tbody><\/table><\/figure>\n\n\n\n<figure class=\"wp-block-table\"><table><tbody><tr><td>Mat\u00e9riau<\/td><td>Dx51D, Dx52D, Dx53D, DX54D, S220GD, S250GD, S280GD, S350GD, S350GD, S550GD ; SGCC, SGHC, SGCH, SGH340, SGH400, SGH440, SGH490,<\/td><\/tr><tr><td>\u00c9paisseur<\/td><td>0,12-6,00 mm ou selon les besoins du client<\/td><\/tr><tr><td>Largeur<\/td><td>600mm-1500mm, selon les besoins du client<\/td><\/tr><tr><td>Rev\u00eatement en zinc<\/td><td>30g-275g\/m2<\/td><\/tr><tr><td>Type de rev\u00eatement<\/td><td>Acier galvanis\u00e9 par immersion \u00e0 chaud<\/td><\/tr><tr><td>Traitement de surface<\/td><td>Passivation(C), Huilage(O), Scellement de laque(L), Phosphatation(P), Non trait\u00e9(U)<\/td><\/tr><tr><td>Structure de la surface<\/td><td>Tube rond en acier soud\u00e9 galvanis\u00e9 par immersion \u00e0 chaud<\/td><\/tr><tr><td>ID de la bobine<\/td><td>508mm ou 610mm<\/td><\/tr><tr><td>Standard<\/td><td>JIS 3302 \/ ASTM A653 \/EN10143 AISI , ASTM , DIN , GB , JIS G3302 G3312 G3321 , BS<\/td><\/tr><tr><td>Technique<\/td><td>Lamin\u00e9s \u00e0 chaud \/ Lamin\u00e9s \u00e0 froid<\/td><\/tr><tr><td>Application du produit<\/td><td>1. Cl\u00f4ture, serre, tuyau de porte, serre 2. Pour la construction de b\u00e2timents \u00e0 l'int\u00e9rieur et \u00e0 l'ext\u00e9rieur 3. Largement utilis\u00e9 dans la construction d'\u00e9chafaudages, ce qui est beaucoup moins cher et plus pratique.<\/td><\/tr><\/tbody><\/table><\/figure>","protected":false},"featured_media":510,"parent":0,"template":"","meta":{"_acf_changed":true,"_gspb_post_css":"","_kad_blocks_custom_css":"","_kad_blocks_head_custom_js":"","_kad_blocks_body_custom_js":"","_kad_blocks_footer_custom_js":"","_kad_post_transparent":"","_kad_post_title":"","_kad_post_layout":"","_kad_post_sidebar_id":"","_kad_post_content_style":"","_kad_post_vertical_padding":"","_kad_post_feature":"","_kad_post_feature_position":"","_kad_post_header":false,"_kad_post_footer":false,"_kad_post_classname":""},"product-category":[],"class_list":["post-509","product","type-product","status-publish","has-post-thumbnail","hentry"],"acf":[],"taxonomy_info":[],"featured_image_src_large":["https:\/\/khsteel.net\/wp-content\/uploads\/2024\/07\/10001-25.jpg",730,730,false],"author_info":[],"comment_info":"","_links":{"self":[{"href":"https:\/\/khsteel.net\/fr\/wp-json\/wp\/v2\/product\/509","targetHints":{"allow":["GET"]}}],"collection":[{"href":"https:\/\/khsteel.net\/fr\/wp-json\/wp\/v2\/product"}],"about":[{"href":"https:\/\/khsteel.net\/fr\/wp-json\/wp\/v2\/types\/product"}],"wp:featuredmedia":[{"embeddable":true,"href":"https:\/\/khsteel.net\/fr\/wp-json\/wp\/v2\/media\/510"}],"wp:attachment":[{"href":"https:\/\/khsteel.net\/fr\/wp-json\/wp\/v2\/media?parent=509"}],"wp:term":[{"taxonomy":"product-category","embeddable":true,"href":"https:\/\/khsteel.net\/fr\/wp-json\/wp\/v2\/product-category?post=509"}],"curies":[{"name":"wp","href":"https:\/\/api.w.org\/{rel}","templated":true}]}}