{"id":504,"date":"2024-07-09T06:01:51","date_gmt":"2024-07-09T06:01:51","guid":{"rendered":"https:\/\/kehuan.easiwin.com\/?post_type=product&#038;p=504"},"modified":"2025-04-27T08:03:17","modified_gmt":"2025-04-27T08:03:17","slug":"ppgi-coils-dx51d-z100-galvanized-steel-sheet-metal-roll-for-making-corrugated-sheets-on-sale","status":"publish","type":"product","link":"https:\/\/khsteel.net\/fr\/product\/ppgi-coils-dx51d-z100-galvanized-steel-sheet-metal-roll-for-making-corrugated-sheets-on-sale\/","title":{"rendered":"PPGI Coils Dx51d Z100 Galvanized Steel Sheet Metal Roll for Making Corrugated Sheets-on Sale"},"content":{"rendered":"<h3 class=\"wp-block-heading\" id=\"key-attributes\">Principales caract\u00e9ristiques<\/h3>\n\n\n\n<h4 class=\"wp-block-heading\">Attributs sp\u00e9cifiques \u00e0 l'industrie<\/h4>\n\n\n\n<figure class=\"wp-block-table\"><table><tbody><tr><td>Type<\/td><td>Bobine d'acier<\/td><\/tr><tr><td>\u00c9paisseur<\/td><td>0,5-1,0 mm<\/td><\/tr><tr><td>Rev\u00eatement<\/td><td>Z10-Z29<\/td><\/tr><tr><td>Type de paillette<\/td><td>P\u00eale-m\u00eale r\u00e9gulier<\/td><\/tr><tr><td>Duret\u00e9<\/td><td>Plein dur<\/td><\/tr><\/tbody><\/table><\/figure>\n\n\n\n<p>Autres caract\u00e9ristiques<\/p>\n\n\n\n<figure class=\"wp-block-table\"><table><tbody><tr><td>Lieu d'origine<\/td><td>Shandong, Chine<\/td><\/tr><tr><td>Standard<\/td><td>ASTM<\/td><\/tr><tr><td>Grade<\/td><td>SGCC DX51D Q195-235<\/td><\/tr><tr><td>Technique<\/td><td>Base lamin\u00e9e \u00e0 froid<\/td><\/tr><tr><td>Passeport pour la peau<\/td><td>Oui<\/td><\/tr><tr><td>Huil\u00e9 ou non huil\u00e9<\/td><td>Non huil\u00e9<\/td><\/tr><tr><td>D\u00e9lai de livraison<\/td><td>15-21 jours<\/td><\/tr><tr><td>Nom de la marque<\/td><td>Kehuan<\/td><\/tr><tr><td>Application<\/td><td>fabrication de tuyaux, d\u00e9coupage de t\u00f4les, fabrication de petits outils, fabrication de t\u00f4les ondul\u00e9es, fabrication de conteneurs, fabrication de cl\u00f4tures<\/td><\/tr><tr><td>Longueur<\/td><td>selon les besoins du client<\/td><\/tr><tr><td>Certificat<\/td><td>API, JIS, ISO9001<\/td><\/tr><tr><td>Tol\u00e9rance<\/td><td>\u00b11%<\/td><\/tr><tr><td>Service de traitement<\/td><td>Soudage, poin\u00e7onnage, d\u00e9coupage, cintrage, d\u00e9coilage<\/td><\/tr><tr><td>Surface<\/td><td>Lisse<\/td><\/tr><tr><td>Forme<\/td><td>Rouleau de bobine<\/td><\/tr><tr><td>Certificat<\/td><td>API, CE, RoHS, SNI, BIS, SASO, PVOC, SONCAP, SABS, ISO9001<\/td><\/tr><tr><td>Utilisation<\/td><td>Mat\u00e9riaux de construction<\/td><\/tr><tr><td>Couleur<\/td><td>Couleur naturelle<\/td><\/tr><tr><td>Lieu d'origine<\/td><td>Shandong<\/td><\/tr><tr><td>Technique<\/td><td>Base lamin\u00e9e \u00e0 froid<\/td><\/tr><tr><td>Nom de la marque<\/td><td>Kehuan<\/td><\/tr><tr><td>Port<\/td><td>Tianjin Qingdao Shanghai Port<\/td><\/tr><tr><td>D\u00e9lai de paiement<\/td><td>L\/C T\/T (30% Deposit)<\/td><\/tr><\/tbody><\/table><\/figure>\n\n\n\n<figure class=\"wp-block-table\"><table><tbody><tr><td>Mat\u00e9riau<\/td><td>Dx51D, Dx52D, Dx53D, DX54D, S220GD, S250GD, S280GD, S350GD, S350GD, S550GD ; SGCC, SGHC, SGCH, SGH340, SGH400, SGH440, SGH490,<\/td><td><\/td><td><\/td><\/tr><tr><td>\u00c9paisseur<\/td><td>0,12-6,00 mm ou selon les besoins du client<\/td><td><\/td><td><\/td><\/tr><tr><td>Largeur<\/td><td>600mm-1500mm, selon les besoins du client<\/td><td><\/td><td><\/td><\/tr><tr><td>Rev\u00eatement en zinc<\/td><td>30g-275g\/m2<\/td><td><\/td><td><\/td><\/tr><tr><td>Type de rev\u00eatement<\/td><td>Acier galvanis\u00e9 par immersion \u00e0 chaud<\/td><td><\/td><td><\/td><\/tr><tr><td>Traitement de surface<\/td><td>Passivation(C), Huilage(O), Scellement de laque(L), Phosphatation(P), Non trait\u00e9(U)<\/td><td><\/td><td><\/td><\/tr><tr><td>Structure de la surface<\/td><td>Tube rond en acier soud\u00e9 galvanis\u00e9 par immersion \u00e0 chaud<\/td><td><\/td><td><\/td><\/tr><tr><td>ID de la bobine<\/td><td>508mm ou 610mm<\/td><td><\/td><td><\/td><\/tr><tr><td>Standard<\/td><td>JIS 3302 \/ ASTM A653 \/EN10143 AISI , ASTM , DIN , GB , JIS G3302 G3312 G3321 , BS<\/td><td><\/td><td><\/td><\/tr><tr><td>Technique<\/td><td>Lamin\u00e9s \u00e0 chaud \/ Lamin\u00e9s \u00e0 froid<\/td><td><\/td><td><\/td><\/tr><tr><td>Application du produit<\/td><td>1. Cl\u00f4ture, serre, tuyau de porte, serre 2. Pour la construction de b\u00e2timents \u00e0 l'int\u00e9rieur et \u00e0 l'ext\u00e9rieur 3. Largement utilis\u00e9 dans la construction d'\u00e9chafaudages, ce qui est beaucoup moins cher et plus pratique.<\/td><td><\/td><td><\/td><\/tr><\/tbody><\/table><\/figure>","protected":false},"featured_media":505,"parent":0,"template":"","meta":{"_acf_changed":true,"_gspb_post_css":"","_kad_blocks_custom_css":"","_kad_blocks_head_custom_js":"","_kad_blocks_body_custom_js":"","_kad_blocks_footer_custom_js":"","_kad_post_transparent":"","_kad_post_title":"","_kad_post_layout":"","_kad_post_sidebar_id":"","_kad_post_content_style":"","_kad_post_vertical_padding":"","_kad_post_feature":"","_kad_post_feature_position":"","_kad_post_header":false,"_kad_post_footer":false,"_kad_post_classname":""},"product-category":[],"class_list":["post-504","product","type-product","status-publish","has-post-thumbnail","hentry"],"acf":[],"taxonomy_info":[],"featured_image_src_large":["https:\/\/khsteel.net\/wp-content\/uploads\/2024\/07\/10001-24.jpg",750,750,false],"author_info":[],"comment_info":"","_links":{"self":[{"href":"https:\/\/khsteel.net\/fr\/wp-json\/wp\/v2\/product\/504","targetHints":{"allow":["GET"]}}],"collection":[{"href":"https:\/\/khsteel.net\/fr\/wp-json\/wp\/v2\/product"}],"about":[{"href":"https:\/\/khsteel.net\/fr\/wp-json\/wp\/v2\/types\/product"}],"wp:featuredmedia":[{"embeddable":true,"href":"https:\/\/khsteel.net\/fr\/wp-json\/wp\/v2\/media\/505"}],"wp:attachment":[{"href":"https:\/\/khsteel.net\/fr\/wp-json\/wp\/v2\/media?parent=504"}],"wp:term":[{"taxonomy":"product-category","embeddable":true,"href":"https:\/\/khsteel.net\/fr\/wp-json\/wp\/v2\/product-category?post=504"}],"curies":[{"name":"wp","href":"https:\/\/api.w.org\/{rel}","templated":true}]}}