{"id":473,"date":"2024-07-09T03:09:53","date_gmt":"2024-07-09T03:09:53","guid":{"rendered":"https:\/\/kehuan.easiwin.com\/?post_type=product&#038;p=473"},"modified":"2025-04-28T06:06:52","modified_gmt":"2025-04-28T06:06:52","slug":"ss400-sphc-sphd-sphe-spht1-spht2-spht3-hrc-hot-rolled-mild-carbon-steel-coil","status":"publish","type":"product","link":"https:\/\/khsteel.net\/fr\/product\/ss400-sphc-sphd-sphe-spht1-spht2-spht3-hrc-hot-rolled-mild-carbon-steel-coil\/","title":{"rendered":"Ss400 Sphc Sphd Sphe Spht1 Spht2 Spht3 Hrc Hot Rolled Mild Carbon Steel Coil (bobine d'acier doux au carbone lamin\u00e9e \u00e0 chaud)"},"content":{"rendered":"<h3 class=\"wp-block-heading\" id=\"key-attributes\">Principales caract\u00e9ristiques<\/h3>\n\n\n\n<h4 class=\"wp-block-heading\">Attributs sp\u00e9cifiques \u00e0 l'industrie<\/h4>\n\n\n\n<figure class=\"wp-block-table\"><table><tbody><tr><td>Type<\/td><td>Bobine d'acier<\/td><\/tr><tr><td>\u00c9paisseur<\/td><td>3,5-16 mm<\/td><\/tr><tr><td>Standard<\/td><td>ASTM, GB, JIS<\/td><\/tr><tr><td>Grade<\/td><td>SS400\/A36\/Q235\/S235JR\/S355JR\/A57<\/td><\/tr><\/tbody><\/table><\/figure>\n\n\n\n<p>Autres caract\u00e9ristiques<\/p>\n\n\n\n<figure class=\"wp-block-table\"><table><tbody><tr><td>Lieu d'origine<\/td><td>Shandong, Chine<\/td><\/tr><tr><td>Passeport pour la peau<\/td><td>Oui<\/td><\/tr><tr><td>Alliage ou non<\/td><td>Non-alliage<\/td><\/tr><tr><td>D\u00e9lai de livraison<\/td><td>15-21 jours<\/td><\/tr><tr><td>Nom de la marque<\/td><td>Kehuan<\/td><\/tr><tr><td>Application<\/td><td>T\u00f4le de navire, t\u00f4le de chaudi\u00e8re, t\u00f4le de conteneur, fabrication de tuyaux, fabrication de produits en acier lamin\u00e9s \u00e0 froid, fabrication de petits outils<\/td><\/tr><tr><td>Largeur<\/td><td>1251-1500mm<\/td><\/tr><tr><td>Longueur<\/td><td>selon les besoins du client<\/td><\/tr><tr><td>Certificat<\/td><td>API, JIS, ISO9001<\/td><\/tr><tr><td>Tol\u00e9rance<\/td><td>\u00b11%<\/td><\/tr><tr><td>Service de traitement<\/td><td>Soudage, poin\u00e7onnage, d\u00e9coupage, cintrage, d\u00e9coilage<\/td><\/tr><tr><td>Lieu d'origine<\/td><td>Shandong, Chine<\/td><\/tr><tr><td>Application<\/td><td>Plaque de navire, plaque de chaudi\u00e8re, plaque de conteneur, fabrication de tuyaux,<\/td><\/tr><tr><td>Technologie<\/td><td>Lamin\u00e9s \u00e0 chaud<\/td><\/tr><tr><td>\u00c9chantillon<\/td><td>Avialable<\/td><\/tr><tr><td>Paquet<\/td><td>Faisceaux de feuillards d'acier<\/td><\/tr><tr><td>MOQ<\/td><td>5Tonnes<\/td><\/tr><tr><td>Usage sp\u00e9cial<\/td><td>T\u00f4les d'acier \u00e0 haute r\u00e9sistance<\/td><\/tr><tr><td>Mat\u00e9riau<\/td><td>Q195\/Q235\/Q235b<\/td><\/tr><tr><td>Couleur<\/td><td>Noir<\/td><\/tr><tr><td>Conditions commerciales<\/td><td>FOB,CRF,CIF,EXW<\/td><\/tr><\/tbody><\/table><\/figure>\n\n\n\n<p>Sp\u00e9cifications<\/p>\n\n\n\n<figure class=\"wp-block-table\"><table><tbody><tr><td>Nom de la marque<\/td><td>KH<\/td><\/tr><tr><td>Dur\u00e9e du prix<\/td><td>EXW, Fob, CIF, CIR<\/td><\/tr><tr><td>Alliage ou non<\/td><td>Non-alliage<\/td><\/tr><tr><td>\u00c9paisseur<\/td><td>0,8-16 mm<\/td><\/tr><tr><td>Standard<\/td><td>JIS<\/td><\/tr><tr><td>Certificat<\/td><td>API, JIS, ISO9001<\/td><\/tr><tr><td>Tol\u00e9rance<\/td><td>\u00b11%<\/td><\/tr><tr><td>Date de livraison<\/td><td>Avoir du stock ou n\u00e9gocier en fonction de la commande r\u00e9elleCoupe<\/td><\/tr><tr><td>Huil\u00e9 ou non huil\u00e9<\/td><td>Non huil\u00e9<\/td><\/tr><tr><td>Facturation<\/td><td>en fonction du poids r\u00e9el<\/td><\/tr><tr><td>Nom du produit<\/td><td>T\u00f4le d'acier lamin\u00e9e \u00e0 chaud en bobine<\/td><\/tr><tr><td>Utilisation<\/td><td>Plaque de conteneur<\/td><\/tr><tr><td>Mot-cl\u00e9<\/td><td>bobines d'acier<\/td><\/tr><tr><td>longueur<\/td><td>Demande des clients<\/td><\/tr><tr><td>D\u00e9tails de l'emballage<\/td><td>Emballage standard pour l'exportation, groupage ou sur demande.<\/td><\/tr><tr><td>Avantage<\/td><td>Forte r\u00e9sistance \u00e0 la corrosion<\/td><\/tr><tr><td>MOQ<\/td><td>5 tonnes<\/td><\/tr><tr><td>Service<\/td><td>24 heures en ligne<\/td><\/tr><\/tbody><\/table><\/figure>","protected":false},"featured_media":476,"parent":0,"template":"","meta":{"_acf_changed":false,"_gspb_post_css":"","_kad_blocks_custom_css":"","_kad_blocks_head_custom_js":"","_kad_blocks_body_custom_js":"","_kad_blocks_footer_custom_js":"","_kad_post_transparent":"","_kad_post_title":"","_kad_post_layout":"","_kad_post_sidebar_id":"","_kad_post_content_style":"","_kad_post_vertical_padding":"","_kad_post_feature":"","_kad_post_feature_position":"","_kad_post_header":false,"_kad_post_footer":false,"_kad_post_classname":""},"product-category":[],"class_list":["post-473","product","type-product","status-publish","has-post-thumbnail","hentry"],"acf":[],"taxonomy_info":[],"featured_image_src_large":["https:\/\/khsteel.net\/wp-content\/uploads\/2024\/07\/10003-5-1024x1024.png",1024,1024,true],"author_info":[],"comment_info":"","_links":{"self":[{"href":"https:\/\/khsteel.net\/fr\/wp-json\/wp\/v2\/product\/473","targetHints":{"allow":["GET"]}}],"collection":[{"href":"https:\/\/khsteel.net\/fr\/wp-json\/wp\/v2\/product"}],"about":[{"href":"https:\/\/khsteel.net\/fr\/wp-json\/wp\/v2\/types\/product"}],"wp:featuredmedia":[{"embeddable":true,"href":"https:\/\/khsteel.net\/fr\/wp-json\/wp\/v2\/media\/476"}],"wp:attachment":[{"href":"https:\/\/khsteel.net\/fr\/wp-json\/wp\/v2\/media?parent=473"}],"wp:term":[{"taxonomy":"product-category","embeddable":true,"href":"https:\/\/khsteel.net\/fr\/wp-json\/wp\/v2\/product-category?post=473"}],"curies":[{"name":"wp","href":"https:\/\/api.w.org\/{rel}","templated":true}]}}