{"id":468,"date":"2024-07-09T03:04:36","date_gmt":"2024-07-09T03:04:36","guid":{"rendered":"https:\/\/kehuan.easiwin.com\/?post_type=product&#038;p=468"},"modified":"2025-06-13T08:26:21","modified_gmt":"2025-06-13T08:26:21","slug":"bobines-dacier-au-carbone-laminees-a-chaud-et-a-froid-ss400-q235-q195-s235jr-s355jr-hrc-bobines-dacier-au-carbone-laminees-a-chaud","status":"publish","type":"product","link":"https:\/\/khsteel.net\/fr\/product\/hot-rolled-cold-rolled-ms-carbon-steel-coil-ss400-q235-q195-s235jr-s355jr-hrc-hot-rolled-carbon-steel-coil\/","title":{"rendered":"Bobine d'acier au carbone lamin\u00e9e \u00e0 chaud\/\u00e0 froid ss400 q235 q195 s235jr s355jr hrc bobine d'acier au carbone lamin\u00e9e \u00e0 chaud"},"content":{"rendered":"<h3 class=\"wp-block-heading\" id=\"key-attributes\">Principales caract\u00e9ristiques<\/h3>\n\n\n\n<h4 class=\"wp-block-heading\" id=\"industry-specific-attributes\">Attributs sp\u00e9cifiques \u00e0 l'industrie<\/h4>\n\n\n\n<figure class=\"wp-block-table\"><table><tbody><tr><td>Type<\/td><td>Bobine d'acier<\/td><\/tr><tr><td>\u00c9paisseur<\/td><td>1mm-200mm ou sur mesure<\/td><\/tr><tr><td>Standard<\/td><td>JIS<\/td><\/tr><tr><td>Grade<\/td><td>Q235B,Q345B<\/td><\/tr><\/tbody><\/table><\/figure>\n\n\n\n<p>Autres caract\u00e9ristiques<\/p>\n\n\n\n<figure class=\"wp-block-table\"><table><tbody><tr><td>Lieu d'origine<\/td><td>Shandong, Chine<\/td><\/tr><tr><td>Passeport pour la peau<\/td><td>Oui<\/td><\/tr><tr><td>Alliage ou non<\/td><td>Non-alliage<\/td><\/tr><tr><td>D\u00e9lai de livraison<\/td><td>8-14 jours<\/td><\/tr><tr><td>Nom de la marque<\/td><td>kehuan<\/td><\/tr><tr><td>Application<\/td><td>Mat\u00e9riau du rev\u00eatement, construction<\/td><\/tr><tr><td>Largeur<\/td><td>1m-12m ou selon les besoins<\/td><\/tr><tr><td>Longueur<\/td><td>1m-12m ou selon les besoins<\/td><\/tr><tr><td>Certificat<\/td><td>JIS, ISO9001<\/td><\/tr><tr><td>Tol\u00e9rance<\/td><td>\u00b11%<\/td><\/tr><tr><td>Service de traitement<\/td><td>Soudage, coupage<\/td><\/tr><tr><td>Nom du produit<\/td><td>BOBINES LAMIN\u00c9ES \u00c0 CHAUD<\/td><\/tr><tr><td>Mot-cl\u00e9<\/td><td>Feuilles d'acier au carbone lamin\u00e9es \u00e0 chaud<\/td><\/tr><tr><td>MOQ<\/td><td>1 tonne<\/td><\/tr><tr><td>Usage sp\u00e9cial<\/td><td>Mat\u00e9riau du rev\u00eatement, construction<\/td><\/tr><tr><td>Emballage<\/td><td>Emballage digne de la mer export\u00e9<\/td><\/tr><tr><td>Technologie<\/td><td>Lamin\u00e9s \u00e0 chaud\/lamin\u00e9s \u00e0 froid<\/td><\/tr><tr><td>Mat\u00e9riau<\/td><td>Q235B,Q345B<\/td><\/tr><\/tbody><\/table><\/figure>\n\n\n\n<p>Sp\u00e9cifications<\/p>\n\n\n\n<figure class=\"wp-block-table\"><table><tbody><tr><td>Nom de la marque<\/td><td>kehuan<\/td><\/tr><tr><td>Application<\/td><td>Mat\u00e9riau du rev\u00eatement, construction<\/td><\/tr><tr><td>Type<\/td><td>T\u00f4le d'acier<\/td><\/tr><tr><td>Standard<\/td><td>JIS<\/td><\/tr><tr><td>Largeur<\/td><td>1m-12m ou selon les besoins<\/td><\/tr><tr><td>Longueur<\/td><td>1m-12m ou selon les besoins<\/td><\/tr><tr><td>Certificat<\/td><td>JIS, ISO9001<\/td><\/tr><tr><td>Tol\u00e9rance<\/td><td>\u00b11%<\/td><\/tr><tr><td>Service de traitement<\/td><td>Soudage, coupage<\/td><\/tr><tr><td>Passeport pour la peau<\/td><td>Oui<\/td><\/tr><tr><td>Alliage ou non<\/td><td>Non-alliage<\/td><\/tr><tr><td>D\u00e9lai de livraison<\/td><td>8-14 jours<\/td><\/tr><tr><td>Nom du produit<\/td><td>T\u00f4les d'acier au carbone<\/td><\/tr><tr><td>Mot-cl\u00e9<\/td><td>Feuilles d'acier au carbone lamin\u00e9es \u00e0 chaud<\/td><\/tr><tr><td>MOQ<\/td><td>1 tonne<\/td><\/tr><tr><td>Usage sp\u00e9cial<\/td><td>Mat\u00e9riau du rev\u00eatement, construction<\/td><\/tr><tr><td>Emballage<\/td><td>Emballage digne de la mer export\u00e9<\/td><\/tr><tr><td>Technologie<\/td><td>T\u00f4les d'acier lamin\u00e9es \u00e0 chaud<\/td><\/tr><tr><td>Mat\u00e9riau<\/td><td>Q235B,Q345B<\/td><\/tr><\/tbody><\/table><\/figure>","protected":false},"featured_media":1490,"parent":0,"template":"","meta":{"_acf_changed":true,"_gspb_post_css":"","_kad_blocks_custom_css":"","_kad_blocks_head_custom_js":"","_kad_blocks_body_custom_js":"","_kad_blocks_footer_custom_js":"","_kad_post_transparent":"","_kad_post_title":"","_kad_post_layout":"","_kad_post_sidebar_id":"","_kad_post_content_style":"","_kad_post_vertical_padding":"","_kad_post_feature":"","_kad_post_feature_position":"","_kad_post_header":false,"_kad_post_footer":false,"_kad_post_classname":""},"product-category":[],"class_list":["post-468","product","type-product","status-publish","has-post-thumbnail","hentry"],"acf":[],"taxonomy_info":[],"featured_image_src_large":["https:\/\/khsteel.net\/wp-content\/uploads\/2024\/07\/kehuan-manufacturing-coil.jpg",450,292,false],"author_info":[],"comment_info":"","_links":{"self":[{"href":"https:\/\/khsteel.net\/fr\/wp-json\/wp\/v2\/product\/468","targetHints":{"allow":["GET"]}}],"collection":[{"href":"https:\/\/khsteel.net\/fr\/wp-json\/wp\/v2\/product"}],"about":[{"href":"https:\/\/khsteel.net\/fr\/wp-json\/wp\/v2\/types\/product"}],"wp:featuredmedia":[{"embeddable":true,"href":"https:\/\/khsteel.net\/fr\/wp-json\/wp\/v2\/media\/1490"}],"wp:attachment":[{"href":"https:\/\/khsteel.net\/fr\/wp-json\/wp\/v2\/media?parent=468"}],"wp:term":[{"taxonomy":"product-category","embeddable":true,"href":"https:\/\/khsteel.net\/fr\/wp-json\/wp\/v2\/product-category?post=468"}],"curies":[{"name":"wp","href":"https:\/\/api.w.org\/{rel}","templated":true}]}}