{"id":420,"date":"2024-07-09T02:00:16","date_gmt":"2024-07-09T02:00:16","guid":{"rendered":"https:\/\/kehuan.easiwin.com\/?post_type=product&#038;p=420"},"modified":"2025-04-28T06:19:05","modified_gmt":"2025-04-28T06:19:05","slug":"tube-de-tubage-pour-puits-de-petrole-et-de-gaz-api-5ct-n80-k55-octg-casing-tubing-and-drill-pipe-with-certifications","status":"publish","type":"product","link":"https:\/\/khsteel.net\/fr\/product\/oil-and-gas-well-casing-tube-api-5ct-n80-k55-octg-casing-tubing-and-drill-pipe-with-certifications\/","title":{"rendered":"Tubes de cuvelage de puits de p\u00e9trole et de gaz API 5CT N80 K55 OCTG Tubes de cuvelage et tubes de forage avec certifications"},"content":{"rendered":"<h3 class=\"wp-block-heading\" id=\"key-attributes\">Principales caract\u00e9ristiques<\/h3>\n\n\n\n<h4 class=\"wp-block-heading\">Attributs sp\u00e9cifiques \u00e0 l'industrie<\/h4>\n\n\n\n<figure class=\"wp-block-table\"><table><tbody><tr><td>Forme de la section<\/td><td>Rond<\/td><\/tr><tr><td>Traitement de surface<\/td><td>Lamin\u00e9s \u00e0 chaud<\/td><\/tr><tr><td>Tol\u00e9rance<\/td><td>\u00b11%<\/td><\/tr><tr><td>Huil\u00e9 ou non huil\u00e9<\/td><td>Non huil\u00e9<\/td><\/tr><tr><td>Facturation<\/td><td>en fonction du poids r\u00e9el<\/td><\/tr><\/tbody><\/table><\/figure>\n\n\n\n<p>Autres caract\u00e9ristiques<\/p>\n\n\n\n<figure class=\"wp-block-table\"><table><tbody><tr><td>Lieu d'origine<\/td><td>Shandong, Chine<\/td><\/tr><tr><td>Alliage ou non<\/td><td>Non-alliage<\/td><\/tr><tr><td>Standard<\/td><td>ASTM<\/td><\/tr><tr><td>Grade<\/td><td>Q195-Q345, A53-A369<\/td><\/tr><tr><td>D\u00e9lai de livraison<\/td><td>15-21 jours<\/td><\/tr><tr><td>Nom de la marque<\/td><td>Kehuan<\/td><\/tr><tr><td>Application<\/td><td>Conduite de fluide, conduite de chaudi\u00e8re, conduite de forage, conduite hydraulique, conduite de gaz, conduite de p\u00e9trole, conduite d'engrais chimique, conduite de structure, autre<\/td><\/tr><tr><td>Tuyaux sp\u00e9ciaux<\/td><td>Tuyaux API, autres<\/td><\/tr><tr><td>\u00c9paisseur<\/td><td>6 - 40 mm<\/td><\/tr><tr><td>Longueur<\/td><td>12M, 6m, 6.4M<\/td><\/tr><tr><td>Certificat<\/td><td>API, ISO9001<\/td><\/tr><tr><td>Service de traitement<\/td><td>Soudage, poin\u00e7onnage, d\u00e9coupage, cintrage, d\u00e9coilage<\/td><\/tr><tr><td>Certificat<\/td><td>API 5L, API 5CT<\/td><\/tr><tr><td>Application<\/td><td>Transport par pipeline, conduites hydrauliques\/automobiles, forage p\u00e9trolier\/gazier<\/td><\/tr><tr><td>Fins<\/td><td>Extr\u00e9mit\u00e9 lisse, joint \u00e0 embo\u00eetement, biseau, \u00e9querre coup\u00e9e<\/td><\/tr><tr><td>Paquet de transport<\/td><td>Paquet standard pour l'exportation<\/td><\/tr><tr><td>Type soud\u00e9<\/td><td>Sans couture<\/td><\/tr><tr><td>D\u00e9lai de paiement<\/td><td>TT ou LC<\/td><\/tr><tr><td>D\u00e9lai de livraison<\/td><td>D\u00e9pend des commandes sp\u00e9cifiques<\/td><\/tr><tr><td>Forme de la section<\/td><td>Rond<\/td><\/tr><tr><td>Capacit\u00e9 de production<\/td><td>10000 tonnes<\/td><\/tr><tr><td>MOQ<\/td><td>5Ton<\/td><\/tr><\/tbody><\/table><\/figure>\n\n\n\n<p>Sp\u00e9cifications<\/p>\n\n\n\n<figure class=\"wp-block-table\"><table><tbody><tr><td>Nom de la marque<\/td><td>kehuan<\/td><\/tr><tr><td>Application<\/td><td>Conduite de fluide, conduite hydraulique, conduite d'huile<\/td><\/tr><tr><td>Alliage ou non<\/td><td>Non-alliage<\/td><\/tr><tr><td>Forme de la section<\/td><td>Rond<\/td><\/tr><tr><td>Tuyaux sp\u00e9ciaux<\/td><td>Tube API<\/td><\/tr><tr><td>\u00c9paisseur<\/td><td>1-60mm<\/td><\/tr><tr><td>Standard<\/td><td>JIS<\/td><\/tr><tr><td>Longueur<\/td><td>12M, 6m, 6.4M, 3M<\/td><\/tr><tr><td>Certificat<\/td><td>API, JIS, ISO9001<\/td><\/tr><tr><td>Grade<\/td><td>Tubes m\u00e9caniques pour ol\u00e9oducs<\/td><\/tr><tr><td>Traitement de surface<\/td><td>galvanis\u00e9<\/td><\/tr><tr><td>Tol\u00e9rance<\/td><td>\u00b15%<\/td><\/tr><tr><td>Service de traitement<\/td><td>D\u00e9coupage<\/td><\/tr><tr><td>Huil\u00e9 ou non huil\u00e9<\/td><td>Non huil\u00e9<\/td><\/tr><tr><td>Facturation<\/td><td>en fonction du poids r\u00e9el<\/td><\/tr><tr><td>D\u00e9lai de livraison<\/td><td>8-14 jours<\/td><\/tr><tr><td>Nom du produit<\/td><td>conduite d'huile de p\u00e9trole<\/td><\/tr><tr><td>Utilisation<\/td><td>transport de gaz, d'eau, de p\u00e9trole, construction de cl\u00f4tures.<\/td><\/tr><tr><td>Mot-cl\u00e9<\/td><td>tuyaux de p\u00e9trole<\/td><\/tr><tr><td>longueur<\/td><td>Demande des clients<\/td><\/tr><tr><td>D\u00e9tails de l'emballage<\/td><td>Emballage standard pour l'exportation, groupage ou sur demande.<\/td><\/tr><tr><td>Avantage<\/td><td>Forte r\u00e9sistance \u00e0 la corrosion<\/td><\/tr><tr><td>MOQ<\/td><td>5 tonnes<\/td><\/tr><tr><td>Service<\/td><td>24 heures en ligne<\/td><\/tr><tr><td>Grade<\/td><td>ASTM A106 A53 API 5L X42-X80, N80<\/td><\/tr><\/tbody><\/table><\/figure>","protected":false},"featured_media":421,"parent":0,"template":"","meta":{"_acf_changed":true,"_gspb_post_css":"","_kad_blocks_custom_css":"","_kad_blocks_head_custom_js":"","_kad_blocks_body_custom_js":"","_kad_blocks_footer_custom_js":"","_kad_post_transparent":"","_kad_post_title":"","_kad_post_layout":"","_kad_post_sidebar_id":"","_kad_post_content_style":"","_kad_post_vertical_padding":"","_kad_post_feature":"","_kad_post_feature_position":"","_kad_post_header":false,"_kad_post_footer":false,"_kad_post_classname":""},"product-category":[],"class_list":["post-420","product","type-product","status-publish","has-post-thumbnail","hentry"],"acf":[],"taxonomy_info":[],"featured_image_src_large":["https:\/\/khsteel.net\/wp-content\/uploads\/2024\/07\/10001-12.jpg",999,999,false],"author_info":[],"comment_info":"","_links":{"self":[{"href":"https:\/\/khsteel.net\/fr\/wp-json\/wp\/v2\/product\/420","targetHints":{"allow":["GET"]}}],"collection":[{"href":"https:\/\/khsteel.net\/fr\/wp-json\/wp\/v2\/product"}],"about":[{"href":"https:\/\/khsteel.net\/fr\/wp-json\/wp\/v2\/types\/product"}],"wp:featuredmedia":[{"embeddable":true,"href":"https:\/\/khsteel.net\/fr\/wp-json\/wp\/v2\/media\/421"}],"wp:attachment":[{"href":"https:\/\/khsteel.net\/fr\/wp-json\/wp\/v2\/media?parent=420"}],"wp:term":[{"taxonomy":"product-category","embeddable":true,"href":"https:\/\/khsteel.net\/fr\/wp-json\/wp\/v2\/product-category?post=420"}],"curies":[{"name":"wp","href":"https:\/\/api.w.org\/{rel}","templated":true}]}}