{"id":3945,"date":"2025-06-30T08:04:38","date_gmt":"2025-06-30T08:04:38","guid":{"rendered":"https:\/\/khsteel.net\/?post_type=product&#038;p=3945"},"modified":"2025-06-30T08:04:39","modified_gmt":"2025-06-30T08:04:39","slug":"plaque-dacier-inoxydable-gaufree","status":"publish","type":"product","link":"https:\/\/khsteel.net\/fr\/product\/embossed-stainless-steel-plate\/","title":{"rendered":"304\/201 Plaque d'acier inoxydable gaufr\u00e9e SS 304 T\u00f4le d'acier \u00e0 damier Mod\u00e8le ASTM Standard Personnalisation possible"},"content":{"rendered":"<p>Plaque d'acier inoxydable gaufr\u00e9e<\/p>\n\n\n\n<p>Site web du bureau :<a href=\"https:\/\/khsteel.net\/fr\/\">https:\/\/khsteel.net\/<\/a><br>Site web d'Alibaba :<a href=\"https:\/\/lckehuan.en.alibaba.com\/\" target=\"_blank\" rel=\"noreferrer noopener\">https:\/\/lckehuan.en.alibaba.com\/<\/a><\/p>\n\n\n\n<p>La t\u00f4le d'acier inoxydable gaufr\u00e9e est gaufr\u00e9e sur la t\u00f4le d'acier inoxydable \u00e0 l'aide d'un \u00e9quipement m\u00e9canique pour donner \u00e0 la surface de la t\u00f4le des motifs concaves et convexes ; en raison de l'excellente r\u00e9sistance \u00e0 la corrosion et des propri\u00e9t\u00e9s antid\u00e9rapantes de la t\u00f4le d'acier inoxydable gaufr\u00e9e, cette derni\u00e8re a \u00e9t\u00e9 adopt\u00e9e par de nombreuses industries et a commenc\u00e9 \u00e0 devenir populaire.<\/p>\n\n\n\n<p>Les t\u00f4les d'acier inoxydable gaufr\u00e9es sont divis\u00e9es en deux cat\u00e9gories :<br>Il est lamin\u00e9 par un laminoir lorsqu'une aci\u00e9rie produit de l'acier inoxydable. L'\u00e9paisseur principale de ce type de produit est d'environ 3-6 mm, et il est en \u00e9tat de recuit et de d\u00e9capage apr\u00e8s le laminage \u00e0 chaud.<\/p>\n\n\n\n<p>Le deuxi\u00e8me type de t\u00f4les en acier inoxydable gaufr\u00e9es est celui des entreprises de transformation pr\u00e9sentes sur le march\u00e9, qui ach\u00e8tent des t\u00f4les en acier inoxydable lamin\u00e9es \u00e0 chaud ou \u00e0 froid aupr\u00e8s d'aci\u00e9ries et fabriquent des t\u00f4les \u00e0 motifs par emboutissage m\u00e9canique. Ce type de produit est concave d'un c\u00f4t\u00e9 et convexe de l'autre et est souvent utilis\u00e9 pour la d\u00e9coration civile g\u00e9n\u00e9rale. Ce type de produit est principalement lamin\u00e9 \u00e0 froid, et la plupart des plaques \u00e0 motifs en acier inoxydable lamin\u00e9 \u00e0 froid 2B\/BA disponibles sur le march\u00e9 sont de ce type.<\/p>\n\n\n\n<p>Les premi\u00e8res t\u00f4les d'acier inoxydable gaufr\u00e9es pr\u00e9sentaient un motif de bandes horizontales et verticales altern\u00e9es, produites par Shanxi Taigang et Shanghai Baosteel Group. Au cours des 20 \u00e0 30 ann\u00e9es suivantes, les chercheurs ont con\u00e7u des motifs dot\u00e9s de meilleures propri\u00e9t\u00e9s antid\u00e9rapantes par le biais d'exp\u00e9riences et d'am\u00e9liorations continues, et ils les ont \u00e9galement produits et appliqu\u00e9s en masse. Ces derni\u00e8res ann\u00e9es, l'utilisation de la t\u00f4le d'acier inoxydable gaufr\u00e9e n'a cess\u00e9 d'innover, de percer et de changer ; les industries concern\u00e9es et les mod\u00e8les de produits sont \u00e9galement en constante augmentation, et la vitesse de mise \u00e0 jour des produits est \u00e9galement plus fr\u00e9quente.<\/p>\n\n\n\n<figure class=\"wp-block-image size-full is-resized\"><img loading=\"lazy\" decoding=\"async\" width=\"720\" height=\"720\" src=\"https:\/\/khsteel.net\/wp-content\/uploads\/2025\/06\/H32ed3863f5a14cbda2af6e2537136325j.jpg_720x720q50.png\" alt=\"\" class=\"wp-image-3909\" style=\"width:825px;height:auto\" title=\"T\u00f4le d&#039;acier inoxydable emboss\u00e9e Ss304 316 410 430 Plaque de sol d\u00e9corative antid\u00e9rapante pour cuisine et couloir de bateau 1\" srcset=\"https:\/\/khsteel.net\/wp-content\/uploads\/2025\/06\/H32ed3863f5a14cbda2af6e2537136325j.jpg_720x720q50.png 720w, https:\/\/khsteel.net\/wp-content\/uploads\/2025\/06\/H32ed3863f5a14cbda2af6e2537136325j.jpg_720x720q50-300x300.png 300w, https:\/\/khsteel.net\/wp-content\/uploads\/2025\/06\/H32ed3863f5a14cbda2af6e2537136325j.jpg_720x720q50-150x150.png 150w, https:\/\/khsteel.net\/wp-content\/uploads\/2025\/06\/H32ed3863f5a14cbda2af6e2537136325j.jpg_720x720q50-12x12.png 12w\" sizes=\"auto, (max-width: 720px) 100vw, 720px\" \/><\/figure>\n\n\n\n<h2 class=\"wp-block-heading\" id=\"specification-for-stainless-steel-plate\">Sp\u00e9cification pour les t\u00f4les en acier inoxydable<\/h2>\n\n\n\n<figure class=\"wp-block-table\"><table class=\"has-fixed-layout\"><tbody><tr><td>Objet<\/td><td>Valeur<\/td><\/tr><tr><td>Nom du produit<\/td><td>Plaque d'acier inoxydable gaufr\u00e9e<\/td><\/tr><tr><td>Standard<\/td><td>AiSi, ASTM, bs, DIN, GB, JIS<\/td><\/tr><tr><td>Grade<\/td><td>200 S\u00e9rie : 201,202<br>S\u00e9rie 300 : 301,304,304L,316,316L,316Ti,317L,321,309s,310s<br>S\u00e9rie 400 : 409L,410,410s,420j1,420j2,430,444,441,436<\/td><\/tr><tr><td>\u00c9paisseur<\/td><td>0,1mm-60mm (selon les besoins)<\/td><\/tr><tr><td>Taille<\/td><td>1219*2438,1500*6000,1800*6000,2000*6000mm(as required)<\/td><\/tr><tr><td>Technique<\/td><td>Lamin\u00e9s \u00e0 froid, lamin\u00e9s \u00e0 chaud<\/td><\/tr><tr><td>Surface<\/td><td>Gaufrage<\/td><\/tr><tr><td>Tol\u00e9rance<\/td><td>\u00b11%<\/td><\/tr><tr><td>Conditions de prix<\/td><td>EXW, FOB, CFR, CIF<\/td><\/tr><tr><td>Service de traitement<\/td><td>Pliage, soudage, d\u00e9cochage, d\u00e9coupage, poin\u00e7onnage<\/td><\/tr><tr><td>Certificat<\/td><td>CE, ISO9001:2008, EN10028\/EN10204 3.1, EN10028\/EN10204 3.1<\/td><\/tr><tr><td>Application<\/td><td>camion, plancher, escalier, b\u00e2timent, industrie, etc.<\/td><\/tr><\/tbody><\/table><\/figure>\n\n\n\n<p>Plaque d'acier inoxydable Description du produit<\/p>\n\n\n\n<figure class=\"wp-block-image\"><img decoding=\"async\" src=\"https:\/\/sc04.alicdn.com\/kf\/H0cb884f7b5c34bde98a8e568d0bf38c2R\/275915180\/H0cb884f7b5c34bde98a8e568d0bf38c2R.png\" alt=\"H0cb884f7b5c34bde98a8e568d0bf38c2R\" title=\"T\u00f4le d&#039;acier inoxydable gaufr\u00e9e Ss304 316 410 430 Plaque de sol d\u00e9corative antid\u00e9rapante pour cuisine et couloir de bateau 2\"\/><\/figure>\n\n\n\n<figure class=\"wp-block-image\"><img decoding=\"async\" src=\"https:\/\/sc04.alicdn.com\/kf\/H33f30cfd6ac24b7e877c8e0103f562639\/275915180\/H33f30cfd6ac24b7e877c8e0103f562639.png\" alt=\"H33f30cfd6ac24b7e877c8e0103f562639\" title=\"T\u00f4le d&#039;acier inoxydable gaufr\u00e9e Ss304 316 410 430 Plaque de sol d\u00e9corative antid\u00e9rapante pour cuisine et couloir de bateau 3\"\/><\/figure>\n\n\n\n<p>Certifications<\/p>\n\n\n\n<figure class=\"wp-block-image\"><img decoding=\"async\" src=\"https:\/\/sc04.alicdn.com\/kf\/Hd62d20b402574077a90b8a0bd52759ab9\/275915180\/Hd62d20b402574077a90b8a0bd52759ab9.jpg\" alt=\"Hd62d20b402574077a90b8a0bd52759ab9\" title=\"T\u00f4le d&#039;acier inoxydable emboss\u00e9e Ss304 316 410 430 Plaque de sol d\u00e9corative antid\u00e9rapante pour cuisine et couloir de bateau 4\"\/><\/figure>\n\n\n\n<h5 class=\"wp-block-heading\"><\/h5>\n\n\n\n<figure class=\"wp-block-image is-resized\"><img decoding=\"async\" src=\"https:\/\/khsteel.net\/wp-content\/uploads\/2025\/06\/%E5%BE%AE%E4%BF%A1%E5%9B%BE%E7%89%87_20250327141220-1024x768.jpg\" alt=\"\u5fae\u4fe1\u56fe\u7247 20250327141220\" class=\"wp-image-3078\" style=\"width:1031px;height:auto\" title=\"T\u00f4le d&#039;acier inoxydable emboss\u00e9e Ss304 316 410 430 Plaque de sol d\u00e9corative antid\u00e9rapante pour cuisine et couloir de bateau 6\"\/><\/figure>\n\n\n\n<figure class=\"wp-block-image is-resized\"><img loading=\"lazy\" decoding=\"async\" width=\"1024\" height=\"576\" src=\"https:\/\/khsteel.net\/wp-content\/uploads\/2025\/06\/1a570bcb36a42d262f01eabb7419d46-1024x576.png\" alt=\"1a570bcb36a42d262f01eabb7419d46\" class=\"wp-image-3077\" style=\"width:1040px;height:auto\" title=\"T\u00f4le d&#039;acier inoxydable gaufr\u00e9e Ss304 316 410 430 Plaque de sol d\u00e9corative antid\u00e9rapante pour cuisine et couloir de bateau 5\" srcset=\"https:\/\/khsteel.net\/wp-content\/uploads\/2025\/06\/1a570bcb36a42d262f01eabb7419d46-1024x576.png 1024w, https:\/\/khsteel.net\/wp-content\/uploads\/2025\/06\/1a570bcb36a42d262f01eabb7419d46-300x169.png 300w, https:\/\/khsteel.net\/wp-content\/uploads\/2025\/06\/1a570bcb36a42d262f01eabb7419d46-768x432.png 768w, https:\/\/khsteel.net\/wp-content\/uploads\/2025\/06\/1a570bcb36a42d262f01eabb7419d46-1536x864.png 1536w, https:\/\/khsteel.net\/wp-content\/uploads\/2025\/06\/1a570bcb36a42d262f01eabb7419d46-18x10.png 18w, https:\/\/khsteel.net\/wp-content\/uploads\/2025\/06\/1a570bcb36a42d262f01eabb7419d46.png 1920w\" sizes=\"auto, (max-width: 1024px) 100vw, 1024px\" \/><\/figure>\n\n\n\n<figure class=\"wp-block-image is-resized\"><img loading=\"lazy\" decoding=\"async\" width=\"1024\" height=\"576\" src=\"https:\/\/khsteel.net\/wp-content\/uploads\/2025\/06\/6ec338dae594e1c315544bb262d221e-1024x576.png\" alt=\"6ec338dae594e1c315544bb262d221e\" class=\"wp-image-3079\" style=\"width:1039px;height:auto\" title=\"T\u00f4le d&#039;acier inoxydable gaufr\u00e9e Ss304 316 410 430 Plaque de sol d\u00e9corative antid\u00e9rapante pour cuisine et couloir de bateau 7\" srcset=\"https:\/\/khsteel.net\/wp-content\/uploads\/2025\/06\/6ec338dae594e1c315544bb262d221e-1024x576.png 1024w, https:\/\/khsteel.net\/wp-content\/uploads\/2025\/06\/6ec338dae594e1c315544bb262d221e-300x169.png 300w, https:\/\/khsteel.net\/wp-content\/uploads\/2025\/06\/6ec338dae594e1c315544bb262d221e-768x432.png 768w, https:\/\/khsteel.net\/wp-content\/uploads\/2025\/06\/6ec338dae594e1c315544bb262d221e-1536x864.png 1536w, https:\/\/khsteel.net\/wp-content\/uploads\/2025\/06\/6ec338dae594e1c315544bb262d221e-18x10.png 18w, https:\/\/khsteel.net\/wp-content\/uploads\/2025\/06\/6ec338dae594e1c315544bb262d221e.png 1920w\" sizes=\"auto, (max-width: 1024px) 100vw, 1024px\" \/><\/figure>\n\n\n\n<h2 class=\"wp-block-heading\" id=\"one-million-tons\">Un million de tonnes<\/h2>\n\n\n\n<h6 class=\"wp-block-heading\" id=\"annual-output\">PRODUCTION ANNUELLE<\/h6>\n\n\n\n<h2 class=\"wp-block-heading\" id=\"100-000-tons\">100 000 tonnes<\/h2>\n\n\n\n<h6 class=\"wp-block-heading\" id=\"inventory\">INVENTAIRE<\/h6>\n\n\n\n<figure class=\"wp-block-image\"><img decoding=\"async\" src=\"https:\/\/sc04.alicdn.com\/kf\/Hb59beb4bd2114b8aa8d9644ab7ec0a24I\/275915180\/Hb59beb4bd2114b8aa8d9644ab7ec0a24I.jpg\" alt=\"Hb59beb4bd2114b8aa8d9644ab7ec0a24I\" title=\"T\u00f4le d&#039;acier inoxydable emboss\u00e9e Ss304 316 410 430 Plaque de sol d\u00e9corative antid\u00e9rapante pour cuisine et couloir de bateau 8\"\/><\/figure>\n\n\n\n<h2 class=\"wp-block-heading\" id=\"we-have-a-professional-sales-team-and-after-sales-service\">Nous disposons d'une \u00e9quipe de vente et d'un service apr\u00e8s-vente professionnels<\/h2>\n\n\n\n<figure class=\"wp-block-image\"><img decoding=\"async\" src=\"https:\/\/sc04.alicdn.com\/kf\/Hdb0ab228bd304d50bd3de3b6548839495\/275915180\/Hdb0ab228bd304d50bd3de3b6548839495.jpg\" alt=\"Hdb0ab228bd304d50bd3de3b6548839495\" title=\"T\u00f4le d&#039;acier inoxydable gaufr\u00e9e Ss304 316 410 430 Plaque de sol d\u00e9corative antid\u00e9rapante pour cuisine et couloir de bateau 9\"\/><\/figure>\n\n\n\n<figure class=\"wp-block-image\"><img decoding=\"async\" src=\"https:\/\/sc04.alicdn.com\/kf\/H31ecca552e9e44b08c6c06be7d19f804Q\/275915180\/H31ecca552e9e44b08c6c06be7d19f804Q.jpg\" alt=\"H31ecca552e9e44b08c6c06be7d19f804Q\" title=\"T\u00f4le d&#039;acier inoxydable gaufr\u00e9e Ss304 316 410 430 Plaque de sol d\u00e9corative antid\u00e9rapante pour cuisine et couloir de bateau 10\"\/><\/figure>\n\n\n\n<p><strong>Shandong Kehuan Petroleum Equipment Co. Ltd.<\/strong>\u00a0est un fabricant professionnel engag\u00e9 dans la recherche, le d\u00e9veloppement, la production, la vente et le service apr\u00e8s-vente des produits suivants\u00a0<strong>Plaque d'acier inoxydable gaufr\u00e9e<\/strong>,\u00a0<strong>T\u00f4le d'acier inoxydable, T\u00f4le d'acier inoxydable<\/strong>bobine d'anguille, etc. Nous sommes situ\u00e9s dans la ville de Liaocheng avec un acc\u00e8s pratique au transport, notre usine a une riche exp\u00e9rience dans la production car nous sommes engag\u00e9s dans le march\u00e9 int\u00e9rieur depuis plus de 15 ans. Un stockage ext\u00e9rieur moderne \u00e0 grande \u00e9chelle et un stockage int\u00e9rieur ont \u00e9t\u00e9 mis en place dans notre entreprise, et 20.000 tonnes de marchandises disponibles ont \u00e9t\u00e9 pr\u00e9par\u00e9es. Fournir des produits de qualit\u00e9, un excellent service, des prix comp\u00e9titifs et une livraison rapide\u201d, nous nous r\u00e9jouissons d'une coop\u00e9ration encore plus grande avec les clients \u00e9trangers sur la base d'avantages mutuels.<br><br><strong>Nos avantages.<\/strong><br>Assurance de la qualit\u00e9 : Fournir des produits de qualit\u00e9 tout en am\u00e9liorant le service apr\u00e8s-vente.<br>Service \u00e0 guichet unique : Nous disposons d'une \u00e9quipe de R&amp;D compatible et exp\u00e9riment\u00e9e.<br>Facteur ind\u00e9pendant : Nous disposons de notre propre usine et offrons les meilleurs prix.<br>Une \u00e9quipe professionnelle : Une \u00e9quipe professionnelle pour vous fournir un service efficace.<\/p>\n\n\n\n<p>Chez Kehuan, nous mettons en \u0153uvre des strat\u00e9gies de gestion du changement sp\u00e9cifiquement adapt\u00e9es \u00e0 l'industrie sid\u00e9rurgique et parfaitement int\u00e9gr\u00e9es \u00e0 nos op\u00e9rations. Notre approche permet non seulement d'accro\u00eetre les avantages imm\u00e9diats pour le client, mais aussi de jeter les bases d'avantages durables au sein de votre portefeuille de produits sid\u00e9rurgiques existant.Pratique en ligne<\/p>\n\n\n\n<ul class=\"wp-block-list\">\n<li>Une maintenance sans souci<\/li>\n\n\n\n<li>Sp\u00e9cialistes certifi\u00e9s de l'industrie<\/li>\n\n\n\n<li>Mat\u00e9riaux et composants authentiques<\/li>\n\n\n\n<li>Commande en ligne pratique<\/li>\n\n\n\n<li>Une tarification transparente<\/li>\n<\/ul>\n\n\n\n<p><strong>Pourquoi nous ?<\/strong><\/p>\n\n\n\n<p>Le choix d'un prestataire de services sid\u00e9rurgiques est une d\u00e9cision cruciale, qui a un impact sur la s\u00e9curit\u00e9 et la performance de vos projets. Chez Kehuan, nous offrons une expertise in\u00e9gal\u00e9e dans l'industrie de l'acier. Forts de nos ann\u00e9es d'exp\u00e9rience, nous poss\u00e9dons une connaissance approfondie des produits sid\u00e9rurgiques, ce qui nous permet de garantir que vos projets b\u00e9n\u00e9ficient du plus haut niveau de soin.<\/p>\n\n\n\n<ul class=\"wp-block-list\">\n<li>Une expertise in\u00e9gal\u00e9e dans le domaine de l'acier<\/li>\n\n\n\n<li>D\u00e9di\u00e9 \u00e0 vos sp\u00e9cifications<\/li>\n\n\n\n<li>Mat\u00e9riaux de premi\u00e8re qualit\u00e9<\/li>\n\n\n\n<li>Processus de commande simplifi\u00e9<\/li>\n\n\n\n<li>Livraison dans les d\u00e9lais, sans compromis<\/li>\n<\/ul>","protected":false},"featured_media":3819,"parent":0,"template":"","meta":{"_acf_changed":true,"_gspb_post_css":"","_kad_blocks_custom_css":"","_kad_blocks_head_custom_js":"","_kad_blocks_body_custom_js":"","_kad_blocks_footer_custom_js":"","_kad_post_transparent":"","_kad_post_title":"","_kad_post_layout":"","_kad_post_sidebar_id":"","_kad_post_content_style":"","_kad_post_vertical_padding":"","_kad_post_feature":"","_kad_post_feature_position":"","_kad_post_header":false,"_kad_post_footer":false,"_kad_post_classname":""},"product-category":[85],"class_list":["post-3945","product","type-product","status-publish","has-post-thumbnail","hentry","product-category-stainless-steel-plate-patterned-plate"],"acf":[],"taxonomy_info":{"product-category":[{"value":85,"label":"Stainless steel plate \/patterned plate"}]},"featured_image_src_large":["https:\/\/khsteel.net\/wp-content\/uploads\/2025\/06\/Hed1569e4c6944ab98ff3dc791fb71e828.jpg_720x720q50.png",720,720,false],"author_info":[],"comment_info":"","_links":{"self":[{"href":"https:\/\/khsteel.net\/fr\/wp-json\/wp\/v2\/product\/3945","targetHints":{"allow":["GET"]}}],"collection":[{"href":"https:\/\/khsteel.net\/fr\/wp-json\/wp\/v2\/product"}],"about":[{"href":"https:\/\/khsteel.net\/fr\/wp-json\/wp\/v2\/types\/product"}],"wp:featuredmedia":[{"embeddable":true,"href":"https:\/\/khsteel.net\/fr\/wp-json\/wp\/v2\/media\/3819"}],"wp:attachment":[{"href":"https:\/\/khsteel.net\/fr\/wp-json\/wp\/v2\/media?parent=3945"}],"wp:term":[{"taxonomy":"product-category","embeddable":true,"href":"https:\/\/khsteel.net\/fr\/wp-json\/wp\/v2\/product-category?post=3945"}],"curies":[{"name":"wp","href":"https:\/\/api.w.org\/{rel}","templated":true}]}}