{"id":393,"date":"2024-07-09T01:31:07","date_gmt":"2024-07-09T01:31:07","guid":{"rendered":"https:\/\/kehuan.easiwin.com\/?post_type=product&#038;p=393"},"modified":"2025-04-28T06:23:31","modified_gmt":"2025-04-28T06:23:31","slug":"hot-sale-automobile-tubing-34crmo4-34mnb5-35crmo-shaft-used-for-cars-factory-direct-supply-astm","status":"publish","type":"product","link":"https:\/\/khsteel.net\/fr\/product\/hot-sale-automobile-tubing-34crmo4-34mnb5-35crmo-shaft-used-for-cars-factory-direct-supply-astm\/","title":{"rendered":"Vente \u00e0 chaud Automobile Tubing 34CrMo4 34MnB5 35CRMo shaft used for cars factory direct supply astm"},"content":{"rendered":"<h3 class=\"wp-block-heading\" id=\"key-attributes\">Principales caract\u00e9ristiques<\/h3>\n\n\n\n<h4 class=\"wp-block-heading\">Attributs sp\u00e9cifiques \u00e0 l'industrie<\/h4>\n\n\n\n<figure class=\"wp-block-table\"><table><tbody><tr><td>Forme de la section<\/td><td>Rond<\/td><\/tr><tr><td>Traitement de surface<\/td><td>Lamin\u00e9s \u00e0 chaud<\/td><\/tr><tr><td>Tol\u00e9rance<\/td><td>\u00b11%<\/td><\/tr><tr><td>Huil\u00e9 ou non huil\u00e9<\/td><td>Non huil\u00e9<\/td><\/tr><tr><td>Facturation<\/td><td>en fonction du poids r\u00e9el<\/td><\/tr><\/tbody><\/table><\/figure>\n\n\n\n<p>Autres caract\u00e9ristiques<\/p>\n\n\n\n<figure class=\"wp-block-table\"><table><tbody><tr><td>Lieu d'origine<\/td><td>Shandong, Chine<\/td><\/tr><tr><td>Alliage ou non<\/td><td>Non-alliage<\/td><\/tr><tr><td>Standard<\/td><td>ASTM<\/td><\/tr><tr><td>Grade<\/td><td>Q235 Q345b Q355b S255JR ST52<\/td><\/tr><tr><td>D\u00e9lai de livraison<\/td><td>dans les 16 jours<\/td><\/tr><tr><td>Nom de la marque<\/td><td>Kehuan<\/td><\/tr><tr><td>Application<\/td><td>Conduite de fluide, conduite de chaudi\u00e8re, conduite de forage, conduite hydraulique, conduite de gaz, conduite de p\u00e9trole, conduite d'engrais chimique, conduite de structure, autre<\/td><\/tr><tr><td>Tuyaux sp\u00e9ciaux<\/td><td>Tube API, autres, tube \u00e0 paroi \u00e9paisse<\/td><\/tr><tr><td>\u00c9paisseur<\/td><td>6-50mm<\/td><\/tr><tr><td>Longueur<\/td><td>12M, 6m, 6.4M<\/td><\/tr><tr><td>Certificat<\/td><td>ISO9001<\/td><\/tr><tr><td>Service de traitement<\/td><td>Soudage, poin\u00e7onnage, d\u00e9coupage, cintrage, d\u00e9coilage<\/td><\/tr><tr><td>Nom de la marque<\/td><td>Kehuan<\/td><\/tr><tr><td>Nom du produit<\/td><td>Tuyaux pour automobiles<\/td><\/tr><tr><td>Type<\/td><td>Tube creux en carbone lamin\u00e9 \u00e0 chaud<\/td><\/tr><tr><td>Forme<\/td><td>Rond<\/td><\/tr><tr><td>Utilisation<\/td><td>Barre stabilisatrice automobile<\/td><\/tr><tr><td>Mat\u00e9riau<\/td><td>Acier au carbone<\/td><\/tr><tr><td>MOQ<\/td><td>1 tonne<\/td><\/tr><tr><td>Emballage<\/td><td>Emballage maritime standard<\/td><\/tr><tr><td>Avantage<\/td><td>Haute qualit\u00e9 Prix comp\u00e9titif Service sup\u00e9rieur<\/td><\/tr><tr><td>Mot-cl\u00e9<\/td><td>Tube rond en acier<\/td><\/tr><\/tbody><\/table><\/figure>\n\n\n\n<p>Sp\u00e9cifications<\/p>\n\n\n\n<figure class=\"wp-block-table\"><table><tbody><tr><td>article<\/td><td>valeur<\/td><\/tr><tr><td>Lieu d'origine<\/td><td>Chine<\/td><\/tr><tr><td><\/td><td>Shandong<\/td><\/tr><tr><td>Nom de la marque<\/td><td>Kehuan<\/td><\/tr><tr><td>Nom du produit<\/td><td>Tuyaux pour automobiles<\/td><\/tr><tr><td>Application<\/td><td>Automobile<\/td><\/tr><tr><td>Alliage ou non<\/td><td>Non-alliage<\/td><\/tr><tr><td>Standard<\/td><td>ASTM<\/td><\/tr><tr><td>Traitement de surface<\/td><td>Lamin\u00e9s \u00e0 chaud<\/td><\/tr><tr><td>Tol\u00e9rance<\/td><td>\u00b11%<\/td><\/tr><tr><td>Huil\u00e9 ou non huil\u00e9<\/td><td>Non huil\u00e9<\/td><\/tr><tr><td>D\u00e9lai de livraison<\/td><td>dans les 16 jours<\/td><\/tr><tr><td>Forme<\/td><td>Rond<\/td><\/tr><tr><td>Longueur<\/td><td>6-12m<\/td><\/tr><tr><td>Diam\u00e8tre ext\u00e9rieur<\/td><td>76-1220mm<\/td><\/tr><tr><td>\u00c9paisseur<\/td><td>6-50mm<\/td><\/tr><\/tbody><\/table><\/figure>","protected":false},"featured_media":398,"parent":0,"template":"","meta":{"_acf_changed":true,"_gspb_post_css":"","_kad_blocks_custom_css":"","_kad_blocks_head_custom_js":"","_kad_blocks_body_custom_js":"","_kad_blocks_footer_custom_js":"","_kad_post_transparent":"","_kad_post_title":"","_kad_post_layout":"","_kad_post_sidebar_id":"","_kad_post_content_style":"","_kad_post_vertical_padding":"","_kad_post_feature":"","_kad_post_feature_position":"","_kad_post_header":false,"_kad_post_footer":false,"_kad_post_classname":""},"product-category":[],"class_list":["post-393","product","type-product","status-publish","has-post-thumbnail","hentry"],"acf":[],"taxonomy_info":[],"featured_image_src_large":["https:\/\/khsteel.net\/wp-content\/uploads\/2024\/07\/10006-6.png",747,747,false],"author_info":[],"comment_info":"","_links":{"self":[{"href":"https:\/\/khsteel.net\/fr\/wp-json\/wp\/v2\/product\/393","targetHints":{"allow":["GET"]}}],"collection":[{"href":"https:\/\/khsteel.net\/fr\/wp-json\/wp\/v2\/product"}],"about":[{"href":"https:\/\/khsteel.net\/fr\/wp-json\/wp\/v2\/types\/product"}],"wp:featuredmedia":[{"embeddable":true,"href":"https:\/\/khsteel.net\/fr\/wp-json\/wp\/v2\/media\/398"}],"wp:attachment":[{"href":"https:\/\/khsteel.net\/fr\/wp-json\/wp\/v2\/media?parent=393"}],"wp:term":[{"taxonomy":"product-category","embeddable":true,"href":"https:\/\/khsteel.net\/fr\/wp-json\/wp\/v2\/product-category?post=393"}],"curies":[{"name":"wp","href":"https:\/\/api.w.org\/{rel}","templated":true}]}}