{"id":382,"date":"2024-07-09T01:18:29","date_gmt":"2024-07-09T01:18:29","guid":{"rendered":"https:\/\/kehuan.easiwin.com\/?post_type=product&#038;p=382"},"modified":"2025-04-28T06:24:11","modified_gmt":"2025-04-28T06:24:11","slug":"fabricant-de-tube-dacier-doux-en-carbone-carre-soude-a-chaud-1-5-pouces-tube-dacier-galvanise-pour-serre","status":"publish","type":"product","link":"https:\/\/khsteel.net\/fr\/product\/manufacturer-mild-carbon-square-welded-hot-dip-1-5-inch-galvanized-steel-pipe-tube-for-greenhouse\/","title":{"rendered":"Fabricant de tubes en acier doux au carbone, carr\u00e9s et soud\u00e9s, galvanis\u00e9s \u00e0 chaud, de 1,5 pouce, pour serres"},"content":{"rendered":"<h3 class=\"wp-block-heading\" id=\"key-attributes\">Principales caract\u00e9ristiques<\/h3>\n\n\n\n<h4 class=\"wp-block-heading\">Attributs sp\u00e9cifiques \u00e0 l'industrie<\/h4>\n\n\n\n<figure class=\"wp-block-table\"><table><tbody><tr><td>Forme de la section<\/td><td>Rond<\/td><\/tr><tr><td>Traitement de surface<\/td><td>galvanis\u00e9<\/td><\/tr><tr><td>Tol\u00e9rance<\/td><td>\u00b11%<\/td><\/tr><tr><td>Huil\u00e9 ou non huil\u00e9<\/td><td>L\u00e9g\u00e8rement huil\u00e9<\/td><\/tr><tr><td>Facturation<\/td><td>en fonction du poids r\u00e9el<\/td><\/tr><\/tbody><\/table><\/figure>\n\n\n\n<p>Autres caract\u00e9ristiques<\/p>\n\n\n\n<figure class=\"wp-block-table\"><table><tbody><tr><td>Lieu d'origine<\/td><td>Shandong, Chine<\/td><\/tr><tr><td>Alliage ou non<\/td><td>Est un alliage<\/td><\/tr><tr><td>Standard<\/td><td>ASTM<\/td><\/tr><tr><td>Technique<\/td><td>ERW<\/td><\/tr><tr><td>Grade<\/td><td>Q215A;Q215B;Q235A;Q235B,10#,20#<\/td><\/tr><tr><td>D\u00e9lai de livraison<\/td><td>15-21 jours<\/td><\/tr><tr><td>Nom de la marque<\/td><td>Kehuan<\/td><\/tr><tr><td>Application<\/td><td>Conduite de fluide, conduite de gaz, conduite de p\u00e9trole, conduite d'engrais chimique, autre<\/td><\/tr><tr><td>Tuyaux sp\u00e9ciaux<\/td><td>Tuyaux \u00e0 paroi \u00e9paisse, autres<\/td><\/tr><tr><td>\u00c9paisseur<\/td><td>0,8-2,5 mm<\/td><\/tr><tr><td>Longueur<\/td><td>6m, sur mesure<\/td><\/tr><tr><td>Certificat<\/td><td>API, CE, Bsi, KS, JIS, GS, ISO9001<\/td><\/tr><tr><td>Service de traitement<\/td><td>Soudage, poin\u00e7onnage, d\u00e9coupage, cintrage, d\u00e9coilage<\/td><\/tr><tr><td>Application<\/td><td>Tuyau de fluide<\/td><\/tr><tr><td>Standard<\/td><td>ASTM A213-2001 DIN EN 10217-1-2005<\/td><\/tr><tr><td>Nom du produit<\/td><td>Tube en acier galvanis\u00e9<\/td><\/tr><tr><td>Technique<\/td><td>ERW LSAW SSAW Sans soudure<\/td><\/tr><tr><td>Surface<\/td><td>Exigence des clients<\/td><\/tr><tr><td>Forme<\/td><td>Rond.carr\u00e9.rectangle<\/td><\/tr><tr><td>Type<\/td><td>Tube en acier soud\u00e9 sans soudure<\/td><\/tr><tr><td>Utilisation<\/td><td>Structure de la serre<\/td><\/tr><tr><td>Conditions de paiement<\/td><td>TTL\\C Etc<\/td><\/tr><tr><td>\u00c9chantillon<\/td><td>Echantillonner librement<\/td><\/tr><\/tbody><\/table><\/figure>\n\n\n\n<p>Emballage et livraison<\/p>\n\n\n\n<figure class=\"wp-block-table\"><table><tbody><tr><td>Unit\u00e9s de vente :<\/td><td>Article unique&nbsp;&nbsp;<\/td><\/tr><tr><td>Taille de l'emballage unique :<\/td><td>1X1X1 cm<\/td><\/tr><tr><td>Poids brut unique :<\/td><td>1.000 kg<\/td><\/tr><\/tbody><\/table><\/figure>","protected":false},"featured_media":383,"parent":0,"template":"","meta":{"_acf_changed":true,"_gspb_post_css":"","_kad_blocks_custom_css":"","_kad_blocks_head_custom_js":"","_kad_blocks_body_custom_js":"","_kad_blocks_footer_custom_js":"","_kad_post_transparent":"","_kad_post_title":"","_kad_post_layout":"","_kad_post_sidebar_id":"","_kad_post_content_style":"","_kad_post_vertical_padding":"","_kad_post_feature":"","_kad_post_feature_position":"","_kad_post_header":false,"_kad_post_footer":false,"_kad_post_classname":""},"product-category":[],"class_list":["post-382","product","type-product","status-publish","has-post-thumbnail","hentry"],"acf":[],"taxonomy_info":[],"featured_image_src_large":["https:\/\/khsteel.net\/wp-content\/uploads\/2024\/07\/10004-3.png",800,800,false],"author_info":[],"comment_info":"","_links":{"self":[{"href":"https:\/\/khsteel.net\/fr\/wp-json\/wp\/v2\/product\/382","targetHints":{"allow":["GET"]}}],"collection":[{"href":"https:\/\/khsteel.net\/fr\/wp-json\/wp\/v2\/product"}],"about":[{"href":"https:\/\/khsteel.net\/fr\/wp-json\/wp\/v2\/types\/product"}],"wp:featuredmedia":[{"embeddable":true,"href":"https:\/\/khsteel.net\/fr\/wp-json\/wp\/v2\/media\/383"}],"wp:attachment":[{"href":"https:\/\/khsteel.net\/fr\/wp-json\/wp\/v2\/media?parent=382"}],"wp:term":[{"taxonomy":"product-category","embeddable":true,"href":"https:\/\/khsteel.net\/fr\/wp-json\/wp\/v2\/product-category?post=382"}],"curies":[{"name":"wp","href":"https:\/\/api.w.org\/{rel}","templated":true}]}}