{"id":3774,"date":"2025-06-27T01:48:33","date_gmt":"2025-06-27T01:48:33","guid":{"rendered":"https:\/\/khsteel.net\/?post_type=product&#038;p=3774"},"modified":"2025-06-27T01:48:34","modified_gmt":"2025-06-27T01:48:34","slug":"bobines-dacier-galvanise-5","status":"publish","type":"product","link":"https:\/\/khsteel.net\/fr\/product\/galvanized-steel-coils-5\/","title":{"rendered":"Vente directe en usine de bobines d'acier galvanis\u00e9 \u00e0 chaud de haute qualit\u00e9, de bobines d'acier galvanis\u00e9 pour toiture de 0,12 \u00e0 0,6 mm, de bobines d'acier galvanis\u00e9 Z180 Dx51d."},"content":{"rendered":"<p>Site web de l'entreprise<\/p>\n\n\n\n<p>Site web du bureau :<a href=\"https:\/\/khsteel.net\/fr\/\">https:\/\/khsteel.net\/<\/a><br>Site web d'Alibaba :<a href=\"https:\/\/lckehuan.en.alibaba.com\/\" target=\"_blank\" rel=\"noopener\">https:\/\/lckehuan.en.alibaba.com\/<\/a><\/p>\n\n\n\n<h2 class=\"wp-block-heading\" id=\"specification-galvanized-steel-coils\"><strong>Sp\u00e9cifications<\/strong> bobines d'acier galvanis\u00e9<\/h2>\n\n\n\n<figure class=\"wp-block-table\"><table class=\"has-fixed-layout\"><tbody><tr><td>article<\/td><td>valeur<\/td><\/tr><tr><td>Tol\u00e9rance<\/td><td>\u00b11%<\/td><\/tr><tr><td>Lieu d'origine<\/td><td>Chine<\/td><\/tr><tr><td>Type<\/td><td>bobines d'acier galvanis\u00e9<\/td><\/tr><tr><td>D\u00e9lai de livraison<\/td><td>14 jours<\/td><\/tr><tr><td>Grade<\/td><td>Acier au carbone<\/td><\/tr><tr><td>Standard<\/td><td>AiSi, ASTM, bs, DIN, GB<\/td><\/tr><tr><td>Nom de la marque<\/td><td>Kehuan<\/td><\/tr><tr><td>Type<\/td><td>Bobine d'acier<\/td><\/tr><tr><td>Technique<\/td><td>Lamin\u00e9s \u00e0 chaud<\/td><\/tr><tr><td>Traitement de surface<\/td><td>Enduit<\/td><\/tr><tr><td>Application<\/td><td>Autres<\/td><\/tr><tr><td>Usage sp\u00e9cial<\/td><td>T\u00f4les d'acier \u00e0 haute r\u00e9sistance<\/td><\/tr><tr><td>Largeur<\/td><td>500-2500mm ou selon les besoins du client<\/td><\/tr><tr><td>Longueur<\/td><td>Bobine<\/td><\/tr><tr><td>Service de traitement<\/td><td>Plier, Couper, D\u00e9baller, Poin\u00e7onner, Souder<\/td><\/tr><\/tbody><\/table><\/figure>\n\n\n\n<h2 class=\"wp-block-heading\" id=\"selling-point-galvanized-steel-coils\"><strong>Argument de vente<\/strong> bobines d'acier galvanis\u00e9<\/h2>\n\n\n\n<p>La galvanisation est une m\u00e9thode antirouille rentable et fr\u00e9quemment utilis\u00e9e, et environ la moiti\u00e9 de la production de zinc est utilis\u00e9e pour ce processus. Les t\u00f4les d'acier galvanis\u00e9es sont recouvertes d'une couche de zinc m\u00e9tallique \u00e0 la surface des t\u00f4les d'acier afin de pr\u00e9venir la corrosion \u00e0 la surface des t\u00f4les d'acier et de prolonger leur dur\u00e9e de vie. Elles sont appel\u00e9es t\u00f4les galvanis\u00e9es. Selon les m\u00e9thodes de production et de traitement, elles peuvent \u00eatre class\u00e9es dans les cat\u00e9gories suivantes :<\/p>\n\n\n\n<p>1 : T\u00f4les d'acier galvanis\u00e9es \u00e0 chaud. La t\u00f4le d'acier mince est immerg\u00e9e dans un r\u00e9servoir de zinc en fusion afin qu'une couche de zinc adh\u00e8re \u00e0 sa surface. Actuellement, le proc\u00e9d\u00e9 de galvanisation en continu est principalement utilis\u00e9, c'est-\u00e0-dire que la t\u00f4le d'acier lamin\u00e9e est immerg\u00e9e en continu dans un r\u00e9servoir de zinc en fusion pour obtenir une t\u00f4le d'acier galvanis\u00e9e ;<\/p>\n\n\n\n<p>2 : T\u00f4le d'acier alli\u00e9e galvanis\u00e9e. Cette t\u00f4le d'acier est \u00e9galement fabriqu\u00e9e par immersion \u00e0 chaud, mais elle est imm\u00e9diatement chauff\u00e9e \u00e0 environ 500\u2103 apr\u00e8s avoir quitt\u00e9 le r\u00e9servoir pour former un film d'alliage de zinc et de fer. Cette t\u00f4le galvanis\u00e9e a une bonne \u00e9tanch\u00e9it\u00e9 du rev\u00eatement et une bonne soudabilit\u00e9 ;<\/p>\n\n\n\n<p>3 : T\u00f4le d'acier galvanis\u00e9e. Cette t\u00f4le d'acier galvanis\u00e9e est fabriqu\u00e9e par galvanisation et pr\u00e9sente une bonne aptitude \u00e0 la transformation. Mais le rev\u00eatement est mince et la r\u00e9sistance \u00e0 la corrosion n'est pas aussi bonne que celle de la t\u00f4le galvanis\u00e9e \u00e0 chaud ;<\/p>\n\n\n\n<p>4 : T\u00f4le d'acier galvanis\u00e9e \u00e0 simple face et t\u00f4le d'acier galvanis\u00e9e diff\u00e9rentielle \u00e0 double face. La t\u00f4le d'acier galvanis\u00e9e simple face, c'est-\u00e0-dire une seule face du produit galvanis\u00e9. Elle s'adapte mieux que la t\u00f4le galvanis\u00e9e double face au soudage, \u00e0 la peinture, au traitement antirouille, \u00e0 la transformation, etc. Afin de pallier l'inconv\u00e9nient de la t\u00f4le non galvanis\u00e9e sur une seule face, une autre t\u00f4le galvanis\u00e9e est recouverte d'une fine couche de zinc : c'est la t\u00f4le galvanis\u00e9e diff\u00e9rentielle sur deux faces.<\/p>\n\n\n\n<h2 class=\"wp-block-heading\" id=\"application-galvanized-steel-coils\"><strong>Application<\/strong> bobines d'acier galvanis\u00e9<\/h2>\n\n\n\n<p>Le Galvalume est un acier au carbone recouvert d'un alliage aluminium-zinc (55% aluminium, 45% zinc) apr\u00e8s avoir subi un processus continu d'immersion \u00e0 chaud. Le Galvalume convient parfaitement aux applications de toiture et de bardage, mais aussi aux coupeurs et aux tuyaux, ainsi qu'aux pi\u00e8ces automobiles et aux appareils \u00e9lectrom\u00e9nagers. Il peut \u00eatre peint ou utilis\u00e9 nu et pr\u00e9sente une excellente r\u00e9sistance \u00e0 la corrosion et une longue dur\u00e9e de vie. Par ailleurs, le mat\u00e9riau GL est \u00e9galement utilis\u00e9 pour fabriquer des produits tels que le PPGL pour les plaques de toiture ou, avec une technique plus pouss\u00e9e, les produits GL peuvent \u00e9galement \u00eatre utilis\u00e9s pour les tuiles ondul\u00e9es.<\/p>\n\n\n\n<figure class=\"wp-block-image\"><img decoding=\"async\" src=\"https:\/\/sc04.alicdn.com\/kf\/H482030e0a5054837a525da545c8fc39dL\/272283169\/H482030e0a5054837a525da545c8fc39dL.png\" alt=\"Bobine d&#039;acier galvanis\u00e9 par immersion \u00e0 chaud 0.12-0.6mm Bobine d&#039;acier galvanis\u00e9 pour toiture Z180 Dx51d Gi Zinc Coating Galvanized Steel Coil\" title=\"\"><\/figure>\n\n\n\n<figure class=\"wp-block-table\"><table class=\"has-fixed-layout\"><tbody><tr><td><strong>Nom<\/strong><\/td><td>bobines d'acier galvanis\u00e9<\/td><\/tr><tr><td><strong>\u00c9paisseur<\/strong><\/td><td>0,11 ~3,0 mm ou selon la demande du client<\/td><\/tr><tr><td><strong>Largeur<\/strong><\/td><td>600-1500 mm ou selon la demande du client<\/td><\/tr><tr><td><strong>Standard<\/strong><\/td><td>ASTM-A653\uff0cJIS G3302\uff0cEN10147\uff0cetc<\/td><\/tr><tr><td><strong>Qualit\u00e9 de l'acier<\/strong><\/td><td>Dx51D, Dx52D, Dx53D, DX54D, S220GD, S250GD, S280GD, S350GD, S350GD, S550GD ; SGCC, SGHC, SGCH, SGH340, SGH400, SGH440, SGH490,<br>SGH540, SGCD1, SGCD2, SGCD3, SGC340, SGC340 , SGC490, SGC570 ; SQ CR22 (230), SQ CR22 (255), SQ CR40 (275), SQ CR50 (340), SQ<br>CR80(550), CQ, FS, DDS, EDDS, SQ CR33 (230), SQ CR37 (255), SQCR40 (275), SQ CR50 (340), SQ CR80 (550) ; ou exigences du client.<\/td><\/tr><tr><td><strong>Commande r\u00e9guli\u00e8re<\/strong><\/td><td>28 tonnes ou un conteneur, pour des quantit\u00e9s inf\u00e9rieures, nous contacter pour plus de d\u00e9tails.<\/td><\/tr><tr><td><strong>Duret\u00e9<\/strong><\/td><td>L\u00e9g\u00e8rement dur (HRB60), moyennement dur (HRB60-85), compl\u00e8tement dur (HRB85-95)<\/td><\/tr><tr><td><strong>Structure de la surface<\/strong><\/td><td>Pangle r\u00e9gulier, Pangle minimum, Pangle z\u00e9ro, Grand pangle<\/td><\/tr><tr><td><strong>Traitement de surface<\/strong><\/td><td>Chrom\u00e9\/non chrom\u00e9, huil\u00e9\/non huil\u00e9, Skin pass<\/td><\/tr><tr><td><strong>D\u00e9lai de livraison<\/strong><\/td><td>Dans les 7 jours ou en fonction de la quantit\u00e9 du produit.<\/td><\/tr><\/tbody><\/table><\/figure>\n\n\n\n<p><\/p>","protected":false},"featured_media":3707,"parent":0,"template":"","meta":{"_acf_changed":true,"_gspb_post_css":"","_kad_blocks_custom_css":"","_kad_blocks_head_custom_js":"","_kad_blocks_body_custom_js":"","_kad_blocks_footer_custom_js":"","_kad_post_transparent":"","_kad_post_title":"","_kad_post_layout":"","_kad_post_sidebar_id":"","_kad_post_content_style":"","_kad_post_vertical_padding":"","_kad_post_feature":"","_kad_post_feature_position":"","_kad_post_header":false,"_kad_post_footer":false,"_kad_post_classname":""},"product-category":[75,78],"class_list":["post-3774","product","type-product","status-publish","has-post-thumbnail","hentry","product-category-coil","product-category-galvanized-coil"],"acf":[],"taxonomy_info":{"product-category":[{"value":75,"label":"COIL"},{"value":78,"label":"Galvanized Coil"}]},"featured_image_src_large":["https:\/\/khsteel.net\/wp-content\/uploads\/2025\/06\/5-2-1024x768.jpg",1024,768,true],"author_info":[],"comment_info":"","_links":{"self":[{"href":"https:\/\/khsteel.net\/fr\/wp-json\/wp\/v2\/product\/3774","targetHints":{"allow":["GET"]}}],"collection":[{"href":"https:\/\/khsteel.net\/fr\/wp-json\/wp\/v2\/product"}],"about":[{"href":"https:\/\/khsteel.net\/fr\/wp-json\/wp\/v2\/types\/product"}],"wp:featuredmedia":[{"embeddable":true,"href":"https:\/\/khsteel.net\/fr\/wp-json\/wp\/v2\/media\/3707"}],"wp:attachment":[{"href":"https:\/\/khsteel.net\/fr\/wp-json\/wp\/v2\/media?parent=3774"}],"wp:term":[{"taxonomy":"product-category","embeddable":true,"href":"https:\/\/khsteel.net\/fr\/wp-json\/wp\/v2\/product-category?post=3774"}],"curies":[{"name":"wp","href":"https:\/\/api.w.org\/{rel}","templated":true}]}}