{"id":3769,"date":"2025-06-27T01:30:10","date_gmt":"2025-06-27T01:30:10","guid":{"rendered":"https:\/\/khsteel.net\/?post_type=product&#038;p=3769"},"modified":"2025-08-01T07:26:03","modified_gmt":"2025-08-01T07:26:03","slug":"bobines-dacier-galvanise-4","status":"publish","type":"product","link":"https:\/\/khsteel.net\/fr\/product\/galvanized-steel-coils-4\/","title":{"rendered":"Vente directe en usine de bobines d'acier galvanis\u00e9 de haute qualit\u00e9 lamin\u00e9es \u00e0 froid en bandes GI r\u00e9guli\u00e8res"},"content":{"rendered":"<p>Site web de l'entreprise<\/p>\n\n\n\n<p>Site web du bureau :<a href=\"https:\/\/khsteel.net\/fr\/\">https:\/\/khsteel.net\/<\/a><br>Site web d'Alibaba :<a href=\"https:\/\/lckehuan.en.alibaba.com\/\" target=\"_blank\" rel=\"noopener\">https:\/\/lckehuan.en.alibaba.com\/<\/a><\/p>\n\n\n\n<h2 class=\"wp-block-heading\" id=\"specification-galvanized-steel-coils\"><strong><em>Sp\u00e9cifications<\/em><\/strong> bobines d'acier galvanis\u00e9<\/h2>\n\n\n\n<figure class=\"wp-block-table\"><table class=\"has-fixed-layout\"><tbody><tr><td><strong>Nom du produit<\/strong><\/td><td>bobines d'acier galvanis\u00e9<\/td><\/tr><tr><td><strong>Grade<\/strong><\/td><td>DX54D, tous selon la demande du client<\/td><\/tr><tr><td><strong>\u00c9paisseur<\/strong><\/td><td>de 0,12 mm \u00e0 5,0 mm, tous disponibles<\/td><\/tr><tr><td><strong>Largeur<\/strong><\/td><td>de 600mm \u00e0 1500mm, tous disponibles<\/td><\/tr><tr><td><strong>ID de la bobine<\/strong><\/td><td>508 mm\/610 mm<\/td><\/tr><tr><td><strong>Poids de la bobine<\/strong><\/td><td>de 2 \u00e0 10MT, selon la demande du client<\/td><\/tr><tr><td><strong>Poids de la couche de zinc<\/strong><\/td><td>30-275g\/m2<\/td><\/tr><tr><td><strong>Paillette<\/strong><\/td><td>grand paillette, paillette normale, petit paillette, non paillette<\/td><\/tr><tr><td><strong>Traitement de surface<\/strong><\/td><td>Passivation chimique, huiles, passivation + huiles<\/td><\/tr><tr><td><strong>Bord<\/strong><\/td><td>bord de fraisage, bord de coupe<\/td><\/tr><tr><td><strong>MOQ<\/strong><\/td><td>Commande d'essai minimale de 10 tonnes par \u00e9paisseur, 1\u00d720\u2032 par livraison<\/td><\/tr><\/tbody><\/table><\/figure>\n\n\n\n<figure class=\"wp-block-table\"><table class=\"has-fixed-layout\"><tbody><tr><td colspan=\"2\"><strong>Traitement de surface&nbsp;<\/strong><strong>Plaque d'acier galvanis\u00e9 Dx54<\/strong><\/td><\/tr><tr><td>Traitement de surface&nbsp;<\/td><td>Caract\u00e9ristiques<\/td><\/tr><tr><td rowspan=\"2\">Traitement chimique de passivation<\/td><td>minimiser le risque de formation de rouille blanche pendant le transport et le stockage<\/td><\/tr><tr><td>conservent plus longtemps leur aspect brillant et \u00e9clatant&nbsp;<\/td><\/tr><tr><td>Huiles<\/td><td>minimiser la tendance aux taches de stockage et de transit<\/td><\/tr><tr><td>passivation + huiles<\/td><td>assurent la protection contre les taches de stockage et de transit gr\u00e2ce \u00e0 des produits chimiques sp\u00e9ciaux appel\u00e9s inhibiteurs de corrosion<\/td><\/tr><\/tbody><\/table><\/figure>\n\n\n\n<h2 class=\"wp-block-heading\" id=\"manufacturing-technique-galvanized-steel-coils\">Technique de fabrication des bobines d'acier galvanis\u00e9<\/h2>\n\n\n\n<p>La t\u00f4le d'acier galvanis\u00e9e par immersion \u00e0 chaud en bobine (GI coil) est produite en faisant passer la t\u00f4le dure ayant subi le processus de lavage \u00e0 l'acide et le processus de laminage dans le pot de zinc, ce qui permet d'appliquer un film de zinc sur la surface. Les caract\u00e9ristiques du zinc lui conf\u00e8rent une excellente r\u00e9sistance \u00e0 la corrosion, une bonne aptitude \u00e0 la peinture et une bonne maniabilit\u00e9. En g\u00e9n\u00e9ral, les processus et les sp\u00e9cifications des t\u00f4les d'acier galvanis\u00e9es par immersion \u00e0 chaud et des bobines d'acier galvanis\u00e9 sont fondamentalement les m\u00eames.<\/p>\n\n\n\n<figure class=\"wp-block-image size-full\"><img loading=\"lazy\" decoding=\"async\" width=\"746\" height=\"744\" src=\"https:\/\/khsteel.net\/wp-content\/uploads\/2025\/06\/f132059275f0c6af0ac18afcd42f785.png\" alt=\"\" class=\"wp-image-4159\" title=\"\" srcset=\"https:\/\/khsteel.net\/wp-content\/uploads\/2025\/06\/f132059275f0c6af0ac18afcd42f785.png 746w, https:\/\/khsteel.net\/wp-content\/uploads\/2025\/06\/f132059275f0c6af0ac18afcd42f785-300x300.png 300w, https:\/\/khsteel.net\/wp-content\/uploads\/2025\/06\/f132059275f0c6af0ac18afcd42f785-150x150.png 150w, https:\/\/khsteel.net\/wp-content\/uploads\/2025\/06\/f132059275f0c6af0ac18afcd42f785-12x12.png 12w\" sizes=\"auto, (max-width: 746px) 100vw, 746px\" \/><\/figure>\n\n\n\n<figure class=\"wp-block-image size-full\"><img loading=\"lazy\" decoding=\"async\" width=\"750\" height=\"459\" src=\"https:\/\/khsteel.net\/wp-content\/uploads\/2025\/06\/2c908a247aaf0d3a3d84b59b48a4e3b.png\" alt=\"\" class=\"wp-image-4160\" title=\"\" srcset=\"https:\/\/khsteel.net\/wp-content\/uploads\/2025\/06\/2c908a247aaf0d3a3d84b59b48a4e3b.png 750w, https:\/\/khsteel.net\/wp-content\/uploads\/2025\/06\/2c908a247aaf0d3a3d84b59b48a4e3b-300x184.png 300w, https:\/\/khsteel.net\/wp-content\/uploads\/2025\/06\/2c908a247aaf0d3a3d84b59b48a4e3b-18x12.png 18w\" sizes=\"auto, (max-width: 750px) 100vw, 750px\" \/><\/figure>\n\n\n\n<p>Avantages du produit bobines d'acier galvanis\u00e9<\/p>\n\n\n\n<p>01. anticorrosion : 13 ans dans les zones industrielles lourdes, 50 ans dans l'oc\u00e9an, 104 ans dans les banlieues et 30 ans dans les villes. 02. bon march\u00e9 : le co\u00fbt de la galvanisation \u00e0 chaud est inf\u00e9rieur \u00e0 celui des autres rev\u00eatements. 03. fiable : le rev\u00eatement de zinc est li\u00e9 m\u00e9tallurgiquement \u00e0 l'acier et fait partie de la surface de l'acier, de sorte que le rev\u00eatement est plus durable. 04. forte r\u00e9sistance : la couche galvanis\u00e9e forme une structure m\u00e9tallurgique sp\u00e9ciale qui peut r\u00e9sister aux dommages m\u00e9caniques pendant le transport et l'utilisation. 05. protection compl\u00e8te : chaque partie de la pi\u00e8ce plaqu\u00e9e peut \u00eatre galvanis\u00e9e et est enti\u00e8rement prot\u00e9g\u00e9e, m\u00eame dans les d\u00e9pressions, les angles vifs et les endroits cach\u00e9s. 06. gain de temps et d'\u00e9nergie : le processus de galvanisation est plus rapide que les autres m\u00e9thodes de rev\u00eatement.<\/p>\n\n\n\n<p><\/p>","protected":false},"featured_media":3704,"parent":0,"template":"","meta":{"_acf_changed":true,"_gspb_post_css":"","_kad_blocks_custom_css":"","_kad_blocks_head_custom_js":"","_kad_blocks_body_custom_js":"","_kad_blocks_footer_custom_js":"","_kad_post_transparent":"","_kad_post_title":"","_kad_post_layout":"","_kad_post_sidebar_id":"","_kad_post_content_style":"","_kad_post_vertical_padding":"","_kad_post_feature":"","_kad_post_feature_position":"","_kad_post_header":false,"_kad_post_footer":false,"_kad_post_classname":""},"product-category":[75,78],"class_list":["post-3769","product","type-product","status-publish","has-post-thumbnail","hentry","product-category-coil","product-category-galvanized-coil"],"acf":[],"taxonomy_info":{"product-category":[{"value":75,"label":"COIL"},{"value":78,"label":"Galvanized Coil"}]},"featured_image_src_large":["https:\/\/khsteel.net\/wp-content\/uploads\/2025\/06\/2-5-768x1024.jpg",768,1024,true],"author_info":[],"comment_info":"","_links":{"self":[{"href":"https:\/\/khsteel.net\/fr\/wp-json\/wp\/v2\/product\/3769","targetHints":{"allow":["GET"]}}],"collection":[{"href":"https:\/\/khsteel.net\/fr\/wp-json\/wp\/v2\/product"}],"about":[{"href":"https:\/\/khsteel.net\/fr\/wp-json\/wp\/v2\/types\/product"}],"wp:featuredmedia":[{"embeddable":true,"href":"https:\/\/khsteel.net\/fr\/wp-json\/wp\/v2\/media\/3704"}],"wp:attachment":[{"href":"https:\/\/khsteel.net\/fr\/wp-json\/wp\/v2\/media?parent=3769"}],"wp:term":[{"taxonomy":"product-category","embeddable":true,"href":"https:\/\/khsteel.net\/fr\/wp-json\/wp\/v2\/product-category?post=3769"}],"curies":[{"name":"wp","href":"https:\/\/api.w.org\/{rel}","templated":true}]}}