{"id":3768,"date":"2025-06-27T01:09:30","date_gmt":"2025-06-27T01:09:30","guid":{"rendered":"https:\/\/khsteel.net\/?post_type=product&#038;p=3768"},"modified":"2025-06-27T01:09:30","modified_gmt":"2025-06-27T01:09:30","slug":"bobines-dacier-galvanise-3","status":"publish","type":"product","link":"https:\/\/khsteel.net\/fr\/product\/galvanized-steel-coils-3\/","title":{"rendered":"Les ventes directes en usine sont tr\u00e8s pratiques. Nous sommes sp\u00e9cialis\u00e9s dans la personnalisation des bobines d'acier \u00e9lectro-galvanis\u00e9 et des bobines d'acier galvanis\u00e9."},"content":{"rendered":"<p>Site web de l'entreprise<\/p>\n\n\n\n<p>Site web du bureau :<a href=\"https:\/\/khsteel.net\/fr\/\">https:\/\/khsteel.net\/<\/a><br>Site web d'Alibaba :<a href=\"https:\/\/lckehuan.en.alibaba.com\/\" target=\"_blank\" rel=\"noopener\">https:\/\/lckehuan.en.alibaba.com\/<\/a><\/p>\n\n\n\n<h2 class=\"wp-block-heading\" id=\"specifications-galvanized-steel-coils\">Sp\u00e9cifications des bobines d'acier galvanis\u00e9<\/h2>\n\n\n\n<figure class=\"wp-block-table\"><table class=\"has-fixed-layout\"><tbody><tr><td>nom du produit<\/td><td>bobines d'acier galvanis\u00e9<\/td><\/tr><tr><td>Technique<\/td><td>lamin\u00e9 \u00e0 chaud\/ lamin\u00e9 \u00e0 froid<\/td><\/tr><tr><td>Traitement de surface<\/td><td>Enduit<\/td><\/tr><tr><td>Application<\/td><td>toiture, construction de murs, peinture de feuilles de base et industrie automobile<\/td><\/tr><tr><td>Forme<\/td><td>840 mm ou selon les besoins du client<\/td><\/tr><tr><td>Largeur<\/td><td>600mm-1250mm ou selon les exigences de l'acheteur<\/td><\/tr><tr><td>Longueur<\/td><td>6m ou demande du client<\/td><\/tr><tr><td>mat\u00e9riel<\/td><td>DX51D+AZ150<\/td><\/tr><tr><td>Certificat<\/td><td>ISO 9001\uff1a2008\/SGS\/BV<\/td><\/tr><tr><td>Paillette<\/td><td>Grandes \/ R\u00e9guli\u00e8res \/ Minimales \/ Z\u00e9ro<\/td><\/tr><tr><td>Rev\u00eatement de zinc<\/td><td>40-275g\/m2<\/td><\/tr><tr><td>HRB<\/td><td>Douceur<\/td><\/tr><tr><td>Surface<\/td><td>Chrom\u00e9\/non-durci<\/td><\/tr><\/tbody><\/table><\/figure>\n\n\n\n<h2 class=\"wp-block-heading\" id=\"product-display-galvanized-steel-coils\">Pr\u00e9sentation des produits Bobines d'acier galvanis\u00e9<\/h2>\n\n\n\n<figure class=\"wp-block-image\"><img decoding=\"async\" src=\"https:\/\/sc04.alicdn.com\/kf\/Hcf76dfe1efd84d53b800da376b6d3c92r\/279945283\/Hcf76dfe1efd84d53b800da376b6d3c92r.png\" alt=\"\" title=\"\"><\/figure>\n\n\n\n<h2 class=\"wp-block-heading\" id=\"packing-delivery-galvanized-steel-coils\">Emballage et livraison Bobines d'acier galvanis\u00e9<\/h2>\n\n\n\n<figure class=\"wp-block-image\"><img decoding=\"async\" src=\"https:\/\/sc04.alicdn.com\/kf\/H73d7dcc8ee854f9bb38384cbb55811f4H\/279945283\/H73d7dcc8ee854f9bb38384cbb55811f4H.jpg\" alt=\"\" title=\"\"><\/figure>\n\n\n\n<h2 class=\"wp-block-heading\" id=\"application-field-galvanized-steel-coils\">Champ d'application des bobines d'acier galvanis\u00e9<\/h2>\n\n\n\n<figure class=\"wp-block-image\"><img decoding=\"async\" src=\"https:\/\/sc04.alicdn.com\/kf\/Hd751674a89e54368bb75015c7df14b77G\/279945283\/Hd751674a89e54368bb75015c7df14b77G.jpg\" alt=\"\" title=\"\"><\/figure>\n\n\n\n<p>Plus d'informations<br>Application :<br>1. B\u00e2timents et constructions Atelier, entrep\u00f4t, toit et mur en t\u00f4le ondul\u00e9e, eau de pluie, tuyau de drainage, porte \u00e0 volets roulants<br>2. Appareils \u00e9lectriquesR\u00e9frig\u00e9rateur, lave-linge, armoire \u00e9lectrique, armoire \u00e0 instruments, climatisation, four \u00e0 micro-ondes, machine \u00e0 pain<br>3. FurnitureCentral Tranche de chauffage, abat-jour, \u00e9tag\u00e8re \u00e0 livres<br>4. Commerce de transportD\u00e9coration ext\u00e9rieure d'automobiles et de trains, bardage, conteneurs, panneaux d'isolation, etc.<br>5. Autres Panneau d'\u00e9criture, poubelle, panneau d'affichage, chronom\u00e8tre, machine \u00e0 \u00e9crire, tableau de bord, capteur de poids, \u00e9quipement photographique<\/p>\n\n\n\n<figure class=\"wp-block-table\"><table class=\"has-fixed-layout\"><tbody><tr><td>article<\/td><td>bobine d'acier galvanis\u00e9<\/td><\/tr><tr><td>Lieu d'origine<\/td><td>Chine<\/td><\/tr><tr><td><\/td><td>Shandong<\/td><\/tr><tr><td>Nom de la marque<\/td><td>zunkai<\/td><\/tr><tr><td>Application<\/td><td>fabrication de tuyaux, d\u00e9coupage de t\u00f4les, fabrication de petits outils, fabrication de t\u00f4les ondul\u00e9es, fabrication de conteneurs, fabrication de cl\u00f4tures<\/td><\/tr><tr><td>Type<\/td><td>Bobine d'acier<\/td><\/tr><tr><td>\u00c9paisseur<\/td><td>0,12-0,3 mm<\/td><\/tr><tr><td>Standard<\/td><td>JIS<\/td><\/tr><tr><td>Longueur<\/td><td>en tant que besoin<\/td><\/tr><tr><td>Certificat<\/td><td>ISO9001<\/td><\/tr><tr><td>Grade<\/td><td>dx51d<\/td><\/tr><tr><td>Rev\u00eatement<\/td><td>Z20-Z275<\/td><\/tr><tr><td>Technique<\/td><td>Base lamin\u00e9e \u00e0 froid<\/td><\/tr><tr><td>Tol\u00e9rance<\/td><td>\u00b11%<\/td><\/tr><tr><td>Service de traitement<\/td><td>Soudage, poin\u00e7onnage, d\u00e9coupage, cintrage, d\u00e9coilage<\/td><\/tr><tr><td>Type de paillette<\/td><td>Z\u00e9ro Spangle<\/td><\/tr><tr><td>Passeport pour la peau<\/td><td>Oui<\/td><\/tr><tr><td>Huil\u00e9 ou non huil\u00e9<\/td><td>L\u00e9g\u00e8rement huil\u00e9<\/td><\/tr><tr><td>Duret\u00e9<\/td><td>Moyennement dur<\/td><\/tr><tr><td>D\u00e9lai de livraison<\/td><td>15-21 jours<\/td><\/tr><tr><td>Application<\/td><td>Fabrication de plaques ondul\u00e9es<\/td><\/tr><tr><td>Nom du produit<\/td><td>Acier galvanis\u00e9 Coi<\/td><\/tr><tr><td>Surface<\/td><td>Rev\u00eatement de zinc<\/td><\/tr><tr><td>Traitement de surface<\/td><td>Zinc galvanis\u00e9<\/td><\/tr><tr><td>Paillette<\/td><td>Grand Moyen Petit Z\u00e9ro<\/td><\/tr><tr><td>Technologie<\/td><td>Lamin\u00e9s \u00e0 froid Tremp\u00e9s \u00e0 chaud<\/td><\/tr><tr><td>Poids de la bobine<\/td><td>3-5 tonnes<\/td><\/tr><tr><td>MOQ<\/td><td>25 tonnes<\/td><\/tr><tr><td>Tol\u00e9rance<\/td><td>0.1<\/td><\/tr><tr><td>Paquet<\/td><td>Emballage standard Seaworth<\/td><\/tr><\/tbody><\/table><\/figure>","protected":false},"featured_media":3705,"parent":0,"template":"","meta":{"_acf_changed":true,"_gspb_post_css":"","_kad_blocks_custom_css":"","_kad_blocks_head_custom_js":"","_kad_blocks_body_custom_js":"","_kad_blocks_footer_custom_js":"","_kad_post_transparent":"","_kad_post_title":"","_kad_post_layout":"","_kad_post_sidebar_id":"","_kad_post_content_style":"","_kad_post_vertical_padding":"","_kad_post_feature":"","_kad_post_feature_position":"","_kad_post_header":false,"_kad_post_footer":false,"_kad_post_classname":""},"product-category":[75,78],"class_list":["post-3768","product","type-product","status-publish","has-post-thumbnail","hentry","product-category-coil","product-category-galvanized-coil"],"acf":[],"taxonomy_info":{"product-category":[{"value":75,"label":"COIL"},{"value":78,"label":"Galvanized Coil"}]},"featured_image_src_large":["https:\/\/khsteel.net\/wp-content\/uploads\/2025\/06\/3-1-1024x768.jpg",1024,768,true],"author_info":[],"comment_info":"","_links":{"self":[{"href":"https:\/\/khsteel.net\/fr\/wp-json\/wp\/v2\/product\/3768","targetHints":{"allow":["GET"]}}],"collection":[{"href":"https:\/\/khsteel.net\/fr\/wp-json\/wp\/v2\/product"}],"about":[{"href":"https:\/\/khsteel.net\/fr\/wp-json\/wp\/v2\/types\/product"}],"wp:featuredmedia":[{"embeddable":true,"href":"https:\/\/khsteel.net\/fr\/wp-json\/wp\/v2\/media\/3705"}],"wp:attachment":[{"href":"https:\/\/khsteel.net\/fr\/wp-json\/wp\/v2\/media?parent=3768"}],"wp:term":[{"taxonomy":"product-category","embeddable":true,"href":"https:\/\/khsteel.net\/fr\/wp-json\/wp\/v2\/product-category?post=3768"}],"curies":[{"name":"wp","href":"https:\/\/api.w.org\/{rel}","templated":true}]}}