{"id":368,"date":"2024-07-09T00:56:45","date_gmt":"2024-07-09T00:56:45","guid":{"rendered":"https:\/\/kehuan.easiwin.com\/?post_type=product&#038;p=368"},"modified":"2025-04-28T06:24:35","modified_gmt":"2025-04-28T06:24:35","slug":"vente-chaude-tole-ms-tole-de-fer-laminee-a-froid-bobine-dacier-hr-tole-de-fer-noire-q235-q345","status":"publish","type":"product","link":"https:\/\/khsteel.net\/fr\/product\/hot-sale-ms-plate-cold-rolled-iron-sheet-hr-steel-coil-sheet-black-iron-plate-q235-q345\/","title":{"rendered":"T\u00f4le d'acier lamin\u00e9e \u00e0 froid\/T\u00f4le d'acier en bobine\/T\u00f4le d'acier noire (Q235 Q345)"},"content":{"rendered":"<h3 class=\"wp-block-heading\" id=\"key-attributes\">Principales caract\u00e9ristiques<\/h3>\n\n\n\n<h4 class=\"wp-block-heading\">Attributs sp\u00e9cifiques \u00e0 l'industrie<\/h4>\n\n\n\n<figure class=\"wp-block-table\"><table><tbody><tr><td>Grade<\/td><td>A36 Q235 Q235B Q345<\/td><\/tr><tr><td>Tol\u00e9rance<\/td><td>\u00b11%<\/td><\/tr><\/tbody><\/table><\/figure>\n\n\n\n<p>Autres caract\u00e9ristiques<\/p>\n\n\n\n<figure class=\"wp-block-table\"><table><tbody><tr><td>Lieu d'origine<\/td><td>Shandong, Chine<\/td><\/tr><tr><td>Type<\/td><td>T\u00f4le d'acier<\/td><\/tr><tr><td>D\u00e9lai de livraison<\/td><td>15-21 jours<\/td><\/tr><tr><td>Standard<\/td><td>ASTM, GB, JIS<\/td><\/tr><tr><td>Nom de la marque<\/td><td>kehuan<\/td><\/tr><tr><td>Num\u00e9ro de mod\u00e8le<\/td><td>T\u00f4le d'acier au carbone lamin\u00e9e \u00e0 chaud<\/td><\/tr><tr><td>Type<\/td><td>T\u00f4le d'acier<\/td><\/tr><tr><td>Technique<\/td><td>Lamin\u00e9s \u00e0 chaud<\/td><\/tr><tr><td>Traitement de surface<\/td><td>lamin\u00e9 \u00e0 chaud<\/td><\/tr><tr><td>Application<\/td><td>Mat\u00e9riau du rev\u00eatement, construction<\/td><\/tr><tr><td>Usage sp\u00e9cial<\/td><td>Acier r\u00e9sistant \u00e0 l'usure<\/td><\/tr><tr><td>Largeur<\/td><td>Peut \u00eatre personnalis\u00e9<\/td><\/tr><tr><td>Longueur<\/td><td>Peut \u00eatre personnalis\u00e9<\/td><\/tr><tr><td>Service de traitement<\/td><td>Pliage, soudage, d\u00e9cochage, d\u00e9coupage, poin\u00e7onnage<\/td><\/tr><tr><td>Nom du produit<\/td><td>T\u00f4les d'acier lamin\u00e9es \u00e0 chaud<\/td><\/tr><tr><td>Technologie<\/td><td>Lamin\u00e9s \u00e0 froid.lamin\u00e9s \u00e0 chaud<\/td><\/tr><tr><td>MOQ<\/td><td>1 tonne<\/td><\/tr><tr><td>\u00c9paisseur<\/td><td>0,12MM-1,2MM<\/td><\/tr><tr><td>Utilisation<\/td><td>Toiture m\u00e9tallique Mat\u00e9riaux de construction en acier<\/td><\/tr><tr><td>Qualit\u00e9<\/td><td>Haute qualit\u00e9<\/td><\/tr><\/tbody><\/table><\/figure>\n\n\n\n<p>Sp\u00e9cifications<\/p>\n\n\n\n<figure class=\"wp-block-table\"><table><tbody><tr><td>article<\/td><td>valeur<\/td><\/tr><tr><td>Standard<\/td><td>AiSi, ASTM, bs, DIN, GB, JIS<\/td><\/tr><tr><td>Grade<\/td><td>SGCC\/CGCC\/TDC51DZM\/TDC52DTS350GD\/TS550GD\/DX51D+Z<\/td><\/tr><tr><td>Lieu d'origine<\/td><td>Chine<\/td><\/tr><tr><td><\/td><td>Shandong<\/td><\/tr><tr><td>Nom de la marque<\/td><td>Kehuan<\/td><\/tr><tr><td>Num\u00e9ro de mod\u00e8le<\/td><td>A36\/Q235\/Q345\/Q355<\/td><\/tr><tr><td>Type<\/td><td>T\u00f4le d'acier<\/td><\/tr><tr><td>Traitement de surface<\/td><td>lisse<\/td><\/tr><tr><td>Application<\/td><td>Plaque de conteneur<\/td><\/tr><tr><td>Usage sp\u00e9cial<\/td><td>T\u00f4les d'acier \u00e0 haute r\u00e9sistance<\/td><\/tr><tr><td>Largeur<\/td><td>600-1250mm<\/td><\/tr><tr><td>Longueur<\/td><td>2-5M<\/td><\/tr><tr><td>Tol\u00e9rance<\/td><td>\u00b11%<\/td><\/tr><tr><td>Type<\/td><td>T\u00f4les d'acier lamin\u00e9es \u00e0 chaud<\/td><\/tr><tr><td>Service de traitement<\/td><td>Pliage, soudage, d\u00e9cochage, d\u00e9coupage, poin\u00e7onnage<\/td><\/tr><tr><td>D\u00e9lai de livraison<\/td><td>14 jours<\/td><\/tr><tr><td>Nom du produit<\/td><td>T\u00f4les d'acier lamin\u00e9es \u00e0 chaud<\/td><\/tr><tr><td>Mot-cl\u00e9<\/td><td>Plaque \u00e0 haute r\u00e9sistance<\/td><\/tr><tr><td>Surface<\/td><td>Lisse<\/td><\/tr><tr><td>Forme<\/td><td>Drap.plat<\/td><\/tr><tr><td>Mat\u00e9riau<\/td><td>Q235\/Q235B\/Q345\/Q345B\/Q195\/St37\/St42\/St37-2\/St35.4\/St52.4\/St35<\/td><\/tr><tr><td>Technologie<\/td><td>Lamin\u00e9s \u00e0 froid.lamin\u00e9s \u00e0 chaud<\/td><\/tr><tr><td>D\u00e9lai de paiement<\/td><td>T\/T<\/td><\/tr><tr><td>\u00c9paisseur<\/td><td>0,2 mm-200 mm<\/td><\/tr><tr><td>Couleur<\/td><td>Couleur naturelle<\/td><\/tr><tr><td>Certificat<\/td><td>ISO9001:2008<\/td><\/tr><\/tbody><\/table><\/figure>","protected":false},"featured_media":369,"parent":0,"template":"","meta":{"_acf_changed":true,"_gspb_post_css":"","_kad_blocks_custom_css":"","_kad_blocks_head_custom_js":"","_kad_blocks_body_custom_js":"","_kad_blocks_footer_custom_js":"","_kad_post_transparent":"","_kad_post_title":"","_kad_post_layout":"","_kad_post_sidebar_id":"","_kad_post_content_style":"","_kad_post_vertical_padding":"","_kad_post_feature":"","_kad_post_feature_position":"","_kad_post_header":false,"_kad_post_footer":false,"_kad_post_classname":""},"product-category":[],"class_list":["post-368","product","type-product","status-publish","has-post-thumbnail","hentry"],"acf":[],"taxonomy_info":[],"featured_image_src_large":["https:\/\/khsteel.net\/wp-content\/uploads\/2024\/07\/10006-5.png",800,800,false],"author_info":[],"comment_info":"","_links":{"self":[{"href":"https:\/\/khsteel.net\/fr\/wp-json\/wp\/v2\/product\/368","targetHints":{"allow":["GET"]}}],"collection":[{"href":"https:\/\/khsteel.net\/fr\/wp-json\/wp\/v2\/product"}],"about":[{"href":"https:\/\/khsteel.net\/fr\/wp-json\/wp\/v2\/types\/product"}],"wp:featuredmedia":[{"embeddable":true,"href":"https:\/\/khsteel.net\/fr\/wp-json\/wp\/v2\/media\/369"}],"wp:attachment":[{"href":"https:\/\/khsteel.net\/fr\/wp-json\/wp\/v2\/media?parent=368"}],"wp:term":[{"taxonomy":"product-category","embeddable":true,"href":"https:\/\/khsteel.net\/fr\/wp-json\/wp\/v2\/product-category?post=368"}],"curies":[{"name":"wp","href":"https:\/\/api.w.org\/{rel}","templated":true}]}}