{"id":3664,"date":"2025-06-26T03:22:15","date_gmt":"2025-06-26T03:22:15","guid":{"rendered":"https:\/\/khsteel.net\/?post_type=product&#038;p=3664"},"modified":"2025-06-30T06:28:31","modified_gmt":"2025-06-30T06:28:31","slug":"bobines-dacier-galvanise","status":"publish","type":"product","link":"https:\/\/khsteel.net\/fr\/product\/galvanized-steel-coils\/","title":{"rendered":"L'usine produit des t\u00f4les galvanis\u00e9es lamin\u00e9es \u00e0 froid DX51d 0,2 mm et des bobines d'acier galvanis\u00e9 de haute qualit\u00e9."},"content":{"rendered":"<p>Site web de l'entreprise<\/p>\n\n\n\n<p>Site web du bureau :<a href=\"https:\/\/khsteel.net\/fr\/\">https:\/\/khsteel.net\/<\/a><br>Site web d'Alibaba :<a href=\"https:\/\/lckehuan.en.alibaba.com\/\" target=\"_blank\" rel=\"noopener\">https:\/\/lckehuan.en.alibaba.com\/<\/a><\/p>\n\n\n\n<h2 class=\"wp-block-heading\" id=\"product-parameters-galvanized-steel-coils\">Param\u00e8tres du produit bobines d'acier galvanis\u00e9<\/h2>\n\n\n\n<figure class=\"wp-block-table\"><table class=\"has-fixed-layout\"><tbody><tr><td rowspan=\"6\">Grade<\/td><td>Q195 Q235 Q345<\/td><\/tr><tr><td>SGCC SGCH SGC340 SGC400 SGC440 SGC490 SGC570<\/td><\/tr><tr><td>SGHC SGH340 SGH400 SGH440 SGH490 SGH540<\/td><\/tr><tr><td>DX51D DX52D DX53D DX54D DX55D DX56D DX57D<\/td><\/tr><tr><td>S220GD S250GD S280GD S320GD S350GD S400GD S500GD S550GD<\/td><\/tr><tr><td>SS230 SS250 SS275<\/td><\/tr><tr><td>Largeur<\/td><td>600 mm \u00e0 1 500 mm<\/td><\/tr><tr><td>\u00c9paisseur<\/td><td>0,125 mm \u00e0 3,5 mm<\/td><\/tr><tr><td>Rev\u00eatement de zinc<\/td><td>bobines d'acier galvanis\u00e9<\/td><\/tr><tr><td>Produit<\/td><td>bobines d'acier galvanis\u00e9<\/td><\/tr><tr><td>ID de la bobine<\/td><td>508mm ou 610mm<\/td><\/tr><tr><td>Traitement de surface<\/td><td>Non huil\u00e9, sec, passiv\u00e9 au chromate, passiv\u00e9 sans chromate<\/td><\/tr><tr><td>Paillette<\/td><td>Spangle r\u00e9gulier, spangle minimal, grand spangle, z\u00e9ro spangle<\/td><\/tr><tr><td>Capacit\u00e9<\/td><td>1 500 000 tonnes par an<\/td><\/tr><tr><td>Livraison<\/td><td>15 \u00e0 25 jours<\/td><\/tr><tr><td>Paillette<\/td><td>Grand Moyen Petit Z\u00e9ro<\/td><\/tr><tr><td>Rev\u00eatement de zinc<\/td><td>30-275g\/m2<\/td><\/tr><tr><td>Nom du produit<\/td><td>bobines d'acier galvanis\u00e9<\/td><\/tr><\/tbody><\/table><\/figure>\n\n\n\n<figure class=\"wp-block-table\"><table class=\"has-fixed-layout\"><tbody><tr><td>article<\/td><td>valeur<\/td><\/tr><tr><td>nom de l'article<\/td><td>bobines d'acier galvanis\u00e9<\/td><\/tr><tr><td>\u00c9paisseur<\/td><td>0,12-4,0 mm<\/td><\/tr><tr><td>Standard<\/td><td>API, CE, TISI, JIS, GS<\/td><\/tr><tr><td>Longueur<\/td><td>Exigences des clients<\/td><\/tr><tr><td>Tol\u00e9rance<\/td><td>\u00b11%<\/td><\/tr><tr><td>D\u00e9lai de livraison<\/td><td>dans les 7 jours<\/td><\/tr><tr><td>Produit<\/td><td>bobines d'acier galvanis\u00e9<\/td><\/tr><tr><td>Rev\u00eatement de zinc<\/td><td>20-275g\/m2<\/td><\/tr><tr><td>Type de paillette<\/td><td>Gros paillettes, Paillettes r\u00e9guli\u00e8res, Mini paillettes, Z\u00e9ro paillettes<\/td><\/tr><tr><td>ID de la bobine<\/td><td>508 mm\/610 mm<\/td><\/tr><\/tbody><\/table><\/figure>\n\n\n\n<h2 class=\"wp-block-heading\" id=\"product-inspection-galvanized-steel-coils\">Inspection des produits bobines d'acier galvanis\u00e9<\/h2>\n\n\n\n<figure class=\"wp-block-image\"><img decoding=\"async\" src=\"https:\/\/sc04.alicdn.com\/kf\/H1e9c5d7a982840709b4d9fce87a41c9dm\/267995064\/H1e9c5d7a982840709b4d9fce87a41c9dm.jpg\" alt=\"\" title=\"\"><\/figure>\n\n\n\n<figure class=\"wp-block-table\"><table class=\"has-fixed-layout\"><tbody><tr><td><strong>Standard<\/strong><\/td><td>AiSi, ASTM, bs, DIN, GB, JIS<\/td><\/tr><tr><td><strong>\u00c9paisseur<\/strong><\/td><td>0,1-200 mm<\/td><\/tr><tr><td><strong>Largeur<\/strong><\/td><td>10-2000 mm<\/td><\/tr><tr><td><strong>Application<\/strong><\/td><td>Plaque de navire, construction de b\u00e2timents<\/td><\/tr><tr><td><strong>Surface<\/strong><\/td><td>rev\u00eatu de zinc\/galvanis\u00e9<\/td><\/tr><tr><td><strong>Couleur de surface<\/strong><\/td><td>RAL\/Imprim\u00e9\/Mat\/Froiss\u00e9\/Gaufr\u00e9\/Nano<\/td><\/tr><tr><td><strong>Mat\u00e9riau<\/strong><\/td><td>CGCC\/SGCH\/G350\/G450\/G550\/DX51D\/DX52D\/DX53D<\/td><\/tr><tr><td><strong>Nom du paiement<\/strong><\/td><td><br>bobines d'acier galvanis\u00e9<\/td><\/tr><tr><td><strong>\u00c9chantillon<\/strong><\/td><td>Fourni gratuitement<\/td><\/tr><tr><td><strong>Terme commercial<\/strong><\/td><td>FOB, CFR, CIF<\/td><\/tr><tr><td><strong>D\u00e9lai de livraison<\/strong><\/td><td>Dans un d\u00e9lai de 7 \u00e0 30 jours ouvrables selon la commande confirm\u00e9e<\/td><\/tr><\/tbody><\/table><\/figure>\n\n\n\n<h2 class=\"wp-block-heading\" id=\"package-galvanized-steel-coils\"><strong>PAQUET<\/strong> bobines d'acier galvanis\u00e9<\/h2>\n\n\n\n<figure class=\"wp-block-image\"><img decoding=\"async\" src=\"https:\/\/sc04.alicdn.com\/kf\/Hc5905745c73941b78f5b4b7aabf1facaK\/267988425\/Hc5905745c73941b78f5b4b7aabf1facaK.png\" alt=\"\" title=\"\"><\/figure>\n\n\n\n<p>Une couche de zinc de haute puret\u00e9 (couche \u00e9lectro-galvanis\u00e9e) ne peut pas former de paillettes. Par exemple, ajoutez de l'\u00e9tain (&lt;0,5%), solidifiez \u00e0 198 \u00b0C ; ajoutez du cadmium, solidifiez \u00e0 264 \u00b0C ; ajoutez du plomb, solidifiez \u00e0 317 \u00b0C ; ajouter de l&#039;antimoine (&lt;0,3%), solidifier \u00e0 409 \u00b0C ; ou utiliser un flux de vapeur ou un flux de SO2. La pulv\u00e9risation de la surface de la couche galvanis\u00e9e peut g\u00e9n\u00e9rer des noyaux de cristallisation pr\u00e9coces et former de grandes paillettes. En fait, les paillettes n&#039;ont qu&#039;une valeur ornementale et n&#039;ont aucune utilit\u00e9 r\u00e9elle. Au contraire, elles ne sont pas efficaces en termes de protection contre la corrosion et la surface semble in\u00e9gale apr\u00e8s la peinture. Aujourd&#039;hui, on demande de minimiser ou d&#039;\u00e9liminer les paillettes. Afin d&#039;obtenir de petites paillettes, lors de la galvanisation, lorsque le zinc liquide est proche de la temp\u00e9rature de solidification, des gouttelettes d&#039;eau d&#039;un diam\u00e8tre inf\u00e9rieur \u00e0 0,1 mm sont imm\u00e9diatement pulv\u00e9ris\u00e9es sur la surface de la t\u00f4le galvanis\u00e9e afin de former des noyaux cristallins petits et uniformes, afin d&#039;obtenir des fleurs de zinc lisses, puis on proc\u00e8de \u00e0 un laminage de recuit avec une r\u00e9duction inf\u00e9rieure \u00e0 1%. Les petites paillettes conviennent \u00e0 la peinture, et les paillettes lisses conviennent \u00e0 l&#039;emboutissage profond.<\/p>\n\n\n\n<figure class=\"wp-block-image\"><img decoding=\"async\" src=\"https:\/\/sc04.alicdn.com\/kf\/H34cd383683a44c89a8a88d8c9fa61f53M\/254795771\/H34cd383683a44c89a8a88d8c9fa61f53M.jpg\" alt=\"\" title=\"\"><\/figure>\n\n\n\n<figure class=\"wp-block-table\"><table class=\"has-fixed-layout\"><tbody><tr><td><strong>Nom du produit<\/strong><\/td><td>Bobine d'acier galvanis\u00e9<\/td><\/tr><tr><td><strong>Type<\/strong><\/td><td>Bobine\/Feuille\/Plaque\/Bande<\/td><\/tr><tr><td><strong>\u00c9paisseur<\/strong><\/td><td>\u00c9paisseur lamin\u00e9e \u00e0 chaud : 0,12 ~ 3,00 mm \u00c9paisseur lamin\u00e9e \u00e0 froid : 1,20 ~ 4,60 mm<br>Comme vous l'avez demand\u00e9<\/td><\/tr><tr><td><strong>Surface<\/strong><\/td><td>Acier doux fini brut, galvanis\u00e9 \u00e0 chaud, rev\u00eatement color\u00e9, etc.<\/td><\/tr><tr><td><strong>Norme internationale<\/strong><\/td><td>ISO 9001-2008 \/ ISO 630 \/ JIS \/ ASTM 2,0 mm-6,0 mm<\/td><\/tr><tr><td><strong>Normes<\/strong><\/td><td>ASTMA53\/ASTM A573\/ASTM A283\/Gr.D\/BS1387-1985\/ GB\/T3091- 2001,GB\/T13793-92, ISO630\/E235B\/JIS G3101\/JIS G3131\/JIS G3106\/<\/td><\/tr><tr><td><strong>Mat\u00e9riaux<\/strong><\/td><td>SGCC\/ CGCC\/ DX51D+Z<\/td><\/tr><tr><td><strong>Type de rev\u00eatement<\/strong><\/td><td>Acier galvanis\u00e9 \u00e0 chaud (HDGI)<\/td><\/tr><tr><td><strong>Rev\u00eatement de zinc<\/strong><\/td><td>30-275g\/m2<\/td><\/tr><tr><td><strong>Traitement de surface<\/strong><\/td><td>Passivation(C), Huilage(O), Scellement de laque(L), Phosphatation(P), Non trait\u00e9(U)<\/td><\/tr><tr><td><strong>Structure de la surface<\/strong><\/td><td>Rev\u00eatement de paillettes normal (NS), rev\u00eatement de paillettes minimis\u00e9 (MS), sans paillettes (FS)<\/td><\/tr><tr><td><strong>Largeur<\/strong><\/td><td>600mm-1500mm, selon les besoins du client<\/td><\/tr><tr><td><strong>ID<\/strong><\/td><td>508 mm\/610 mm<\/td><\/tr><tr><td><strong>Poids de la bobine<\/strong><\/td><td>3 \u00e0 20 tonnes m\u00e9triques par bobine<\/td><\/tr><tr><td><strong>Paquet<\/strong><\/td><td>Exigences des clients et emballage standard adapt\u00e9 au transport maritime<\/td><\/tr><tr><td><strong>Autre nom<\/strong><\/td><td>Poutre en acier doux lamin\u00e9 \u00e0 chaud, poutre en I, poutre en H, poutre en acier, poutre<\/td><\/tr><tr><td><strong>MOQ<\/strong><\/td><td>1 tonne. Nous acceptons \u00e9galement les commandes d'\u00e9chantillons.<\/td><\/tr><tr><td><strong>D\u00e9lai de livraison<\/strong><\/td><td>Dans les 7 \u00e0 15 jours ouvrables suivant la r\u00e9ception du d\u00e9p\u00f4t ou de la lettre de cr\u00e9dit<\/td><\/tr><\/tbody><\/table><\/figure>\n\n\n\n<p>Il est principalement utilis\u00e9 dans les secteurs de la construction, de l'automobile, de la m\u00e9tallurgie et de l'\u00e9lectricit\u00e9. Dans le secteur de la construction, il est principalement utilis\u00e9 pour la fabrication de toits et de murs, de quilles pr\u00e9fabriqu\u00e9es, de cloisons pr\u00e9fabriqu\u00e9es, de portes et de fen\u00eatres. Dans le secteur automobile, il est principalement utilis\u00e9 pour la carrosserie, le ch\u00e2ssis, les portes, les r\u00e9servoirs de carburant, etc. Dans le secteur m\u00e9tallurgique, il est principalement utilis\u00e9 comme substrat de PPGI. Dans l'industrie \u00e9lectrique, il est principalement utilis\u00e9 pour la coque des appareils \u00e9lectriques. La bande d'acier galvanis\u00e9 est un produit sid\u00e9rurgique sp\u00e9cial, dont la surface est recouverte d'une couche uniforme de zinc. Ce traitement am\u00e9liore non seulement consid\u00e9rablement la r\u00e9sistance \u00e0 la corrosion de la bande d'acier, lui permettant de r\u00e9sister \u00e0 l'\u00e9rosion des environnements difficiles tels que l'humidit\u00e9 et le brouillard salin, mais il prolonge \u00e9galement la dur\u00e9e de vie du mat\u00e9riau. La bande d'acier galvanis\u00e9 est largement utilis\u00e9e dans la construction, la fabrication automobile, les appareils \u00e9lectrom\u00e9nagers, l'agriculture, les \u00e9quipements de communication et d'autres domaines, en tant que pi\u00e8ce structurelle, couche protectrice ou composant conducteur, et joue un r\u00f4le indispensable. Son excellente r\u00e9sistance \u00e0 la corrosion, son usinabilit\u00e9 et son caract\u00e8re \u00e9conomique font de la bande d'acier galvanis\u00e9 l'un des mat\u00e9riaux indispensables de l'industrie moderne.<\/p>\n\n\n\n<p><\/p>","protected":false},"featured_media":3905,"parent":0,"template":"","meta":{"_acf_changed":true,"_gspb_post_css":"","_kad_blocks_custom_css":"","_kad_blocks_head_custom_js":"","_kad_blocks_body_custom_js":"","_kad_blocks_footer_custom_js":"","_kad_post_transparent":"","_kad_post_title":"","_kad_post_layout":"","_kad_post_sidebar_id":"","_kad_post_content_style":"","_kad_post_vertical_padding":"","_kad_post_feature":"","_kad_post_feature_position":"","_kad_post_header":false,"_kad_post_footer":false,"_kad_post_classname":""},"product-category":[75,78],"class_list":["post-3664","product","type-product","status-publish","has-post-thumbnail","hentry","product-category-coil","product-category-galvanized-coil"],"acf":[],"taxonomy_info":{"product-category":[{"value":75,"label":"COIL"},{"value":78,"label":"Galvanized Coil"}]},"featured_image_src_large":["https:\/\/khsteel.net\/wp-content\/uploads\/2025\/06\/Galvanized-Steel-coil-1024x768.jpg",1024,768,true],"author_info":[],"comment_info":"","_links":{"self":[{"href":"https:\/\/khsteel.net\/fr\/wp-json\/wp\/v2\/product\/3664","targetHints":{"allow":["GET"]}}],"collection":[{"href":"https:\/\/khsteel.net\/fr\/wp-json\/wp\/v2\/product"}],"about":[{"href":"https:\/\/khsteel.net\/fr\/wp-json\/wp\/v2\/types\/product"}],"wp:featuredmedia":[{"embeddable":true,"href":"https:\/\/khsteel.net\/fr\/wp-json\/wp\/v2\/media\/3905"}],"wp:attachment":[{"href":"https:\/\/khsteel.net\/fr\/wp-json\/wp\/v2\/media?parent=3664"}],"wp:term":[{"taxonomy":"product-category","embeddable":true,"href":"https:\/\/khsteel.net\/fr\/wp-json\/wp\/v2\/product-category?post=3664"}],"curies":[{"name":"wp","href":"https:\/\/api.w.org\/{rel}","templated":true}]}}