{"id":3612,"date":"2025-06-25T08:03:33","date_gmt":"2025-06-25T08:03:33","guid":{"rendered":"https:\/\/khsteel.net\/?post_type=product&#038;p=3612"},"modified":"2025-09-12T09:50:51","modified_gmt":"2025-09-12T09:50:51","slug":"toles-dacier-laminees-a-froid-de-haute-qualite","status":"publish","type":"product","link":"https:\/\/khsteel.net\/fr\/product\/high-quality-cold-rolled-steel-plate\/","title":{"rendered":"T\u00f4les d'acier lamin\u00e9es \u00e0 froid de haute qualit\u00e9 en Chine Longueur 12 m, selon les besoins de l'acheteur"},"content":{"rendered":"\n<h2>Key attributes About Cold Rolled Steel Plate <\/h2>\n\n\n\n<p><strong>Industry-specific attributes<\/strong><\/p>\n\n\n\n<figure class=\"wp-block-table\"><table class=\"has-fixed-layout\"><tbody><tr><td>Grade<\/td><td><br>SPCC,DC01,DC02,DC03<\/td><\/tr><tr><td>Tolerance<\/td><td>\u00b11%<\/td><\/tr><\/tbody><\/table><\/figure>\n\n\n\n<p><\/p>\n\n\n\n<p><strong>Other attributes<\/strong><\/p>\n\n\n\n<figure class=\"wp-block-table\"><table class=\"has-fixed-layout\"><tbody><tr><td>Place of Origin<\/td><td>Shandong, China<\/td><\/tr><tr><td>Type<\/td><td>Cold Rolled Steel Plate<\/td><\/tr><tr><td>Delivery Time<\/td><td>14 Days<\/td><\/tr><tr><td>Standard<\/td><td>AiSi, ASTM, bs, DIN, GB, JIS<\/td><\/tr><tr><td>Brand Name<\/td><td>Kehuan<\/td><\/tr><tr><td>Model Number<\/td><td>Cold Rolled Steel Sheet<\/td><\/tr><tr><td>Type<\/td><td>Steel Plate<\/td><\/tr><tr><td>Technique<\/td><td>Cold Rolled<\/td><\/tr><tr><td>Surface Treatment<\/td><td>Coated<\/td><\/tr><tr><td>Application<\/td><td>Construction, cars, appliances, etc<\/td><\/tr><tr><td>Special Use<\/td><td>High-strength Steel Plate<\/td><\/tr><tr><td>Width<\/td><td>600-1500mm<\/td><\/tr><tr><td>Length<\/td><td>12m,as Buyer requirememt<\/td><\/tr><tr><td>Processing Service<\/td><td>Bending, Welding, Decoiling, Cutting, Punching<\/td><\/tr><tr><td>Product Name<\/td><td>Cold Rolled Steel Plate<\/td><\/tr><tr><td>Type<\/td><td>Sheet,Plate<\/td><\/tr><tr><td>Technology<\/td><td>Cold Rlloed<\/td><\/tr><tr><td>Shape<\/td><td>flat sheet<\/td><\/tr><tr><td>Width<\/td><td>600-1500mm<\/td><\/tr><tr><td>Lenth<\/td><td>Requirement<\/td><\/tr><tr><td>Grade<\/td><td>Q195 Q345 Q235, SPCC, DC01 Q195, Q195L, S08AL<\/td><\/tr><tr><td>Certificate<\/td><td>BV BIS ISO CE ISO9001<\/td><\/tr><tr><td>MOQ<\/td><td>5 Tons<\/td><\/tr><tr><td>Payment Term<\/td><td>T\/T, L\/C<\/td><\/tr><\/tbody><\/table><\/figure>\n\n\n<style>.kb-row-layout-id3612_7bc751-cf > .kt-row-column-wrap{align-content:center;}:where(.kb-row-layout-id3612_7bc751-cf > .kt-row-column-wrap) > .wp-block-kadence-column{justify-content:center;}.kb-row-layout-id3612_7bc751-cf > .kt-row-column-wrap{column-gap:var(--global-kb-gap-none, 0rem );row-gap:var(--global-kb-gap-none, 0rem );max-width:var( --global-content-width, 1500px );padding-left:var(--global-content-edge-padding);padding-right:var(--global-content-edge-padding);padding-top:var(--global-kb-spacing-xl, 4rem);padding-bottom:var(--global-kb-spacing-xl, 4rem);grid-template-columns:minmax(0, calc(50% - ((var(--global-kb-gap-none, 0rem ) * 2 )\/3)))minmax(0, calc(15% - ((var(--global-kb-gap-none, 0rem ) * 2 )\/3)))minmax(0, calc(35% - ((var(--global-kb-gap-none, 0rem ) * 2 )\/3)));}.kb-row-layout-id3612_7bc751-cf > .kt-row-layout-overlay{opacity:0.30;}@media all and (max-width: 1024px){.kb-row-layout-id3612_7bc751-cf > .kt-row-column-wrap > div:not(.added-for-specificity){grid-column:initial;}}@media all and (max-width: 1024px){.kb-row-layout-id3612_7bc751-cf > .kt-row-column-wrap{grid-template-columns:minmax(0, 2fr) minmax(0, 1fr) minmax(0, 1fr);}}@media all and (max-width: 767px){.kb-row-layout-id3612_7bc751-cf > .kt-row-column-wrap > div:not(.added-for-specificity){grid-column:initial;}.kb-row-layout-id3612_7bc751-cf > .kt-row-column-wrap{grid-template-columns:minmax(0, 1fr);}}<\/style><div class=\"kb-row-layout-wrap kb-row-layout-id3612_7bc751-cf alignfull has-theme-palette8-background-color kt-row-has-bg wp-block-kadence-rowlayout\"><div class=\"kt-row-column-wrap kt-has-3-columns kt-row-layout-equal kt-tab-layout-left-half kt-mobile-layout-row kt-row-valign-middle kt-inner-column-height-full kb-theme-content-width\">\n<style>.kadence-column3612_acea97-c6 > .kt-inside-inner-col,.kadence-column3612_acea97-c6 > .kt-inside-inner-col:before{border-top-left-radius:10px;border-top-right-radius:10px;border-bottom-right-radius:10px;border-bottom-left-radius:10px;}.kadence-column3612_acea97-c6 > .kt-inside-inner-col{column-gap:var(--global-kb-gap-sm, 1rem);}.kadence-column3612_acea97-c6 > .kt-inside-inner-col{flex-direction:column;}.kadence-column3612_acea97-c6 > .kt-inside-inner-col > .aligncenter{width:100%;}.kadence-column3612_acea97-c6 > .kt-inside-inner-col:before{opacity:0.3;}.kadence-column3612_acea97-c6{position:relative;}@media all and (max-width: 1024px){.kadence-column3612_acea97-c6 > .kt-inside-inner-col{flex-direction:column;justify-content:center;}}@media all and (max-width: 767px){.kadence-column3612_acea97-c6 > .kt-inside-inner-col{flex-direction:column;justify-content:center;}}<\/style>\n<div class=\"wp-block-kadence-column kadence-column3612_acea97-c6\"><div class=\"kt-inside-inner-col\"><style>.wp-block-kadence-advancedheading.kt-adv-heading3612_142562-42, .wp-block-kadence-advancedheading.kt-adv-heading3612_142562-42[data-kb-block=\"kb-adv-heading3612_142562-42\"]{margin-bottom:var(--global-kb-spacing-xs, 1rem);font-style:normal;}.wp-block-kadence-advancedheading.kt-adv-heading3612_142562-42 mark.kt-highlight, .wp-block-kadence-advancedheading.kt-adv-heading3612_142562-42[data-kb-block=\"kb-adv-heading3612_142562-42\"] mark.kt-highlight{font-style:normal;color:#f76a0c;-webkit-box-decoration-break:clone;box-decoration-break:clone;padding-top:0px;padding-right:0px;padding-bottom:0px;padding-left:0px;}.wp-block-kadence-advancedheading.kt-adv-heading3612_142562-42 img.kb-inline-image, .wp-block-kadence-advancedheading.kt-adv-heading3612_142562-42[data-kb-block=\"kb-adv-heading3612_142562-42\"] img.kb-inline-image{width:150px;vertical-align:baseline;}<\/style>\n<div class=\"kt-adv-heading3612_142562-42 wp-block-kadence-advancedheading has-theme-palette-3-color has-text-color\" data-kb-block=\"kb-adv-heading3612_142562-42\"><a href=\"https:\/\/lckehuan.en.alibaba.com\/\" data-type=\"link\" data-id=\"https:\/\/lckehuan.en.alibaba.com\/\" target=\"_blank\" rel=\"noopener\">https:\/\/lckehuan.en.alibaba.com\/<\/a><\/div>\n\n\n<style>.wp-block-kadence-advancedheading.kt-adv-heading3612_05ba97-bd, .wp-block-kadence-advancedheading.kt-adv-heading3612_05ba97-bd[data-kb-block=\"kb-adv-heading3612_05ba97-bd\"]{padding-top:0px;margin-top:0px;font-size:var(--global-kb-font-size-xl, 3rem);line-height:1.2;font-style:normal;}.wp-block-kadence-advancedheading.kt-adv-heading3612_05ba97-bd mark.kt-highlight, .wp-block-kadence-advancedheading.kt-adv-heading3612_05ba97-bd[data-kb-block=\"kb-adv-heading3612_05ba97-bd\"] mark.kt-highlight{font-style:normal;color:#f76a0c;-webkit-box-decoration-break:clone;box-decoration-break:clone;padding-top:0px;padding-right:0px;padding-bottom:0px;padding-left:0px;}.wp-block-kadence-advancedheading.kt-adv-heading3612_05ba97-bd img.kb-inline-image, .wp-block-kadence-advancedheading.kt-adv-heading3612_05ba97-bd[data-kb-block=\"kb-adv-heading3612_05ba97-bd\"] img.kb-inline-image{width:150px;vertical-align:baseline;}<\/style>\n<h2 class=\"kt-adv-heading3612_05ba97-bd wp-block-kadence-advancedheading has-theme-palette-3-color has-text-color\" data-kb-block=\"kb-adv-heading3612_05ba97-bd\">Shandong Kehuan Steel<\/h2>\n\n\n<style>.wp-block-kadence-advancedheading.kt-adv-heading3612_5739ea-ff, .wp-block-kadence-advancedheading.kt-adv-heading3612_5739ea-ff[data-kb-block=\"kb-adv-heading3612_5739ea-ff\"]{margin-bottom:var(--global-kb-spacing-xs, 1rem);font-style:normal;}.wp-block-kadence-advancedheading.kt-adv-heading3612_5739ea-ff mark.kt-highlight, .wp-block-kadence-advancedheading.kt-adv-heading3612_5739ea-ff[data-kb-block=\"kb-adv-heading3612_5739ea-ff\"] mark.kt-highlight{font-style:normal;color:#f76a0c;-webkit-box-decoration-break:clone;box-decoration-break:clone;padding-top:0px;padding-right:0px;padding-bottom:0px;padding-left:0px;}.wp-block-kadence-advancedheading.kt-adv-heading3612_5739ea-ff img.kb-inline-image, .wp-block-kadence-advancedheading.kt-adv-heading3612_5739ea-ff[data-kb-block=\"kb-adv-heading3612_5739ea-ff\"] img.kb-inline-image{width:150px;vertical-align:baseline;}<\/style>\n<p class=\"kt-adv-heading3612_5739ea-ff wp-block-kadence-advancedheading has-theme-palette-5-color has-text-color\" data-kb-block=\"kb-adv-heading3612_5739ea-ff\">We have large stocks, fast delivery and high quality capacity,We can provide you with CE, 3C, ISO, API and Patents, which can reduce your after-sales and infringement problems.\u00a0Please kindly let me know more details about your specifications.<\/p>\n\n\n<style>.wp-block-kadence-advancedbtn.kt-btns3612_51c461-49, .site .entry-content .wp-block-kadence-advancedbtn.kt-btns3612_51c461-49, .wp-block-kadence-advancedbtn.kb-btns3612_51c461-49, .site .entry-content .wp-block-kadence-advancedbtn.kb-btns3612_51c461-49{margin-top:var(--global-kb-spacing-lg, 3rem);}.wp-block-kadence-advancedbtn.kb-btns3612_51c461-49{gap:var(--global-kb-gap-xs, 0.5rem );justify-content:flex-start;align-items:center;}.kt-btns3612_51c461-49 .kt-button{font-weight:normal;font-style:normal;}.kt-btns3612_51c461-49 .kt-btn-wrap-0{margin-right:5px;}.wp-block-kadence-advancedbtn.kt-btns3612_51c461-49 .kt-btn-wrap-0 .kt-button{color:#555555;border-color:#555555;}.wp-block-kadence-advancedbtn.kt-btns3612_51c461-49 .kt-btn-wrap-0 .kt-button:hover, .wp-block-kadence-advancedbtn.kt-btns3612_51c461-49 .kt-btn-wrap-0 .kt-button:focus{color:#ffffff;border-color:#444444;}.wp-block-kadence-advancedbtn.kt-btns3612_51c461-49 .kt-btn-wrap-0 .kt-button::before{display:none;}.wp-block-kadence-advancedbtn.kt-btns3612_51c461-49 .kt-btn-wrap-0 .kt-button:hover, .wp-block-kadence-advancedbtn.kt-btns3612_51c461-49 .kt-btn-wrap-0 .kt-button:focus{background:#444444;}@media all and (max-width: 1024px){.wp-block-kadence-advancedbtn.kb-btns3612_51c461-49{gap:var(--global-kb-gap-none, 0rem );flex-direction:row;justify-content:flex-start;align-items:center;}}<\/style>\n<div class=\"wp-block-kadence-advancedbtn kb-buttons-wrap kb-btns3612_51c461-49\"><style>ul.menu .wp-block-kadence-advancedbtn .kb-btn3612_845408-6f.kb-button{width:initial;}<\/style><a class=\"kb-button kt-button button kb-btn3612_845408-6f kt-btn-size-standard kt-btn-width-type-auto kb-btn-global-inherit  kt-btn-has-text-true kt-btn-has-svg-false  wp-block-button__link wp-block-kadence-singlebtn\" href=\"https:\/\/khsteel.net\/product\/good-price-hot-selling-cold-rolled-plate\/\"><span class=\"kt-btn-inner-text\">Call To Action<\/span><\/a>\n\n<style>ul.menu .wp-block-kadence-advancedbtn .kb-btn3612_df1065-21.kb-button{width:initial;}.wp-block-kadence-advancedbtn .kb-btn3612_df1065-21.kb-button{color:var(--global-palette3, #1A202C);background:var(--global-palette8, #F7FAFC);}.wp-block-kadence-advancedbtn .kb-btn3612_df1065-21.kb-button:hover, .wp-block-kadence-advancedbtn .kb-btn3612_df1065-21.kb-button:focus{color:var(--global-palette2, #2B6CB0);background:var(--global-palette8, #F7FAFC);box-shadow:0px 0px 0px 0px rgba(0, 0, 0, 0.4);}<\/style><span class=\"kb-button kt-button button kb-btn3612_df1065-21 kt-btn-size-standard kt-btn-width-type-auto kb-btn-global-inherit  kt-btn-has-text-true kt-btn-has-svg-true  wp-block-button__link wp-block-kadence-singlebtn\"><span class=\"kt-btn-inner-text\">Secondary Button<\/span><span class=\"kb-svg-icon-wrap kb-svg-icon-fe_arrowRight kt-btn-icon-side-right\"><svg viewBox=\"0 0 24 24\"  fill=\"none\" stroke=\"currentColor\" stroke-width=\"2\" stroke-linecap=\"round\" stroke-linejoin=\"round\" xmlns=\"http:\/\/www.w3.org\/2000\/svg\"  aria-hidden=\"true\"><line x1=\"5\" y1=\"12\" x2=\"19\" y2=\"12\"\/><polyline points=\"12 5 19 12 12 19\"\/><\/svg><\/span><\/span><\/div>\n<\/div><\/div>\n\n\n<style>.kadence-column3612_263780-9e > .kt-inside-inner-col,.kadence-column3612_263780-9e > .kt-inside-inner-col:before{border-top-left-radius:0px;border-top-right-radius:0px;border-bottom-right-radius:0px;border-bottom-left-radius:0px;}.kadence-column3612_263780-9e > .kt-inside-inner-col{column-gap:var(--global-kb-gap-sm, 1rem);}.kadence-column3612_263780-9e > .kt-inside-inner-col{flex-direction:column;}.kadence-column3612_263780-9e > .kt-inside-inner-col > .aligncenter{width:100%;}.kadence-column3612_263780-9e > .kt-inside-inner-col:before{opacity:0.3;}.kadence-column3612_263780-9e{z-index:10;position:relative;}@media all and (max-width: 1024px){.kadence-column3612_263780-9e > .kt-inside-inner-col{flex-direction:column;justify-content:center;}}@media all and (max-width: 767px){.kadence-column3612_263780-9e > .kt-inside-inner-col{flex-direction:column;justify-content:center;}}<\/style>\n<div class=\"wp-block-kadence-column kadence-column3612_263780-9e\"><div class=\"kt-inside-inner-col\"><style>.wp-block-kadence-image.kb-image3612_e05c8f-61:not(.kb-specificity-added):not(.kb-extra-specificity-added){margin-top:-220px;margin-right:-90px;}.kb-image3612_e05c8f-61 .kb-image-has-overlay:after{opacity:0.3;border-top-left-radius:10px;border-top-right-radius:10px;border-bottom-right-radius:10px;border-bottom-left-radius:10px;}.kb-image3612_e05c8f-61 img.kb-img, .kb-image3612_e05c8f-61 .kb-img img{border-top:3px solid var(--global-palette9, #ffffff);border-right:3px solid var(--global-palette9, #ffffff);border-bottom:3px solid var(--global-palette9, #ffffff);border-left:3px solid var(--global-palette9, #ffffff);border-top-left-radius:10px;border-top-right-radius:10px;border-bottom-right-radius:10px;border-bottom-left-radius:10px;}@media all and (max-width: 1024px){.kb-image3612_e05c8f-61 img.kb-img, .kb-image3612_e05c8f-61 .kb-img img{border-top:3px solid var(--global-palette9, #ffffff);border-right:3px solid var(--global-palette9, #ffffff);border-bottom:3px solid var(--global-palette9, #ffffff);border-left:3px solid var(--global-palette9, #ffffff);}}@media all and (max-width: 767px){.wp-block-kadence-image.kb-image3612_e05c8f-61:not(.kb-specificity-added):not(.kb-extra-specificity-added){margin-top:var(--global-kb-spacing-lg, 3rem);margin-right:0px;margin-bottom:0px;margin-left:0px;}.kb-image3612_e05c8f-61 img.kb-img, .kb-image3612_e05c8f-61 .kb-img img{border-top:3px solid var(--global-palette9, #ffffff);border-right:3px solid var(--global-palette9, #ffffff);border-bottom:3px solid var(--global-palette9, #ffffff);border-left:3px solid var(--global-palette9, #ffffff);}}<\/style>\n<figure class=\"wp-block-kadence-image kb-image3612_e05c8f-61 size-full kb-image-is-ratio-size\"><div class=\"kb-is-ratio-image kb-image-ratio-square\"><img loading=\"lazy\" decoding=\"async\" width=\"750\" height=\"632\" src=\"https:\/\/khsteel.net\/wp-content\/uploads\/2025\/06\/\u5ba2\u6237\u63a5\u5f85.png\" alt=\"\" class=\"kb-img wp-image-2525\" title=\"\" srcset=\"https:\/\/khsteel.net\/wp-content\/uploads\/2025\/06\/\u5ba2\u6237\u63a5\u5f85.png 750w, https:\/\/khsteel.net\/wp-content\/uploads\/2025\/06\/\u5ba2\u6237\u63a5\u5f85-300x253.png 300w, https:\/\/khsteel.net\/wp-content\/uploads\/2025\/06\/\u5ba2\u6237\u63a5\u5f85-14x12.png 14w\" sizes=\"auto, (max-width: 750px) 100vw, 750px\" \/><\/div><\/figure>\n<\/div><\/div>\n\n\n<style>.kadence-column3612_4fd344-85 > .kt-inside-inner-col,.kadence-column3612_4fd344-85 > .kt-inside-inner-col:before{border-top-left-radius:10px;border-top-right-radius:10px;border-bottom-right-radius:10px;border-bottom-left-radius:10px;}.kadence-column3612_4fd344-85 > .kt-inside-inner-col{column-gap:var(--global-kb-gap-sm, 1rem);}.kadence-column3612_4fd344-85 > .kt-inside-inner-col{flex-direction:column;}.kadence-column3612_4fd344-85 > .kt-inside-inner-col > .aligncenter{width:100%;}.kadence-column3612_4fd344-85 > .kt-inside-inner-col:before{opacity:0.3;}.kadence-column3612_4fd344-85{position:relative;}@media all and (max-width: 1024px){.kadence-column3612_4fd344-85 > .kt-inside-inner-col{flex-direction:column;justify-content:center;}}@media all and (max-width: 767px){.kadence-column3612_4fd344-85 > .kt-inside-inner-col{flex-direction:column;justify-content:center;}}<\/style>\n<div class=\"wp-block-kadence-column kadence-column3612_4fd344-85\"><div class=\"kt-inside-inner-col\"><style>.kb-image3612_749047-37 .kb-image-has-overlay:after{opacity:0.3;border-top-left-radius:10px;border-top-right-radius:10px;border-bottom-right-radius:10px;border-bottom-left-radius:10px;}.kb-image3612_749047-37 img.kb-img, .kb-image3612_749047-37 .kb-img img{border-top-left-radius:10px;border-top-right-radius:10px;border-bottom-right-radius:10px;border-bottom-left-radius:10px;}<\/style>\n<figure class=\"wp-block-kadence-image kb-image3612_749047-37 size-large kb-image-is-ratio-size\"><div class=\"kb-is-ratio-image kb-image-ratio-port34\"><img loading=\"lazy\" decoding=\"async\" width=\"1024\" height=\"768\" src=\"https:\/\/khsteel.net\/wp-content\/uploads\/2025\/06\/\u5fae\u4fe1\u56fe\u7247_20250327141220-1024x768.jpg\" alt=\"\" class=\"kb-img wp-image-3078\" title=\"\" srcset=\"https:\/\/khsteel.net\/wp-content\/uploads\/2025\/06\/\u5fae\u4fe1\u56fe\u7247_20250327141220-1024x768.jpg 1024w, https:\/\/khsteel.net\/wp-content\/uploads\/2025\/06\/\u5fae\u4fe1\u56fe\u7247_20250327141220-300x225.jpg 300w, https:\/\/khsteel.net\/wp-content\/uploads\/2025\/06\/\u5fae\u4fe1\u56fe\u7247_20250327141220-768x576.jpg 768w, https:\/\/khsteel.net\/wp-content\/uploads\/2025\/06\/\u5fae\u4fe1\u56fe\u7247_20250327141220-1536x1152.jpg 1536w, https:\/\/khsteel.net\/wp-content\/uploads\/2025\/06\/\u5fae\u4fe1\u56fe\u7247_20250327141220-2048x1536.jpg 2048w, https:\/\/khsteel.net\/wp-content\/uploads\/2025\/06\/\u5fae\u4fe1\u56fe\u7247_20250327141220-16x12.jpg 16w\" sizes=\"auto, (max-width: 1024px) 100vw, 1024px\" \/><\/div><\/figure>\n<\/div><\/div>\n\n<\/div><\/div>\n\n\n<p><strong>Packaging and delivery<\/strong><\/p>\n\n\n\n<figure class=\"wp-block-table\"><table class=\"has-fixed-layout\"><tbody><tr><td>Packaging Details<\/td><td>bulk cargo<\/td><\/tr><tr><td>Port<\/td><td>qingdao<\/td><\/tr><tr><td>Selling units<\/td><td>Single item<\/td><\/tr><tr><td>Single package size<\/td><td>500X300X300 cm<\/td><\/tr><tr><td>Single gross weight<\/td><td>1000.000 kg<\/td><\/tr><\/tbody><\/table><\/figure>\n","protected":false},"featured_media":2853,"parent":0,"template":"","meta":{"_acf_changed":false,"_gspb_post_css":"","_kad_blocks_custom_css":"","_kad_blocks_head_custom_js":"","_kad_blocks_body_custom_js":"","_kad_blocks_footer_custom_js":"","_kad_post_transparent":"","_kad_post_title":"","_kad_post_layout":"","_kad_post_sidebar_id":"","_kad_post_content_style":"","_kad_post_vertical_padding":"","_kad_post_feature":"","_kad_post_feature_position":"","_kad_post_header":false,"_kad_post_footer":false,"_kad_post_classname":""},"product-category":[88,83],"class_list":["post-3612","product","type-product","status-publish","has-post-thumbnail","hentry","product-category-cold-rolled-plate-patterned-plate","product-category-plate"],"acf":[],"taxonomy_info":{"product-category":[{"value":88,"label":"Cold rolled plate"},{"value":83,"label":"PLATE"}]},"featured_image_src_large":["https:\/\/khsteel.net\/wp-content\/uploads\/2025\/06\/Galvalume-Steel-Sheet-1.png",720,720,false],"author_info":[],"comment_info":"","_links":{"self":[{"href":"https:\/\/khsteel.net\/fr\/wp-json\/wp\/v2\/product\/3612","targetHints":{"allow":["GET"]}}],"collection":[{"href":"https:\/\/khsteel.net\/fr\/wp-json\/wp\/v2\/product"}],"about":[{"href":"https:\/\/khsteel.net\/fr\/wp-json\/wp\/v2\/types\/product"}],"wp:featuredmedia":[{"embeddable":true,"href":"https:\/\/khsteel.net\/fr\/wp-json\/wp\/v2\/media\/2853"}],"wp:attachment":[{"href":"https:\/\/khsteel.net\/fr\/wp-json\/wp\/v2\/media?parent=3612"}],"wp:term":[{"taxonomy":"product-category","embeddable":true,"href":"https:\/\/khsteel.net\/fr\/wp-json\/wp\/v2\/product-category?post=3612"}],"curies":[{"name":"wp","href":"https:\/\/api.w.org\/{rel}","templated":true}]}}