{"id":3603,"date":"2025-06-25T06:44:18","date_gmt":"2025-06-25T06:44:18","guid":{"rendered":"https:\/\/khsteel.net\/?post_type=product&#038;p=3603"},"modified":"2025-06-25T08:14:28","modified_gmt":"2025-06-25T08:14:28","slug":"plaque-laminee-a-froid-a-prix-avantageux-et-tres-vendue","status":"publish","type":"product","link":"https:\/\/khsteel.net\/fr\/product\/good-price-hot-selling-cold-rolled-plate\/","title":{"rendered":"Bon prix, vente chaude, t\u00f4le lamin\u00e9e \u00e0 froid, \u00e9paisseur 0,5 mm, t\u00f4le d'acier galvanis\u00e9 Gi Galvalume pour toiture"},"content":{"rendered":"\n<h2 class=\"wp-block-heading\" id=\"key-attributes-about-cold-rolled-plate\">Key attributes about Cold Rolled plate<\/h2>\n\n\n\n<p><strong> Industry-specific attributes<\/strong><\/p>\n\n\n\n<figure class=\"wp-block-table\"><table class=\"has-fixed-layout\"><tbody><tr><td>Type<\/td><td>Steel Plate<\/td><\/tr><tr><td>Thickness<\/td><td>0.12-2.0mm<\/td><\/tr><tr><td>Coating<\/td><td>AZ81-AZ120<\/td><\/tr><tr><td>Spangle Type<\/td><td>Zero Spangle<\/td><\/tr><tr><td>Hardness<\/td><td>Hard<\/td><\/tr><\/tbody><\/table><\/figure>\n\n\n\n<p><\/p>\n\n\n\n<p><strong>Other attributes<\/strong><\/p>\n\n\n\n<figure class=\"wp-block-table\"><table class=\"has-fixed-layout\"><tbody><tr><td>Place of Origin<\/td><td>Shandong, China<\/td><\/tr><tr><td>Standard<\/td><td>GB<\/td><\/tr><tr><td>Grade<\/td><td>Q235<\/td><\/tr><tr><td>Delivery Time<\/td><td>15-21 days<\/td><\/tr><tr><td>Brand Name<\/td><td>Kehuan<\/td><\/tr><tr><td>Application<\/td><td>cutting sheets<\/td><\/tr><tr><td>Width<\/td><td>1001-1250mm<\/td><\/tr><tr><td>Length<\/td><td>1-1000<\/td><\/tr><tr><td>Certificate<\/td><td>ISO9001<\/td><\/tr><tr><td>Tolerance<\/td><td>\u00b11%<\/td><\/tr><tr><td>Processing Service<\/td><td>Cutting<\/td><\/tr><tr><td>Oiled or Non-oiled<\/td><td>Non-oiled<\/td><\/tr><tr><td>Product Name<\/td><td>Cold Rolled plate<\/td><\/tr><\/tbody><\/table><\/figure>\n\n\n\n<p><\/p>\n\n\n<style>.kb-row-layout-id3603_ff2a04-bf > .kt-row-column-wrap{align-content:start;}:where(.kb-row-layout-id3603_ff2a04-bf > .kt-row-column-wrap) > .wp-block-kadence-column{justify-content:start;}.kb-row-layout-id3603_ff2a04-bf > .kt-row-column-wrap{column-gap:var(--global-kb-gap-sm, 1rem);row-gap:var(--global-kb-gap-md, 2rem);max-width:var( --global-content-width, 1500px );padding-left:var(--global-content-edge-padding);padding-right:var(--global-content-edge-padding);padding-top:var(--global-kb-spacing-sm, 1.5rem);padding-bottom:var(--global-kb-spacing-xl, 4rem);}.kb-row-layout-id3603_ff2a04-bf > .kt-row-column-wrap > div:not(.added-for-specificity){grid-column:initial;}.kb-row-layout-id3603_ff2a04-bf > .kt-row-column-wrap{grid-template-columns:minmax(0, 1fr) minmax(0, 1fr) minmax(0, 2fr);}.kb-row-layout-id3603_ff2a04-bf > .kt-row-layout-overlay{opacity:0.30;}@media all and (max-width: 1024px){.kb-row-layout-id3603_ff2a04-bf > .kt-row-column-wrap{padding-top:var(--global-kb-spacing-xl, 4rem);grid-template-columns:minmax(0, 1fr) minmax(0, 1fr) minmax(0, 2fr);}}@media all and (max-width: 1024px){.kb-row-layout-id3603_ff2a04-bf > .kt-row-column-wrap > div:not(.added-for-specificity){grid-column:initial;}}@media all and (max-width: 767px){.kb-row-layout-id3603_ff2a04-bf > .kt-row-column-wrap > div:not(.added-for-specificity){grid-column:initial;}.kb-row-layout-id3603_ff2a04-bf > .kt-row-column-wrap{grid-template-columns:minmax(0, 1fr);}.kb-row-layout-id3603_ff2a04-bf > .kt-row-column-wrap > .wp-block-kadence-column:nth-child(1 of *:not(style)){order:3;}.kb-row-layout-id3603_ff2a04-bf > .kt-row-column-wrap > .wp-block-kadence-column:nth-child(2 of *:not(style)){order:2;}.kb-row-layout-id3603_ff2a04-bf > .kt-row-column-wrap > .wp-block-kadence-column:nth-child(3 of *:not(style)){order:1;}.kb-row-layout-id3603_ff2a04-bf > .kt-row-column-wrap > .wp-block-kadence-column:nth-child(4 of *:not(style)){order:13;}.kb-row-layout-id3603_ff2a04-bf > .kt-row-column-wrap > .wp-block-kadence-column:nth-child(5 of *:not(style)){order:12;}.kb-row-layout-id3603_ff2a04-bf > .kt-row-column-wrap > .wp-block-kadence-column:nth-child(6 of *:not(style)){order:11;}.kb-row-layout-id3603_ff2a04-bf > .kt-row-column-wrap > .wp-block-kadence-column:nth-child(7 of *:not(style)){order:23;}.kb-row-layout-id3603_ff2a04-bf > .kt-row-column-wrap > .wp-block-kadence-column:nth-child(8 of *:not(style)){order:22;}.kb-row-layout-id3603_ff2a04-bf > .kt-row-column-wrap > .wp-block-kadence-column:nth-child(9 of *:not(style)){order:21;}.kb-row-layout-id3603_ff2a04-bf > .kt-row-column-wrap > .wp-block-kadence-column:nth-child(10 of *:not(style)){order:33;}.kb-row-layout-id3603_ff2a04-bf > .kt-row-column-wrap > .wp-block-kadence-column:nth-child(11 of *:not(style)){order:32;}.kb-row-layout-id3603_ff2a04-bf > .kt-row-column-wrap > .wp-block-kadence-column:nth-child(12 of *:not(style)){order:31;}}<\/style><div class=\"kb-row-layout-wrap kb-row-layout-id3603_ff2a04-bf alignfull has-theme-palette8-background-color kt-row-has-bg wp-block-kadence-rowlayout\"><div class=\"kt-row-column-wrap kt-has-3-columns kt-row-layout-right-half kt-tab-layout-inherit kt-mobile-layout-row kt-row-valign-top kb-theme-content-width\">\n<style>.kadence-column3603_2c64a7-7b > .kt-inside-inner-col{display:flex;}.kadence-column3603_2c64a7-7b > .kt-inside-inner-col,.kadence-column3603_2c64a7-7b > .kt-inside-inner-col:before{border-top-left-radius:0px;border-top-right-radius:0px;border-bottom-right-radius:0px;border-bottom-left-radius:0px;}.kadence-column3603_2c64a7-7b > .kt-inside-inner-col{column-gap:var(--global-kb-gap-sm, 1rem);}.kadence-column3603_2c64a7-7b > .kt-inside-inner-col{flex-direction:column;justify-content:flex-end;}.kadence-column3603_2c64a7-7b > .kt-inside-inner-col > .aligncenter{width:100%;}.kt-row-column-wrap > .kadence-column3603_2c64a7-7b{align-self:flex-end;}.kt-inner-column-height-full:not(.kt-has-1-columns) > .wp-block-kadence-column.kadence-column3603_2c64a7-7b{align-self:auto;}.kt-inner-column-height-full:not(.kt-has-1-columns) > .wp-block-kadence-column.kadence-column3603_2c64a7-7b > .kt-inside-inner-col{flex-direction:column;justify-content:flex-end;}.kadence-column3603_2c64a7-7b > .kt-inside-inner-col:before{opacity:0.3;}.kadence-column3603_2c64a7-7b{position:relative;}@media all and (max-width: 1024px){.kt-row-column-wrap > .kadence-column3603_2c64a7-7b{align-self:flex-end;}}@media all and (max-width: 1024px){.kt-inner-column-height-full:not(.kt-has-1-columns) > .wp-block-kadence-column.kadence-column3603_2c64a7-7b{align-self:auto;}}@media all and (max-width: 1024px){.kt-inner-column-height-full:not(.kt-has-1-columns) > .wp-block-kadence-column.kadence-column3603_2c64a7-7b > .kt-inside-inner-col{flex-direction:column;justify-content:flex-end;}}@media all and (max-width: 1024px){.kadence-column3603_2c64a7-7b > .kt-inside-inner-col{flex-direction:column;justify-content:flex-end;}}@media all and (max-width: 767px){.kt-row-column-wrap > .kadence-column3603_2c64a7-7b{align-self:flex-end;}.kt-inner-column-height-full:not(.kt-has-1-columns) > .wp-block-kadence-column.kadence-column3603_2c64a7-7b{align-self:auto;}.kt-inner-column-height-full:not(.kt-has-1-columns) > .wp-block-kadence-column.kadence-column3603_2c64a7-7b > .kt-inside-inner-col{flex-direction:column;justify-content:flex-end;}.kadence-column3603_2c64a7-7b > .kt-inside-inner-col{flex-direction:column;justify-content:flex-end;}}<\/style>\n<div class=\"wp-block-kadence-column kadence-column3603_2c64a7-7b\"><div class=\"kt-inside-inner-col\"><style>.kb-image3603_60b6b5-bf .kb-image-has-overlay:after{opacity:0.3;border-top-left-radius:10px;border-top-right-radius:10px;border-bottom-right-radius:10px;border-bottom-left-radius:10px;}.kb-image3603_60b6b5-bf img.kb-img, .kb-image3603_60b6b5-bf .kb-img img{border-top-left-radius:10px;border-top-right-radius:10px;border-bottom-right-radius:10px;border-bottom-left-radius:10px;}<\/style>\n<figure class=\"wp-block-kadence-image kb-image3603_60b6b5-bf size-full kb-image-is-ratio-size\"><div class=\"kb-is-ratio-image kb-image-ratio-square\"><img loading=\"lazy\" decoding=\"async\" width=\"750\" height=\"632\" src=\"https:\/\/khsteel.net\/wp-content\/uploads\/2025\/06\/\u5ba2\u6237\u63a5\u5f85.png\" alt=\"\" class=\"kb-img wp-image-2525\" title=\"\" srcset=\"https:\/\/khsteel.net\/wp-content\/uploads\/2025\/06\/\u5ba2\u6237\u63a5\u5f85.png 750w, https:\/\/khsteel.net\/wp-content\/uploads\/2025\/06\/\u5ba2\u6237\u63a5\u5f85-300x253.png 300w, https:\/\/khsteel.net\/wp-content\/uploads\/2025\/06\/\u5ba2\u6237\u63a5\u5f85-14x12.png 14w\" sizes=\"auto, (max-width: 750px) 100vw, 750px\" \/><\/div><\/figure>\n<\/div><\/div>\n\n\n<style>.kadence-column3603_8b2994-f6 > .kt-inside-inner-col{display:flex;}.kadence-column3603_8b2994-f6 > .kt-inside-inner-col,.kadence-column3603_8b2994-f6 > .kt-inside-inner-col:before{border-top-left-radius:0px;border-top-right-radius:0px;border-bottom-right-radius:0px;border-bottom-left-radius:0px;}.kadence-column3603_8b2994-f6 > .kt-inside-inner-col{column-gap:var(--global-kb-gap-sm, 1rem);}.kadence-column3603_8b2994-f6 > .kt-inside-inner-col{flex-direction:column;justify-content:flex-end;}.kadence-column3603_8b2994-f6 > .kt-inside-inner-col > .aligncenter{width:100%;}.kt-row-column-wrap > .kadence-column3603_8b2994-f6{align-self:flex-end;}.kt-inner-column-height-full:not(.kt-has-1-columns) > .wp-block-kadence-column.kadence-column3603_8b2994-f6{align-self:auto;}.kt-inner-column-height-full:not(.kt-has-1-columns) > .wp-block-kadence-column.kadence-column3603_8b2994-f6 > .kt-inside-inner-col{flex-direction:column;justify-content:flex-end;}.kadence-column3603_8b2994-f6 > .kt-inside-inner-col:before{opacity:0.3;}.kadence-column3603_8b2994-f6{position:relative;}@media all and (max-width: 1024px){.kt-row-column-wrap > .kadence-column3603_8b2994-f6{align-self:flex-end;}}@media all and (max-width: 1024px){.kt-inner-column-height-full:not(.kt-has-1-columns) > .wp-block-kadence-column.kadence-column3603_8b2994-f6{align-self:auto;}}@media all and (max-width: 1024px){.kt-inner-column-height-full:not(.kt-has-1-columns) > .wp-block-kadence-column.kadence-column3603_8b2994-f6 > .kt-inside-inner-col{flex-direction:column;justify-content:flex-end;}}@media all and (max-width: 1024px){.kadence-column3603_8b2994-f6 > .kt-inside-inner-col{flex-direction:column;justify-content:flex-end;}}@media all and (max-width: 767px){.kt-row-column-wrap > .kadence-column3603_8b2994-f6{align-self:flex-end;}.kt-inner-column-height-full:not(.kt-has-1-columns) > .wp-block-kadence-column.kadence-column3603_8b2994-f6{align-self:auto;}.kt-inner-column-height-full:not(.kt-has-1-columns) > .wp-block-kadence-column.kadence-column3603_8b2994-f6 > .kt-inside-inner-col{flex-direction:column;justify-content:flex-end;}.kadence-column3603_8b2994-f6 > .kt-inside-inner-col{flex-direction:column;justify-content:flex-end;}}<\/style>\n<div class=\"wp-block-kadence-column kadence-column3603_8b2994-f6\"><div class=\"kt-inside-inner-col\"><style>.kadence-column3603_d84b0e-ef > .kt-inside-inner-col{display:flex;}.kadence-column3603_d84b0e-ef > .kt-inside-inner-col{padding-top:var(--global-kb-spacing-sm, 1.5rem);padding-bottom:var(--global-kb-spacing-sm, 1.5rem);}.kadence-column3603_d84b0e-ef > .kt-inside-inner-col{box-shadow:0px 0px 60px 5px rgba(0, 0, 0, 0.09);}.kadence-column3603_d84b0e-ef > .kt-inside-inner-col,.kadence-column3603_d84b0e-ef > .kt-inside-inner-col:before{border-top-left-radius:500px;border-top-right-radius:500px;border-bottom-right-radius:500px;border-bottom-left-radius:500px;}.kadence-column3603_d84b0e-ef > .kt-inside-inner-col{column-gap:var(--global-kb-gap-sm, 1rem);}.kadence-column3603_d84b0e-ef > .kt-inside-inner-col{flex-direction:column;align-items:center;}.kadence-column3603_d84b0e-ef > .kt-inside-inner-col > .kb-image-is-ratio-size{align-self:stretch;}.kadence-column3603_d84b0e-ef > .kt-inside-inner-col > .wp-block-kadence-advancedgallery{align-self:stretch;}.kadence-column3603_d84b0e-ef > .kt-inside-inner-col > .aligncenter{width:100%;}.kadence-column3603_d84b0e-ef > .kt-inside-inner-col{background-color:var(--global-palette9, #ffffff);}.kadence-column3603_d84b0e-ef > .kt-inside-inner-col:before{opacity:0.3;}.kadence-column3603_d84b0e-ef{z-index:100;position:relative;}.kadence-column3603_d84b0e-ef, .kt-inside-inner-col > .kadence-column3603_d84b0e-ef:not(.specificity){margin-top:300px;margin-right:-60px;margin-bottom:-370px;margin-left:160px;}@media all and (max-width: 1024px){.kadence-column3603_d84b0e-ef > .kt-inside-inner-col{flex-direction:column;justify-content:center;align-items:center;}}@media all and (max-width: 1024px){.kadence-column3603_d84b0e-ef, .kt-inside-inner-col > .kadence-column3603_d84b0e-ef:not(.specificity){margin-top:200px;margin-bottom:-290px;margin-left:110px;}}@media all and (max-width: 767px){.kadence-column3603_d84b0e-ef > .kt-inside-inner-col{flex-direction:column;justify-content:center;align-items:center;}.kadence-column3603_d84b0e-ef, .kt-inside-inner-col > .kadence-column3603_d84b0e-ef:not(.specificity){margin-top:210px;margin-right:10px;margin-bottom:-300px;margin-left:190px;}}<\/style>\n<div class=\"wp-block-kadence-column kadence-column3603_d84b0e-ef\"><div class=\"kt-inside-inner-col\"><style>.kb-count-up-3603_3c4557-2e .kb-count-up-title{color:var(--global-palette1, #3182CE);font-size:var(--global-kb-font-size-sm, 0.9rem);}.kb-count-up-3603_3c4557-2e .kb-count-up-title{text-align:center;}.kb-count-up-3603_3c4557-2e .kb-count-up-number{color:var(--global-palette3, #1A202C);font-size:var(--global-kb-font-size-lg, 2rem);}.kb-count-up-3603_3c4557-2e .kb-count-up-number{text-align:center;}<\/style>\n<div class=\"wp-block-kadence-countup kb-count-up-3603_3c4557-2e kb-count-up\" data-start=\"0\" data-end=\"20\" data-prefix=\"\" data-suffix=\"+\" data-duration=\"2.5\" data-separator=\"\"><div class=\"kb-count-up-process kb-count-up-number\"><\/div><div class=\"kb-count-up-title\">Stat Title<\/div><\/div>\n<\/div><\/div>\n\n\n<style>.kb-image3603_950566-e9 .kb-image-has-overlay:after{opacity:0.3;border-top-left-radius:10px;border-top-right-radius:10px;border-bottom-right-radius:10px;border-bottom-left-radius:10px;}.kb-image3603_950566-e9 img.kb-img, .kb-image3603_950566-e9 .kb-img img{border-top-left-radius:10px;border-top-right-radius:10px;border-bottom-right-radius:10px;border-bottom-left-radius:10px;object-position:54% 41%;}<\/style>\n<figure class=\"wp-block-kadence-image kb-image3603_950566-e9 size-large kb-image-is-ratio-size\"><div class=\"kb-is-ratio-image kb-image-ratio-port23\"><img loading=\"lazy\" decoding=\"async\" width=\"1024\" height=\"768\" src=\"https:\/\/khsteel.net\/wp-content\/uploads\/2025\/06\/\u5fae\u4fe1\u56fe\u7247_20250327141220-1024x768.jpg\" alt=\"\" class=\"kb-img wp-image-3078\" title=\"\" srcset=\"https:\/\/khsteel.net\/wp-content\/uploads\/2025\/06\/\u5fae\u4fe1\u56fe\u7247_20250327141220-1024x768.jpg 1024w, https:\/\/khsteel.net\/wp-content\/uploads\/2025\/06\/\u5fae\u4fe1\u56fe\u7247_20250327141220-300x225.jpg 300w, https:\/\/khsteel.net\/wp-content\/uploads\/2025\/06\/\u5fae\u4fe1\u56fe\u7247_20250327141220-768x576.jpg 768w, https:\/\/khsteel.net\/wp-content\/uploads\/2025\/06\/\u5fae\u4fe1\u56fe\u7247_20250327141220-1536x1152.jpg 1536w, https:\/\/khsteel.net\/wp-content\/uploads\/2025\/06\/\u5fae\u4fe1\u56fe\u7247_20250327141220-2048x1536.jpg 2048w, https:\/\/khsteel.net\/wp-content\/uploads\/2025\/06\/\u5fae\u4fe1\u56fe\u7247_20250327141220-16x12.jpg 16w\" sizes=\"auto, (max-width: 1024px) 100vw, 1024px\" \/><\/div><\/figure>\n<\/div><\/div>\n\n\n<style>.kadence-column3603_d5a7f6-c3 > .kt-inside-inner-col{display:flex;}.kadence-column3603_d5a7f6-c3 > .kt-inside-inner-col{padding-left:var(--global-kb-spacing-lg, 3rem);}.kadence-column3603_d5a7f6-c3 > .kt-inside-inner-col,.kadence-column3603_d5a7f6-c3 > .kt-inside-inner-col:before{border-top-left-radius:0px;border-top-right-radius:0px;border-bottom-right-radius:0px;border-bottom-left-radius:0px;}.kadence-column3603_d5a7f6-c3 > .kt-inside-inner-col{column-gap:var(--global-kb-gap-sm, 1rem);}.kadence-column3603_d5a7f6-c3 > .kt-inside-inner-col{flex-direction:column;justify-content:center;}.kadence-column3603_d5a7f6-c3 > .kt-inside-inner-col > .aligncenter{width:100%;}.kt-row-column-wrap > .kadence-column3603_d5a7f6-c3{align-self:center;}.kt-inner-column-height-full:not(.kt-has-1-columns) > .wp-block-kadence-column.kadence-column3603_d5a7f6-c3{align-self:auto;}.kt-inner-column-height-full:not(.kt-has-1-columns) > .wp-block-kadence-column.kadence-column3603_d5a7f6-c3 > .kt-inside-inner-col{flex-direction:column;justify-content:center;}.kadence-column3603_d5a7f6-c3 > .kt-inside-inner-col:before{opacity:0.3;}.kadence-column3603_d5a7f6-c3{position:relative;}@media all and (max-width: 1024px){.kt-row-column-wrap > .kadence-column3603_d5a7f6-c3{align-self:center;}}@media all and (max-width: 1024px){.kt-inner-column-height-full:not(.kt-has-1-columns) > .wp-block-kadence-column.kadence-column3603_d5a7f6-c3{align-self:auto;}}@media all and (max-width: 1024px){.kt-inner-column-height-full:not(.kt-has-1-columns) > .wp-block-kadence-column.kadence-column3603_d5a7f6-c3 > .kt-inside-inner-col{flex-direction:column;justify-content:center;}}@media all and (max-width: 1024px){.kadence-column3603_d5a7f6-c3 > .kt-inside-inner-col{flex-direction:column;justify-content:center;}}@media all and (max-width: 767px){.kt-row-column-wrap > .kadence-column3603_d5a7f6-c3{align-self:center;}.kt-inner-column-height-full:not(.kt-has-1-columns) > .wp-block-kadence-column.kadence-column3603_d5a7f6-c3{align-self:auto;}.kt-inner-column-height-full:not(.kt-has-1-columns) > .wp-block-kadence-column.kadence-column3603_d5a7f6-c3 > .kt-inside-inner-col{flex-direction:column;justify-content:center;}.kadence-column3603_d5a7f6-c3 > .kt-inside-inner-col{flex-direction:column;justify-content:center;}}<\/style>\n<div class=\"wp-block-kadence-column kadence-column3603_d5a7f6-c3\"><div class=\"kt-inside-inner-col\"><style>.wp-block-kadence-advancedheading.kt-adv-heading3603_e29c53-f5, .wp-block-kadence-advancedheading.kt-adv-heading3603_e29c53-f5[data-kb-block=\"kb-adv-heading3603_e29c53-f5\"]{padding-bottom:0px;margin-bottom:0px;text-align:left;font-size:20px;font-weight:500;font-style:normal;}.wp-block-kadence-advancedheading.kt-adv-heading3603_e29c53-f5 mark.kt-highlight, .wp-block-kadence-advancedheading.kt-adv-heading3603_e29c53-f5[data-kb-block=\"kb-adv-heading3603_e29c53-f5\"] mark.kt-highlight{font-style:normal;color:#f76a0c;-webkit-box-decoration-break:clone;box-decoration-break:clone;padding-top:0px;padding-right:0px;padding-bottom:0px;padding-left:0px;}.wp-block-kadence-advancedheading.kt-adv-heading3603_e29c53-f5 img.kb-inline-image, .wp-block-kadence-advancedheading.kt-adv-heading3603_e29c53-f5[data-kb-block=\"kb-adv-heading3603_e29c53-f5\"] img.kb-inline-image{width:150px;vertical-align:baseline;}@media all and (max-width: 1024px){.wp-block-kadence-advancedheading.kt-adv-heading3603_e29c53-f5, .wp-block-kadence-advancedheading.kt-adv-heading3603_e29c53-f5[data-kb-block=\"kb-adv-heading3603_e29c53-f5\"]{text-align:left!important;}}<\/style>\n<div class=\"kt-adv-heading3603_e29c53-f5 wp-block-kadence-advancedheading has-theme-palette-3-color has-text-color\" data-kb-block=\"kb-adv-heading3603_e29c53-f5\"><a href=\"https:\/\/lckehuan.en.alibaba.com\/\" data-type=\"link\" data-id=\"https:\/\/lckehuan.en.alibaba.com\/\" target=\"_blank\" rel=\"noopener\">https:\/\/lckehuan.en.alibaba.com\/<\/a><\/div>\n\n\n<style>.wp-block-kadence-advancedheading.kt-adv-heading3603_69edcc-75, .wp-block-kadence-advancedheading.kt-adv-heading3603_69edcc-75[data-kb-block=\"kb-adv-heading3603_69edcc-75\"]{padding-top:0px;margin-top:var(--global-kb-spacing-xs, 1rem);font-size:var(--global-kb-font-size-lg, 2rem);line-height:1.2em;font-style:normal;}.wp-block-kadence-advancedheading.kt-adv-heading3603_69edcc-75 mark.kt-highlight, .wp-block-kadence-advancedheading.kt-adv-heading3603_69edcc-75[data-kb-block=\"kb-adv-heading3603_69edcc-75\"] mark.kt-highlight{font-style:normal;color:#f76a0c;-webkit-box-decoration-break:clone;box-decoration-break:clone;padding-top:0px;padding-right:0px;padding-bottom:0px;padding-left:0px;}.wp-block-kadence-advancedheading.kt-adv-heading3603_69edcc-75 img.kb-inline-image, .wp-block-kadence-advancedheading.kt-adv-heading3603_69edcc-75[data-kb-block=\"kb-adv-heading3603_69edcc-75\"] img.kb-inline-image{width:150px;vertical-align:baseline;}@media all and (max-width: 1024px){.wp-block-kadence-advancedheading.kt-adv-heading3603_69edcc-75, .wp-block-kadence-advancedheading.kt-adv-heading3603_69edcc-75[data-kb-block=\"kb-adv-heading3603_69edcc-75\"]{font-size:var(--global-kb-font-size-lg, 2rem);text-align:left!important;}}<\/style>\n<h2 class=\"kt-adv-heading3603_69edcc-75 wp-block-kadence-advancedheading has-theme-palette-3-color has-text-color\" data-kb-block=\"kb-adv-heading3603_69edcc-75\">Shandong Kehuan Steel <\/h2>\n\n\n<style>.wp-block-kadence-advancedheading.kt-adv-heading3603_67d43b-7c, .wp-block-kadence-advancedheading.kt-adv-heading3603_67d43b-7c[data-kb-block=\"kb-adv-heading3603_67d43b-7c\"]{font-style:normal;}.wp-block-kadence-advancedheading.kt-adv-heading3603_67d43b-7c mark.kt-highlight, .wp-block-kadence-advancedheading.kt-adv-heading3603_67d43b-7c[data-kb-block=\"kb-adv-heading3603_67d43b-7c\"] mark.kt-highlight{font-style:normal;color:#f76a0c;-webkit-box-decoration-break:clone;box-decoration-break:clone;padding-top:0px;padding-right:0px;padding-bottom:0px;padding-left:0px;}.wp-block-kadence-advancedheading.kt-adv-heading3603_67d43b-7c img.kb-inline-image, .wp-block-kadence-advancedheading.kt-adv-heading3603_67d43b-7c[data-kb-block=\"kb-adv-heading3603_67d43b-7c\"] img.kb-inline-image{width:150px;vertical-align:baseline;}@media all and (max-width: 1024px){.wp-block-kadence-advancedheading.kt-adv-heading3603_67d43b-7c, .wp-block-kadence-advancedheading.kt-adv-heading3603_67d43b-7c[data-kb-block=\"kb-adv-heading3603_67d43b-7c\"]{text-align:left!important;}}<\/style>\n<p class=\"kt-adv-heading3603_67d43b-7c wp-block-kadence-advancedheading has-theme-palette-5-color has-text-color\" data-kb-block=\"kb-adv-heading3603_67d43b-7c\">&nbsp;We have large stocks, fast delivery and high quality capacity,We can provide you with CE, 3C, ISO, API and Patents, which can reduce your after-sales and infringement problems.&nbsp;Please kindly let me know more details about your specifications.<\/p>\n\n\n<style>.wp-block-kadence-advancedbtn.kb-btns3603_d09c3e-6b{gap:var(--global-kb-gap-xs, 0.5rem );justify-content:flex-start;align-items:center;}.kt-btns3603_d09c3e-6b .kt-button{font-weight:normal;font-style:normal;}<\/style>\n<div class=\"wp-block-kadence-advancedbtn kb-buttons-wrap kb-btns3603_d09c3e-6b\"><style>ul.menu .wp-block-kadence-advancedbtn .kb-btn3603_275695-06.kb-button{width:initial;}.wp-block-kadence-advancedbtn .kb-btn3603_275695-06.kb-button{padding-top:5px;padding-right:14px;padding-bottom:5px;padding-left:14px;}<\/style><a class=\"kb-button kt-button button kb-btn3603_275695-06 kt-btn-size-standard kt-btn-width-type-auto kb-btn-global-inherit  kt-btn-has-text-true kt-btn-has-svg-false  wp-block-button__link wp-block-kadence-singlebtn\" href=\"https:\/\/khsteel.net\/product\/carbon-steel-square-tubes\/\" target=\"_blank\" rel=\"noreferrer noopener\"><span class=\"kt-btn-inner-text\">Call To Action<\/span><\/a><\/div>\n<\/div><\/div>\n\n<\/div><\/div>\n\n\n<p><strong>Product Paramenters<\/strong><\/p>\n\n\n\n<figure class=\"wp-block-table\"><table class=\"has-fixed-layout\"><tbody><tr><td>Steel plate thickness<\/td><td>0.2mm~3.0mm<\/td><\/tr><tr><td>Steel plate width<\/td><td>600mm~1500mm<\/td><\/tr><tr><td>Standards and Certification<\/td><td>International Standards<\/td><\/tr><tr><td>Coating weight<\/td><td>AZ60\u3001AZ100\u3001AZ150<\/td><\/tr><tr><td>Oiled or Non-oiled<\/td><td>Oiled<\/td><\/tr><tr><td>Coating Weight<\/td><td>30g\/m\u00b2 (AZ30), 60g\/m\u00b2 (AZ60), 100g\/m\u00b2 (AZ100), 150g\/m\u00b2 (AZ150)<\/td><\/tr><tr><td>Application<\/td><td>Construction, home appliances, automobiles, industry, etc.<\/td><\/tr><tr><td>Delivery Time<\/td><td>22-30 days<\/td><\/tr><tr><td>Processing Service<\/td><td>Welding, Punching, Cutting, Bending, Decoiling<\/td><\/tr><tr><td>Spangle Type<\/td><td><br>Regular Spangle<\/td><\/tr><\/tbody><\/table><\/figure>\n\n\n\n<p><\/p>\n","protected":false},"featured_media":3100,"parent":0,"template":"","meta":{"_acf_changed":false,"_gspb_post_css":"","_kad_blocks_custom_css":"","_kad_blocks_head_custom_js":"","_kad_blocks_body_custom_js":"","_kad_blocks_footer_custom_js":"","_kad_post_transparent":"","_kad_post_title":"","_kad_post_layout":"","_kad_post_sidebar_id":"","_kad_post_content_style":"","_kad_post_vertical_padding":"","_kad_post_feature":"","_kad_post_feature_position":"","_kad_post_header":false,"_kad_post_footer":false,"_kad_post_classname":""},"product-category":[88],"class_list":["post-3603","product","type-product","status-publish","has-post-thumbnail","hentry","product-category-cold-rolled-plate-patterned-plate"],"acf":[],"taxonomy_info":{"product-category":[{"value":88,"label":"Cold rolled plate"}]},"featured_image_src_large":["https:\/\/khsteel.net\/wp-content\/uploads\/2024\/07\/1\u9996\u56fe-1024x1024.jpg",1024,1024,true],"author_info":[],"comment_info":"","_links":{"self":[{"href":"https:\/\/khsteel.net\/fr\/wp-json\/wp\/v2\/product\/3603","targetHints":{"allow":["GET"]}}],"collection":[{"href":"https:\/\/khsteel.net\/fr\/wp-json\/wp\/v2\/product"}],"about":[{"href":"https:\/\/khsteel.net\/fr\/wp-json\/wp\/v2\/types\/product"}],"wp:featuredmedia":[{"embeddable":true,"href":"https:\/\/khsteel.net\/fr\/wp-json\/wp\/v2\/media\/3100"}],"wp:attachment":[{"href":"https:\/\/khsteel.net\/fr\/wp-json\/wp\/v2\/media?parent=3603"}],"wp:term":[{"taxonomy":"product-category","embeddable":true,"href":"https:\/\/khsteel.net\/fr\/wp-json\/wp\/v2\/product-category?post=3603"}],"curies":[{"name":"wp","href":"https:\/\/api.w.org\/{rel}","templated":true}]}}