{"id":3568,"date":"2025-06-25T03:01:15","date_gmt":"2025-06-25T03:01:15","guid":{"rendered":"https:\/\/khsteel.net\/?post_type=product&#038;p=3568"},"modified":"2025-06-25T03:03:26","modified_gmt":"2025-06-25T03:03:26","slug":"tube-en-acier-allie","status":"publish","type":"product","link":"https:\/\/khsteel.net\/fr\/product\/alloy-steel-pipe\/","title":{"rendered":"Tube en acier alli\u00e9 lamin\u00e9 \u00e0 chaud 4130 42CrMo4 15CrMo pour la fabrication m\u00e9canique aSTM A213-T12 Round Steel Tube Carbon Seamless Pipes"},"content":{"rendered":"\n<h3 class=\"wp-block-heading\" id=\"seamless-steel-pipe-product-description\">seamless steel pipe product description<\/h3>\n\n\n\n<div class=\"wp-block-greenshift-blocks-container gspb_container gspb_container-gsbp-8e174e9\" id=\"gspb_container-id-gsbp-8e174e9\">\n<div class=\"wp-block-group\"><div class=\"wp-block-group__inner-container is-layout-constrained wp-block-group-is-layout-constrained\">\n<figure class=\"wp-block-table\"><table class=\"has-fixed-layout\"><tbody><tr><td>Product<\/td><td colspan=\"4\">Alloy steel pipe<\/td><\/tr><tr><td>Standard<\/td><td colspan=\"3\">API, ASTM, BS, DIN, GB, JIS<\/td><td>&nbsp;<\/td><\/tr><tr><td>Material<\/td><td colspan=\"3\">10#, 20#, A53(A,B), A106(B,C), A179-C, ST37, ST42, ST35.8, St42-2, St45-8, 10#-45#, A53-A369, ST35-ST52,AISI 1020\/1045\/1050 ,C75,S45C ,65MN ,ETC<\/td><td>&nbsp;<\/td><\/tr><tr><td>Length<\/td><td colspan=\"4\">According to customer requirement\uff08Stock length 6M-12M)<\/td><\/tr><tr><td>Thickness<\/td><td colspan=\"4\">1 &#8211; 60 mm Or customized according to customers<\/td><\/tr><tr><td>OD<\/td><td colspan=\"4\">10mm-1600mm<\/td><\/tr><tr><td>Surface<\/td><td colspan=\"4\">Galvanized ,oil,bright,black \/Or customized according to customers<\/td><\/tr><tr><td>Technique<\/td><td colspan=\"4\">Hot rolled cold rolled\/drawn<\/td><\/tr><tr><td>Port<\/td><td colspan=\"4\">Tianjin port or Designated port<\/td><\/tr><tr><td>Processing service<\/td><td colspan=\"4\">Cutting, Painting, Polishing, Anti-corrosion, Capping<\/td><\/tr><tr><td>Terms of payment<\/td><td colspan=\"4\">L\/C,T\/T<\/td><\/tr><\/tbody><\/table><\/figure>\n<\/div><\/div>\n<\/div>\n\n\n\n<p>Seamless alloy steel pipe is a kind of hollow section, no joints around the strip of steel. Steel pipe is divided into hot rolled and cold drawn (rolled) two kinds, hot rolled seamless pipe is generally processed on automatic lathe, its outer diameter,wallthickness dimension precision is higher, smooth surface, uniform wall thickness, can be fixed or times thesize of the delivery;The specifications of cold-rolled (dial) seamless alloy steel pipes are expressed in terms of externaldimensions (such as outerdiameter or side length) and wall thickness. The size range is 2-200mm in diameter.<\/p>\n\n\n\n<figure class=\"wp-block-table\"><table class=\"has-fixed-layout\"><tbody><tr><td colspan=\"6\"><strong>Chemical composition %<\/strong><\/td><\/tr><tr><td rowspan=\"2\"><strong>Steel Grade<\/strong><\/td><td rowspan=\"2\"><strong>C<\/strong><\/td><td rowspan=\"2\"><strong>Si<\/strong><\/td><td rowspan=\"2\"><strong>Mn<\/strong><\/td><td><strong>P<\/strong><\/td><td><strong>S<\/strong><\/td><\/tr><tr><td colspan=\"2\"><strong>\u2264<\/strong><\/td><\/tr><tr><td><strong>20#<\/strong><\/td><td>0.17-0.24<\/td><td>0.17-0.37<\/td><td>0.35-0.65<\/td><td>0.035<\/td><td>0.035<\/td><\/tr><tr><td><strong>45#<\/strong><\/td><td>0.42-0.50<\/td><td>0.17-0.37<\/td><td>0.50-0.80<\/td><td>0.035<\/td><td>0.035<\/td><\/tr><tr><td><strong>Q345B<\/strong><\/td><td>\u22640.2<\/td><td>\u22640.5<\/td><td>1.00-1.60<\/td><td>0.03<\/td><td>0.03<\/td><\/tr><tr><td><strong>25Mn<\/strong><\/td><td>0.22-0.29<\/td><td>0.17-0.37<\/td><td>0.70-1.00<\/td><td>0.035<\/td><td>0.035<\/td><\/tr><tr><td><strong>27SiMn<\/strong><\/td><td>0.24-0.32<\/td><td>1.10-1.40<\/td><td>1.10-1.40<\/td><td>0.035<\/td><td>0.035<\/td><\/tr><tr><td><strong>ST52<\/strong><\/td><td>\u22640.22<\/td><td>\u22640.55<\/td><td>\u22641.6<\/td><td>0.025<\/td><td>0.025<\/td><\/tr><tr><td><strong>SAE1026<\/strong><\/td><td>0.22-0.28<\/td><td>0.15-0.35<\/td><td>0.60-0.90<\/td><td>0.04<\/td><td>0.05<\/td><\/tr><\/tbody><\/table><\/figure>\n\n\n\n<figure class=\"wp-block-image size-large is-resized\"><img loading=\"lazy\" decoding=\"async\" width=\"1024\" height=\"683\" src=\"https:\/\/khsteel.net\/wp-content\/uploads\/2025\/06\/IMG_5563-1024x683.jpg\" alt=\"\" class=\"wp-image-3317\" style=\"width:1499px;height:auto\" title=\"\" srcset=\"https:\/\/khsteel.net\/wp-content\/uploads\/2025\/06\/IMG_5563-1024x683.jpg 1024w, https:\/\/khsteel.net\/wp-content\/uploads\/2025\/06\/IMG_5563-300x200.jpg 300w, https:\/\/khsteel.net\/wp-content\/uploads\/2025\/06\/IMG_5563-768x512.jpg 768w, https:\/\/khsteel.net\/wp-content\/uploads\/2025\/06\/IMG_5563-1536x1024.jpg 1536w, https:\/\/khsteel.net\/wp-content\/uploads\/2025\/06\/IMG_5563-2048x1365.jpg 2048w, https:\/\/khsteel.net\/wp-content\/uploads\/2025\/06\/IMG_5563-18x12.jpg 18w\" sizes=\"auto, (max-width: 1024px) 100vw, 1024px\" \/><\/figure>\n\n\n\n<p>Hot-rolled seamless steel pipes are further divided into general steel pipes, stainless steel pipes, high-pressure boiler steel pipes, medium-pressure boiler steel pipes, low-pressure boiler steel pipes, petroleum cracking pipes, alloy steel pipes,geological steel pipes and other steel pipes. In addition to alloy steel pipes, general steel pipes, petroleum cracking pipes, low and medium pressure boiler steel pipes, high pressure boiler steel pipes, stainless steel pipes, and other steel pipes,cold-rolled seamless steel pipes also include stainless thin-walled steel pipes, carbon thin-walled steel pipes, and alloy thin-walled steel pipes.Wall steel pipes and special-shaped steel pipes.<\/p>\n\n\n\n<p>The outer diameter of hot-rolled seamless pipes is generally greater than 32mm,and the wall thickness is between 2.5-75mm, while the outer diameter of cold-rolled seamless pipes can reach 6mm and the wall thickness can reach 0.25mm, and the outer diameter of thin-walled pipes can reach 5mm and wall thickness. less than 0.25mm.Seamless steel pipes are rolled from carbon structural steel, low-alloy structural steel, and alloy structural steel, so their output is the largest. Seamless steel pipes are mainly used as pipes or structural parts for conveying fluids.<\/p>\n\n\n\n<figure class=\"wp-block-image size-large is-resized\"><img loading=\"lazy\" decoding=\"async\" width=\"1024\" height=\"683\" src=\"https:\/\/khsteel.net\/wp-content\/uploads\/2025\/06\/IMG_5582-1024x683.jpg\" alt=\"\" class=\"wp-image-3383\" style=\"width:1500px;height:auto\" title=\"\" srcset=\"https:\/\/khsteel.net\/wp-content\/uploads\/2025\/06\/IMG_5582-1024x683.jpg 1024w, https:\/\/khsteel.net\/wp-content\/uploads\/2025\/06\/IMG_5582-300x200.jpg 300w, https:\/\/khsteel.net\/wp-content\/uploads\/2025\/06\/IMG_5582-768x512.jpg 768w, https:\/\/khsteel.net\/wp-content\/uploads\/2025\/06\/IMG_5582-1536x1024.jpg 1536w, https:\/\/khsteel.net\/wp-content\/uploads\/2025\/06\/IMG_5582-2048x1365.jpg 2048w, https:\/\/khsteel.net\/wp-content\/uploads\/2025\/06\/IMG_5582-18x12.jpg 18w\" sizes=\"auto, (max-width: 1024px) 100vw, 1024px\" \/><\/figure>\n\n\n\n<figure class=\"wp-block-image size-full is-resized\"><img loading=\"lazy\" decoding=\"async\" width=\"676\" height=\"787\" src=\"https:\/\/khsteel.net\/wp-content\/uploads\/2025\/06\/1750672272659.png\" alt=\"\" class=\"wp-image-3318\" style=\"width:1495px;height:auto\" title=\"\" srcset=\"https:\/\/khsteel.net\/wp-content\/uploads\/2025\/06\/1750672272659.png 676w, https:\/\/khsteel.net\/wp-content\/uploads\/2025\/06\/1750672272659-258x300.png 258w, https:\/\/khsteel.net\/wp-content\/uploads\/2025\/06\/1750672272659-10x12.png 10w\" sizes=\"auto, (max-width: 676px) 100vw, 676px\" \/><\/figure>\n\n\n\n<h3 class=\"wp-block-heading\" id=\"application\">application <\/h3>\n\n\n\n<p>Various applications referring to the large size factory buildings, storage, vehicle industry, machinery Industry, automobile industry, petroleum transportation, ship structure, etc.<\/p>\n\n\n\n<figure class=\"wp-block-image size-full is-resized\"><img loading=\"lazy\" decoding=\"async\" width=\"750\" height=\"744\" src=\"https:\/\/khsteel.net\/wp-content\/uploads\/2025\/06\/12300-2.png\" alt=\"\" class=\"wp-image-3469\" style=\"width:1500px;height:auto\" title=\"\" srcset=\"https:\/\/khsteel.net\/wp-content\/uploads\/2025\/06\/12300-2.png 750w, https:\/\/khsteel.net\/wp-content\/uploads\/2025\/06\/12300-2-300x298.png 300w, https:\/\/khsteel.net\/wp-content\/uploads\/2025\/06\/12300-2-150x150.png 150w, https:\/\/khsteel.net\/wp-content\/uploads\/2025\/06\/12300-2-12x12.png 12w\" sizes=\"auto, (max-width: 750px) 100vw, 750px\" \/><\/figure>\n\n\n<style>.kb-row-layout-id3568_06b823-b8 > .kt-row-column-wrap{align-content:center;}:where(.kb-row-layout-id3568_06b823-b8 > .kt-row-column-wrap) > .wp-block-kadence-column{justify-content:center;}.kb-row-layout-id3568_06b823-b8 > .kt-row-column-wrap{column-gap:var(--global-kb-gap-none, 0rem );row-gap:var(--global-kb-gap-none, 0rem );max-width:var( --global-content-width, 1500px );padding-left:var(--global-content-edge-padding);padding-right:var(--global-content-edge-padding);padding-top:var(--global-kb-spacing-xl, 4rem);padding-bottom:var(--global-kb-spacing-xl, 4rem);grid-template-columns:minmax(0, calc(50% - ((var(--global-kb-gap-none, 0rem ) * 2 )\/3)))minmax(0, calc(15% - ((var(--global-kb-gap-none, 0rem ) * 2 )\/3)))minmax(0, calc(35% - ((var(--global-kb-gap-none, 0rem ) * 2 )\/3)));}.kb-row-layout-id3568_06b823-b8 > .kt-row-layout-overlay{opacity:0.30;}@media all and (max-width: 1024px){.kb-row-layout-id3568_06b823-b8 > .kt-row-column-wrap > div:not(.added-for-specificity){grid-column:initial;}}@media all and (max-width: 1024px){.kb-row-layout-id3568_06b823-b8 > .kt-row-column-wrap{grid-template-columns:minmax(0, 2fr) minmax(0, 1fr) minmax(0, 1fr);}}@media all and (max-width: 767px){.kb-row-layout-id3568_06b823-b8 > .kt-row-column-wrap > div:not(.added-for-specificity){grid-column:initial;}.kb-row-layout-id3568_06b823-b8 > .kt-row-column-wrap{grid-template-columns:minmax(0, 1fr);}}<\/style><div class=\"kb-row-layout-wrap kb-row-layout-id3568_06b823-b8 alignfull has-theme-palette8-background-color kt-row-has-bg wp-block-kadence-rowlayout\"><div class=\"kt-row-column-wrap kt-has-3-columns kt-row-layout-equal kt-tab-layout-left-half kt-mobile-layout-row kt-row-valign-middle kt-inner-column-height-full kb-theme-content-width\">\n<style>.kadence-column3568_b75611-c5 > .kt-inside-inner-col,.kadence-column3568_b75611-c5 > .kt-inside-inner-col:before{border-top-left-radius:10px;border-top-right-radius:10px;border-bottom-right-radius:10px;border-bottom-left-radius:10px;}.kadence-column3568_b75611-c5 > .kt-inside-inner-col{column-gap:var(--global-kb-gap-sm, 1rem);}.kadence-column3568_b75611-c5 > .kt-inside-inner-col{flex-direction:column;}.kadence-column3568_b75611-c5 > .kt-inside-inner-col > .aligncenter{width:100%;}.kadence-column3568_b75611-c5 > .kt-inside-inner-col:before{opacity:0.3;}.kadence-column3568_b75611-c5{position:relative;}@media all and (max-width: 1024px){.kadence-column3568_b75611-c5 > .kt-inside-inner-col{flex-direction:column;justify-content:center;}}@media all and (max-width: 767px){.kadence-column3568_b75611-c5 > .kt-inside-inner-col{flex-direction:column;justify-content:center;}}<\/style>\n<div class=\"wp-block-kadence-column kadence-column3568_b75611-c5\"><div class=\"kt-inside-inner-col\">\n<p><a href=\"https:\/\/lckehuan.en.alibaba.com\/\" data-type=\"link\" data-id=\"https:\/\/lckehuan.en.alibaba.com\/\" target=\"_blank\" rel=\"noopener\">https:\/\/lckehuan.en.alibaba.com\/<\/a><\/p>\n\n\n<style>.wp-block-kadence-advancedheading.kt-adv-heading3568_dc80eb-27, .wp-block-kadence-advancedheading.kt-adv-heading3568_dc80eb-27[data-kb-block=\"kb-adv-heading3568_dc80eb-27\"]{padding-top:0px;margin-top:0px;font-size:var(--global-kb-font-size-xl, 3rem);line-height:1.2;font-style:normal;}.wp-block-kadence-advancedheading.kt-adv-heading3568_dc80eb-27 mark.kt-highlight, .wp-block-kadence-advancedheading.kt-adv-heading3568_dc80eb-27[data-kb-block=\"kb-adv-heading3568_dc80eb-27\"] mark.kt-highlight{font-style:normal;color:#f76a0c;-webkit-box-decoration-break:clone;box-decoration-break:clone;padding-top:0px;padding-right:0px;padding-bottom:0px;padding-left:0px;}.wp-block-kadence-advancedheading.kt-adv-heading3568_dc80eb-27 img.kb-inline-image, .wp-block-kadence-advancedheading.kt-adv-heading3568_dc80eb-27[data-kb-block=\"kb-adv-heading3568_dc80eb-27\"] img.kb-inline-image{width:150px;vertical-align:baseline;}<\/style>\n<h2 class=\"kt-adv-heading3568_dc80eb-27 wp-block-kadence-advancedheading has-theme-palette-3-color has-text-color\" data-kb-block=\"kb-adv-heading3568_dc80eb-27\">Shandong Kehuan Steel Company<\/h2>\n\n\n<style>.wp-block-kadence-advancedheading.kt-adv-heading3568_e3de35-cd, .wp-block-kadence-advancedheading.kt-adv-heading3568_e3de35-cd[data-kb-block=\"kb-adv-heading3568_e3de35-cd\"]{margin-bottom:var(--global-kb-spacing-xs, 1rem);font-style:normal;}.wp-block-kadence-advancedheading.kt-adv-heading3568_e3de35-cd mark.kt-highlight, .wp-block-kadence-advancedheading.kt-adv-heading3568_e3de35-cd[data-kb-block=\"kb-adv-heading3568_e3de35-cd\"] mark.kt-highlight{font-style:normal;color:#f76a0c;-webkit-box-decoration-break:clone;box-decoration-break:clone;padding-top:0px;padding-right:0px;padding-bottom:0px;padding-left:0px;}.wp-block-kadence-advancedheading.kt-adv-heading3568_e3de35-cd img.kb-inline-image, .wp-block-kadence-advancedheading.kt-adv-heading3568_e3de35-cd[data-kb-block=\"kb-adv-heading3568_e3de35-cd\"] img.kb-inline-image{width:150px;vertical-align:baseline;}<\/style>\n<p class=\"kt-adv-heading3568_e3de35-cd wp-block-kadence-advancedheading has-theme-palette-5-color has-text-color\" data-kb-block=\"kb-adv-heading3568_e3de35-cd\">&nbsp;we can provide you with CE, 3C, ISO, API and patents, which can reduce your after-sales and infringement problems.<\/p>\n\n\n<style>.wp-block-kadence-advancedbtn.kt-btns3568_2daf20-aa, .site .entry-content .wp-block-kadence-advancedbtn.kt-btns3568_2daf20-aa, .wp-block-kadence-advancedbtn.kb-btns3568_2daf20-aa, .site .entry-content .wp-block-kadence-advancedbtn.kb-btns3568_2daf20-aa{margin-top:var(--global-kb-spacing-lg, 3rem);}.wp-block-kadence-advancedbtn.kb-btns3568_2daf20-aa{gap:var(--global-kb-gap-xs, 0.5rem );justify-content:flex-start;align-items:center;}.kt-btns3568_2daf20-aa .kt-button{font-weight:normal;font-style:normal;}.kt-btns3568_2daf20-aa .kt-btn-wrap-0{margin-right:5px;}.wp-block-kadence-advancedbtn.kt-btns3568_2daf20-aa .kt-btn-wrap-0 .kt-button{color:#555555;border-color:#555555;}.wp-block-kadence-advancedbtn.kt-btns3568_2daf20-aa .kt-btn-wrap-0 .kt-button:hover, .wp-block-kadence-advancedbtn.kt-btns3568_2daf20-aa .kt-btn-wrap-0 .kt-button:focus{color:#ffffff;border-color:#444444;}.wp-block-kadence-advancedbtn.kt-btns3568_2daf20-aa .kt-btn-wrap-0 .kt-button::before{display:none;}.wp-block-kadence-advancedbtn.kt-btns3568_2daf20-aa .kt-btn-wrap-0 .kt-button:hover, .wp-block-kadence-advancedbtn.kt-btns3568_2daf20-aa .kt-btn-wrap-0 .kt-button:focus{background:#444444;}@media all and (max-width: 1024px){.wp-block-kadence-advancedbtn.kb-btns3568_2daf20-aa{gap:var(--global-kb-gap-none, 0rem );flex-direction:row;justify-content:flex-start;align-items:center;}}<\/style>\n<div class=\"wp-block-kadence-advancedbtn kb-buttons-wrap kb-btns3568_2daf20-aa\"><style>ul.menu .wp-block-kadence-advancedbtn .kb-btn3568_1338d9-20.kb-button{width:initial;}<\/style><a class=\"kb-button kt-button button kb-btn3568_1338d9-20 kt-btn-size-standard kt-btn-width-type-auto kb-btn-global-inherit  kt-btn-has-text-true kt-btn-has-svg-false  wp-block-button__link wp-block-kadence-singlebtn\" href=\"https:\/\/khsteel.net\/manufacturing\/\"><span class=\"kt-btn-inner-text\">Call To Action<\/span><\/a>\n\n<style>ul.menu .wp-block-kadence-advancedbtn .kb-btn3568_1aa867-29.kb-button{width:initial;}.wp-block-kadence-advancedbtn .kb-btn3568_1aa867-29.kb-button{color:var(--global-palette3, #1A202C);background:var(--global-palette8, #F7FAFC);}.wp-block-kadence-advancedbtn .kb-btn3568_1aa867-29.kb-button:hover, .wp-block-kadence-advancedbtn .kb-btn3568_1aa867-29.kb-button:focus{color:var(--global-palette2, #2B6CB0);background:var(--global-palette8, #F7FAFC);box-shadow:0px 0px 0px 0px rgba(0, 0, 0, 0.4);}<\/style><a class=\"kb-button kt-button button kb-btn3568_1aa867-29 kt-btn-size-standard kt-btn-width-type-auto kb-btn-global-inherit  kt-btn-has-text-true kt-btn-has-svg-true  wp-block-button__link wp-block-kadence-singlebtn\" href=\"https:\/\/lckehuan.en.alibaba.com\/\" target=\"_blank\" rel=\"noopener\"><span class=\"kt-btn-inner-text\">Secondary Button<\/span><span class=\"kb-svg-icon-wrap kb-svg-icon-fe_arrowRight kt-btn-icon-side-right\"><svg viewBox=\"0 0 24 24\"  fill=\"none\" stroke=\"currentColor\" stroke-width=\"2\" stroke-linecap=\"round\" stroke-linejoin=\"round\" xmlns=\"http:\/\/www.w3.org\/2000\/svg\"  aria-hidden=\"true\"><line x1=\"5\" y1=\"12\" x2=\"19\" y2=\"12\"\/><polyline points=\"12 5 19 12 12 19\"\/><\/svg><\/span><\/a><\/div>\n<\/div><\/div>\n\n\n<style>.kadence-column3568_9217d2-33 > .kt-inside-inner-col,.kadence-column3568_9217d2-33 > .kt-inside-inner-col:before{border-top-left-radius:0px;border-top-right-radius:0px;border-bottom-right-radius:0px;border-bottom-left-radius:0px;}.kadence-column3568_9217d2-33 > .kt-inside-inner-col{column-gap:var(--global-kb-gap-sm, 1rem);}.kadence-column3568_9217d2-33 > .kt-inside-inner-col{flex-direction:column;}.kadence-column3568_9217d2-33 > .kt-inside-inner-col > .aligncenter{width:100%;}.kadence-column3568_9217d2-33 > .kt-inside-inner-col:before{opacity:0.3;}.kadence-column3568_9217d2-33{z-index:10;position:relative;}@media all and (max-width: 1024px){.kadence-column3568_9217d2-33 > .kt-inside-inner-col{flex-direction:column;justify-content:center;}}@media all and (max-width: 767px){.kadence-column3568_9217d2-33 > .kt-inside-inner-col{flex-direction:column;justify-content:center;}}<\/style>\n<div class=\"wp-block-kadence-column kadence-column3568_9217d2-33\"><div class=\"kt-inside-inner-col\"><style>.wp-block-kadence-image.kb-image3568_154be2-7a:not(.kb-specificity-added):not(.kb-extra-specificity-added){margin-top:-220px;margin-right:-90px;}.kb-image3568_154be2-7a .kb-image-has-overlay:after{opacity:0.3;border-top-left-radius:10px;border-top-right-radius:10px;border-bottom-right-radius:10px;border-bottom-left-radius:10px;}.kb-image3568_154be2-7a img.kb-img, .kb-image3568_154be2-7a .kb-img img{border-top:3px solid var(--global-palette9, #ffffff);border-right:3px solid var(--global-palette9, #ffffff);border-bottom:3px solid var(--global-palette9, #ffffff);border-left:3px solid var(--global-palette9, #ffffff);border-top-left-radius:10px;border-top-right-radius:10px;border-bottom-right-radius:10px;border-bottom-left-radius:10px;}@media all and (max-width: 1024px){.kb-image3568_154be2-7a img.kb-img, .kb-image3568_154be2-7a .kb-img img{border-top:3px solid var(--global-palette9, #ffffff);border-right:3px solid var(--global-palette9, #ffffff);border-bottom:3px solid var(--global-palette9, #ffffff);border-left:3px solid var(--global-palette9, #ffffff);}}@media all and (max-width: 767px){.wp-block-kadence-image.kb-image3568_154be2-7a:not(.kb-specificity-added):not(.kb-extra-specificity-added){margin-top:var(--global-kb-spacing-lg, 3rem);margin-right:0px;margin-bottom:0px;margin-left:0px;}.kb-image3568_154be2-7a img.kb-img, .kb-image3568_154be2-7a .kb-img img{border-top:3px solid var(--global-palette9, #ffffff);border-right:3px solid var(--global-palette9, #ffffff);border-bottom:3px solid var(--global-palette9, #ffffff);border-left:3px solid var(--global-palette9, #ffffff);}}<\/style>\n<figure class=\"wp-block-kadence-image kb-image3568_154be2-7a size-full kb-image-is-ratio-size\"><div class=\"kb-is-ratio-image kb-image-ratio-square\"><img loading=\"lazy\" decoding=\"async\" width=\"750\" height=\"632\" src=\"https:\/\/khsteel.net\/wp-content\/uploads\/2025\/06\/\u5ba2\u6237\u63a5\u5f85.png\" alt=\"\" class=\"kb-img wp-image-2525\" title=\"\" srcset=\"https:\/\/khsteel.net\/wp-content\/uploads\/2025\/06\/\u5ba2\u6237\u63a5\u5f85.png 750w, https:\/\/khsteel.net\/wp-content\/uploads\/2025\/06\/\u5ba2\u6237\u63a5\u5f85-300x253.png 300w, https:\/\/khsteel.net\/wp-content\/uploads\/2025\/06\/\u5ba2\u6237\u63a5\u5f85-14x12.png 14w\" sizes=\"auto, (max-width: 750px) 100vw, 750px\" \/><\/div><\/figure>\n<\/div><\/div>\n\n\n<style>.kadence-column3568_2e3b81-6b > .kt-inside-inner-col,.kadence-column3568_2e3b81-6b > .kt-inside-inner-col:before{border-top-left-radius:10px;border-top-right-radius:10px;border-bottom-right-radius:10px;border-bottom-left-radius:10px;}.kadence-column3568_2e3b81-6b > .kt-inside-inner-col{column-gap:var(--global-kb-gap-sm, 1rem);}.kadence-column3568_2e3b81-6b > .kt-inside-inner-col{flex-direction:column;}.kadence-column3568_2e3b81-6b > .kt-inside-inner-col > .aligncenter{width:100%;}.kadence-column3568_2e3b81-6b > .kt-inside-inner-col:before{opacity:0.3;}.kadence-column3568_2e3b81-6b{position:relative;}@media all and (max-width: 1024px){.kadence-column3568_2e3b81-6b > .kt-inside-inner-col{flex-direction:column;justify-content:center;}}@media all and (max-width: 767px){.kadence-column3568_2e3b81-6b > .kt-inside-inner-col{flex-direction:column;justify-content:center;}}<\/style>\n<div class=\"wp-block-kadence-column kadence-column3568_2e3b81-6b\"><div class=\"kt-inside-inner-col\"><style>.kb-image3568_bf2c80-65.kb-image-is-ratio-size, .kb-image3568_bf2c80-65 .kb-image-is-ratio-size{max-width:536px;width:100%;}.wp-block-kadence-column > .kt-inside-inner-col > .kb-image3568_bf2c80-65.kb-image-is-ratio-size, .wp-block-kadence-column > .kt-inside-inner-col > .kb-image3568_bf2c80-65 .kb-image-is-ratio-size{align-self:unset;}.kb-image3568_bf2c80-65{max-width:536px;}.image-is-svg.kb-image3568_bf2c80-65{-webkit-flex:0 1 100%;flex:0 1 100%;}.image-is-svg.kb-image3568_bf2c80-65 img{width:100%;}.kb-image3568_bf2c80-65 .kb-image-has-overlay:after{opacity:0.3;border-top-left-radius:10px;border-top-right-radius:10px;border-bottom-right-radius:10px;border-bottom-left-radius:10px;}.kb-image3568_bf2c80-65 img.kb-img, .kb-image3568_bf2c80-65 .kb-img img{border-top-left-radius:10px;border-top-right-radius:10px;border-bottom-right-radius:10px;border-bottom-left-radius:10px;}<\/style>\n<figure class=\"wp-block-kadence-image kb-image3568_bf2c80-65 size-full kb-image-is-ratio-size\"><div class=\"kb-is-ratio-image kb-image-ratio-port34\"><img loading=\"lazy\" decoding=\"async\" width=\"2560\" height=\"1920\" src=\"https:\/\/khsteel.net\/wp-content\/uploads\/2025\/06\/\u5382\u95e8\u53e3-scaled.jpg\" alt=\"\" class=\"kb-img wp-image-2482\" title=\"\" srcset=\"https:\/\/khsteel.net\/wp-content\/uploads\/2025\/06\/\u5382\u95e8\u53e3-scaled.jpg 2560w, https:\/\/khsteel.net\/wp-content\/uploads\/2025\/06\/\u5382\u95e8\u53e3-300x225.jpg 300w, https:\/\/khsteel.net\/wp-content\/uploads\/2025\/06\/\u5382\u95e8\u53e3-1024x768.jpg 1024w, https:\/\/khsteel.net\/wp-content\/uploads\/2025\/06\/\u5382\u95e8\u53e3-768x576.jpg 768w, https:\/\/khsteel.net\/wp-content\/uploads\/2025\/06\/\u5382\u95e8\u53e3-1536x1152.jpg 1536w, https:\/\/khsteel.net\/wp-content\/uploads\/2025\/06\/\u5382\u95e8\u53e3-2048x1536.jpg 2048w, https:\/\/khsteel.net\/wp-content\/uploads\/2025\/06\/\u5382\u95e8\u53e3-16x12.jpg 16w\" sizes=\"auto, (max-width: 2560px) 100vw, 2560px\" \/><\/div><\/figure>\n<\/div><\/div>\n\n<\/div><\/div>\n\n\n<p><\/p>\n","protected":false},"featured_media":3567,"parent":0,"template":"","meta":{"_acf_changed":true,"_gspb_post_css":".gspb_container-id-gsbp-8e174e9{flex-direction:column;box-sizing:border-box}#gspb_container-id-gsbp-8e174e9.gspb_container>p:last-of-type{margin-bottom:0}#gspb_container-id-gsbp-8e174e9.gspb_container{position:relative;margin-bottom:0}","_kad_blocks_custom_css":"","_kad_blocks_head_custom_js":"","_kad_blocks_body_custom_js":"","_kad_blocks_footer_custom_js":"","_kad_post_transparent":"","_kad_post_title":"","_kad_post_layout":"","_kad_post_sidebar_id":"","_kad_post_content_style":"","_kad_post_vertical_padding":"","_kad_post_feature":"","_kad_post_feature_position":"","_kad_post_header":false,"_kad_post_footer":false,"_kad_post_classname":""},"product-category":[72],"class_list":["post-3568","product","type-product","status-publish","has-post-thumbnail","hentry","product-category-seamless-alloy-pipe"],"acf":[],"taxonomy_info":{"product-category":[{"value":72,"label":"Seamless\/Alloy Pipe"}]},"featured_image_src_large":["https:\/\/khsteel.net\/wp-content\/uploads\/2025\/06\/IMG_5576-1024x683.jpg",1024,683,true],"author_info":[],"comment_info":"","_links":{"self":[{"href":"https:\/\/khsteel.net\/fr\/wp-json\/wp\/v2\/product\/3568","targetHints":{"allow":["GET"]}}],"collection":[{"href":"https:\/\/khsteel.net\/fr\/wp-json\/wp\/v2\/product"}],"about":[{"href":"https:\/\/khsteel.net\/fr\/wp-json\/wp\/v2\/types\/product"}],"wp:featuredmedia":[{"embeddable":true,"href":"https:\/\/khsteel.net\/fr\/wp-json\/wp\/v2\/media\/3567"}],"wp:attachment":[{"href":"https:\/\/khsteel.net\/fr\/wp-json\/wp\/v2\/media?parent=3568"}],"wp:term":[{"taxonomy":"product-category","embeddable":true,"href":"https:\/\/khsteel.net\/fr\/wp-json\/wp\/v2\/product-category?post=3568"}],"curies":[{"name":"wp","href":"https:\/\/api.w.org\/{rel}","templated":true}]}}