{"id":3416,"date":"2025-06-24T07:38:57","date_gmt":"2025-06-24T07:38:57","guid":{"rendered":"https:\/\/khsteel.net\/?post_type=product&#038;p=3416"},"modified":"2025-06-25T03:19:12","modified_gmt":"2025-06-25T03:19:12","slug":"tubes-carres-en-acier-au-carbone","status":"publish","type":"product","link":"https:\/\/khsteel.net\/fr\/product\/carbon-steel-square-tubes\/","title":{"rendered":"Vente directe en usine de tubes hydrauliques ASTM de haute qualit\u00e9, lamin\u00e9s \u00e0 froid et \u00e0 chaud, tubes carr\u00e9s en acier au carbone"},"content":{"rendered":"<p>Site web de l'entreprise<\/p>\n\n\n\n<p>Site web du bureau :<a href=\"https:\/\/khsteel.net\/fr\/\">https:\/\/khsteel.net\/<\/a><br>Site web d'Alibaba :<a href=\"https:\/\/lckehuan.en.alibaba.com\/\" target=\"_blank\" rel=\"noopener\">https:\/\/lckehuan.en.alibaba.com\/<\/a><\/p>\n\n\n\n<h2 class=\"wp-block-heading\" id=\"product-parameters\">Param\u00e8tres du produit <\/h2>\n\n\n\n<figure class=\"wp-block-table\"><table class=\"has-fixed-layout\"><tbody><tr><td>Produits de base<\/td><td>Tubes carr\u00e9s en acier au carbone<\/td><\/tr><tr><td>Mat\u00e9riau<\/td><td>Acier au carbone \/ galvanis\u00e9 \/ inoxydable<\/td><\/tr><tr><td>Standard<\/td><td>ASTM A554, A249, A269 et A270<\/td><\/tr><tr><td>Certification<\/td><td>SGS, BV, etc.<\/td><\/tr><tr><td>Diam\u00e8tre ext\u00e9rieur<\/td><td>10mm-600mm, ou selon vos besoins<\/td><\/tr><tr><td>\u00c9paisseur<\/td><td>0,3mm-100mm, ou selon les besoins<\/td><\/tr><tr><td>Longueur<\/td><td>6m ou selon la demande du client<\/td><\/tr><tr><td>Surface<\/td><td>180G, 240G, 320G Satin \/ Hairline 400G, 600G Finition miroir<\/td><\/tr><tr><td>D\u00e9lai de livraison<\/td><td>7-15 jours apr\u00e8s la confirmation de la commande<\/td><\/tr><tr><td>Tol\u00e9rance<\/td><td>a) Diam\u00e8tre : +\/- 0,2 mm<br>b) \u00c9paisseur : +\/- 0,02 mm<br>c) Longueur : +\/- 5 mm<\/td><\/tr><tr><td>Terme du commerce<\/td><td>FOB, CIF, CFR<\/td><\/tr><tr><td>D\u00e9lai de paiement<\/td><td>T\/T ou L\/C<\/td><\/tr><tr><td>Application<\/td><td>main courante, garde-corps, escalier, grillage soud\u00e9, porte, fen\u00eatre, balcon, cl\u00f4ture, banc, meuble, etc.<\/td><\/tr><tr><td>Avantage<\/td><td>Prix attractif ; haute qualit\u00e9 de surface, propre ; bon aspect de la surface.<br>Le serpentin entier ; Un service de premi\u00e8re qualit\u00e9.<\/td><\/tr><tr><td>MQQ<\/td><td>5 tonnes<\/td><\/tr><\/tbody><\/table><\/figure>\n\n\n\n<h2 class=\"wp-block-heading\" id=\"carbon-steel-square-tubes\"><strong>Tubes carr\u00e9s en acier au carbone<\/strong><\/h2>\n\n\n\n<figure class=\"wp-block-table\"><table class=\"has-fixed-layout\"><tbody><tr><td colspan=\"2\">Tube rectangulaire et carr\u00e9 en acier au carbone<\/td><\/tr><tr><td>Nom du produit<\/td><td>Tubes carr\u00e9s en acier au carbone<\/td><\/tr><tr><td>Normes<\/td><td>EN\/DIN\/JIS\/ASTM\/BS\/ASME\/AISI etc.<\/td><\/tr><tr><td rowspan=\"2\">Diam\u00e8tre ext\u00e9rieur<\/td><td>Sans soudure : 1\/4\u2033-36\u2033 Soudage : 21.3mm-3620mm<\/td><\/tr><tr><td>Tube rond : 1\/2\u2033-10\u2033 Tube carr\u00e9\/tube rectangulaire : 15x15mm-400x600mm<\/td><\/tr><tr><td>\u00c9paisseur de la paroi<\/td><td>Sans soudure : 1.25mm-50mm Soudage : 1.65mm-65mm<\/td><\/tr><tr><td>Longueur<\/td><td>3-12 m\u00e8tres, personnalisation possible<\/td><\/tr><tr><td>Processus de surface<\/td><td>Brillant, poli, noir<\/td><\/tr><tr><td>Autres services<\/td><td>Usinage (cnc), rectification sans centre (cg), traitement thermique, recuit, d\u00e9capage, polissage, laminage, forgeage, d\u00e9coupage, pliage, petites pi\u00e8ces.<br>Usinage, etc.<\/td><\/tr><tr><td>Avantages<\/td><td>1. Prix raisonnable et excellente qualit\u00e9<br>2. Stock abondant et livraison rapide<br>3. Riche exp\u00e9rience en mati\u00e8re d'approvisionnement et d'exportation, service sinc\u00e8re<\/td><\/tr><\/tbody><\/table><\/figure>\n\n\n\n<figure class=\"wp-block-image is-resized\"><img decoding=\"async\" src=\"https:\/\/sc04.alicdn.com\/kf\/Hfec2e0c79dab467c87f317077f942ef6b\/257431682\/Hfec2e0c79dab467c87f317077f942ef6b.png\" alt=\"\" style=\"width:762px;height:auto\" title=\"\"><\/figure>\n\n\n\n<p>Product Show tube rectangulaire en acier au carbone<\/p>\n\n\n\n<figure class=\"wp-block-image\"><img decoding=\"async\" src=\"https:\/\/sc04.alicdn.com\/kf\/H5193d92ea6c24c518e23a095685727a1e\/224787246\/H5193d92ea6c24c518e23a095685727a1e.jpg\" alt=\"\" title=\"\"><\/figure>\n\n\n\n<p>Description du produit tube rectangulaire en acier au carbone<\/p>\n\n\n\n<figure class=\"wp-block-image\"><img decoding=\"async\" src=\"https:\/\/sc04.alicdn.com\/kf\/H97daf7f2f0314cfa9d2d99f1678aa706j\/224787246\/H97daf7f2f0314cfa9d2d99f1678aa706j.jpeg\" alt=\"\" title=\"\"><\/figure>\n\n\n\n<p><\/p>","protected":false},"featured_media":3590,"parent":0,"template":"","meta":{"_acf_changed":true,"_gspb_post_css":"","_kad_blocks_custom_css":"","_kad_blocks_head_custom_js":"","_kad_blocks_body_custom_js":"","_kad_blocks_footer_custom_js":"","_kad_post_transparent":"","_kad_post_title":"","_kad_post_layout":"","_kad_post_sidebar_id":"","_kad_post_content_style":"","_kad_post_vertical_padding":"","_kad_post_feature":"","_kad_post_feature_position":"","_kad_post_header":false,"_kad_post_footer":false,"_kad_post_classname":""},"product-category":[68,63],"class_list":["post-3416","product","type-product","status-publish","has-post-thumbnail","hentry","product-category-irregular-and-rectangular-pipes","product-category-pipe"],"acf":[],"taxonomy_info":{"product-category":[{"value":68,"label":"Irregular and rectangular pipes"},{"value":63,"label":"PIPE"}]},"featured_image_src_large":["https:\/\/khsteel.net\/wp-content\/uploads\/2025\/06\/H35954241274546acaadd9bcc3983360bo_\u526f\u672c.jpg",800,800,false],"author_info":[],"comment_info":"","_links":{"self":[{"href":"https:\/\/khsteel.net\/fr\/wp-json\/wp\/v2\/product\/3416","targetHints":{"allow":["GET"]}}],"collection":[{"href":"https:\/\/khsteel.net\/fr\/wp-json\/wp\/v2\/product"}],"about":[{"href":"https:\/\/khsteel.net\/fr\/wp-json\/wp\/v2\/types\/product"}],"wp:featuredmedia":[{"embeddable":true,"href":"https:\/\/khsteel.net\/fr\/wp-json\/wp\/v2\/media\/3590"}],"wp:attachment":[{"href":"https:\/\/khsteel.net\/fr\/wp-json\/wp\/v2\/media?parent=3416"}],"wp:term":[{"taxonomy":"product-category","embeddable":true,"href":"https:\/\/khsteel.net\/fr\/wp-json\/wp\/v2\/product-category?post=3416"}],"curies":[{"name":"wp","href":"https:\/\/api.w.org\/{rel}","templated":true}]}}