{"id":3402,"date":"2025-06-24T06:33:15","date_gmt":"2025-06-24T06:33:15","guid":{"rendered":"https:\/\/khsteel.net\/?post_type=product&#038;p=3402"},"modified":"2025-06-25T03:24:30","modified_gmt":"2025-06-25T03:24:30","slug":"tubes-carres-en-fer-lamines-a-chaud","status":"publish","type":"product","link":"https:\/\/khsteel.net\/fr\/product\/hot-rolled-iron-square-pipes\/","title":{"rendered":"Vente directe en usine de tubes carr\u00e9s et rectangulaires en acier au carbone de haute qualit\u00e9 40\u00d780 et de tubes carr\u00e9s et rectangulaires en fer lamin\u00e9s \u00e0 chaud"},"content":{"rendered":"<p>Site web de l'entreprise<\/p>\n\n\n\n<p>Site web du bureau :<a href=\"https:\/\/khsteel.net\/fr\/\">https:\/\/khsteel.net\/<\/a><br>Site web d'Alibaba :<a href=\"https:\/\/lckehuan.en.alibaba.com\/\" target=\"_blank\" rel=\"noopener\">https:\/\/lckehuan.en.alibaba.com\/<\/a><\/p>\n\n\n\n<h2 class=\"wp-block-heading\" id=\"specification-hot-rolled-iron-square-pipes\">Sp\u00e9cifications des tubes carr\u00e9s en fer lamin\u00e9s \u00e0 chaud<\/h2>\n\n\n\n<figure class=\"wp-block-table\"><table class=\"has-fixed-layout\"><tbody><tr><td>Nom du produit<\/td><td>Tubes carr\u00e9s en fer lamin\u00e9s \u00e0 chaud<\/td><\/tr><tr><td>Grade<\/td><td>Q235B SM490 SS400 Q345B G300 G350 S275JR S355JR<\/td><\/tr><tr><td>Standard<\/td><td>GB, ASTM, JIS, SUS, DIN, EN, etc.<\/td><\/tr><tr><td>Technique<\/td><td>Tuyau soud\u00e9\/Tuyau sans soudure<\/td><\/tr><tr><td>Longueur<\/td><td>6 m, 12 m ou personnalis\u00e9 selon les besoins du client<\/td><\/tr><tr><td>Taille<\/td><td>10 x 10 mm \u2013 600 x 600 mm<\/td><\/tr><tr><td>\u00c9paisseur<\/td><td>0,6 mm \u00e0 25 mm<\/td><\/tr><tr><td>Application<\/td><td>Largement utilis\u00e9 dans la fabrication m\u00e9canique, le domaine de la construction, l'industrie m\u00e9tallurgique, les v\u00e9hicules agricoles, les serres agricoles, l'automobile<br>industrie, chemin de fer, glissi\u00e8res de s\u00e9curit\u00e9 routi\u00e8res, cadres de conteneurs, mobilier, d\u00e9coration, structures en acier, etc.<\/td><\/tr><tr><td>Paquet<\/td><td>Dans un emballage standard pour l'exportation ou selon les besoins<\/td><\/tr><tr><td>Fin<\/td><td>Finition brute, peinte<\/td><\/tr><tr><td>D\u00e9lai de livraison<\/td><td>Environ 7 \u00e0 15 jours<\/td><\/tr><tr><td>Terme du commerce<\/td><td>FOB CFR CIF<\/td><\/tr><tr><td>Paiement<\/td><td>30%T\/T Avance + 70% Solde avant exp\u00e9dition<\/td><\/tr><tr><td>MOQ<\/td><td>5Tonnes<\/td><\/tr><tr><td>Lieu d'origine<\/td><td>Chine<\/td><\/tr><\/tbody><\/table><\/figure>\n\n\n\n<figure class=\"wp-block-image size-large\"><img loading=\"lazy\" decoding=\"async\" width=\"1024\" height=\"674\" src=\"https:\/\/khsteel.net\/wp-content\/uploads\/2025\/06\/image-10-1024x674.png\" alt=\"\" class=\"wp-image-3404\" title=\"\" srcset=\"https:\/\/khsteel.net\/wp-content\/uploads\/2025\/06\/image-10-1024x674.png 1024w, https:\/\/khsteel.net\/wp-content\/uploads\/2025\/06\/image-10-300x198.png 300w, https:\/\/khsteel.net\/wp-content\/uploads\/2025\/06\/image-10-768x506.png 768w, https:\/\/khsteel.net\/wp-content\/uploads\/2025\/06\/image-10-18x12.png 18w, https:\/\/khsteel.net\/wp-content\/uploads\/2025\/06\/image-10.png 1312w\" sizes=\"auto, (max-width: 1024px) 100vw, 1024px\" \/><\/figure>\n\n\n\n<p>Pr\u00e9sentation du produit<\/p>\n\n\n\n<figure class=\"wp-block-image\"><img decoding=\"async\" src=\"https:\/\/sc04.alicdn.com\/kf\/H6b8ca7164c164071a78aee82627bdeb6i\/221572695\/H6b8ca7164c164071a78aee82627bdeb6i.png\" alt=\"\" title=\"\"><\/figure>\n\n\n\n<figure class=\"wp-block-image\"><img decoding=\"async\" src=\"https:\/\/sc04.alicdn.com\/kf\/Hfdd7de2879c04381ae438cb7209d154bI\/221572695\/Hfdd7de2879c04381ae438cb7209d154bI.png\" alt=\"\" title=\"\"><\/figure>\n\n\n\n<figure class=\"wp-block-image\"><img decoding=\"async\" src=\"https:\/\/sc04.alicdn.com\/kf\/H94e51d61d4ec4f82bba20a86e80048bcZ\/221572695\/H94e51d61d4ec4f82bba20a86e80048bcZ.png\" alt=\"\" title=\"\"><\/figure>\n\n\n\n<figure class=\"wp-block-image\"><img decoding=\"async\" src=\"https:\/\/sc04.alicdn.com\/kf\/HTB114b7eVHM8KJjSZJiq6zx3FXaS\/221572695\/HTB114b7eVHM8KJjSZJiq6zx3FXaS.jpg\" alt=\"\" title=\"\"><\/figure>\n\n\n\n<figure class=\"wp-block-image\"><img decoding=\"async\" src=\"https:\/\/sc04.alicdn.com\/kf\/Hd2aef6a7af4c429fbfdeaa7ae8fe21e7v\/221572695\/Hd2aef6a7af4c429fbfdeaa7ae8fe21e7v.png\" alt=\"\" title=\"\"><\/figure>\n\n\n\n<h3 class=\"wp-block-heading\" id=\"high-quality\">Haute qualit\u00e9<\/h3>\n\n\n\n<p>Les produits sont fabriqu\u00e9s \u00e0 partir de mat\u00e9riaux de haute qualit\u00e9, leur qualit\u00e9 est garantie, et ils sont solides et fiables.<\/p>\n\n\n\n<h3 class=\"wp-block-heading\" id=\"different-specifications\">Diff\u00e9rentes sp\u00e9cifications<\/h3>\n\n\n\n<p>Les fabricants puissants prennent en charge la personnalisation non standard, produisent rapidement et garantissent la qualit\u00e9 des produits.<\/p>\n\n\n\n<p>Application du produit<\/p>\n\n\n\n<figure class=\"wp-block-image\"><img decoding=\"async\" src=\"https:\/\/sc04.alicdn.com\/kf\/Hc7497dacb91a4c91b23b39533d374e42a\/221572695\/Hc7497dacb91a4c91b23b39533d374e42a.png\" alt=\"\" title=\"\"><\/figure>\n\n\n\n<figure class=\"wp-block-image\"><img decoding=\"async\" src=\"https:\/\/sc04.alicdn.com\/kf\/H18789f9340b643de8ce67fdb959a5d36P\/221572695\/H18789f9340b643de8ce67fdb959a5d36P.png\" alt=\"\" title=\"\"><\/figure>\n\n\n\n<figure class=\"wp-block-image\"><img decoding=\"async\" src=\"https:\/\/sc04.alicdn.com\/kf\/Hefc2b0cc2cc249b3892469f24cce63584\/221572695\/Hefc2b0cc2cc249b3892469f24cce63584.png\" alt=\"\" title=\"\"><\/figure>","protected":false},"featured_media":3591,"parent":0,"template":"","meta":{"_acf_changed":true,"_gspb_post_css":"","_kad_blocks_custom_css":"","_kad_blocks_head_custom_js":"","_kad_blocks_body_custom_js":"","_kad_blocks_footer_custom_js":"","_kad_post_transparent":"","_kad_post_title":"","_kad_post_layout":"","_kad_post_sidebar_id":"","_kad_post_content_style":"","_kad_post_vertical_padding":"","_kad_post_feature":"","_kad_post_feature_position":"","_kad_post_header":false,"_kad_post_footer":false,"_kad_post_classname":""},"product-category":[68,63],"class_list":["post-3402","product","type-product","status-publish","has-post-thumbnail","hentry","product-category-irregular-and-rectangular-pipes","product-category-pipe"],"acf":[],"taxonomy_info":{"product-category":[{"value":68,"label":"Irregular and rectangular pipes"},{"value":63,"label":"PIPE"}]},"featured_image_src_large":["https:\/\/khsteel.net\/wp-content\/uploads\/2025\/06\/H7662806898ef47dca8ae543bb6938020f_\u526f\u672c.jpg",800,800,false],"author_info":[],"comment_info":"","_links":{"self":[{"href":"https:\/\/khsteel.net\/fr\/wp-json\/wp\/v2\/product\/3402","targetHints":{"allow":["GET"]}}],"collection":[{"href":"https:\/\/khsteel.net\/fr\/wp-json\/wp\/v2\/product"}],"about":[{"href":"https:\/\/khsteel.net\/fr\/wp-json\/wp\/v2\/types\/product"}],"wp:featuredmedia":[{"embeddable":true,"href":"https:\/\/khsteel.net\/fr\/wp-json\/wp\/v2\/media\/3591"}],"wp:attachment":[{"href":"https:\/\/khsteel.net\/fr\/wp-json\/wp\/v2\/media?parent=3402"}],"wp:term":[{"taxonomy":"product-category","embeddable":true,"href":"https:\/\/khsteel.net\/fr\/wp-json\/wp\/v2\/product-category?post=3402"}],"curies":[{"name":"wp","href":"https:\/\/api.w.org\/{rel}","templated":true}]}}