{"id":340,"date":"2024-07-08T09:15:04","date_gmt":"2024-07-08T09:15:04","guid":{"rendered":"https:\/\/kehuan.easiwin.com\/?post_type=product&#038;p=340"},"modified":"2025-04-28T06:25:41","modified_gmt":"2025-04-28T06:25:41","slug":"plaque-dacier-recuit-noir-crc-5mm-depaisseur-ms-plaque-dacier-doux-lamine-a-froid-hr-cr-prix-de-gros-en-chine","status":"publish","type":"product","link":"https:\/\/khsteel.net\/fr\/product\/china-wholesale-black-annealed-crc-5mm-thick-ms-cold-rolled-mild-steel-plate-hr-cr-sheet-price\/","title":{"rendered":"Plaque d'acier recuit noir Crc 5mm Epaisseur Ms Plaque d'acier doux lamin\u00e9 \u00e0 froid Prix de gros"},"content":{"rendered":"<h3 class=\"wp-block-heading\" id=\"key-attributes\">Principales caract\u00e9ristiques<\/h3>\n\n\n\n<h4 class=\"wp-block-heading\">Attributs sp\u00e9cifiques \u00e0 l'industrie<\/h4>\n\n\n\n<figure class=\"wp-block-table\"><table><tbody><tr><td>Type<\/td><td>T\u00f4le d'acier<\/td><\/tr><tr><td>\u00c9paisseur<\/td><td>0,2-5,0 mm<\/td><\/tr><tr><td>Traitement de surface<\/td><td>Normale Huil\u00e9e<\/td><\/tr><tr><td>Duret\u00e9<\/td><td>Moyennement dur<\/td><\/tr><tr><td>Passeport pour la peau<\/td><td>Oui<\/td><\/tr><\/tbody><\/table><\/figure>\n\n\n\n<p>Autres caract\u00e9ristiques<\/p>\n\n\n\n<figure class=\"wp-block-table\"><table><tbody><tr><td>Lieu d'origine<\/td><td>Shandong, Chine<\/td><\/tr><tr><td>Standard<\/td><td>AiSi<\/td><\/tr><tr><td>Grade<\/td><td>PCC,SPCD,SPCE,ST12-15;DC01-06<\/td><\/tr><tr><td>Huil\u00e9 ou non huil\u00e9<\/td><td>L\u00e9g\u00e8rement huil\u00e9<\/td><\/tr><tr><td>Alliage ou non<\/td><td>Est un alliage<\/td><\/tr><tr><td>D\u00e9lai de livraison<\/td><td>15-21 jours<\/td><\/tr><tr><td>Nom de la marque<\/td><td>Kuhuan<\/td><\/tr><tr><td>Application<\/td><td>Fabrication de composants<\/td><\/tr><tr><td>Largeur<\/td><td>400mm-1500mm<\/td><\/tr><tr><td>Longueur<\/td><td>personnalis\u00e9<\/td><\/tr><tr><td>Certificat<\/td><td>CE, BIS, SASO, tisi, JIS, GS, ISO9001<\/td><\/tr><tr><td>Tol\u00e9rance<\/td><td>\u00b11%<\/td><\/tr><tr><td>Service de traitement<\/td><td>Soudage, poin\u00e7onnage, d\u00e9coupage, pliage, recuit, recuit noir<\/td><\/tr><tr><td>Grade<\/td><td>SPCC<\/td><\/tr><tr><td>Nom du produit<\/td><td>T\u00f4les d'acier lamin\u00e9es \u00e0 froid<\/td><\/tr><tr><td>Mat\u00e9riau<\/td><td>SPCC\/SPCD\/SPCE\/DC01\/DC03\/DC04\/St12\/St13\/St14\/CS A\/DS<\/td><\/tr><tr><td>Technologie<\/td><td>Lamin\u00e9s \u00e0 froid.lamin\u00e9s \u00e0 chaud<\/td><\/tr><tr><td>Forme<\/td><td>Plaque d'acier plat<\/td><\/tr><tr><td>MOQ<\/td><td>1 tonne<\/td><\/tr><tr><td>Surface<\/td><td>R\u00e9guli\u00e8re<\/td><\/tr><tr><td>D\u00e9lai de paiement<\/td><td>TT LC<\/td><\/tr><tr><td>Avantage<\/td><td>Livraison rapide<\/td><\/tr><tr><td>Utilisation<\/td><td>Mat\u00e9riaux de couverture<\/td><\/tr><\/tbody><\/table><\/figure>\n\n\n\n<figure class=\"wp-block-table\"><table><tbody><tr><td>Mat\u00e9riau<\/td><td>Q195,Q215,Q235,08AL,SPCC,SPCD,SPCE,SPCEN,ST12,ST13,ST14,ST15,ST16,DC01, DC03,DC04,DC05,DC06<\/td><td><\/td><td><\/td><\/tr><tr><td>\u00c9paisseur<\/td><td>0,12-6,0 mm<\/td><td><\/td><td><\/td><\/tr><tr><td>Largeur<\/td><td>600mm-1500mm, selon les besoins du client<\/td><td><\/td><td><\/td><\/tr><tr><td>Poids de la bobine<\/td><td>3-8MT\/bobine ou selon votre demande<\/td><td><\/td><td><\/td><\/tr><tr><td>MOQ<\/td><td>5MT<\/td><td><\/td><td><\/td><\/tr><tr><td>Traitement de surface<\/td><td>Passivation(C), Huilage(O), Scellement de laque(L), Phosphatation(P), Non trait\u00e9(U)<\/td><td><\/td><td><\/td><\/tr><tr><td>Structure de la surface<\/td><td>Tube rond en acier soud\u00e9 galvanis\u00e9 par immersion \u00e0 chaud<\/td><td><\/td><td><\/td><\/tr><tr><td>D\u00e9lai de livraison<\/td><td>15-35 jours apr\u00e8s confirmation de la commande<\/td><td><\/td><td><\/td><\/tr><tr><td>Standard<\/td><td>ISO,JIS,ASTM,AS EN<\/td><td><\/td><td><\/td><\/tr><tr><td>Technique<\/td><td>Lamin\u00e9s \u00e0 chaud \/ Lamin\u00e9s \u00e0 froid<\/td><td><\/td><td><\/td><\/tr><tr><td>Application du produit<\/td><td>1. Cl\u00f4ture, serre, tuyau de porte, serre 2. Pour la construction de b\u00e2timents \u00e0 l'int\u00e9rieur et \u00e0 l'ext\u00e9rieur 3. Largement utilis\u00e9 dans la construction d'\u00e9chafaudages, ce qui est beaucoup moins cher et plus pratique.<\/td><td><\/td><td><\/td><\/tr><\/tbody><\/table><\/figure>","protected":false},"featured_media":347,"parent":0,"template":"","meta":{"_acf_changed":true,"_gspb_post_css":"","_kad_blocks_custom_css":"","_kad_blocks_head_custom_js":"","_kad_blocks_body_custom_js":"","_kad_blocks_footer_custom_js":"","_kad_post_transparent":"","_kad_post_title":"","_kad_post_layout":"","_kad_post_sidebar_id":"","_kad_post_content_style":"","_kad_post_vertical_padding":"","_kad_post_feature":"","_kad_post_feature_position":"","_kad_post_header":false,"_kad_post_footer":false,"_kad_post_classname":""},"product-category":[],"class_list":["post-340","product","type-product","status-publish","has-post-thumbnail","hentry"],"acf":[],"taxonomy_info":[],"featured_image_src_large":["https:\/\/khsteel.net\/wp-content\/uploads\/2024\/07\/10006.jpg",800,800,false],"author_info":[],"comment_info":"","_links":{"self":[{"href":"https:\/\/khsteel.net\/fr\/wp-json\/wp\/v2\/product\/340","targetHints":{"allow":["GET"]}}],"collection":[{"href":"https:\/\/khsteel.net\/fr\/wp-json\/wp\/v2\/product"}],"about":[{"href":"https:\/\/khsteel.net\/fr\/wp-json\/wp\/v2\/types\/product"}],"wp:featuredmedia":[{"embeddable":true,"href":"https:\/\/khsteel.net\/fr\/wp-json\/wp\/v2\/media\/347"}],"wp:attachment":[{"href":"https:\/\/khsteel.net\/fr\/wp-json\/wp\/v2\/media?parent=340"}],"wp:term":[{"taxonomy":"product-category","embeddable":true,"href":"https:\/\/khsteel.net\/fr\/wp-json\/wp\/v2\/product-category?post=340"}],"curies":[{"name":"wp","href":"https:\/\/api.w.org\/{rel}","templated":true}]}}