{"id":3397,"date":"2025-06-24T03:33:26","date_gmt":"2025-06-24T03:33:26","guid":{"rendered":"https:\/\/khsteel.net\/?post_type=product&#038;p=3397"},"modified":"2025-06-25T03:04:55","modified_gmt":"2025-06-25T03:04:55","slug":"tubes-dacier-carres-sans-soudure","status":"publish","type":"product","link":"https:\/\/khsteel.net\/fr\/product\/seamless-square-steel-pipes\/","title":{"rendered":"Tubes carr\u00e9s en acier au carbone, 40X80, 25X50, 40X60, tubes creux rectangulaires en acier et tubes carr\u00e9s en acier sans soudure, vendus \u00e0 chaud"},"content":{"rendered":"<p>Site web de l'entreprise<\/p>\n\n\n\n<p>Site web du bureau :<a href=\"https:\/\/khsteel.net\/fr\/\">https:\/\/khsteel.net\/<\/a><br>Site web d'Alibaba :<a href=\"https:\/\/lckehuan.en.alibaba.com\/\" target=\"_blank\" rel=\"noopener\">https:\/\/lckehuan.en.alibaba.com\/<\/a><\/p>\n\n\n\n<h2 class=\"wp-block-heading\" id=\"product-parameters-seamless-square-steel-pipes\">Param\u00e8tres des produits Tubes carr\u00e9s en acier sans soudure<\/h2>\n\n\n\n<figure class=\"wp-block-table\"><table class=\"has-fixed-layout\"><tbody><tr><td>GRADE DU MAT\u00c9RIAU<\/td><td>Q195 = S195 \/ A53 Grade A<br>Q235 = S235 \/ A53 Grade B \/ A500 Grade A \/ STK400 \/ SS400 \/ ST42.2<br>Q355 = S355JR \/ A500 Grade B Grade C<\/td><\/tr><tr><td>STANDARD<\/td><td>ASTM A500 Gr.A \/ B\/ C<\/td><\/tr><tr><td>SURFACE DU TUYAU<\/td><td><strong>Galvanis\u00e9, peint en noir ou huil\u00e9 antirouille<\/strong><\/td><\/tr><tr><td>NOM DU PRODUIT<\/td><td>tubes d'acier carr\u00e9s sans soudure<\/td><\/tr><tr><td>CERTIFICATS<\/td><td>ISO 9001 \/ BSI\/ UL \/ FM<\/td><\/tr><tr><td>CONDITIONS COMMERCIALES<\/td><td>FOB\/ CFR\/ CIF\/ EXW\/ FCA<\/td><\/tr><tr><td>CONDITIONS DE PAIEMENT<\/td><td>30%&amp;70% T\/T ; 100% LC AT SIGHT (d'autres peuvent \u00eatre n\u00e9goci\u00e9s)<\/td><\/tr><tr><td>D\u00c9LAI DE LIVRAISON<\/td><td>30-45 JOURS APR\u00c8S R\u00c9CEPTION DU D\u00c9P\u00d4T OU DE LA LC<\/td><\/tr><tr><td>PRODUIT<\/td><td>tubes d'acier carr\u00e9s sans soudure<\/td><\/tr><tr><td>MARCH\u00c9 DE LA VENTE \u00c0 CHAUD<\/td><td>Asie du Sud-Est, Asie du Sud, Moyen-Orient, Europe, Am\u00e9rique centrale et du Sud, Afrique et Oc\u00e9anie<\/td><\/tr><\/tbody><\/table><\/figure>\n\n\n\n<figure class=\"wp-block-table\"><table class=\"has-fixed-layout\"><tbody><tr><td colspan=\"3\"><strong>TAILLE R\u00c9GULI\u00c8RE<\/strong><\/td><\/tr><tr><td>TAILLE (DIAM\u00c8TRE EXT\u00c9RIEUR)<\/td><td>\u00c9PAISSEUR DE LA PAROI<\/td><td>LONGUEUR<\/td><\/tr><tr><td>20 \u00d7 20 \/ 25 \u00d7 25<\/td><td>1,2MM -2,75MM<\/td><td>6M EN STOCK (OU SUR MESURE)<\/td><\/tr><tr><td>30 \u00d7 30 \/ 20 \u00d7 40 \/ 30 \u00d7 40 \/ 25 \u00d7 40<\/td><td>1.2MM - 3.5MM<\/td><td>6M EN STOCK (OU SUR MESURE)<\/td><\/tr><tr><td>40\u00d740 \/ 50x5030x50 \/ 25\u00d750 \/ 30\u00d760 \/ 40\u00d760<\/td><td>1,2 MM - 4,75 MM<\/td><td>6M EN STOCK (OU SUR MESURE)<\/td><\/tr><tr><td>60 \u00d7 60 \/ 50 \u00d7 70 \/ 40 \u00d7 80 \/ 40 \u00d7 50<\/td><td>1,2 MM - 5,75 MM<\/td><td>6M EN STOCK (OU SUR MESURE)<\/td><\/tr><tr><td>70 \u00d7 70 \/ 60 \u00d7 80 \/ 50 \u00d7 80 \/ 100 \u00d7 40 \/ 50 \u00d7 90<\/td><td>1,5 MM - 5,75 MM<\/td><td>6M EN STOCK (OU SUR MESURE)<\/td><\/tr><tr><td>75 \u00d7 75 \/ 80 \u00d7 80 \/ 90 \u00d7 90<br>60 \u00d7 100 \/ 50 \u00d7 100 \/ 120 \u00d7 60 \/ 100 \u00d7 80 \/ 60 \u00d7 90<\/td><td>1,5 MM - 7,75 MM<\/td><td>6M EN STOCK (OU SUR MESURE)<\/td><\/tr><tr><td>100 \u00d7 100 \/ 120 \u00d7 80<\/td><td>1,8 MM - 7,75 MM<\/td><td>6M EN STOCK (OU SUR MESURE)<\/td><\/tr><tr><td>120 \u00d7 120 \/ 130 \u00d7 130<br>180 \u00d7 80 \/ 160 \u00d7 80 \/ 100 \u00d7 150 \/ 140 \u00d7 80 \/ 140 \u00d7 60<\/td><td>2,5 MM - 10,0 MM<\/td><td>6M EN STOCK (OU SUR MESURE)<\/td><\/tr><tr><td>140 \u00d7 140 \/ 150 \u00d7 150 \/ 100 \u00d7 180 \/ 200 \u00d7 100<\/td><td>2,5 MM - 10,0 MM<\/td><td>6M EN STOCK (OU SUR MESURE)<\/td><\/tr><tr><td>160 \u00d7 160 \/ 180 \u00d7 180 \/ 200 \u00d7 150<\/td><td>3,5 MM - 11,0 MM<\/td><td>6M EN STOCK (OU SUR MESURE)<\/td><\/tr><tr><td>200 \u00d7 200 \/ 250 \u00d7 150 \/ 100 \u00d7 250<\/td><td>3,5 MM - 11,0 MM<\/td><td>6M EN STOCK (OU SUR MESURE)<\/td><\/tr><tr><td>250 \u00d7 250 \/ 250 \u00d7 200 \/ 300 \u00d7 150 \/ 300 \u00d7 200<\/td><td>4,5 MM - 15,0 MM<\/td><td>6M EN STOCK (OU SUR MESURE)<\/td><\/tr><tr><td>300 \u00d7 300 \/ 350 \u00d7 200 \/ 350 \u00d7 250 \/ 300 \u00d7 150<\/td><td>4,5 MM - 15,0 MM<\/td><td>6M EN STOCK (OU SUR MESURE)<\/td><\/tr><tr><td>350 \u00d7 350<br>350 \u00d7 300 \/ 450 \u00d7 250 \/ 400 \u00d7 300 \/ 500 \u00d7 200<\/td><td>4,5 MM - 15,75 MM<\/td><td>6M EN STOCK (OU SUR MESURE)<\/td><\/tr><tr><td>400 \u00d7 400 \/ 280 \u00d7 280<br>450 \u00d7 300 \/ 450 \u00d7 200 \/ 400 \u00d7 350 \/ 400 \u00d7 250 \/ 500 \u00d7 250 \/ 500 \u00d7 300<\/td><td>4,5 MM - 15,75 MM<\/td><td>6M EN STOCK (OU SUR MESURE)<\/td><\/tr><\/tbody><\/table><\/figure>\n\n\n\n<figure class=\"wp-block-table\"><table class=\"has-fixed-layout\"><tbody><tr><td>Nom du produit<\/td><td>tubes d'acier carr\u00e9s sans soudure<\/td><\/tr><tr><td>Epaisseur de la paroi<\/td><td>1-10mm ou selon la demande du client<\/td><\/tr><tr><td>Diam\u00e8tre ext\u00e9rieur<\/td><td>20-400mm ou selon la demande du client<\/td><\/tr><tr><td>Longueur<\/td><td>6 m\u00e8tres, 7 m\u00e8tres, 9 m\u00e8tres, 12 m\u00e8tres, ou selon les besoins<\/td><\/tr><tr><td>Surface<\/td><td>Galvanisation \u00e0 chaud<\/td><\/tr><tr><td>Rev\u00eatement de zincTechnique<\/td><td>200~300GSM<\/td><\/tr><tr><td>D\u00e9lai de livraison<\/td><td>3-7 jours<\/td><\/tr><tr><td>Mat\u00e9riau<\/td><td>Q235, Q195, 20#, 45#, SS400, Gr.B.<\/td><\/tr><tr><td>Forme<\/td><td>Ronde, carr\u00e9e, rectangulaire<\/td><\/tr><tr><td>Standard<\/td><td>GB\/T 3091-2008, EN10296\/10297, ASTM A500, etc.<\/td><\/tr><tr><td rowspan=\"2\">Paiement<\/td><td>30%T\/T comme d\u00e9p\u00f4t, 70%T\/T avant exp\u00e9dition<\/td><\/tr><tr><td>30%T\/T en d\u00e9p\u00f4t, 70% par L\/C<\/td><\/tr><tr><td>D\u00e9lai de livraison<\/td><td>5~7 jours apr\u00e8s le d\u00e9p\u00f4t<\/td><\/tr><tr><td>produit<\/td><td>tubes d'acier carr\u00e9s sans soudure<\/td><\/tr><\/tbody><\/table><\/figure>\n\n\n\n<p>Images d\u00e9taill\u00e9es<\/p>\n\n\n\n<figure class=\"wp-block-image\"><img decoding=\"async\" src=\"https:\/\/sc04.alicdn.com\/kf\/He09034aa0e74419db310e7daf3fc71c2B\/277734426\/He09034aa0e74419db310e7daf3fc71c2B.jpg\" alt=\"\" title=\"\"><\/figure>\n\n\n\n<figure class=\"wp-block-image\"><img decoding=\"async\" src=\"https:\/\/sc04.alicdn.com\/kf\/H0fa0ec6d82d54c2c845e9496be74a7728\/277734426\/H0fa0ec6d82d54c2c845e9496be74a7728.jpg\" alt=\"\" title=\"\"><\/figure>\n\n\n\n<figure class=\"wp-block-image\"><img decoding=\"async\" src=\"https:\/\/sc04.alicdn.com\/kf\/H56158a70395040039351a95d0792b3421\/277734426\/H56158a70395040039351a95d0792b3421.png\" alt=\"\" title=\"\"><\/figure>\n\n\n\n<figure class=\"wp-block-image\"><img decoding=\"async\" src=\"https:\/\/sc04.alicdn.com\/kf\/H1bc601c28d9842c68b25d14701e4b7767\/277734426\/H1bc601c28d9842c68b25d14701e4b7767.jpg\" alt=\"\" title=\"\"><\/figure>\n\n\n\n<figure class=\"wp-block-image\"><img decoding=\"async\" src=\"https:\/\/sc04.alicdn.com\/kf\/Hd56a5506d33f49a5baf97041f969bd04X\/277734426\/Hd56a5506d33f49a5baf97041f969bd04X.jpg\" alt=\"\" title=\"\"><\/figure>\n\n\n\n<figure class=\"wp-block-image\"><img decoding=\"async\" src=\"https:\/\/sc04.alicdn.com\/kf\/H0692f45ca919443e8634fe63f0cc10985\/277734426\/H0692f45ca919443e8634fe63f0cc10985.jpg\" alt=\"\" title=\"\"><\/figure>","protected":false},"featured_media":3573,"parent":0,"template":"","meta":{"_acf_changed":true,"_gspb_post_css":"","_kad_blocks_custom_css":"","_kad_blocks_head_custom_js":"","_kad_blocks_body_custom_js":"","_kad_blocks_footer_custom_js":"","_kad_post_transparent":"","_kad_post_title":"","_kad_post_layout":"","_kad_post_sidebar_id":"","_kad_post_content_style":"","_kad_post_vertical_padding":"","_kad_post_feature":"","_kad_post_feature_position":"","_kad_post_header":false,"_kad_post_footer":false,"_kad_post_classname":""},"product-category":[68,63],"class_list":["post-3397","product","type-product","status-publish","has-post-thumbnail","hentry","product-category-irregular-and-rectangular-pipes","product-category-pipe"],"acf":[],"taxonomy_info":{"product-category":[{"value":68,"label":"Irregular and rectangular pipes"},{"value":63,"label":"PIPE"}]},"featured_image_src_large":["https:\/\/khsteel.net\/wp-content\/uploads\/2025\/06\/Hd21cf5d04ff847d886a05075b9269d1fr_\u526f\u672c.jpg",800,800,false],"author_info":[],"comment_info":"","_links":{"self":[{"href":"https:\/\/khsteel.net\/fr\/wp-json\/wp\/v2\/product\/3397","targetHints":{"allow":["GET"]}}],"collection":[{"href":"https:\/\/khsteel.net\/fr\/wp-json\/wp\/v2\/product"}],"about":[{"href":"https:\/\/khsteel.net\/fr\/wp-json\/wp\/v2\/types\/product"}],"wp:featuredmedia":[{"embeddable":true,"href":"https:\/\/khsteel.net\/fr\/wp-json\/wp\/v2\/media\/3573"}],"wp:attachment":[{"href":"https:\/\/khsteel.net\/fr\/wp-json\/wp\/v2\/media?parent=3397"}],"wp:term":[{"taxonomy":"product-category","embeddable":true,"href":"https:\/\/khsteel.net\/fr\/wp-json\/wp\/v2\/product-category?post=3397"}],"curies":[{"name":"wp","href":"https:\/\/api.w.org\/{rel}","templated":true}]}}