{"id":3385,"date":"2025-06-24T03:25:10","date_gmt":"2025-06-24T03:25:10","guid":{"rendered":"https:\/\/khsteel.net\/?post_type=product&#038;p=3385"},"modified":"2025-06-25T02:06:06","modified_gmt":"2025-06-25T02:06:06","slug":"tubes-en-acier-soudes-carres-et-rectangulaires","status":"publish","type":"product","link":"https:\/\/khsteel.net\/fr\/product\/square-and-rectangular-welded-steel-pipes\/","title":{"rendered":"L'usine produit des tubes en acier creux au carbone noir chinois EN10219, S355J2H et ERW, ainsi que des tubes en acier soud\u00e9s carr\u00e9s et rectangulaires."},"content":{"rendered":"<p>Site web de l'entreprise<\/p>\n\n\n\n<p>Site web du bureau :<a href=\"https:\/\/khsteel.net\/fr\/\">https:\/\/khsteel.net\/<\/a><br>Site web d'Alibaba :<a href=\"https:\/\/lckehuan.en.alibaba.com\/\" target=\"_blank\" rel=\"noopener\">https:\/\/lckehuan.en.alibaba.com\/<\/a><\/p>\n\n\n\n<h2 class=\"wp-block-heading\" id=\"product-parameters-square-and-rectangular-welded-steel-pipes\">Param\u00e8tres des produits : tubes en acier soud\u00e9s carr\u00e9s et rectangulaires<\/h2>\n\n\n\n<figure class=\"wp-block-table\"><table class=\"has-fixed-layout\"><tbody><tr><td>GRADE DU MAT\u00c9RIAU<\/td><td>Q195 = S195 \/ A53 Grade A<br>Q235 = S235 \/ A53 Grade B \/ A500 Grade A \/ STK400 \/ SS400 \/ ST42.2<br>Q355 = S355JR \/ A500 Grade B Grade C<\/td><\/tr><tr><td>STANDARD<\/td><td>ASTM A500 Gr.A \/ B\/ C<\/td><\/tr><tr><td>SURFACE DU TUYAU<\/td><td><strong>Galvanis\u00e9, peint en noir ou huil\u00e9 antirouille<\/strong><\/td><\/tr><tr><td>NOM DU PRODUIT<\/td><td>Tubes en acier soud\u00e9s carr\u00e9s et rectangulaires<\/td><\/tr><tr><td>CERTIFICATS<\/td><td>ISO 9001 \/ BSI\/ UL \/ FM<\/td><\/tr><tr><td>CONDITIONS COMMERCIALES<\/td><td>FOB\/ CFR\/ CIF\/ EXW\/ FCA<\/td><\/tr><tr><td>CONDITIONS DE PAIEMENT<\/td><td>30%&amp;70% T\/T ; 100% LC AT SIGHT (d'autres peuvent \u00eatre n\u00e9goci\u00e9s)<\/td><\/tr><tr><td>D\u00c9LAI DE LIVRAISON<\/td><td>30-45 JOURS APR\u00c8S R\u00c9CEPTION DU D\u00c9P\u00d4T OU DE LA LC<\/td><\/tr><tr><td>PRODUIT<\/td><td>Tubes en acier soud\u00e9s carr\u00e9s et rectangulaires<\/td><\/tr><tr><td>MARCH\u00c9 DE LA VENTE \u00c0 CHAUD<\/td><td>Asie du Sud-Est, Asie du Sud, Moyen-Orient, Europe, Am\u00e9rique centrale et du Sud, Afrique et Oc\u00e9anie<\/td><\/tr><\/tbody><\/table><\/figure>\n\n\n\n<figure class=\"wp-block-table\"><table class=\"has-fixed-layout\"><tbody><tr><td colspan=\"3\"><strong>TAILLE R\u00c9GULI\u00c8RE<\/strong><\/td><\/tr><tr><td>TAILLE (DIAM\u00c8TRE EXT\u00c9RIEUR)<\/td><td>\u00c9PAISSEUR DE LA PAROI<\/td><td>LONGUEUR<\/td><\/tr><tr><td>20 \u00d7 20 \/ 25 \u00d7 25<\/td><td>1,2MM -2,75MM<\/td><td>6M EN STOCK (OU SUR MESURE)<\/td><\/tr><tr><td>30 \u00d7 30 \/ 20 \u00d7 40 \/ 30 \u00d7 40 \/ 25 \u00d7 40<\/td><td>1.2MM - 3.5MM<\/td><td>6M EN STOCK (OU SUR MESURE)<\/td><\/tr><tr><td>40\u00d740 \/ 50x5030x50 \/ 25\u00d750 \/ 30\u00d760 \/ 40\u00d760<\/td><td>1,2 MM - 4,75 MM<\/td><td>6M EN STOCK (OU SUR MESURE)<\/td><\/tr><tr><td>60 \u00d7 60 \/ 50 \u00d7 70 \/ 40 \u00d7 80 \/ 40 \u00d7 50<\/td><td>1,2 MM - 5,75 MM<\/td><td>6M EN STOCK (OU SUR MESURE)<\/td><\/tr><tr><td>70 \u00d7 70 \/ 60 \u00d7 80 \/ 50 \u00d7 80 \/ 100 \u00d7 40 \/ 50 \u00d7 90<\/td><td>1,5 MM - 5,75 MM<\/td><td>6M EN STOCK (OU SUR MESURE)<\/td><\/tr><tr><td>75 \u00d7 75 \/ 80 \u00d7 80 \/ 90 \u00d7 90<br>60 \u00d7 100 \/ 50 \u00d7 100 \/ 120 \u00d7 60 \/ 100 \u00d7 80 \/ 60 \u00d7 90<\/td><td>1,5 MM - 7,75 MM<\/td><td>6M EN STOCK (OU SUR MESURE)<\/td><\/tr><tr><td>100 \u00d7 100 \/ 120 \u00d7 80<\/td><td>1,8 MM - 7,75 MM<\/td><td>6M EN STOCK (OU SUR MESURE)<\/td><\/tr><tr><td>120 \u00d7 120 \/ 130 \u00d7 130<br>180 \u00d7 80 \/ 160 \u00d7 80 \/ 100 \u00d7 150 \/ 140 \u00d7 80 \/ 140 \u00d7 60<\/td><td>2,5 MM - 10,0 MM<\/td><td>6M EN STOCK (OU SUR MESURE)<\/td><\/tr><tr><td>140 \u00d7 140 \/ 150 \u00d7 150 \/ 100 \u00d7 180 \/ 200 \u00d7 100<\/td><td>2,5 MM - 10,0 MM<\/td><td>6M EN STOCK (OU SUR MESURE)<\/td><\/tr><tr><td>160 \u00d7 160 \/ 180 \u00d7 180 \/ 200 \u00d7 150<\/td><td>3,5 MM - 11,0 MM<\/td><td>6M EN STOCK (OU SUR MESURE)<\/td><\/tr><tr><td>200 \u00d7 200 \/ 250 \u00d7 150 \/ 100 \u00d7 250<\/td><td>3,5 MM - 11,0 MM<\/td><td>6M EN STOCK (OU SUR MESURE)<\/td><\/tr><tr><td>250 \u00d7 250 \/ 250 \u00d7 200 \/ 300 \u00d7 150 \/ 300 \u00d7 200<\/td><td>4,5 MM - 15,0 MM<\/td><td>6M EN STOCK (OU SUR MESURE)<\/td><\/tr><tr><td>300 \u00d7 300 \/ 350 \u00d7 200 \/ 350 \u00d7 250 \/ 300 \u00d7 150<\/td><td>4,5 MM - 15,0 MM<\/td><td>6M EN STOCK (OU SUR MESURE)<\/td><\/tr><tr><td>350 \u00d7 350<br>350 \u00d7 300 \/ 450 \u00d7 250 \/ 400 \u00d7 300 \/ 500 \u00d7 200<\/td><td>4,5 MM - 15,75 MM<\/td><td>6M EN STOCK (OU SUR MESURE)<\/td><\/tr><tr><td>400 \u00d7 400 \/ 280 \u00d7 280<br>450 \u00d7 300 \/ 450 \u00d7 200 \/ 400 \u00d7 350 \/ 400 \u00d7 250 \/ 500 \u00d7 250 \/ 500 \u00d7 300<\/td><td>4,5 MM - 15,75 MM<\/td><td>6M EN STOCK (OU SUR MESURE)<\/td><\/tr><\/tbody><\/table><\/figure>\n\n\n\n<figure class=\"wp-block-table\"><table class=\"has-fixed-layout\"><tbody><tr><td>Nom du produit<\/td><td> Tubes en acier soud\u00e9s carr\u00e9s et rectangulaires<\/td><\/tr><tr><td>Mat\u00e9riau<\/td><td>Gr.A, Gr.B, Gr.C, S275J0H, S355JR, S355J0H, S355J2H, A36, SS400, Q195, Q235, Q345<\/td><\/tr><tr><td>Traitement de surface des pipelines<\/td><td>1. Noir de carbone 2. Huil\u00e9<br>3. Peint en couleur<br>4. Galvanis\u00e9 (rev\u00eatement en zinc)<\/td><\/tr><tr><td>Forme<\/td><td>carr\u00e9, rectangulaire ou rond<\/td><\/tr><tr><td>gamme de tailles<\/td><td>Diam\u00e8tre : 20 x 20 mm \u00e0 600 x 600 mm ; \u00e9paisseur : 1,0 mm \u00e0 20,0 mm<\/td><\/tr><tr><td>Longueur<\/td><td>3 \u00e0 12 mois selon les exigences du client<\/td><\/tr><tr><td>OD (diam\u00e8tre ext\u00e9rieur)<\/td><td>carr\u00e9 10*10-1000*1000 mm rectangulaire : 10*15 800*1100 mm rond : 10,3 mm-609 mm<\/td><\/tr><tr><td>Technologie<\/td><td>ERW, LSAW, SSAW, sans soudure<\/td><\/tr><tr><td>MOQ<\/td><td>5 tonnes<\/td><\/tr><tr><td>Certification<\/td><td>CE, LEED, BV, PHD&amp;EPD, BC1, EN10210, EN10219, ISO9000, ASTMA500, ASTM A501, AS1163, JIS G3466<\/td><\/tr><tr><td>produit<\/td><td> Tubes en acier soud\u00e9s carr\u00e9s et rectangulaires<\/td><\/tr><tr><td>qualit\u00e9 du mat\u00e9riau<\/td><td>Q195 = S195 \/ A53 Grade A Q235 = S235 \/ A53 Grade B \/ A500 Grade A \/ STK400 \/ SS400 \/ ST42.2<br>Q355 = S355JR \/ A500 Grade B Grade C<\/td><\/tr><tr><td>D\u00e9lai de livraison<\/td><td>7 \u00e0 30 jours<\/td><\/tr><tr><td>Mode de paiement<\/td><td>TT\/LC<\/td><\/tr><\/tbody><\/table><\/figure>\n\n\n\n<figure class=\"wp-block-image\"><img decoding=\"async\" src=\"https:\/\/sc04.alicdn.com\/kf\/H3562f68edef34a5a884b3fc66364f61aa\/276158325\/H3562f68edef34a5a884b3fc66364f61aa.jpg\" alt=\"\" title=\"\"><\/figure>\n\n\n\n<p>Informations sur la production<\/p>\n\n\n\n<figure class=\"wp-block-table\"><table class=\"has-fixed-layout\"><tbody><tr><td>Nom du produit<\/td><td>Tubes en acier soud\u00e9s carr\u00e9s et rectangulaires<\/td><\/tr><tr><td>Norme produit<\/td><td>ASTM A106-2006, ASTM A53-2007, GB 5310-1995, GB\/T 8162-1999, BS 1387, BS EN 10025, JIS G3463-2006, JIS G3454-2007, JIS G<br>3459-2004, DIN 1629\/4, DIN 1626, DIN 1629\/3<\/td><\/tr><tr><td>Mat\u00e9riau<\/td><td>10#, 20#, 45#, 16mn, A53(A,B), A106(B,C), API J55, Q235,Q345, Q195,Q215, Q345C, Q345A, etc.<\/td><\/tr><tr><td>Produit<\/td><td>Tubes en acier soud\u00e9s carr\u00e9s et rectangulaires<\/td><\/tr><tr><td>Num\u00e9ro de mod\u00e8le<\/td><td>15*15 mm-400*600 mm (toutes les dimensions peuvent \u00eatre personnalis\u00e9es selon les exigences du client)<\/td><\/tr><tr><td>Longueur<\/td><td>1 mm \u00e0 12 mm (toutes les dimensions peuvent \u00eatre personnalis\u00e9es selon les exigences du client)<\/td><\/tr><tr><td>\u00c9paisseur<\/td><td>1 mm \u00e0 25 mm (toutes les dimensions peuvent \u00eatre personnalis\u00e9es selon les exigences du client)<\/td><\/tr><tr><td>D\u00e9lai de livraison<\/td><td>G\u00e9n\u00e9ralement dans les 7 jours, le d\u00e9lai d\u00e9pend du nombre de produits.<\/td><\/tr><\/tbody><\/table><\/figure>\n\n\n\n<figure class=\"wp-block-image\"><img decoding=\"async\" src=\"https:\/\/sc04.alicdn.com\/kf\/H43f49deb0b8a4be187d8f9f53c5629cd3\/279691685\/H43f49deb0b8a4be187d8f9f53c5629cd3.png\" alt=\"\" title=\"\"><\/figure>\n\n\n\n<figure class=\"wp-block-image\"><img decoding=\"async\" src=\"https:\/\/sc04.alicdn.com\/kf\/H13c439b4ec64423bb5325f6b339c35c7n\/279691685\/H13c439b4ec64423bb5325f6b339c35c7n.png\" alt=\"\" title=\"\"><\/figure>\n\n\n\n<p><\/p>","protected":false},"featured_media":3536,"parent":0,"template":"","meta":{"_acf_changed":true,"_gspb_post_css":"","_kad_blocks_custom_css":"","_kad_blocks_head_custom_js":"","_kad_blocks_body_custom_js":"","_kad_blocks_footer_custom_js":"","_kad_post_transparent":"","_kad_post_title":"","_kad_post_layout":"","_kad_post_sidebar_id":"","_kad_post_content_style":"","_kad_post_vertical_padding":"","_kad_post_feature":"","_kad_post_feature_position":"","_kad_post_header":false,"_kad_post_footer":false,"_kad_post_classname":""},"product-category":[68,63],"class_list":["post-3385","product","type-product","status-publish","has-post-thumbnail","hentry","product-category-irregular-and-rectangular-pipes","product-category-pipe"],"acf":[],"taxonomy_info":{"product-category":[{"value":68,"label":"Irregular and rectangular pipes"},{"value":63,"label":"PIPE"}]},"featured_image_src_large":["https:\/\/khsteel.net\/wp-content\/uploads\/2025\/06\/H951644cba6bb45aebeb6f9a99531cbb6X_\u526f\u672c.jpg",800,800,false],"author_info":[],"comment_info":"","_links":{"self":[{"href":"https:\/\/khsteel.net\/fr\/wp-json\/wp\/v2\/product\/3385","targetHints":{"allow":["GET"]}}],"collection":[{"href":"https:\/\/khsteel.net\/fr\/wp-json\/wp\/v2\/product"}],"about":[{"href":"https:\/\/khsteel.net\/fr\/wp-json\/wp\/v2\/types\/product"}],"wp:featuredmedia":[{"embeddable":true,"href":"https:\/\/khsteel.net\/fr\/wp-json\/wp\/v2\/media\/3536"}],"wp:attachment":[{"href":"https:\/\/khsteel.net\/fr\/wp-json\/wp\/v2\/media?parent=3385"}],"wp:term":[{"taxonomy":"product-category","embeddable":true,"href":"https:\/\/khsteel.net\/fr\/wp-json\/wp\/v2\/product-category?post=3385"}],"curies":[{"name":"wp","href":"https:\/\/api.w.org\/{rel}","templated":true}]}}