{"id":3368,"date":"2025-06-24T02:51:57","date_gmt":"2025-06-24T02:51:57","guid":{"rendered":"https:\/\/khsteel.net\/?post_type=product&#038;p=3368"},"modified":"2025-06-25T03:02:54","modified_gmt":"2025-06-25T03:02:54","slug":"tuyaux-carres-et-rectangulaires","status":"publish","type":"product","link":"https:\/\/khsteel.net\/fr\/product\/square-and-rectangular-pipes\/","title":{"rendered":"N\u0153ud creux noir en acier au carbone Q235, Q345 tubes carr\u00e9s en m\u00e9tal, tubes carr\u00e9s et rectangulaires en acier au carbone recuit noir"},"content":{"rendered":"<p>Site web de l'entreprise<\/p>\n\n\n\n<p>Site web du bureau :<a href=\"https:\/\/khsteel.net\/fr\/\">https:\/\/khsteel.net\/<\/a><br>Site web d'Alibaba :<a href=\"https:\/\/lckehuan.en.alibaba.com\/\" target=\"_blank\" rel=\"noopener\">https:\/\/lckehuan.en.alibaba.com\/<\/a><\/p>\n\n\n\n<h2 class=\"wp-block-heading\" id=\"product-parameters-square-and-rectangular-pipes\">Param\u00e8tres du produit tubes carr\u00e9s et rectangulaires<\/h2>\n\n\n\n<figure class=\"wp-block-table\"><table class=\"has-fixed-layout\"><tbody><tr><td>GRADE DU MAT\u00c9RIAU<\/td><td>Q195 = S195 \/ A53 Grade A<br>Q235 = S235 \/ A53 Grade B \/ A500 Grade A \/ STK400 \/ SS400 \/ ST42.2<br>Q355 = S355JR \/ A500 Grade B Grade C<\/td><\/tr><tr><td>STANDARD<\/td><td>ASTM A500 Gr.A \/ B\/ C<\/td><\/tr><tr><td>SURFACE DU TUYAU<\/td><td><strong>Galvanis\u00e9, peint en noir ou huil\u00e9 antirouille<\/strong><\/td><\/tr><tr><td>NOM DU PRODUIT<\/td><td>tuyaux carr\u00e9s et rectangulaires<\/td><\/tr><tr><td>CERTIFICATS<\/td><td>ISO 9001 \/ BSI\/ UL \/ FM<\/td><\/tr><tr><td>CONDITIONS COMMERCIALES<\/td><td>FOB\/ CFR\/ CIF\/ EXW\/ FCA<\/td><\/tr><tr><td>CONDITIONS DE PAIEMENT<\/td><td>30%&amp;70% T\/T ; 100% LC AT SIGHT (d'autres peuvent \u00eatre n\u00e9goci\u00e9s)<\/td><\/tr><tr><td>D\u00c9LAI DE LIVRAISON<\/td><td>30-45 JOURS APR\u00c8S R\u00c9CEPTION DU D\u00c9P\u00d4T OU DE LA LC<\/td><\/tr><tr><td>PRODUIT<\/td><td>tuyaux carr\u00e9s et rectangulaires<\/td><\/tr><tr><td>MARCH\u00c9 DE LA VENTE \u00c0 CHAUD<\/td><td>Asie du Sud-Est, Asie du Sud, Moyen-Orient, Europe, Am\u00e9rique centrale et du Sud, Afrique et Oc\u00e9anie<\/td><\/tr><\/tbody><\/table><\/figure>\n\n\n\n<figure class=\"wp-block-table\"><table class=\"has-fixed-layout\"><tbody><tr><td colspan=\"3\"><strong>TAILLE R\u00c9GULI\u00c8RE<\/strong><\/td><\/tr><tr><td>TAILLE (DIAM\u00c8TRE EXT\u00c9RIEUR)<\/td><td>\u00c9PAISSEUR DE LA PAROI<\/td><td>LONGUEUR<\/td><\/tr><tr><td>20 \u00d7 20 \/ 25 \u00d7 25<\/td><td>1,2MM -2,75MM<\/td><td>6M EN STOCK (OU SUR MESURE)<\/td><\/tr><tr><td>30 \u00d7 30 \/ 20 \u00d7 40 \/ 30 \u00d7 40 \/ 25 \u00d7 40<\/td><td>1.2MM - 3.5MM<\/td><td>6M EN STOCK (OU SUR MESURE)<\/td><\/tr><tr><td>40\u00d740 \/ 50x5030x50 \/ 25\u00d750 \/ 30\u00d760 \/ 40\u00d760<\/td><td>1,2 MM - 4,75 MM<\/td><td>6M EN STOCK (OU SUR MESURE)<\/td><\/tr><tr><td>60 \u00d7 60 \/ 50 \u00d7 70 \/ 40 \u00d7 80 \/ 40 \u00d7 50<\/td><td>1,2 MM - 5,75 MM<\/td><td>6M EN STOCK (OU SUR MESURE)<\/td><\/tr><tr><td>70 \u00d7 70 \/ 60 \u00d7 80 \/ 50 \u00d7 80 \/ 100 \u00d7 40 \/ 50 \u00d7 90<\/td><td>1,5 MM - 5,75 MM<\/td><td>6M EN STOCK (OU SUR MESURE)<\/td><\/tr><tr><td>75 \u00d7 75 \/ 80 \u00d7 80 \/ 90 \u00d7 90<br>60 \u00d7 100 \/ 50 \u00d7 100 \/ 120 \u00d7 60 \/ 100 \u00d7 80 \/ 60 \u00d7 90<\/td><td>1,5 MM - 7,75 MM<\/td><td>6M EN STOCK (OU SUR MESURE)<\/td><\/tr><tr><td>100 \u00d7 100 \/ 120 \u00d7 80<\/td><td>1,8 MM - 7,75 MM<\/td><td>6M EN STOCK (OU SUR MESURE)<\/td><\/tr><tr><td>120 \u00d7 120 \/ 130 \u00d7 130<br>180 \u00d7 80 \/ 160 \u00d7 80 \/ 100 \u00d7 150 \/ 140 \u00d7 80 \/ 140 \u00d7 60<\/td><td>2,5 MM - 10,0 MM<\/td><td>6M EN STOCK (OU SUR MESURE)<\/td><\/tr><tr><td>140 \u00d7 140 \/ 150 \u00d7 150 \/ 100 \u00d7 180 \/ 200 \u00d7 100<\/td><td>2,5 MM - 10,0 MM<\/td><td>6M EN STOCK (OU SUR MESURE)<\/td><\/tr><tr><td>160 \u00d7 160 \/ 180 \u00d7 180 \/ 200 \u00d7 150<\/td><td>3,5 MM - 11,0 MM<\/td><td>6M EN STOCK (OU SUR MESURE)<\/td><\/tr><tr><td>200 \u00d7 200 \/ 250 \u00d7 150 \/ 100 \u00d7 250<\/td><td>3,5 MM - 11,0 MM<\/td><td>6M EN STOCK (OU SUR MESURE)<\/td><\/tr><tr><td>250 \u00d7 250 \/ 250 \u00d7 200 \/ 300 \u00d7 150 \/ 300 \u00d7 200<\/td><td>4,5 MM - 15,0 MM<\/td><td>6M EN STOCK (OU SUR MESURE)<\/td><\/tr><tr><td>300 \u00d7 300 \/ 350 \u00d7 200 \/ 350 \u00d7 250 \/ 300 \u00d7 150<\/td><td>4,5 MM - 15,0 MM<\/td><td>6M EN STOCK (OU SUR MESURE)<\/td><\/tr><tr><td>350 \u00d7 350<br>350 \u00d7 300 \/ 450 \u00d7 250 \/ 400 \u00d7 300 \/ 500 \u00d7 200<\/td><td>4,5 MM - 15,75 MM<\/td><td>6M EN STOCK (OU SUR MESURE)<\/td><\/tr><tr><td>400 \u00d7 400 \/ 280 \u00d7 280<br>450 \u00d7 300 \/ 450 \u00d7 200 \/ 400 \u00d7 350 \/ 400 \u00d7 250 \/ 500 \u00d7 250 \/ 500 \u00d7 300<\/td><td>4,5 MM - 15,75 MM<\/td><td>6M EN STOCK (OU SUR MESURE)<\/td><\/tr><\/tbody><\/table><\/figure>\n\n\n\n<figure class=\"wp-block-table\"><table class=\"has-fixed-layout\"><tbody><tr><td colspan=\"2\"><strong>Sp\u00e9cifications du tube carr\u00e9 (longueur*largeur*\u00e9paisseur)<\/strong><\/td><td colspan=\"2\"><strong>Sp\u00e9cifications des tubes rectangulaires (longueur*largeur*\u00e9paisseur)<\/strong><\/td><\/tr><tr><td>16\u00d716\u00d70.4\uff5e1.5<\/td><td>380x380x8.0\uff5e14.0<\/td><td>10\u00d720\u00d70.6\uff5e1.5<\/td><td>250x150x6\uff5e12.0<\/td><\/tr><tr><td>18\u00d718\u00d70.4\uff5e1.5<\/td><td>400\u00d7400\u00d78.0\uff5e14.0<\/td><td>14\u00d721\u00d70.6\uff5e1.5<\/td><td>250\u00d7100\u00d76\uff5e12.0<\/td><\/tr><tr><td>20\u00d720\u00d70.4\uff5e1.5<\/td><td>420x420x10.0\uff5e14.0<\/td><td>15\u00d730\u00d71.5\uff5e1.5<\/td><td>250\u00d7200\u00d76\uff5e12.0<\/td><\/tr><tr><td>25\u00d725\u00d70.6\uff5e2.0<\/td><td>450\u00d7450\u00d710.0\uff5e14.0<\/td><td>15\u00d738\u00d70.6\uff5e1.5<\/td><td>300\u00d7150\u00d76\uff5e12.0<\/td><\/tr><tr><td>30\u00d730\u00d70.6\uff5e4.0<\/td><td>480\u00d7460\u00d710.0\uff5e14.0<\/td><td>20\u00d730\u00d70.6\uff5e2.0<\/td><td>300\u00d7200\u00d76\uff5e12.0<\/td><\/tr><tr><td>34x34x1.0\uff5e2.0<\/td><td>500x500x10.0\uff5e14.0<\/td><td>20\u00d740\u00d70.8\uff5e2.0<\/td><td>300\u00d7250\u00d76\uff5e12.0<\/td><\/tr><tr><td>35\u00d735\u00d71.0\uff5e4.0<\/td><td><strong>Les sp\u00e9cifications personnalisables sont les suivantes<\/strong><\/td><td>20\u00d750\u00d71.0\uff5e2.0<\/td><td>400\u00d7250\u00d78\uff5e12.0<\/td><\/tr><tr><td>38x38x1.0\uff5e4.0<\/td><td>550\u00d7550\u00d710.0\uff5e40.0<\/td><td>22\u00d735\u00d70.9\uff5e2.0<\/td><td>400\u00d7300\u00d78\uff5e12.0<\/td><\/tr><tr><td>40\u00d740\u00d71.0\uff5e4.5<\/td><td>600\u00d7600\u00d710.0\uff5e40.0<\/td><td>25\u00d740\u00d70.9\uff5e3.75<\/td><td>450\u00d7200\u00d78\uff5e12.0<\/td><\/tr><tr><td>44\u00d744\u00d71.0\uff5e4.5<\/td><td>700\u00d7700\u00d710.0\uff5e40.0<\/td><td>25\u00d765\u00d71.0\uff5e2.0<\/td><td>450\u00d7250\u00d78\uff5e12.0<\/td><\/tr><tr><td>45x45x1.0\uff5e5.0<\/td><td>800\u00d7800\u00d710.0\uff5e50.0<\/td><td>30\u00d740\u00d71.0\uff5e3.75<\/td><td>400\u00d7300\u00d78\uff5e12.0<\/td><\/tr><tr><td>50\u00d750\u00d71.0\uff5e5.0<\/td><td>900\u00d7900\u00d710.0\uff5e50.0<\/td><td>30x45x1.0\uff5e3.75<\/td><td>400\u00d7350\u00d78\uff5e12.0<\/td><\/tr><tr><td>60\u00d760\u00d71.5\uff5e5.0<\/td><td><\/td><td>30x50x1.0\uff5e4.0<\/td><td>500\u00d7200\u00d710\uff5e12.0<\/td><\/tr><tr><td>70*70\u00d72.0\uff5e6.0<\/td><td><\/td><td>30\u00d760\u00d71.0\uff5e4.5<\/td><td>500\u00d7250\u00d710\uff5e12.0<\/td><\/tr><tr><td>75\u00d775\u00d72.0\uff5e6.0<\/td><td><\/td><td>40\u00d750\u00d71.0\uff5e4.5<\/td><td>500\u00d7300\u00d710\uff5e12.0<\/td><\/tr><tr><td>80x80x2.0\uff5e6.0<\/td><td><\/td><td>40\u00d760\u00d71.0\uff5e5.0<\/td><td>500\u00d7350\u00d710\uff5e12.0<\/td><\/tr><tr><td>85x85x2.0\uff5e6.0<\/td><td><\/td><td>40\u00d780\u00d71.5\uff5e5.0<\/td><td>500\u00d7400\u00d710\uff5e12.0<\/td><\/tr><tr><td>95\u00d795\u00d72.0\uff5e8.0<\/td><td><\/td><td>40\u00d7100\u00d72.0\uff5e5.0<\/td><td>500\u00d7450\u00d710\uff5e12.0<\/td><\/tr><tr><td>100x100x2.0\uff5e8.0<\/td><td><\/td><td>50\u00d760\u00d72.0\uff5e5.0<\/td><td><strong>Les sp\u00e9cifications personnalisables sont les suivantes<\/strong><\/td><\/tr><tr><td>120\u00d7120\u00d74.0\uff5e8.0<\/td><td><\/td><td>50\u00d780\u00d72.0\uff5e5.0<\/td><td>600\u00d7200\u00d710\uff5e28.0<\/td><\/tr><tr><td>150x150x6.0\uff5e10.0<\/td><td><\/td><td>50x100x2.0\uff5e8.0<\/td><td>600\u00d7400\u00d710\uff5e28.0<\/td><\/tr><tr><td>180x180x6.0\uff5e12.0<\/td><td><\/td><td>60\u00d780\u00d72.0\uff5e6.0<\/td><td>600\u00d7500\u00d710\uff5e28.0<\/td><\/tr><tr><td>200\u00d7200\u00d76.0\uff5e12.0<\/td><td><\/td><td>80\u00d7100\u00d72.0\uff5e8.0<\/td><td>800x400x10\uff5e28.0<\/td><\/tr><tr><td>220\u00d7220\u00d76.0\uff5e14.0<\/td><td><\/td><td>120\u00d760\u00d72.5\uff5e10.0<\/td><td>800\u00d7600\u00d710\uff5e28.0<\/td><\/tr><tr><td>250\u00d7250\u00d76.0\uff5e14.0<\/td><td><\/td><td>120\u00d780\u00d72.5\uff5e10.0<\/td><td>800\u00d7700\u00d710\uff5e28.0<\/td><\/tr><tr><td>280\u00d7280\u00d76.0\uff5e14.0<\/td><td><\/td><td>150\u00d7100\u00d72.5\uff5e12.0<\/td><td>1000\u00d7400\u00d710\uff5e28.0<\/td><\/tr><tr><td>300\u00d7300\u00d78.0\uff5e14.0<\/td><td><\/td><td>180\u00d7150\u00d72.5\uff5e12.0<\/td><td>1000\u00d7500\u00d710\uff5e28.0<\/td><\/tr><tr><td>320\u00d7320\u00d78.0\uff5e14.0<\/td><td><\/td><td>200\u00d7100\u00d74\uff5e12.0<\/td><td>1000\u00d7600\u00d710\uff5e28.0<\/td><\/tr><tr><td>350x350x8.0\uff5e14.0<\/td><td><\/td><td>200\u00d7150\u00d74\uff5e12.0<\/td><td>1000\u00d7800\u00d710\uff5e28<\/td><\/tr><\/tbody><\/table><\/figure>\n\n\n\n<p>Param\u00e8tres du produit tubes carr\u00e9s et rectangulaires<\/p>\n\n\n\n<figure class=\"wp-block-table\"><table class=\"has-fixed-layout\"><tbody><tr><td><strong>OD<\/strong><\/td><td>10*10mm-500*500mm ou sur mesure<\/td><\/tr><tr><td><strong>Longueur<\/strong><\/td><td>1-12M ou sur mesure<\/td><\/tr><tr><td><strong>\u00c9paisseur<\/strong><\/td><td>0,5-12 mm ou sur mesure<\/td><\/tr><tr><td><strong>Technique<\/strong><\/td><td>Lamin\u00e9s \u00e0 froid, lamin\u00e9s \u00e0 chaud, ERW<\/td><\/tr><tr><td><strong>Forme de la section<\/strong><\/td><td>tuyaux carr\u00e9s et rectangulaires noirs<\/td><\/tr><tr><td><strong>Traitement de surface<\/strong><\/td><td>Peinture noire, galvanisation, recuit<\/td><\/tr><tr><td><strong>Service de traitement<\/strong><\/td><td>Soudage, poin\u00e7onnage, d\u00e9coupage, cintrage, d\u00e9coilage<\/td><\/tr><tr><td><strong>Huil\u00e9 ou non huil\u00e9<\/strong><\/td><td>Non huil\u00e9<\/td><\/tr><tr><td><strong>D\u00e9lai de livraison<\/strong><\/td><td>G\u00e9n\u00e9ralement sous 7 jours, le d\u00e9lai d\u00e9pend du nombre de produits.<\/td><\/tr><tr><td><strong>MOQ<\/strong><\/td><td>1 tonne. Si la quantit\u00e9 achet\u00e9e est inf\u00e9rieure \u00e0 notre MOQ, elle peut \u00eatre personnalis\u00e9e en fonction de vos besoins.<\/td><\/tr><tr><td><strong>Paiement<\/strong><\/td><td>T\/T, D\/A, D\/P, L\/C, Western Union, MoneyGram ou selon les besoins du client.<\/td><\/tr><tr><td><strong>\u00c9chantillons<\/strong><\/td><td>Possibilit\u00e9 de fournir des \u00e9chantillons<\/td><\/tr><tr><td><strong>Produit<\/strong><\/td><td>tuyaux carr\u00e9s et rectangulaires<\/td><\/tr><tr><td><strong>Application<\/strong><\/td><td>Largement utilis\u00e9 dans l'ameublement, la d\u00e9coration int\u00e9rieure, les conduites de fluides, l'industrie du p\u00e9trole et du gaz naturel, le forage, les pipelines, les structures.<\/td><\/tr><tr><td><strong>Avantages<\/strong><\/td><td>1. Prix raisonnable et excellente qualit\u00e9<br>2. Stock abondant et livraison rapide<br>3. Riche exp\u00e9rience en mati\u00e8re d'approvisionnement et d'exportation, service sinc\u00e8re<\/td><\/tr><\/tbody><\/table><\/figure>\n\n\n\n<figure class=\"wp-block-image\"><img decoding=\"async\" src=\"https:\/\/sc04.alicdn.com\/kf\/H3562f68edef34a5a884b3fc66364f61aa\/276158325\/H3562f68edef34a5a884b3fc66364f61aa.jpg\" alt=\"\" title=\"\"><\/figure>\n\n\n\n<p>Pr\u00e9sentation du produit<\/p>\n\n\n\n<figure class=\"wp-block-image\"><img decoding=\"async\" src=\"https:\/\/sc04.alicdn.com\/kf\/H827ddfe5fb44472bbed0a0e5cf53132fa\/251664376\/H827ddfe5fb44472bbed0a0e5cf53132fa.png\" alt=\"\" title=\"\"><\/figure>\n\n\n\n<figure class=\"wp-block-image\"><img decoding=\"async\" src=\"https:\/\/sc04.alicdn.com\/kf\/H02cc8a95d0814be283e19e78b2eeb6888\/251664376\/H02cc8a95d0814be283e19e78b2eeb6888.png\" alt=\"\" title=\"\"><\/figure>\n\n\n\n<p><\/p>","protected":false},"featured_media":3570,"parent":0,"template":"","meta":{"_acf_changed":false,"_gspb_post_css":"","_kad_blocks_custom_css":"","_kad_blocks_head_custom_js":"","_kad_blocks_body_custom_js":"","_kad_blocks_footer_custom_js":"","_kad_post_transparent":"","_kad_post_title":"","_kad_post_layout":"","_kad_post_sidebar_id":"","_kad_post_content_style":"","_kad_post_vertical_padding":"","_kad_post_feature":"","_kad_post_feature_position":"","_kad_post_header":false,"_kad_post_footer":false,"_kad_post_classname":""},"product-category":[68,63],"class_list":["post-3368","product","type-product","status-publish","has-post-thumbnail","hentry","product-category-irregular-and-rectangular-pipes","product-category-pipe"],"acf":[],"taxonomy_info":{"product-category":[{"value":68,"label":"Irregular and rectangular pipes"},{"value":63,"label":"PIPE"}]},"featured_image_src_large":["https:\/\/khsteel.net\/wp-content\/uploads\/2025\/06\/H432477549e64404cb8c1667255d089e3N_\u526f\u672c.jpg",800,800,false],"author_info":[],"comment_info":"","_links":{"self":[{"href":"https:\/\/khsteel.net\/fr\/wp-json\/wp\/v2\/product\/3368","targetHints":{"allow":["GET"]}}],"collection":[{"href":"https:\/\/khsteel.net\/fr\/wp-json\/wp\/v2\/product"}],"about":[{"href":"https:\/\/khsteel.net\/fr\/wp-json\/wp\/v2\/types\/product"}],"wp:featuredmedia":[{"embeddable":true,"href":"https:\/\/khsteel.net\/fr\/wp-json\/wp\/v2\/media\/3570"}],"wp:attachment":[{"href":"https:\/\/khsteel.net\/fr\/wp-json\/wp\/v2\/media?parent=3368"}],"wp:term":[{"taxonomy":"product-category","embeddable":true,"href":"https:\/\/khsteel.net\/fr\/wp-json\/wp\/v2\/product-category?post=3368"}],"curies":[{"name":"wp","href":"https:\/\/api.w.org\/{rel}","templated":true}]}}