{"id":3360,"date":"2025-06-24T02:32:06","date_gmt":"2025-06-24T02:32:06","guid":{"rendered":"https:\/\/khsteel.net\/?post_type=product&#038;p=3360"},"modified":"2025-06-25T03:07:03","modified_gmt":"2025-06-25T03:07:03","slug":"tube-a-section-creuse-rectangulaire-en-carbone","status":"publish","type":"product","link":"https:\/\/khsteel.net\/fr\/product\/rectangular-carbon-hollow-cross-section-pipe\/","title":{"rendered":"Tube carr\u00e9 en acier noir de haute qualit\u00e9, tube en acier noir sans soudure, tube \u00e0 section creuse rectangulaire en carbone"},"content":{"rendered":"<p>Site web de l'entreprise<\/p>\n\n\n\n<p>Site web du bureau :<a href=\"https:\/\/khsteel.net\/fr\/\">https:\/\/khsteel.net\/<\/a><br>Site web d'Alibaba :<a href=\"https:\/\/lckehuan.en.alibaba.com\/\" target=\"_blank\" rel=\"noopener\">https:\/\/lckehuan.en.alibaba.com\/<\/a><\/p>\n\n\n\n<h2 class=\"wp-block-heading\" id=\"product-parameters-rectangular-carbon-hollow-cross-section-pipe\">Param\u00e8tres du produit tube \u00e0 section creuse rectangulaire en carbone<\/h2>\n\n\n\n<figure class=\"wp-block-table\"><table class=\"has-fixed-layout\"><tbody><tr><td>GRADE DU MAT\u00c9RIAU<\/td><td>Q195 = S195 \/ A53 Grade A<br>Q235 = S235 \/ A53 Grade B \/ A500 Grade A \/ STK400 \/ SS400 \/ ST42.2<br>Q355 = S355JR \/ A500 Grade B Grade C<\/td><\/tr><tr><td>STANDARD<\/td><td>ASTM A500 Gr.A \/ B\/ C<\/td><\/tr><tr><td>SURFACE DU TUYAU<\/td><td><strong>Galvanis\u00e9, peint en noir ou huil\u00e9 antirouille<\/strong><\/td><\/tr><tr><td>NOM DU PRODUIT<\/td><td>Tube rectangulaire \u00e0 section creuse en carbone<\/td><\/tr><tr><td>CERTIFICATS<\/td><td>ISO 9001 \/ BSI\/ UL \/ FM<\/td><\/tr><tr><td>CONDITIONS COMMERCIALES<\/td><td>FOB\/ CFR\/ CIF\/ EXW\/ FCA<\/td><\/tr><tr><td>CONDITIONS DE PAIEMENT<\/td><td>30%&amp;70% T\/T ; 100% LC AT SIGHT (d'autres peuvent \u00eatre n\u00e9goci\u00e9s)<\/td><\/tr><tr><td>D\u00c9LAI DE LIVRAISON<\/td><td>30-45 JOURS APR\u00c8S R\u00c9CEPTION DU D\u00c9P\u00d4T OU DE LA LC<\/td><\/tr><tr><td>PRODUIT<\/td><td>Tube rectangulaire \u00e0 section creuse en carbone<\/td><\/tr><tr><td>MARCH\u00c9 DE LA VENTE \u00c0 CHAUD<\/td><td>Asie du Sud-Est, Asie du Sud, Moyen-Orient, Europe, Am\u00e9rique centrale et du Sud, Afrique et Oc\u00e9anie<\/td><\/tr><\/tbody><\/table><\/figure>\n\n\n\n<figure class=\"wp-block-table\"><table class=\"has-fixed-layout\"><tbody><tr><td colspan=\"3\"><strong>TAILLE R\u00c9GULI\u00c8RE<\/strong><\/td><\/tr><tr><td>TAILLE (DIAM\u00c8TRE EXT\u00c9RIEUR)<\/td><td>\u00c9PAISSEUR DE LA PAROI<\/td><td>LONGUEUR<\/td><\/tr><tr><td>20 \u00d7 20 \/ 25 \u00d7 25<\/td><td>1,2MM -2,75MM<\/td><td>6M EN STOCK (OU SUR MESURE)<\/td><\/tr><tr><td>30 \u00d7 30 \/ 20 \u00d7 40 \/ 30 \u00d7 40 \/ 25 \u00d7 40<\/td><td>1.2MM - 3.5MM<\/td><td>6M EN STOCK (OU SUR MESURE)<\/td><\/tr><tr><td>40\u00d740 \/ 50x5030x50 \/ 25\u00d750 \/ 30\u00d760 \/ 40\u00d760<\/td><td>1,2 MM - 4,75 MM<\/td><td>6M EN STOCK (OU SUR MESURE)<\/td><\/tr><tr><td>60 \u00d7 60 \/ 50 \u00d7 70 \/ 40 \u00d7 80 \/ 40 \u00d7 50<\/td><td>1,2 MM - 5,75 MM<\/td><td>6M EN STOCK (OU SUR MESURE)<\/td><\/tr><tr><td>70 \u00d7 70 \/ 60 \u00d7 80 \/ 50 \u00d7 80 \/ 100 \u00d7 40 \/ 50 \u00d7 90<\/td><td>1,5 MM - 5,75 MM<\/td><td>6M EN STOCK (OU SUR MESURE)<\/td><\/tr><tr><td>75 \u00d7 75 \/ 80 \u00d7 80 \/ 90 \u00d7 90<br>60 \u00d7 100 \/ 50 \u00d7 100 \/ 120 \u00d7 60 \/ 100 \u00d7 80 \/ 60 \u00d7 90<\/td><td>1,5 MM - 7,75 MM<\/td><td>6M EN STOCK (OU SUR MESURE)<\/td><\/tr><tr><td>100 \u00d7 100 \/ 120 \u00d7 80<\/td><td>1,8 MM - 7,75 MM<\/td><td>6M EN STOCK (OU SUR MESURE)<\/td><\/tr><tr><td>120 \u00d7 120 \/ 130 \u00d7 130<br>180 \u00d7 80 \/ 160 \u00d7 80 \/ 100 \u00d7 150 \/ 140 \u00d7 80 \/ 140 \u00d7 60<\/td><td>2,5 MM - 10,0 MM<\/td><td>6M EN STOCK (OU SUR MESURE)<\/td><\/tr><tr><td>140 \u00d7 140 \/ 150 \u00d7 150 \/ 100 \u00d7 180 \/ 200 \u00d7 100<\/td><td>2,5 MM - 10,0 MM<\/td><td>6M EN STOCK (OU SUR MESURE)<\/td><\/tr><tr><td>160 \u00d7 160 \/ 180 \u00d7 180 \/ 200 \u00d7 150<\/td><td>3,5 MM - 11,0 MM<\/td><td>6M EN STOCK (OU SUR MESURE)<\/td><\/tr><tr><td>200 \u00d7 200 \/ 250 \u00d7 150 \/ 100 \u00d7 250<\/td><td>3,5 MM - 11,0 MM<\/td><td>6M EN STOCK (OU SUR MESURE)<\/td><\/tr><tr><td>250 \u00d7 250 \/ 250 \u00d7 200 \/ 300 \u00d7 150 \/ 300 \u00d7 200<\/td><td>4,5 MM - 15,0 MM<\/td><td>6M EN STOCK (OU SUR MESURE)<\/td><\/tr><tr><td>300 \u00d7 300 \/ 350 \u00d7 200 \/ 350 \u00d7 250 \/ 300 \u00d7 150<\/td><td>4,5 MM - 15,0 MM<\/td><td>6M EN STOCK (OU SUR MESURE)<\/td><\/tr><tr><td>350 \u00d7 350<br>350 \u00d7 300 \/ 450 \u00d7 250 \/ 400 \u00d7 300 \/ 500 \u00d7 200<\/td><td>4,5 MM - 15,75 MM<\/td><td>6M EN STOCK (OU SUR MESURE)<\/td><\/tr><tr><td>400 \u00d7 400 \/ 280 \u00d7 280<br>450 \u00d7 300 \/ 450 \u00d7 200 \/ 400 \u00d7 350 \/ 400 \u00d7 250 \/ 500 \u00d7 250 \/ 500 \u00d7 300<\/td><td>4,5 MM - 15,75 MM<\/td><td>6M EN STOCK (OU SUR MESURE)<\/td><\/tr><\/tbody><\/table><\/figure>\n\n\n\n<p>Description du produit tube \u00e0 section creuse rectangulaire en carbone<\/p>\n\n\n\n<figure class=\"wp-block-image\"><img decoding=\"async\" src=\"https:\/\/sc04.alicdn.com\/kf\/Hdad179aeac4845a9a43a9cc22910eeceg\/279483151\/Hdad179aeac4845a9a43a9cc22910eeceg.jpg\" alt=\"\" title=\"\"><\/figure>\n\n\n\n<p><strong>Grande r\u00e9sistance et int\u00e9grit\u00e9 structurelle<\/strong><\/p>\n\n\n\n<p>Les tubes d'acier rectangulaires ont une r\u00e9sistance \u00e0 la flexion et \u00e0 la torsion plus \u00e9lev\u00e9e que les tubes ronds dans certaines applications.id\u00e9al pour les structures porteuses et les charpentes n\u00e9cessitant une r\u00e9sistance et une rigidit\u00e9 sup\u00e9rieures. <strong>Soudage et fabrication faciles<\/strong><\/p>\n\n\n\n<p>Les surfaces planes facilitent le soudage, le boulonnage et l'assemblage par rapport aux tubes ronds, ce qui simplifie l'assemblage dans les structures modulaires et pr\u00e9fabriqu\u00e9es. <strong>Excellente durabilit\u00e9 et r\u00e9sistance \u00e0 la corrosion<\/strong><\/p>\n\n\n\n<p>Fabriqu\u00e9 en acier au carbone ou en acier alli\u00e9 de haute qualit\u00e9, avec possibilit\u00e9 de rev\u00eatement galvanis\u00e9 pour la protection contre la corrosion, il garantit une longue dur\u00e9e de vie, m\u00eame en ext\u00e9rieur ou dans des environnements difficiles.<\/p>\n\n\n\n<p>Paramenteurs de produits<\/p>\n\n\n\n<figure class=\"wp-block-image\"><img decoding=\"async\" src=\"https:\/\/sc04.alicdn.com\/kf\/H58c1fd32460e44d4879cb81155f53997v\/279483151\/H58c1fd32460e44d4879cb81155f53997v.jpg\" alt=\"\" title=\"\"><\/figure>\n\n\n\n<figure class=\"wp-block-table\"><table class=\"has-fixed-layout\"><tbody><tr><td><strong>Nom du produit<\/strong><\/td><td colspan=\"3\">Tube rectangulaire \u00e0 section creuse en carbone<\/td><\/tr><tr><td><strong>Taille<\/strong><\/td><td colspan=\"3\">Tube rectangulaire : 10*20-120*80mm<br>Tube carr\u00e9 : 16*16-250*250 mm<br>(v\u00e9rifier les tailles fournies dans le tableau ci-dessous)<\/td><\/tr><tr><td><strong>Longueur<\/strong><\/td><td colspan=\"3\">6m ou selon votre demande<\/td><\/tr><tr><td><strong>Standard<\/strong><\/td><td colspan=\"3\">EN10210, EN10219, DIN17100, ASTM A36,JIS G3466<\/td><\/tr><tr><td><strong>Mat\u00e9riaux<\/strong><\/td><td colspan=\"3\">Q195, Q235, Q235B, Q275, Q345B, S235, S235jr, S355, S355jr, SS400, SS330, STK490, St33, St37, St52\/ ASTM A36, A53, A106<\/td><\/tr><tr><td><strong>Surface<\/strong><\/td><td colspan=\"3\">Huile, bared, peinture noire, galvanis\u00e9<\/td><\/tr><tr><td><strong>Produit<\/strong><\/td><td colspan=\"3\">Tube rectangulaire \u00e0 section creuse en carbone<\/td><\/tr><tr><td><strong>Technique<\/strong><\/td><td colspan=\"3\">Lamin\u00e9s \u00e0 chaud, soud\u00e9s (erw)<\/td><\/tr><tr><td><strong>Utilisation<\/strong><\/td><td colspan=\"3\">G\u00e9nie civil, architecture, tours en acier, chantiers navals, \u00e9chafaudages, \u00e9tan\u00e7ons, pieux pour la suppression des glissements de terrain et autres<br>structures<\/td><\/tr><tr><td><strong>Emballage<\/strong><\/td><td colspan=\"3\">Emballage standard pour l'exportation, adapt\u00e9 \u00e0 tous les types de transport, ou selon les besoins.<\/td><\/tr><\/tbody><\/table><\/figure>\n\n\n\n<figure class=\"wp-block-image\"><img decoding=\"async\" src=\"https:\/\/sc04.alicdn.com\/kf\/H3562f68edef34a5a884b3fc66364f61aa\/276158325\/H3562f68edef34a5a884b3fc66364f61aa.jpg\" alt=\"\" title=\"\"><\/figure>\n\n\n\n<p><\/p>","protected":false},"featured_media":3577,"parent":0,"template":"","meta":{"_acf_changed":true,"_gspb_post_css":"","_kad_blocks_custom_css":"","_kad_blocks_head_custom_js":"","_kad_blocks_body_custom_js":"","_kad_blocks_footer_custom_js":"","_kad_post_transparent":"","_kad_post_title":"","_kad_post_layout":"","_kad_post_sidebar_id":"","_kad_post_content_style":"","_kad_post_vertical_padding":"","_kad_post_feature":"","_kad_post_feature_position":"","_kad_post_header":false,"_kad_post_footer":false,"_kad_post_classname":""},"product-category":[68,63],"class_list":["post-3360","product","type-product","status-publish","has-post-thumbnail","hentry","product-category-irregular-and-rectangular-pipes","product-category-pipe"],"acf":[],"taxonomy_info":{"product-category":[{"value":68,"label":"Irregular and rectangular pipes"},{"value":63,"label":"PIPE"}]},"featured_image_src_large":["https:\/\/khsteel.net\/wp-content\/uploads\/2025\/06\/H4619990560d64cb1910693eaf3bfac4cv_\u526f\u672c.jpg",800,800,false],"author_info":[],"comment_info":"","_links":{"self":[{"href":"https:\/\/khsteel.net\/fr\/wp-json\/wp\/v2\/product\/3360","targetHints":{"allow":["GET"]}}],"collection":[{"href":"https:\/\/khsteel.net\/fr\/wp-json\/wp\/v2\/product"}],"about":[{"href":"https:\/\/khsteel.net\/fr\/wp-json\/wp\/v2\/types\/product"}],"wp:featuredmedia":[{"embeddable":true,"href":"https:\/\/khsteel.net\/fr\/wp-json\/wp\/v2\/media\/3577"}],"wp:attachment":[{"href":"https:\/\/khsteel.net\/fr\/wp-json\/wp\/v2\/media?parent=3360"}],"wp:term":[{"taxonomy":"product-category","embeddable":true,"href":"https:\/\/khsteel.net\/fr\/wp-json\/wp\/v2\/product-category?post=3360"}],"curies":[{"name":"wp","href":"https:\/\/api.w.org\/{rel}","templated":true}]}}