{"id":333,"date":"2024-07-08T09:08:43","date_gmt":"2024-07-08T09:08:43","guid":{"rendered":"https:\/\/kehuan.easiwin.com\/?post_type=product&#038;p=333"},"modified":"2025-04-28T06:25:57","modified_gmt":"2025-04-28T06:25:57","slug":"tole-dacier-de-construction-au-carbone-laminee-a-froid-norme-japonaise-spfc390-440-370-livree-directement-par-lusine","status":"publish","type":"product","link":"https:\/\/khsteel.net\/fr\/product\/factory-directly-supply-spfc390-440-370-japanese-standard-cold-rolled-carbon-structural-steel-sheet\/","title":{"rendered":"Fourniture directe par l'usine - SPFC390\/440\/370 - T\u00f4le d'acier de construction au carbone lamin\u00e9e \u00e0 froid aux normes japonaises"},"content":{"rendered":"<h3 class=\"wp-block-heading\" id=\"key-attributes\">Principales caract\u00e9ristiques<\/h3>\n\n\n\n<h4 class=\"wp-block-heading\">Attributs sp\u00e9cifiques \u00e0 l'industrie<\/h4>\n\n\n\n<figure class=\"wp-block-table\"><table><tbody><tr><td>Grade<\/td><td>galvanis\u00e9<\/td><\/tr><tr><td>Tol\u00e9rance<\/td><td>\u00b11%<\/td><\/tr><\/tbody><\/table><\/figure>\n\n\n\n<p>Autres caract\u00e9ristiques<\/p>\n\n\n\n<figure class=\"wp-block-table\"><table><tbody><tr><td>Lieu d'origine<\/td><td>Shandong, Chine<\/td><\/tr><tr><td>Type<\/td><td>T\u00f4le d'acier lamin\u00e9e \u00e0 froid<\/td><\/tr><tr><td>D\u00e9lai de livraison<\/td><td>14 jours<\/td><\/tr><tr><td>Standard<\/td><td>AiSi, ASTM, DIN, GB, JIS<\/td><\/tr><tr><td>Nom de la marque<\/td><td>Kehuan<\/td><\/tr><tr><td>Num\u00e9ro de mod\u00e8le<\/td><td>Q235,SS400,S235JR,ST37.2,S355<\/td><\/tr><tr><td>Type<\/td><td>T\u00f4le d'acier<\/td><\/tr><tr><td>Technique<\/td><td>Lamin\u00e9s \u00e0 froid<\/td><\/tr><tr><td>Traitement de surface<\/td><td>galvanis\u00e9<\/td><\/tr><tr><td>Application<\/td><td>Mat\u00e9riau du rev\u00eatement, construction<\/td><\/tr><tr><td>Usage sp\u00e9cial<\/td><td>T\u00f4les d'acier \u00e0 haute r\u00e9sistance<\/td><\/tr><tr><td>Largeur<\/td><td>Peut \u00eatre personnalis\u00e9<\/td><\/tr><tr><td>Longueur<\/td><td>3m<\/td><\/tr><tr><td>Service de traitement<\/td><td>Pliage, soudage, d\u00e9cochage, d\u00e9coupage, poin\u00e7onnage<\/td><\/tr><tr><td>Standard<\/td><td>ASTM JIS GB EN DIN<\/td><\/tr><tr><td>Service de traitement<\/td><td>Pliage Soudage D\u00e9ballage Coupe Poin\u00e7onnage<\/td><\/tr><tr><td>Nom du produit<\/td><td>T\u00f4les d'acier lamin\u00e9es \u00e0 froid<\/td><\/tr><tr><td>Mot-cl\u00e9<\/td><td>Plaque \u00e0 haute r\u00e9sistance<\/td><\/tr><tr><td>Surface<\/td><td>Rev\u00eatement galvanis\u00e9<\/td><\/tr><tr><td>Forme<\/td><td>Plaque plate<\/td><\/tr><tr><td>Mat\u00e9riau<\/td><td>Q235\/Q235B\/Q345\/Q345B\/Q195\/St37\/St42\/St37-2\/St35.4\/St52.4\/St35<\/td><\/tr><tr><td>Technologie<\/td><td>Lamin\u00e9s \u00e0 froid.lamin\u00e9s \u00e0 chaud<\/td><\/tr><tr><td>Certificat<\/td><td>ISO 9001<\/td><\/tr><tr><td>Emballage<\/td><td>Emballage maritime standard<\/td><\/tr><\/tbody><\/table><\/figure>\n\n\n\n<p>Sp\u00e9cifications<\/p>\n\n\n\n<figure class=\"wp-block-table\"><table><tbody><tr><td>article<\/td><td>valeur<\/td><\/tr><tr><td>Lieu d'origine<\/td><td>Chine<\/td><\/tr><tr><td><\/td><td>Shandong<\/td><\/tr><tr><td>Nom de la marque<\/td><td>Kehuan<\/td><\/tr><tr><td>Application<\/td><td>Tuyaux pour fluides, tuyaux pour chaudi\u00e8res, tuyaux pour gaz, tuyaux pour p\u00e9trole, autres<\/td><\/tr><tr><td>Alliage ou non<\/td><td>Non-alliage<\/td><\/tr><tr><td>Forme de la section<\/td><td>Rond<\/td><\/tr><tr><td><\/td><td>50mm - 1300mm<\/td><\/tr><tr><td>Tuyaux sp\u00e9ciaux<\/td><td>Tube API<\/td><\/tr><tr><td>\u00c9paisseur<\/td><td>6-120mm<\/td><\/tr><tr><td>Standard<\/td><td>DIN<\/td><\/tr><tr><td>Longueur<\/td><td>12M, 6m, 6.4M<\/td><\/tr><tr><td>Certificat<\/td><td>API, CE, BIS, SASO, SABS, sirm, JIS, ISO9001<\/td><\/tr><tr><td>Grade<\/td><td>Q195\/Q235\/Q345\/10#\/45#\/32GrMo<\/td><\/tr><tr><td>Traitement de surface<\/td><td>Lamin\u00e9s \u00e0 chaud<\/td><\/tr><tr><td>Tol\u00e9rance<\/td><td>\u00b11%<\/td><\/tr><tr><td>Service de traitement<\/td><td>Soudage, poin\u00e7onnage, d\u00e9coupage, cintrage, d\u00e9coilage<\/td><\/tr><tr><td>Huil\u00e9 ou non huil\u00e9<\/td><td>Non huil\u00e9<\/td><\/tr><tr><td>Facturation<\/td><td>en poids th\u00e9orique<\/td><\/tr><tr><td>D\u00e9lai de livraison<\/td><td>15-21 jours<\/td><\/tr><tr><td>Grade<\/td><td>A53-A369<\/td><\/tr><tr><td>Application<\/td><td>Tuyau de fluide<\/td><\/tr><tr><td>Nom du produit<\/td><td>Tube en acier au carbone sans soudure<\/td><\/tr><tr><td>Lieu d'origine<\/td><td>Shandong Chine<\/td><\/tr><tr><td>Longueur<\/td><td>3-12m<\/td><\/tr><tr><td>Forme de la section<\/td><td>Rond<\/td><\/tr><tr><td>D\u00e9lai de livraison<\/td><td>8-14 jours<\/td><\/tr><tr><td>Diam\u00e8tre ext\u00e9rieur<\/td><td>10 - 1000 Mm<\/td><\/tr><tr><td>Mat\u00e9riau<\/td><td>ST37\/ST45\/ST52\/25Mn\/27SiMn\/E355\/SAE1026\/STKM13C<\/td><\/tr><tr><td>Mot-cl\u00e9<\/td><td>Tubes sans soudure en carbone<\/td><\/tr><\/tbody><\/table><\/figure>","protected":false},"featured_media":336,"parent":0,"template":"","meta":{"_acf_changed":true,"_gspb_post_css":"","_kad_blocks_custom_css":"","_kad_blocks_head_custom_js":"","_kad_blocks_body_custom_js":"","_kad_blocks_footer_custom_js":"","_kad_post_transparent":"","_kad_post_title":"","_kad_post_layout":"","_kad_post_sidebar_id":"","_kad_post_content_style":"","_kad_post_vertical_padding":"","_kad_post_feature":"","_kad_post_feature_position":"","_kad_post_header":false,"_kad_post_footer":false,"_kad_post_classname":""},"product-category":[],"class_list":["post-333","product","type-product","status-publish","has-post-thumbnail","hentry"],"acf":[],"taxonomy_info":[],"featured_image_src_large":["https:\/\/khsteel.net\/wp-content\/uploads\/2024\/07\/10003-2.png",800,800,false],"author_info":[],"comment_info":"","_links":{"self":[{"href":"https:\/\/khsteel.net\/fr\/wp-json\/wp\/v2\/product\/333","targetHints":{"allow":["GET"]}}],"collection":[{"href":"https:\/\/khsteel.net\/fr\/wp-json\/wp\/v2\/product"}],"about":[{"href":"https:\/\/khsteel.net\/fr\/wp-json\/wp\/v2\/types\/product"}],"wp:featuredmedia":[{"embeddable":true,"href":"https:\/\/khsteel.net\/fr\/wp-json\/wp\/v2\/media\/336"}],"wp:attachment":[{"href":"https:\/\/khsteel.net\/fr\/wp-json\/wp\/v2\/media?parent=333"}],"wp:term":[{"taxonomy":"product-category","embeddable":true,"href":"https:\/\/khsteel.net\/fr\/wp-json\/wp\/v2\/product-category?post=333"}],"curies":[{"name":"wp","href":"https:\/\/api.w.org\/{rel}","templated":true}]}}