{"id":313,"date":"2024-07-08T08:47:57","date_gmt":"2024-07-08T08:47:57","guid":{"rendered":"https:\/\/kehuan.easiwin.com\/?post_type=product&#038;p=313"},"modified":"2025-04-28T06:30:52","modified_gmt":"2025-04-28T06:30:52","slug":"tole-dacier-galvanisee-de-haute-qualite-a-bas-prix-et-de-forte-epaisseur","status":"publish","type":"product","link":"https:\/\/khsteel.net\/fr\/product\/high-quality-low-price-and-high-thickness-roll-plates-galvanized-steel-sheet\/","title":{"rendered":"T\u00f4le d'acier galvanis\u00e9e en rouleaux de haute qualit\u00e9, \u00e0 bas prix et de forte \u00e9paisseur"},"content":{"rendered":"<h3 class=\"wp-block-heading\" id=\"key-attributes\">Principales caract\u00e9ristiques<\/h3>\n\n\n\n<h4 class=\"wp-block-heading\">Attributs sp\u00e9cifiques \u00e0 l'industrie<\/h4>\n\n\n\n<figure class=\"wp-block-table\"><table><tbody><tr><td>Grade<\/td><td>SGCC\/CGCC\/DX51D+Z<\/td><\/tr><tr><td>Tol\u00e9rance<\/td><td>\u00b11%<\/td><\/tr><\/tbody><\/table><\/figure>\n\n\n\n<p>Autres caract\u00e9ristiques<\/p>\n\n\n\n<figure class=\"wp-block-table\"><table><tbody><tr><td>Lieu d'origine<\/td><td>Shandong, Chine<\/td><\/tr><tr><td>Type<\/td><td>T\u00f4le d'acier galvanis\u00e9e<\/td><\/tr><tr><td>D\u00e9lai de livraison<\/td><td>14 jours<\/td><\/tr><tr><td>Standard<\/td><td>JIS<\/td><\/tr><tr><td>Nom de la marque<\/td><td>KEHUAN<\/td><\/tr><tr><td>Num\u00e9ro de mod\u00e8le<\/td><td>ku023<\/td><\/tr><tr><td>Type<\/td><td>T\u00f4le d'acier<\/td><\/tr><tr><td>Technique<\/td><td>Lamin\u00e9s \u00e0 chaud<\/td><\/tr><tr><td>Traitement de surface<\/td><td>galvanis\u00e9<\/td><\/tr><tr><td>Application<\/td><td>Plaque de conteneur<\/td><\/tr><tr><td>Usage sp\u00e9cial<\/td><td>T\u00f4les d'acier \u00e0 haute r\u00e9sistance<\/td><\/tr><tr><td>Largeur<\/td><td>600-1250mm<\/td><\/tr><tr><td>Longueur<\/td><td>1400-1799mm, 1800-2000mm, 2001-3600mm, 3601-3660mm<\/td><\/tr><tr><td>Service de traitement<\/td><td>Soudage, d\u00e9ballage, d\u00e9coupage, poin\u00e7onnage<\/td><\/tr><tr><td>Nom du produit<\/td><td>t\u00f4le d'acier galvanis\u00e9e<\/td><\/tr><tr><td>Surface<\/td><td>t\u00f4le d'acier galvanis\u00e9e<\/td><\/tr><tr><td>Grade<\/td><td>SGCC, SGCH, DX51D, DX52D, etc., SGCC DX51+D, Dx51d+z<\/td><\/tr><tr><td>\u00c9paisseur<\/td><td>0,12-1,2MM<\/td><\/tr><tr><td>Rev\u00eatement de zinc<\/td><td>20-275g\/m2<\/td><\/tr><tr><td>Application<\/td><td>Utilisation structurelle<\/td><\/tr><\/tbody><\/table><\/figure>\n\n\n\n<p>Sp\u00e9cifications<\/p>\n\n\n\n<figure class=\"wp-block-table\"><table><tbody><tr><td>Standard<\/td><td>JIS<\/td><\/tr><tr><td>Grade<\/td><td>SGCC\/CGCC\/DX51D+Z<\/td><\/tr><tr><td>Lieu d'origine<\/td><td>Chine<\/td><\/tr><tr><td>Type<\/td><td>T\u00f4le d'acier<\/td><\/tr><tr><td>Technique<\/td><td>Lamin\u00e9s \u00e0 chaud<\/td><\/tr><tr><td>Traitement de surface<\/td><td>galvanis\u00e9<\/td><\/tr><tr><td>Application<\/td><td>Plaque de conteneur<\/td><\/tr><tr><td>Usage sp\u00e9cial<\/td><td>T\u00f4les d'acier \u00e0 haute r\u00e9sistance<\/td><\/tr><tr><td>Largeur<\/td><td>600-1250mm<\/td><\/tr><tr><td>Longueur<\/td><td>1400-1799mm, 1800-2000mm, 2001-3600mm, 3601-3660mm<\/td><\/tr><tr><td>Tol\u00e9rance<\/td><td>\u00b11%<\/td><\/tr><tr><td>Type<\/td><td>T\u00f4le d'acier galvanis\u00e9e<\/td><\/tr><tr><td>Service de traitement<\/td><td>Soudage, d\u00e9ballage, d\u00e9coupage, poin\u00e7onnage<\/td><\/tr><tr><td>D\u00e9lai de livraison<\/td><td>14 jours<\/td><\/tr><tr><td>Nom du produit<\/td><td>t\u00f4le d'acier galvanis\u00e9e<\/td><\/tr><tr><td>Surface<\/td><td>t\u00f4le d'acier galvanis\u00e9e<\/td><\/tr><tr><td>Grade<\/td><td>SGCC, SGCH, DX51D, DX52D, etc., SGCC DX51+D, Dx51d+z<\/td><\/tr><tr><td>\u00c9paisseur<\/td><td>0,12-1,2MM<\/td><\/tr><tr><td>Rev\u00eatement de zinc<\/td><td>20-275g\/m2<\/td><\/tr><tr><td>Application<\/td><td>Utilisation structurelle<\/td><\/tr><\/tbody><\/table><\/figure>","protected":false},"featured_media":320,"parent":0,"template":"","meta":{"_acf_changed":false,"_gspb_post_css":"","_kad_blocks_custom_css":"","_kad_blocks_head_custom_js":"","_kad_blocks_body_custom_js":"","_kad_blocks_footer_custom_js":"","_kad_post_transparent":"","_kad_post_title":"","_kad_post_layout":"","_kad_post_sidebar_id":"","_kad_post_content_style":"","_kad_post_vertical_padding":"","_kad_post_feature":"","_kad_post_feature_position":"","_kad_post_header":false,"_kad_post_footer":false,"_kad_post_classname":""},"product-category":[],"class_list":["post-313","product","type-product","status-publish","has-post-thumbnail","hentry"],"acf":[],"taxonomy_info":[],"featured_image_src_large":["https:\/\/khsteel.net\/wp-content\/uploads\/2024\/07\/10004.png",350,350,false],"author_info":[],"comment_info":"","_links":{"self":[{"href":"https:\/\/khsteel.net\/fr\/wp-json\/wp\/v2\/product\/313","targetHints":{"allow":["GET"]}}],"collection":[{"href":"https:\/\/khsteel.net\/fr\/wp-json\/wp\/v2\/product"}],"about":[{"href":"https:\/\/khsteel.net\/fr\/wp-json\/wp\/v2\/types\/product"}],"wp:featuredmedia":[{"embeddable":true,"href":"https:\/\/khsteel.net\/fr\/wp-json\/wp\/v2\/media\/320"}],"wp:attachment":[{"href":"https:\/\/khsteel.net\/fr\/wp-json\/wp\/v2\/media?parent=313"}],"wp:term":[{"taxonomy":"product-category","embeddable":true,"href":"https:\/\/khsteel.net\/fr\/wp-json\/wp\/v2\/product-category?post=313"}],"curies":[{"name":"wp","href":"https:\/\/api.w.org\/{rel}","templated":true}]}}