{"id":2926,"date":"2025-06-16T08:03:21","date_gmt":"2025-06-16T08:03:21","guid":{"rendered":"https:\/\/khsteel.net\/?post_type=product&#038;p=2926"},"modified":"2025-06-23T01:37:35","modified_gmt":"2025-06-23T01:37:35","slug":"tuyau-ondule-rhombique-en-acier-inoxydable","status":"publish","type":"product","link":"https:\/\/khsteel.net\/fr\/product\/stainless-steel-rhombic-corrugated-pipe\/","title":{"rendered":"Rail antid\u00e9rapant pour bus en acier inoxydable avec motif en losange, pour tuyaux soud\u00e9s"},"content":{"rendered":"<h2><\/h2>\n\n\n\n<h2 class=\"wp-block-heading\" id=\"key-attributes-about-stainless-steel-pipe\"> Principales caract\u00e9ristiques des tubes en acier inoxydable<\/h2>\n\n\n\n<p>Nos tuyaux en acier inoxydable ont \u00e9t\u00e9 export\u00e9s vers plus de 100 pays et r\u00e9gions, notamment en Am\u00e9rique du Nord (\u00c9tats-Unis, Canada, Mexique), en Am\u00e9rique du Sud (Colombie, Venezuela, Br\u00e9sil, Chili, Argentine, P\u00e9rou),l'Afrique (Afrique du Sud, \u00c9gypte, Alg\u00e9rie), l'Asie (Cor\u00e9e du Sud, Russie, Myanmar, Brunei, Cambodge, Indon\u00e9sie, Malaisie, Philippines, Singapour, Tha\u00eflande, Vietnam, Bangladesh, Inde, Pakistan, Sri Lanka, Isra\u00ebl, Kazakhstan, Tadjikistan), le Moyen-Orient (Iran, Jordanie, Kowe\u00eft, Liban, Oman, Arabie saoudite, \u00c9mirats arabes unis, Y\u00e9men), l'Europe (Pays-Bas, Angleterre, Belgique, France, Autriche, Allemagne, Italie, Suisse), l'Oc\u00e9anie (Australie, Nouvelle-Z\u00e9lande), etc.<\/p>\n\n\n\n<figure class=\"wp-block-table\"><table class=\"has-fixed-layout\"><tbody><tr><td>article<\/td><td>valeur<\/td><\/tr><tr><td>Tol\u00e9rance<\/td><td>\u00b11%<\/td><\/tr><tr><td>Grade<\/td><td>S\u00e9rie 300<\/td><\/tr><tr><td>Qualit\u00e9 de l'acier<\/td><td>304, 316, 316L<\/td><\/tr><tr><td>Finition de la surface<\/td><td>2B<\/td><\/tr><tr><td>Facturation<\/td><td>en poids th\u00e9orique<\/td><\/tr><tr><td>Standard<\/td><td>AiSi<\/td><\/tr><tr><td>Lieu d'origine<\/td><td>Chine<\/td><\/tr><tr><td><\/td><td>Jiangsu<\/td><\/tr><tr><td>Forme de la section<\/td><td>ROND<\/td><\/tr><tr><td><\/td><td>20 mm<\/td><\/tr><tr><td>Alliage ou non<\/td><td>Est un alliage<\/td><\/tr><tr><td>D\u00e9lai de livraison<\/td><td>8-14 jours<\/td><\/tr><tr><td>Type<\/td><td>Soud\u00e9<\/td><\/tr><tr><td>Qualit\u00e9 de l'acier<\/td><td>S\u00e9rie 300<\/td><\/tr><tr><td>Nom de la marque<\/td><td>PENGBO<\/td><\/tr><tr><td>Application<\/td><td>Industrie<\/td><\/tr><tr><td>Type de ligne de soudage<\/td><td>ERW<\/td><\/tr><tr><td>Service de traitement<\/td><td>Pliage, soudage, d\u00e9coilage, d\u00e9coupage, poin\u00e7onnage, moulage<\/td><\/tr><tr><td>Nom du produit<\/td><td>Tuyau\/tube en acier inoxydable<\/td><\/tr><\/tbody><\/table><\/figure>\n\n\n<style>.kb-row-layout-id2926_123849-fa > .kt-row-column-wrap{align-content:start;}:where(.kb-row-layout-id2926_123849-fa > .kt-row-column-wrap) > .wp-block-kadence-column{justify-content:start;}.kb-row-layout-id2926_123849-fa > .kt-row-column-wrap{column-gap:var(--global-kb-gap-md, 2rem);row-gap:var(--global-kb-gap-md, 2rem);padding-top:var(--global-kb-spacing-sm, 1.5rem);padding-bottom:var(--global-kb-spacing-sm, 1.5rem);grid-template-columns:repeat(2, minmax(0, 1fr));}.kb-row-layout-id2926_123849-fa > .kt-row-layout-overlay{opacity:0.30;}@media all and (max-width: 1024px){.kb-row-layout-id2926_123849-fa > .kt-row-column-wrap{grid-template-columns:repeat(2, minmax(0, 1fr));}}@media all and (max-width: 767px){.kb-row-layout-id2926_123849-fa > .kt-row-column-wrap{grid-template-columns:minmax(0, 1fr);}}<\/style><div class=\"kb-row-layout-wrap kb-row-layout-id2926_123849-fa alignnone wp-block-kadence-rowlayout\"><div class=\"kt-row-column-wrap kt-has-2-columns kt-row-layout-equal kt-tab-layout-inherit kt-mobile-layout-row kt-row-valign-top\">\n\n<div class=\"wp-block-kadence-column kadence-column2926_6a8910-07\"><div class=\"kt-inside-inner-col\">\n<figure class=\"wp-block-kadence-image kb-image2926_5230fb-8f size-full kb-image-is-ratio-size\"><div class=\"kb-is-ratio-image kb-image-ratio-square\"><img loading=\"lazy\" decoding=\"async\" width=\"100\" height=\"100\" src=\"https:\/\/khsteel.net\/wp-content\/uploads\/2024\/07\/Kehuan-Logo-1.png\" alt=\"\" class=\"kb-img wp-image-1447\" title=\"\"><\/div><\/figure>\n<\/div><\/div>\n\n\n\n<div class=\"wp-block-kadence-column kadence-column2926_f7ee15-f0\"><div class=\"kt-inside-inner-col\">\n<figure class=\"wp-block-kadence-image kb-image2926_52b1bc-78 size-large kb-image-is-ratio-size\"><div class=\"kb-is-ratio-image kb-image-ratio-port23\"><img loading=\"lazy\" decoding=\"async\" width=\"1024\" height=\"1024\" src=\"https:\/\/khsteel.net\/wp-content\/uploads\/2025\/06\/1-1-3-1024x1024.png\" alt=\"\" class=\"kb-img wp-image-3034\" title=\"\" srcset=\"https:\/\/khsteel.net\/wp-content\/uploads\/2025\/06\/1-1-3-1024x1024.png 1024w, https:\/\/khsteel.net\/wp-content\/uploads\/2025\/06\/1-1-3-300x300.png 300w, https:\/\/khsteel.net\/wp-content\/uploads\/2025\/06\/1-1-3-150x150.png 150w, https:\/\/khsteel.net\/wp-content\/uploads\/2025\/06\/1-1-3-768x768.png 768w, https:\/\/khsteel.net\/wp-content\/uploads\/2025\/06\/1-1-3-12x12.png 12w, https:\/\/khsteel.net\/wp-content\/uploads\/2025\/06\/1-1-3.png 1200w\" sizes=\"auto, (max-width: 1024px) 100vw, 1024px\" \/><\/div><\/figure>\n<\/div><\/div>\n\n\n\n<div class=\"wp-block-kadence-column kadence-column2926_60e062-ec\"><div class=\"kt-inside-inner-col\">\n<div class=\"kt-adv-heading2926_e98946-6a wp-block-kadence-advancedheading has-theme-palette-3-color has-text-color\" data-kb-block=\"kb-adv-heading2926_e98946-6a\"><a href=\"https:\/\/lckehuan.en.alibaba.com\/\" target=\"_blank\" rel=\"noopener\">https:\/\/lckehuan.en.alibaba.com\/<\/a><\/div>\n\n\n\n<h2 class=\"kt-adv-heading2926_f345d1-8c wp-block-kadence-advancedheading has-theme-palette-3-color has-text-color\" data-kb-block=\"kb-adv-heading2926_f345d1-8c\">Profil de l'entreprise<\/h2>\n\n\n\n<p class=\"kt-adv-heading2926_d5381e-dc wp-block-kadence-advancedheading has-theme-palette-5-color has-text-color\" data-kb-block=\"kb-adv-heading2926_d5381e-dc\">Shandong Kehuan Petroleum Equipment Co. a \u00e9t\u00e9 fond\u00e9e en 2011. Notre soci\u00e9t\u00e9 a pass\u00e9 la certification API5L et API5CT d\u00e9livr\u00e9e par l'American Petroleum Institute, a obtenu les certifications nationales IS09001, ISO18001, ISO14001 et a pass\u00e9 la certification nationale des produits 3C.<\/p>\n\n\n\n<div class=\"wp-block-kadence-advancedbtn kb-buttons-wrap kb-btns2926_efc2cc-4d\"><\/div>\n<\/div><\/div>\n\n<\/div><\/div>\n\n\n<ul class=\"wp-block-list\">\n<li>Pr\u00e9sentoir de produits<\/li>\n<\/ul>\n\n\n\n<figure class=\"wp-block-image size-large\"><img loading=\"lazy\" decoding=\"async\" width=\"1024\" height=\"693\" src=\"https:\/\/khsteel.net\/wp-content\/uploads\/2025\/06\/7309ca0da057d109dbc14049de02d20-1-1024x693.png\" alt=\"\" class=\"wp-image-2928\" title=\"\" srcset=\"https:\/\/khsteel.net\/wp-content\/uploads\/2025\/06\/7309ca0da057d109dbc14049de02d20-1-1024x693.png 1024w, https:\/\/khsteel.net\/wp-content\/uploads\/2025\/06\/7309ca0da057d109dbc14049de02d20-1-300x203.png 300w, https:\/\/khsteel.net\/wp-content\/uploads\/2025\/06\/7309ca0da057d109dbc14049de02d20-1-768x519.png 768w, https:\/\/khsteel.net\/wp-content\/uploads\/2025\/06\/7309ca0da057d109dbc14049de02d20-1-18x12.png 18w, https:\/\/khsteel.net\/wp-content\/uploads\/2025\/06\/7309ca0da057d109dbc14049de02d20-1.png 1072w\" sizes=\"auto, (max-width: 1024px) 100vw, 1024px\" \/><\/figure>\n\n\n\n<figure class=\"wp-block-image size-large\"><img loading=\"lazy\" decoding=\"async\" width=\"1024\" height=\"343\" src=\"https:\/\/khsteel.net\/wp-content\/uploads\/2025\/06\/00ae9ca5f38d055387d463fa28ab155-1-1024x343.png\" alt=\"\" class=\"wp-image-2929\" title=\"\" srcset=\"https:\/\/khsteel.net\/wp-content\/uploads\/2025\/06\/00ae9ca5f38d055387d463fa28ab155-1-1024x343.png 1024w, https:\/\/khsteel.net\/wp-content\/uploads\/2025\/06\/00ae9ca5f38d055387d463fa28ab155-1-300x100.png 300w, https:\/\/khsteel.net\/wp-content\/uploads\/2025\/06\/00ae9ca5f38d055387d463fa28ab155-1-768x257.png 768w, https:\/\/khsteel.net\/wp-content\/uploads\/2025\/06\/00ae9ca5f38d055387d463fa28ab155-1-18x6.png 18w, https:\/\/khsteel.net\/wp-content\/uploads\/2025\/06\/00ae9ca5f38d055387d463fa28ab155-1.png 1063w\" sizes=\"auto, (max-width: 1024px) 100vw, 1024px\" \/><\/figure>\n\n\n\n<figure class=\"wp-block-image size-large\"><img loading=\"lazy\" decoding=\"async\" width=\"1024\" height=\"635\" src=\"https:\/\/khsteel.net\/wp-content\/uploads\/2025\/06\/c835a8a41cea84f378df44fd1b9c51b-1-1024x635.png\" alt=\"\" class=\"wp-image-2930\" title=\"\" srcset=\"https:\/\/khsteel.net\/wp-content\/uploads\/2025\/06\/c835a8a41cea84f378df44fd1b9c51b-1-1024x635.png 1024w, https:\/\/khsteel.net\/wp-content\/uploads\/2025\/06\/c835a8a41cea84f378df44fd1b9c51b-1-300x186.png 300w, https:\/\/khsteel.net\/wp-content\/uploads\/2025\/06\/c835a8a41cea84f378df44fd1b9c51b-1-768x476.png 768w, https:\/\/khsteel.net\/wp-content\/uploads\/2025\/06\/c835a8a41cea84f378df44fd1b9c51b-1-18x12.png 18w, https:\/\/khsteel.net\/wp-content\/uploads\/2025\/06\/c835a8a41cea84f378df44fd1b9c51b-1.png 1071w\" sizes=\"auto, (max-width: 1024px) 100vw, 1024px\" \/><\/figure>\n\n\n\n<ul class=\"wp-block-list\">\n<li>Emballage du produit<\/li>\n<\/ul>\n\n\n\n<figure class=\"wp-block-image size-large\"><img loading=\"lazy\" decoding=\"async\" width=\"1024\" height=\"670\" src=\"https:\/\/khsteel.net\/wp-content\/uploads\/2025\/06\/a997627aadf618fe785b71f314ad60a-1-1024x670.png\" alt=\"\" class=\"wp-image-2931\" title=\"\" srcset=\"https:\/\/khsteel.net\/wp-content\/uploads\/2025\/06\/a997627aadf618fe785b71f314ad60a-1-1024x670.png 1024w, https:\/\/khsteel.net\/wp-content\/uploads\/2025\/06\/a997627aadf618fe785b71f314ad60a-1-300x196.png 300w, https:\/\/khsteel.net\/wp-content\/uploads\/2025\/06\/a997627aadf618fe785b71f314ad60a-1-768x503.png 768w, https:\/\/khsteel.net\/wp-content\/uploads\/2025\/06\/a997627aadf618fe785b71f314ad60a-1-18x12.png 18w, https:\/\/khsteel.net\/wp-content\/uploads\/2025\/06\/a997627aadf618fe785b71f314ad60a-1.png 1100w\" sizes=\"auto, (max-width: 1024px) 100vw, 1024px\" \/><\/figure>\n\n\n\n<figure class=\"wp-block-image size-large\"><img loading=\"lazy\" decoding=\"async\" width=\"1024\" height=\"338\" src=\"https:\/\/khsteel.net\/wp-content\/uploads\/2025\/06\/4cafa33f07cde98373df5086f085094-1-1024x338.png\" alt=\"\" class=\"wp-image-2932\" title=\"\" srcset=\"https:\/\/khsteel.net\/wp-content\/uploads\/2025\/06\/4cafa33f07cde98373df5086f085094-1-1024x338.png 1024w, https:\/\/khsteel.net\/wp-content\/uploads\/2025\/06\/4cafa33f07cde98373df5086f085094-1-300x99.png 300w, https:\/\/khsteel.net\/wp-content\/uploads\/2025\/06\/4cafa33f07cde98373df5086f085094-1-768x253.png 768w, https:\/\/khsteel.net\/wp-content\/uploads\/2025\/06\/4cafa33f07cde98373df5086f085094-1-18x6.png 18w, https:\/\/khsteel.net\/wp-content\/uploads\/2025\/06\/4cafa33f07cde98373df5086f085094-1.png 1070w\" sizes=\"auto, (max-width: 1024px) 100vw, 1024px\" \/><\/figure>\n\n\n\n<p><br><\/p>\n\n\n\n<a> <\/a>\n\n\n\n<p><\/p>","protected":false},"featured_media":2920,"parent":0,"template":"","meta":{"_acf_changed":true,"_gspb_post_css":"","_kad_blocks_custom_css":"","_kad_blocks_head_custom_js":"","_kad_blocks_body_custom_js":"","_kad_blocks_footer_custom_js":"","_kad_post_transparent":"","_kad_post_title":"","_kad_post_layout":"","_kad_post_sidebar_id":"","_kad_post_content_style":"","_kad_post_vertical_padding":"","_kad_post_feature":"","_kad_post_feature_position":"","_kad_post_header":false,"_kad_post_footer":false,"_kad_post_classname":""},"product-category":[66],"class_list":["post-2926","product","type-product","status-publish","has-post-thumbnail","hentry","product-category-stainless-steel-tube-stainless-steel-square-tube"],"acf":[],"taxonomy_info":{"product-category":[{"value":66,"label":"Stainless steel tube"}]},"featured_image_src_large":["https:\/\/khsteel.net\/wp-content\/uploads\/2025\/06\/1-6-1.png",800,800,false],"author_info":[],"comment_info":"","_links":{"self":[{"href":"https:\/\/khsteel.net\/fr\/wp-json\/wp\/v2\/product\/2926","targetHints":{"allow":["GET"]}}],"collection":[{"href":"https:\/\/khsteel.net\/fr\/wp-json\/wp\/v2\/product"}],"about":[{"href":"https:\/\/khsteel.net\/fr\/wp-json\/wp\/v2\/types\/product"}],"wp:featuredmedia":[{"embeddable":true,"href":"https:\/\/khsteel.net\/fr\/wp-json\/wp\/v2\/media\/2920"}],"wp:attachment":[{"href":"https:\/\/khsteel.net\/fr\/wp-json\/wp\/v2\/media?parent=2926"}],"wp:term":[{"taxonomy":"product-category","embeddable":true,"href":"https:\/\/khsteel.net\/fr\/wp-json\/wp\/v2\/product-category?post=2926"}],"curies":[{"name":"wp","href":"https:\/\/api.w.org\/{rel}","templated":true}]}}