{"id":2898,"date":"2025-06-14T06:29:42","date_gmt":"2025-06-14T06:29:42","guid":{"rendered":"https:\/\/khsteel.net\/?post_type=product&#038;p=2898"},"modified":"2025-06-14T06:29:42","modified_gmt":"2025-06-14T06:29:42","slug":"astm-asme-carbon-seamless-steel-pipe-manufacturer-api-5l-x42-x62-x70-line-pipe-pipe-acier-sans-soudure-pour-tuyau-de-petrole-et-de-gaz","status":"publish","type":"product","link":"https:\/\/khsteel.net\/fr\/product\/astm-asme-carbon-seamless-steel-pipe-manufacturer-api-5l-x42-x62-x70-line-pipe-seamless-steel-pipeline-for-oil-gas-pipe\/","title":{"rendered":"Fabricant de tubes en acier sans soudure au carbone ASTM\/ASME API 5L x42 x62 x70 Pipeline en acier sans soudure pour le p\u00e9trole et le gaz"},"content":{"rendered":"<h3 class=\"wp-block-heading\" id=\"key-attributes\">Principales caract\u00e9ristiques<\/h3>\n\n\n\n<h4 class=\"wp-block-heading\" id=\"industry-specific-attributes\">Attributs sp\u00e9cifiques \u00e0 l'industrie<\/h4>\n\n\n\n<figure class=\"wp-block-table\"><table><tbody><tr><td>Forme de la section<\/td><td>Rond<\/td><\/tr><tr><td>Traitement de surface<\/td><td>peinture noire, anti-corrosion<\/td><\/tr><tr><td>Tol\u00e9rance<\/td><td>\u00b11%<\/td><\/tr><tr><td>Huil\u00e9 ou non huil\u00e9<\/td><td>Non huil\u00e9<\/td><\/tr><tr><td>Facturation<\/td><td>en poids th\u00e9orique<\/td><\/tr><\/tbody><\/table><\/figure>\n\n\n\n<p>Autres caract\u00e9ristiques<\/p>\n\n\n\n<p>Sp\u00e9cifications<\/p>\n\n\n\n<figure class=\"wp-block-table\"><table class=\"has-fixed-layout\"><tbody><tr><td>article<\/td><td>valeur<\/td><\/tr><tr><td>Lieu d'origine<\/td><td>Chine<\/td><\/tr><tr><td><\/td><td>Shandong<\/td><\/tr><tr><td>Nom de la marque<\/td><td>Kehuan<\/td><\/tr><tr><td>Application<\/td><td>Tuyaux pour fluides, tuyaux pour chaudi\u00e8res, tuyaux pour gaz, tuyaux pour p\u00e9trole, autres<\/td><\/tr><tr><td>Alliage ou non<\/td><td>Non-alliage, alliage<\/td><\/tr><tr><td>Forme de la section<\/td><td>Rond<\/td><\/tr><tr><td><\/td><td>50mm - 1300mm<\/td><\/tr><tr><td>Tuyaux sp\u00e9ciaux<\/td><td>Tube API<\/td><\/tr><tr><td>\u00c9paisseur<\/td><td>6-120mm<\/td><\/tr><tr><td>Standard<\/td><td>DIN<\/td><\/tr><tr><td>Longueur<\/td><td>12M, 6m, 6.4M<\/td><\/tr><tr><td>Certificat<\/td><td>API, CE, BIS, SASO, SABS, sirm, JIS, ISO9001<\/td><\/tr><tr><td>Grade<\/td><td>L245\u3001L290\u3001L360\u3001L415\u3001L480\u3001GR.B\u3001X42\u3001X46\u3001X56\u3001X65\u3001X70\u3001X80\u3001X100<\/td><\/tr><tr><td>Traitement de surface<\/td><td>Lamin\u00e9s \u00e0 chaud<\/td><\/tr><tr><td>Tol\u00e9rance<\/td><td>\u00b11%<\/td><\/tr><tr><td>Service de traitement<\/td><td>Soudage, poin\u00e7onnage, d\u00e9coupage, pliage<\/td><\/tr><tr><td>Huil\u00e9 ou non huil\u00e9<\/td><td>Non huil\u00e9, ou selon les besoins<\/td><\/tr><tr><td>Facturation<\/td><td>en poids th\u00e9orique<\/td><\/tr><tr><td>D\u00e9lai de livraison<\/td><td>15-21 jours<\/td><\/tr><tr><td>Grade<\/td><td>A53-A369<\/td><\/tr><tr><td>Application<\/td><td>Tuyau de fluide<\/td><\/tr><tr><td>Nom du produit<\/td><td>Tube en acier au carbone sans soudure<\/td><\/tr><tr><td>Lieu d'origine<\/td><td>Shandong Chine<\/td><\/tr><tr><td>Longueur<\/td><td>3-12m<\/td><\/tr><tr><td>Forme de la section<\/td><td>Rond<\/td><\/tr><tr><td>D\u00e9lai de livraison<\/td><td>8-14 jours<\/td><\/tr><tr><td>Diam\u00e8tre ext\u00e9rieur<\/td><td>10 - 1000 Mm<\/td><\/tr><tr><td>Mat\u00e9riau<\/td><td>ST37\/ST45\/ST52\/25Mn\/27SiMn\/E355\/SAE1026\/STKM13C<\/td><\/tr><tr><td>Mot-cl\u00e9<\/td><td>tube de conduite<\/td><\/tr><\/tbody><\/table><\/figure>\n\n\n\n<p><\/p>\n\n\n\n<p><strong>Introduction<\/strong><\/p>\n\n\n\n<p>Tubes de pipeline : Ils sont utilis\u00e9s pour transporter le p\u00e9trole, le gaz ou l'eau extraits du sol vers les entreprises industrielles de p\u00e9trole et de gaz naturel par l'interm\u00e9diaire de tubes de canalisation. <\/p>\n\n\n\n<p>Il existe deux types de tuyaux : les tuyaux sans soudure et les tuyaux soud\u00e9s. Leurs extr\u00e9mit\u00e9s peuvent \u00eatre plates, filet\u00e9es ou \u00e0 embo\u00eetement. Les m\u00e9thodes de raccordement comprennent le soudage des extr\u00e9mit\u00e9s, le raccordement par collier et le raccordement par embo\u00eetement,<\/p>\n\n\n\n<p><strong>Vue d'ensemble des tubes de canalisation<\/strong><\/p>\n\n\n\n<p>Application : Il est utilis\u00e9 pour le transport de gaz, d'eau et de p\u00e9trole dans les industries du p\u00e9trole et du gaz naturel.<\/p>\n\n\n\n<p>Objet :<br>Tuyaux de transport d'oxyg\u00e8ne, d'eau et de p\u00e9trole utilis\u00e9s dans les industries du p\u00e9trole et du gaz naturel<br>L'API SPEC 5L-2011 (Pipeline Tube Specification), compil\u00e9e et publi\u00e9e par l'American Petroleum Institute, est applicable dans le monde entier. Les principaux mat\u00e9riaux de ce tube sont L245, L290, L360, L415, L480, GR.B, X42, X46, X56, X65, X70, X80, X100 et d'autres nuances d'acier.<\/p>\n\n\n\n<p><strong>Produits<\/strong><\/p>\n\n\n\n<p>La canalisation de X42<\/p>\n\n\n\n<p>Le tube de pipeline X42 est un type de tube de pipeline dont la nuance d'acier est X42. Les tubes de pipeline sont utilis\u00e9s pour transporter le p\u00e9trole, le gaz et l'eau extraits du sol vers les entreprises industrielles de p\u00e9trole et de gaz naturel par l'interm\u00e9diaire de tubes de pipeline.<\/p>\n\n\n\n<p><\/p>","protected":false},"featured_media":0,"parent":0,"template":"","meta":{"_acf_changed":true,"_gspb_post_css":"","_kad_blocks_custom_css":"","_kad_blocks_head_custom_js":"","_kad_blocks_body_custom_js":"","_kad_blocks_footer_custom_js":"","_kad_post_transparent":"","_kad_post_title":"","_kad_post_layout":"","_kad_post_sidebar_id":"","_kad_post_content_style":"","_kad_post_vertical_padding":"","_kad_post_feature":"","_kad_post_feature_position":"","_kad_post_header":false,"_kad_post_footer":false,"_kad_post_classname":""},"product-category":[],"class_list":["post-2898","product","type-product","status-publish","hentry"],"acf":[],"taxonomy_info":[],"featured_image_src_large":false,"author_info":[],"comment_info":"","_links":{"self":[{"href":"https:\/\/khsteel.net\/fr\/wp-json\/wp\/v2\/product\/2898","targetHints":{"allow":["GET"]}}],"collection":[{"href":"https:\/\/khsteel.net\/fr\/wp-json\/wp\/v2\/product"}],"about":[{"href":"https:\/\/khsteel.net\/fr\/wp-json\/wp\/v2\/types\/product"}],"wp:attachment":[{"href":"https:\/\/khsteel.net\/fr\/wp-json\/wp\/v2\/media?parent=2898"}],"wp:term":[{"taxonomy":"product-category","embeddable":true,"href":"https:\/\/khsteel.net\/fr\/wp-json\/wp\/v2\/product-category?post=2898"}],"curies":[{"name":"wp","href":"https:\/\/api.w.org\/{rel}","templated":true}]}}