{"id":2893,"date":"2025-06-13T09:57:22","date_gmt":"2025-06-13T09:57:22","guid":{"rendered":"https:\/\/khsteel.net\/?post_type=product&#038;p=2893"},"modified":"2025-06-20T06:07:53","modified_gmt":"2025-06-20T06:07:53","slug":"enveloppe","status":"publish","type":"product","link":"https:\/\/khsteel.net\/fr\/product\/casing\/","title":{"rendered":"Tubes de cuvelage p\u00e9trolier tr\u00e8s vendus API 5CT N80 L80 P110 J55 K55 avec tubes de cuvelage p\u00e9trolier BTC LTC"},"content":{"rendered":"\n<h3 class=\"wp-block-heading\" id=\"casing-pipe-product-description\">casing pipe product description<\/h3>\n\n\n\n<figure class=\"wp-block-table\"><table class=\"has-fixed-layout\"><tbody><tr><td>standard<\/td><td>model number<\/td><td>tensile strength (MPa)<\/td><td>yield strength (MPa)<\/td><td>durometer<\/td><\/tr><tr><td rowspan=\"5\">API SPEC 5CT<\/td><td>J55<\/td><td>\u2265517<\/td><td>379~552<\/td><td><\/td><\/tr><tr><td>K55<\/td><td>\u2265517<\/td><td>\u2265655<\/td><td><\/td><\/tr><tr><td>N80<\/td><td>\u2265689<\/td><td>552~758<\/td><td><\/td><\/tr><tr><td>L80(13Cr)<\/td><td>\u2265655<\/td><td>552~655<\/td><td>\u2264241HB<\/td><\/tr><tr><td>P110<\/td><td>\u2265862<\/td><td>758~965<\/td><td><\/td><\/tr><tr><td>MOQ<\/td><td colspan=\"4\">5 Tons<\/td><\/tr><tr><td>Payment terms<\/td><td colspan=\"4\">L\/C at sight or T\/T (30% as deposit)<\/td><\/tr><tr><td>Packing<\/td><td colspan=\"4\">Export standard package or as customers&#8217; request<\/td><\/tr><tr><td>Delivery time<\/td><td colspan=\"4\">Usually 7-15 dyas, or upon negotiation<\/td><\/tr><tr><td>Price terms<\/td><td colspan=\"4\">FOB,CRF,CIF,EXW all acceptable<\/td><\/tr><tr><td>Samples<\/td><td colspan=\"4\">Free samples are provided but the fright is borne by the buyer<\/td><\/tr><\/tbody><\/table><\/figure>\n\n\n\n<figure class=\"wp-block-table\"><table class=\"has-fixed-layout\"><tbody><tr><td>Grade<\/td><td>Type<\/td><td>Total elongation<br>under load (%)<\/td><td>Yield strength<br>(min)Mpa<\/td><td>Yield strength<br>(max)Mpa<\/td><td>Tensile strength<br>min Mpa<\/td><td>Hardness<br>Max (HRC)<\/td><td>Hardness<br>Max (HBW)<\/td><\/tr><tr><td>J55<\/td><td>&#8211;<\/td><td>0.5<\/td><td>379<\/td><td>552<\/td><td>517<\/td><td>&#8211;<\/td><td>&#8211;<\/td><\/tr><tr><td>K55<\/td><td>&#8211;<\/td><td>0.5<\/td><td>379<\/td><td>552<\/td><td>655<\/td><td>&#8211;<\/td><td>&#8211;<\/td><\/tr><tr><td>N80<\/td><td>1<\/td><td>0.5<\/td><td>552<\/td><td>758<\/td><td>689<\/td><td>&#8211;<\/td><td>&#8211;<\/td><\/tr><tr><td>N80<\/td><td>Q<\/td><td>0.5<\/td><td>552<\/td><td>758<\/td><td>689<\/td><td>&#8211;<\/td><td>&#8211;<\/td><\/tr><tr><td>L80<\/td><td>1<\/td><td>0.5<\/td><td>552<\/td><td>655<\/td><td>655<\/td><td>23<\/td><td>241<\/td><\/tr><tr><td>L80<\/td><td>9Cr<\/td><td>0.5<\/td><td>552<\/td><td>655<\/td><td>655<\/td><td>23<\/td><td>241<\/td><\/tr><tr><td>L80<\/td><td>13Cr<\/td><td>0.5<\/td><td>552<\/td><td>655<\/td><td>655<\/td><td>23<\/td><td>241<\/td><\/tr><tr><td>C90<\/td><td>&#8211;<\/td><td>0.5<\/td><td>621<\/td><td>724<\/td><td>689<\/td><td>25.4<\/td><td>255<\/td><\/tr><tr><td>C95<\/td><td>&#8211;<\/td><td>0.5<\/td><td>655<\/td><td>758<\/td><td>724<\/td><td>&#8211;<\/td><td>&#8211;<\/td><\/tr><tr><td>T95<\/td><td>&#8211;<\/td><td>0.5<\/td><td>655<\/td><td>758<\/td><td>724<\/td><td>25.4<\/td><td>255<\/td><\/tr><tr><td>P110<\/td><td>&#8211;<\/td><td>0.6<\/td><td>758<\/td><td>965<\/td><td>862<\/td><td>&#8211;<\/td><td>&#8211;<\/td><\/tr><tr><td>Q125<\/td><td>All<\/td><td>0.65<\/td><td>862<\/td><td>1034<\/td><td>931<\/td><td>&#8211;<\/td><td>&#8211;<\/td><\/tr><\/tbody><\/table><\/figure>\n\n\n\n<h3 class=\"wp-block-heading\" id=\"casing-production-process\">casing Production Process<\/h3>\n\n\n\n<figure class=\"wp-block-image size-full is-resized\"><img loading=\"lazy\" decoding=\"async\" width=\"641\" height=\"731\" src=\"https:\/\/khsteel.net\/wp-content\/uploads\/2025\/06\/image-5.png\" alt=\"\" class=\"wp-image-2885\" style=\"width:1500px;height:auto\" title=\"\" srcset=\"https:\/\/khsteel.net\/wp-content\/uploads\/2025\/06\/image-5.png 641w, https:\/\/khsteel.net\/wp-content\/uploads\/2025\/06\/image-5-263x300.png 263w, https:\/\/khsteel.net\/wp-content\/uploads\/2025\/06\/image-5-11x12.png 11w\" sizes=\"auto, (max-width: 641px) 100vw, 641px\" \/><\/figure>\n\n\n\n<p>The special oil pipe is mainly used for the drilling of oil and gas Wells and the transportation of oil and gas. The utility model includes oil drilling pipe, oil casing and oil pumping pipe. Oil drill pipe is mainly used to connect the drill collar to the drill bit and transfer drilling power. Oil casing is mainly used to support the well wall during drilling and after well completion, so as to ensure the drilling process and the normal operation of the whole well after well completion. Suction tubing mainly carries oil and gas from the bottom of the well to the surface.<\/p>\n\n\n\n<figure class=\"wp-block-image size-full is-resized\"><img loading=\"lazy\" decoding=\"async\" width=\"674\" height=\"405\" src=\"https:\/\/khsteel.net\/wp-content\/uploads\/2025\/06\/image-6.png\" alt=\"\" class=\"wp-image-2891\" style=\"width:1500px;height:auto\" title=\"\" srcset=\"https:\/\/khsteel.net\/wp-content\/uploads\/2025\/06\/image-6.png 674w, https:\/\/khsteel.net\/wp-content\/uploads\/2025\/06\/image-6-300x180.png 300w, https:\/\/khsteel.net\/wp-content\/uploads\/2025\/06\/image-6-18x12.png 18w\" sizes=\"auto, (max-width: 674px) 100vw, 674px\" \/><\/figure>\n\n\n<style>.kb-row-layout-id2893_1a2d87-f3 > .kt-row-column-wrap{align-content:center;}:where(.kb-row-layout-id2893_1a2d87-f3 > .kt-row-column-wrap) > .wp-block-kadence-column{justify-content:center;}.kb-row-layout-id2893_1a2d87-f3 > .kt-row-column-wrap{column-gap:var(--global-kb-gap-none, 0rem );row-gap:var(--global-kb-gap-none, 0rem );max-width:var( --global-content-width, 1500px );padding-left:var(--global-content-edge-padding);padding-right:var(--global-content-edge-padding);padding-top:var(--global-kb-spacing-xl, 4rem);padding-bottom:var(--global-kb-spacing-xl, 4rem);grid-template-columns:minmax(0, calc(50% - ((var(--global-kb-gap-none, 0rem ) * 2 )\/3)))minmax(0, calc(15% - ((var(--global-kb-gap-none, 0rem ) * 2 )\/3)))minmax(0, calc(35% - ((var(--global-kb-gap-none, 0rem ) * 2 )\/3)));}.kb-row-layout-id2893_1a2d87-f3 > .kt-row-layout-overlay{opacity:0.30;}@media all and (max-width: 1024px){.kb-row-layout-id2893_1a2d87-f3 > .kt-row-column-wrap > div:not(.added-for-specificity){grid-column:initial;}}@media all and (max-width: 1024px){.kb-row-layout-id2893_1a2d87-f3 > .kt-row-column-wrap{grid-template-columns:minmax(0, 2fr) minmax(0, 1fr) minmax(0, 1fr);}}@media all and (max-width: 767px){.kb-row-layout-id2893_1a2d87-f3 > .kt-row-column-wrap > div:not(.added-for-specificity){grid-column:initial;}.kb-row-layout-id2893_1a2d87-f3 > .kt-row-column-wrap{grid-template-columns:minmax(0, 1fr);}}<\/style><div class=\"kb-row-layout-wrap kb-row-layout-id2893_1a2d87-f3 alignfull has-theme-palette8-background-color kt-row-has-bg wp-block-kadence-rowlayout\"><div class=\"kt-row-column-wrap kt-has-3-columns kt-row-layout-equal kt-tab-layout-left-half kt-mobile-layout-row kt-row-valign-middle kt-inner-column-height-full kb-theme-content-width\">\n<style>.kadence-column2893_a97eed-f5 > .kt-inside-inner-col,.kadence-column2893_a97eed-f5 > .kt-inside-inner-col:before{border-top-left-radius:10px;border-top-right-radius:10px;border-bottom-right-radius:10px;border-bottom-left-radius:10px;}.kadence-column2893_a97eed-f5 > .kt-inside-inner-col{column-gap:var(--global-kb-gap-sm, 1rem);}.kadence-column2893_a97eed-f5 > .kt-inside-inner-col{flex-direction:column;}.kadence-column2893_a97eed-f5 > .kt-inside-inner-col > .aligncenter{width:100%;}.kadence-column2893_a97eed-f5 > .kt-inside-inner-col:before{opacity:0.3;}.kadence-column2893_a97eed-f5{position:relative;}@media all and (max-width: 1024px){.kadence-column2893_a97eed-f5 > .kt-inside-inner-col{flex-direction:column;justify-content:center;}}@media all and (max-width: 767px){.kadence-column2893_a97eed-f5 > .kt-inside-inner-col{flex-direction:column;justify-content:center;}}<\/style>\n<div class=\"wp-block-kadence-column kadence-column2893_a97eed-f5\"><div class=\"kt-inside-inner-col\">\n<p><a href=\"https:\/\/lckehuan.en.alibaba.com\/\" data-type=\"link\" data-id=\"https:\/\/lckehuan.en.alibaba.com\/\" target=\"_blank\" rel=\"noopener\">https:\/\/lckehuan.en.alibaba.com\/<\/a><\/p>\n\n\n<style>.wp-block-kadence-advancedheading.kt-adv-heading2893_e786f3-4a, .wp-block-kadence-advancedheading.kt-adv-heading2893_e786f3-4a[data-kb-block=\"kb-adv-heading2893_e786f3-4a\"]{padding-top:0px;margin-top:0px;font-size:var(--global-kb-font-size-xl, 3rem);line-height:1.2;font-style:normal;}.wp-block-kadence-advancedheading.kt-adv-heading2893_e786f3-4a mark.kt-highlight, .wp-block-kadence-advancedheading.kt-adv-heading2893_e786f3-4a[data-kb-block=\"kb-adv-heading2893_e786f3-4a\"] mark.kt-highlight{font-style:normal;color:#f76a0c;-webkit-box-decoration-break:clone;box-decoration-break:clone;padding-top:0px;padding-right:0px;padding-bottom:0px;padding-left:0px;}.wp-block-kadence-advancedheading.kt-adv-heading2893_e786f3-4a img.kb-inline-image, .wp-block-kadence-advancedheading.kt-adv-heading2893_e786f3-4a[data-kb-block=\"kb-adv-heading2893_e786f3-4a\"] img.kb-inline-image{width:150px;vertical-align:baseline;}<\/style>\n<h2 class=\"kt-adv-heading2893_e786f3-4a wp-block-kadence-advancedheading has-theme-palette-3-color has-text-color\" data-kb-block=\"kb-adv-heading2893_e786f3-4a\">Shandong Kehuan Steel Company<\/h2>\n\n\n<style>.wp-block-kadence-advancedheading.kt-adv-heading2893_61bf84-2f, .wp-block-kadence-advancedheading.kt-adv-heading2893_61bf84-2f[data-kb-block=\"kb-adv-heading2893_61bf84-2f\"]{margin-bottom:var(--global-kb-spacing-xs, 1rem);font-style:normal;}.wp-block-kadence-advancedheading.kt-adv-heading2893_61bf84-2f mark.kt-highlight, .wp-block-kadence-advancedheading.kt-adv-heading2893_61bf84-2f[data-kb-block=\"kb-adv-heading2893_61bf84-2f\"] mark.kt-highlight{font-style:normal;color:#f76a0c;-webkit-box-decoration-break:clone;box-decoration-break:clone;padding-top:0px;padding-right:0px;padding-bottom:0px;padding-left:0px;}.wp-block-kadence-advancedheading.kt-adv-heading2893_61bf84-2f img.kb-inline-image, .wp-block-kadence-advancedheading.kt-adv-heading2893_61bf84-2f[data-kb-block=\"kb-adv-heading2893_61bf84-2f\"] img.kb-inline-image{width:150px;vertical-align:baseline;}<\/style>\n<p class=\"kt-adv-heading2893_61bf84-2f wp-block-kadence-advancedheading has-theme-palette-5-color has-text-color\" data-kb-block=\"kb-adv-heading2893_61bf84-2f\">&nbsp;we can provide you with CE, 3C, ISO, API and patents, which can reduce your after-sales and infringement problems.<\/p>\n\n\n<style>.wp-block-kadence-advancedbtn.kt-btns2893_91c678-f3, .site .entry-content .wp-block-kadence-advancedbtn.kt-btns2893_91c678-f3, .wp-block-kadence-advancedbtn.kb-btns2893_91c678-f3, .site .entry-content .wp-block-kadence-advancedbtn.kb-btns2893_91c678-f3{margin-top:var(--global-kb-spacing-lg, 3rem);}.wp-block-kadence-advancedbtn.kb-btns2893_91c678-f3{gap:var(--global-kb-gap-xs, 0.5rem );justify-content:flex-start;align-items:center;}.kt-btns2893_91c678-f3 .kt-button{font-weight:normal;font-style:normal;}.kt-btns2893_91c678-f3 .kt-btn-wrap-0{margin-right:5px;}.wp-block-kadence-advancedbtn.kt-btns2893_91c678-f3 .kt-btn-wrap-0 .kt-button{color:#555555;border-color:#555555;}.wp-block-kadence-advancedbtn.kt-btns2893_91c678-f3 .kt-btn-wrap-0 .kt-button:hover, .wp-block-kadence-advancedbtn.kt-btns2893_91c678-f3 .kt-btn-wrap-0 .kt-button:focus{color:#ffffff;border-color:#444444;}.wp-block-kadence-advancedbtn.kt-btns2893_91c678-f3 .kt-btn-wrap-0 .kt-button::before{display:none;}.wp-block-kadence-advancedbtn.kt-btns2893_91c678-f3 .kt-btn-wrap-0 .kt-button:hover, .wp-block-kadence-advancedbtn.kt-btns2893_91c678-f3 .kt-btn-wrap-0 .kt-button:focus{background:#444444;}@media all and (max-width: 1024px){.wp-block-kadence-advancedbtn.kb-btns2893_91c678-f3{gap:var(--global-kb-gap-none, 0rem );flex-direction:row;justify-content:flex-start;align-items:center;}}<\/style>\n<div class=\"wp-block-kadence-advancedbtn kb-buttons-wrap kb-btns2893_91c678-f3\"><style>ul.menu .wp-block-kadence-advancedbtn .kb-btn2893_88483e-df.kb-button{width:initial;}<\/style><a class=\"kb-button kt-button button kb-btn2893_88483e-df kt-btn-size-standard kt-btn-width-type-auto kb-btn-global-inherit  kt-btn-has-text-true kt-btn-has-svg-false  wp-block-button__link wp-block-kadence-singlebtn\" href=\"https:\/\/khsteel.net\/manufacturing\/\"><span class=\"kt-btn-inner-text\">Call To Action<\/span><\/a>\n\n<style>ul.menu .wp-block-kadence-advancedbtn .kb-btn2893_2b8286-00.kb-button{width:initial;}.wp-block-kadence-advancedbtn .kb-btn2893_2b8286-00.kb-button{color:var(--global-palette3, #1A202C);background:var(--global-palette8, #F7FAFC);}.wp-block-kadence-advancedbtn .kb-btn2893_2b8286-00.kb-button:hover, .wp-block-kadence-advancedbtn .kb-btn2893_2b8286-00.kb-button:focus{color:var(--global-palette2, #2B6CB0);background:var(--global-palette8, #F7FAFC);box-shadow:0px 0px 0px 0px rgba(0, 0, 0, 0.4);}<\/style><a class=\"kb-button kt-button button kb-btn2893_2b8286-00 kt-btn-size-standard kt-btn-width-type-auto kb-btn-global-inherit  kt-btn-has-text-true kt-btn-has-svg-true  wp-block-button__link wp-block-kadence-singlebtn\" href=\"https:\/\/lckehuan.en.alibaba.com\/\" target=\"_blank\" rel=\"noopener\"><span class=\"kt-btn-inner-text\">Secondary Button<\/span><span class=\"kb-svg-icon-wrap kb-svg-icon-fe_arrowRight kt-btn-icon-side-right\"><svg viewBox=\"0 0 24 24\"  fill=\"none\" stroke=\"currentColor\" stroke-width=\"2\" stroke-linecap=\"round\" stroke-linejoin=\"round\" xmlns=\"http:\/\/www.w3.org\/2000\/svg\"  aria-hidden=\"true\"><line x1=\"5\" y1=\"12\" x2=\"19\" y2=\"12\"\/><polyline points=\"12 5 19 12 12 19\"\/><\/svg><\/span><\/a><\/div>\n<\/div><\/div>\n\n\n<style>.kadence-column2893_5fe34f-84 > .kt-inside-inner-col,.kadence-column2893_5fe34f-84 > .kt-inside-inner-col:before{border-top-left-radius:0px;border-top-right-radius:0px;border-bottom-right-radius:0px;border-bottom-left-radius:0px;}.kadence-column2893_5fe34f-84 > .kt-inside-inner-col{column-gap:var(--global-kb-gap-sm, 1rem);}.kadence-column2893_5fe34f-84 > .kt-inside-inner-col{flex-direction:column;}.kadence-column2893_5fe34f-84 > .kt-inside-inner-col > .aligncenter{width:100%;}.kadence-column2893_5fe34f-84 > .kt-inside-inner-col:before{opacity:0.3;}.kadence-column2893_5fe34f-84{z-index:10;position:relative;}@media all and (max-width: 1024px){.kadence-column2893_5fe34f-84 > .kt-inside-inner-col{flex-direction:column;justify-content:center;}}@media all and (max-width: 767px){.kadence-column2893_5fe34f-84 > .kt-inside-inner-col{flex-direction:column;justify-content:center;}}<\/style>\n<div class=\"wp-block-kadence-column kadence-column2893_5fe34f-84\"><div class=\"kt-inside-inner-col\"><style>.wp-block-kadence-image.kb-image2893_06c5df-13:not(.kb-specificity-added):not(.kb-extra-specificity-added){margin-top:-220px;margin-right:-90px;}.kb-image2893_06c5df-13 .kb-image-has-overlay:after{opacity:0.3;border-top-left-radius:10px;border-top-right-radius:10px;border-bottom-right-radius:10px;border-bottom-left-radius:10px;}.kb-image2893_06c5df-13 img.kb-img, .kb-image2893_06c5df-13 .kb-img img{border-top:3px solid var(--global-palette9, #ffffff);border-right:3px solid var(--global-palette9, #ffffff);border-bottom:3px solid var(--global-palette9, #ffffff);border-left:3px solid var(--global-palette9, #ffffff);border-top-left-radius:10px;border-top-right-radius:10px;border-bottom-right-radius:10px;border-bottom-left-radius:10px;}@media all and (max-width: 1024px){.kb-image2893_06c5df-13 img.kb-img, .kb-image2893_06c5df-13 .kb-img img{border-top:3px solid var(--global-palette9, #ffffff);border-right:3px solid var(--global-palette9, #ffffff);border-bottom:3px solid var(--global-palette9, #ffffff);border-left:3px solid var(--global-palette9, #ffffff);}}@media all and (max-width: 767px){.wp-block-kadence-image.kb-image2893_06c5df-13:not(.kb-specificity-added):not(.kb-extra-specificity-added){margin-top:var(--global-kb-spacing-lg, 3rem);margin-right:0px;margin-bottom:0px;margin-left:0px;}.kb-image2893_06c5df-13 img.kb-img, .kb-image2893_06c5df-13 .kb-img img{border-top:3px solid var(--global-palette9, #ffffff);border-right:3px solid var(--global-palette9, #ffffff);border-bottom:3px solid var(--global-palette9, #ffffff);border-left:3px solid var(--global-palette9, #ffffff);}}<\/style>\n<figure class=\"wp-block-kadence-image kb-image2893_06c5df-13 size-full kb-image-is-ratio-size\"><div class=\"kb-is-ratio-image kb-image-ratio-square\"><img loading=\"lazy\" decoding=\"async\" width=\"750\" height=\"632\" src=\"https:\/\/khsteel.net\/wp-content\/uploads\/2025\/06\/\u5ba2\u6237\u63a5\u5f85.png\" alt=\"\" class=\"kb-img wp-image-2525\" title=\"\" srcset=\"https:\/\/khsteel.net\/wp-content\/uploads\/2025\/06\/\u5ba2\u6237\u63a5\u5f85.png 750w, https:\/\/khsteel.net\/wp-content\/uploads\/2025\/06\/\u5ba2\u6237\u63a5\u5f85-300x253.png 300w, https:\/\/khsteel.net\/wp-content\/uploads\/2025\/06\/\u5ba2\u6237\u63a5\u5f85-14x12.png 14w\" sizes=\"auto, (max-width: 750px) 100vw, 750px\" \/><\/div><\/figure>\n<\/div><\/div>\n\n\n<style>.kadence-column2893_5d0286-ae > .kt-inside-inner-col,.kadence-column2893_5d0286-ae > .kt-inside-inner-col:before{border-top-left-radius:10px;border-top-right-radius:10px;border-bottom-right-radius:10px;border-bottom-left-radius:10px;}.kadence-column2893_5d0286-ae > .kt-inside-inner-col{column-gap:var(--global-kb-gap-sm, 1rem);}.kadence-column2893_5d0286-ae > .kt-inside-inner-col{flex-direction:column;}.kadence-column2893_5d0286-ae > .kt-inside-inner-col > .aligncenter{width:100%;}.kadence-column2893_5d0286-ae > .kt-inside-inner-col:before{opacity:0.3;}.kadence-column2893_5d0286-ae{position:relative;}@media all and (max-width: 1024px){.kadence-column2893_5d0286-ae > .kt-inside-inner-col{flex-direction:column;justify-content:center;}}@media all and (max-width: 767px){.kadence-column2893_5d0286-ae > .kt-inside-inner-col{flex-direction:column;justify-content:center;}}<\/style>\n<div class=\"wp-block-kadence-column kadence-column2893_5d0286-ae\"><div class=\"kt-inside-inner-col\"><style>.kb-image2893_7c12e6-52.kb-image-is-ratio-size, .kb-image2893_7c12e6-52 .kb-image-is-ratio-size{max-width:536px;width:100%;}.wp-block-kadence-column > .kt-inside-inner-col > .kb-image2893_7c12e6-52.kb-image-is-ratio-size, .wp-block-kadence-column > .kt-inside-inner-col > .kb-image2893_7c12e6-52 .kb-image-is-ratio-size{align-self:unset;}.kb-image2893_7c12e6-52{max-width:536px;}.image-is-svg.kb-image2893_7c12e6-52{-webkit-flex:0 1 100%;flex:0 1 100%;}.image-is-svg.kb-image2893_7c12e6-52 img{width:100%;}.kb-image2893_7c12e6-52 .kb-image-has-overlay:after{opacity:0.3;border-top-left-radius:10px;border-top-right-radius:10px;border-bottom-right-radius:10px;border-bottom-left-radius:10px;}.kb-image2893_7c12e6-52 img.kb-img, .kb-image2893_7c12e6-52 .kb-img img{border-top-left-radius:10px;border-top-right-radius:10px;border-bottom-right-radius:10px;border-bottom-left-radius:10px;}<\/style>\n<figure class=\"wp-block-kadence-image kb-image2893_7c12e6-52 size-full kb-image-is-ratio-size\"><div class=\"kb-is-ratio-image kb-image-ratio-port34\"><img loading=\"lazy\" decoding=\"async\" width=\"2560\" height=\"1920\" src=\"https:\/\/khsteel.net\/wp-content\/uploads\/2025\/06\/\u5382\u95e8\u53e3-scaled.jpg\" alt=\"\" class=\"kb-img wp-image-2482\" title=\"\" srcset=\"https:\/\/khsteel.net\/wp-content\/uploads\/2025\/06\/\u5382\u95e8\u53e3-scaled.jpg 2560w, https:\/\/khsteel.net\/wp-content\/uploads\/2025\/06\/\u5382\u95e8\u53e3-300x225.jpg 300w, https:\/\/khsteel.net\/wp-content\/uploads\/2025\/06\/\u5382\u95e8\u53e3-1024x768.jpg 1024w, https:\/\/khsteel.net\/wp-content\/uploads\/2025\/06\/\u5382\u95e8\u53e3-768x576.jpg 768w, https:\/\/khsteel.net\/wp-content\/uploads\/2025\/06\/\u5382\u95e8\u53e3-1536x1152.jpg 1536w, https:\/\/khsteel.net\/wp-content\/uploads\/2025\/06\/\u5382\u95e8\u53e3-2048x1536.jpg 2048w, https:\/\/khsteel.net\/wp-content\/uploads\/2025\/06\/\u5382\u95e8\u53e3-16x12.jpg 16w\" sizes=\"auto, (max-width: 2560px) 100vw, 2560px\" \/><\/div><\/figure>\n<\/div><\/div>\n\n<\/div><\/div>","protected":false},"featured_media":2878,"parent":0,"template":"","meta":{"_acf_changed":true,"_gspb_post_css":"","_kad_blocks_custom_css":"","_kad_blocks_head_custom_js":"","_kad_blocks_body_custom_js":"","_kad_blocks_footer_custom_js":"","_kad_post_transparent":"","_kad_post_title":"","_kad_post_layout":"","_kad_post_sidebar_id":"","_kad_post_content_style":"","_kad_post_vertical_padding":"","_kad_post_feature":"","_kad_post_feature_position":"","_kad_post_header":false,"_kad_post_footer":false,"_kad_post_classname":""},"product-category":[],"class_list":["post-2893","product","type-product","status-publish","has-post-thumbnail","hentry"],"acf":[],"taxonomy_info":[],"featured_image_src_large":["https:\/\/khsteel.net\/wp-content\/uploads\/2025\/06\/c97f776bf35b7030a80cc79772082ad.png",604,507,false],"author_info":[],"comment_info":"","_links":{"self":[{"href":"https:\/\/khsteel.net\/fr\/wp-json\/wp\/v2\/product\/2893","targetHints":{"allow":["GET"]}}],"collection":[{"href":"https:\/\/khsteel.net\/fr\/wp-json\/wp\/v2\/product"}],"about":[{"href":"https:\/\/khsteel.net\/fr\/wp-json\/wp\/v2\/types\/product"}],"wp:featuredmedia":[{"embeddable":true,"href":"https:\/\/khsteel.net\/fr\/wp-json\/wp\/v2\/media\/2878"}],"wp:attachment":[{"href":"https:\/\/khsteel.net\/fr\/wp-json\/wp\/v2\/media?parent=2893"}],"wp:term":[{"taxonomy":"product-category","embeddable":true,"href":"https:\/\/khsteel.net\/fr\/wp-json\/wp\/v2\/product-category?post=2893"}],"curies":[{"name":"wp","href":"https:\/\/api.w.org\/{rel}","templated":true}]}}