{"id":2887,"date":"2025-06-13T09:53:58","date_gmt":"2025-06-13T09:53:58","guid":{"rendered":"https:\/\/khsteel.net\/?post_type=product&#038;p=2887"},"modified":"2025-06-13T09:53:59","modified_gmt":"2025-06-13T09:53:59","slug":"tuyau-de-tubage-octg-sans-soudure-9-5-8-pouces-13-3-8-pouces-api-5ct-en-promotion","status":"publish","type":"product","link":"https:\/\/khsteel.net\/fr\/product\/seamless-octg-9-5-8-inch-13-3-8-inch-hot-sale-api-5ct-casing-pipe\/","title":{"rendered":"OCTG sans soudure 9 5\/8 Inch 13 3\/8 Inch Hot Sale API 5CT Casing Pipe"},"content":{"rendered":"<figure class=\"wp-block-table\"><table class=\"has-fixed-layout\"><tbody><tr><td>standard<\/td><td>num\u00e9ro de mod\u00e8le<\/td><td>r\u00e9sistance \u00e0 la traction (MPa)<\/td><td>limite d'\u00e9lasticit\u00e9 (MPa)<\/td><td>durom\u00e8tre<\/td><\/tr><tr><td rowspan=\"5\">SP\u00c9CIFICATION API 5CT<\/td><td>J55<\/td><td>\u2265517<\/td><td>379~552<\/td><td><\/td><\/tr><tr><td>K55<\/td><td>\u2265517<\/td><td>\u2265655<\/td><td><\/td><\/tr><tr><td>N80<\/td><td>\u2265689<\/td><td>552~758<\/td><td><\/td><\/tr><tr><td>L80 (13Cr)<\/td><td>\u2265655<\/td><td>552~655<\/td><td>\u2264241HB<\/td><\/tr><tr><td>P110<\/td><td>\u2265862<\/td><td>758~965<\/td><td><\/td><\/tr><tr><td>MOQ<\/td><td colspan=\"4\">1 tonne<\/td><\/tr><tr><td>Conditions de paiement<\/td><td colspan=\"4\">Lettre de cr\u00e9dit \u00e0 vue ou virement bancaire (30% \u00e0 titre d'acompte)<\/td><\/tr><tr><td>Emballage<\/td><td colspan=\"4\">Exporter le colis standard ou selon la demande des clients<\/td><\/tr><tr><td>D\u00e9lai de livraison<\/td><td colspan=\"4\">G\u00e9n\u00e9ralement 7 \u00e0 15 jours, ou apr\u00e8s n\u00e9gociation<\/td><\/tr><tr><td>Conditions tarifaires<\/td><td colspan=\"4\">FOB, CRF, CIF, EXW, tous acceptables<\/td><\/tr><tr><td>\u00c9chantillons<\/td><td colspan=\"4\">Des \u00e9chantillons gratuits sont fournis, mais les frais d'exp\u00e9dition sont \u00e0 la charge de l'acheteur.<\/td><\/tr><\/tbody><\/table><\/figure>\n\n\n\n<figure class=\"wp-block-table\"><table class=\"has-fixed-layout\"><tbody><tr><td>Grade<\/td><td>Type<\/td><td>Allongement total<br>sous charge (%)<\/td><td>Limite d'\u00e9lasticit\u00e9<br>(min) Mpa<\/td><td>Limite d'\u00e9lasticit\u00e9<br>(max) Mpa<\/td><td>R\u00e9sistance \u00e0 la traction<br>min Mpa<\/td><td>Duret\u00e9<br>Max (HRC)<\/td><td>Duret\u00e9<br>Max (HBW)<\/td><\/tr><tr><td>J55<\/td><td>\u2013<\/td><td>0.5<\/td><td>379<\/td><td>552<\/td><td>517<\/td><td>\u2013<\/td><td>\u2013<\/td><\/tr><tr><td>K55<\/td><td>\u2013<\/td><td>0.5<\/td><td>379<\/td><td>552<\/td><td>655<\/td><td>\u2013<\/td><td>\u2013<\/td><\/tr><tr><td>N80<\/td><td>1<\/td><td>0.5<\/td><td>552<\/td><td>758<\/td><td>689<\/td><td>\u2013<\/td><td>\u2013<\/td><\/tr><tr><td>N80<\/td><td>Q<\/td><td>0.5<\/td><td>552<\/td><td>758<\/td><td>689<\/td><td>\u2013<\/td><td>\u2013<\/td><\/tr><tr><td>L80<\/td><td>1<\/td><td>0.5<\/td><td>552<\/td><td>655<\/td><td>655<\/td><td>23<\/td><td>241<\/td><\/tr><tr><td>L80<\/td><td>9Cr<\/td><td>0.5<\/td><td>552<\/td><td>655<\/td><td>655<\/td><td>23<\/td><td>241<\/td><\/tr><tr><td>L80<\/td><td>13Cr<\/td><td>0.5<\/td><td>552<\/td><td>655<\/td><td>655<\/td><td>23<\/td><td>241<\/td><\/tr><tr><td>C90<\/td><td>\u2013<\/td><td>0.5<\/td><td>621<\/td><td>724<\/td><td>689<\/td><td>25.4<\/td><td>255<\/td><\/tr><tr><td>C95<\/td><td>\u2013<\/td><td>0.5<\/td><td>655<\/td><td>758<\/td><td>724<\/td><td>\u2013<\/td><td>\u2013<\/td><\/tr><tr><td>T95<\/td><td>\u2013<\/td><td>0.5<\/td><td>655<\/td><td>758<\/td><td>724<\/td><td>25.4<\/td><td>255<\/td><\/tr><tr><td>P110<\/td><td>\u2013<\/td><td>0.6<\/td><td>758<\/td><td>965<\/td><td>862<\/td><td>\u2013<\/td><td>\u2013<\/td><\/tr><tr><td>Q125<\/td><td>Tous<\/td><td>0.65<\/td><td>862<\/td><td>1034<\/td><td>931<\/td><td>\u2013<\/td><td>\u2013<\/td><\/tr><\/tbody><\/table><\/figure>\n\n\n\n<figure class=\"wp-block-image size-full is-resized\"><img loading=\"lazy\" decoding=\"async\" width=\"679\" height=\"601\" src=\"https:\/\/khsteel.net\/wp-content\/uploads\/2025\/06\/1749808268600.png\" alt=\"\" class=\"wp-image-2889\" style=\"width:1500px;height:auto\" title=\"\" srcset=\"https:\/\/khsteel.net\/wp-content\/uploads\/2025\/06\/1749808268600.png 679w, https:\/\/khsteel.net\/wp-content\/uploads\/2025\/06\/1749808268600-300x266.png 300w, https:\/\/khsteel.net\/wp-content\/uploads\/2025\/06\/1749808268600-14x12.png 14w\" sizes=\"auto, (max-width: 679px) 100vw, 679px\" \/><\/figure>\n\n\n\n<figure class=\"wp-block-image size-full is-resized\"><img loading=\"lazy\" decoding=\"async\" width=\"567\" height=\"566\" src=\"https:\/\/khsteel.net\/wp-content\/uploads\/2025\/06\/9362f98a4671aaff3a215a57f052b02.png\" alt=\"\" class=\"wp-image-2890\" style=\"width:1500px;height:auto\" title=\"\" srcset=\"https:\/\/khsteel.net\/wp-content\/uploads\/2025\/06\/9362f98a4671aaff3a215a57f052b02.png 567w, https:\/\/khsteel.net\/wp-content\/uploads\/2025\/06\/9362f98a4671aaff3a215a57f052b02-300x300.png 300w, https:\/\/khsteel.net\/wp-content\/uploads\/2025\/06\/9362f98a4671aaff3a215a57f052b02-150x150.png 150w, https:\/\/khsteel.net\/wp-content\/uploads\/2025\/06\/9362f98a4671aaff3a215a57f052b02-12x12.png 12w\" sizes=\"auto, (max-width: 567px) 100vw, 567px\" \/><\/figure>\n\n\n\n<p>La norme API pour les tubages p\u00e9troliers est l'API5L, qui correspond aux normes de l'American Petroleum Institute. Les normes g\u00e9n\u00e9rales d'exportation des tubages p\u00e9troliers sont bas\u00e9es sur cette norme, c'est pourquoi on les appelle tubages p\u00e9troliers API. Les tubages p\u00e9troliers API, en fonction des caract\u00e9ristiques des mat\u00e9riaux, sont principalement les tubages p\u00e9troliers K55, J55, N80, p110, etc. Les boucles des tubages p\u00e9troliers comprennent les boucles rondes courtes (stc), les boucles rondes longues (ltc) et les boucles trap\u00e9zo\u00efdales partielles (btc), qui sont les trois types de boucles les plus importants et les plus courants, en plus des boucles herm\u00e9tiques, des boucles filet\u00e9es et d'autres boucles sp\u00e9ciales. (ltc), trap\u00e9zo\u00efdale partielle (btc), les plus importantes et les plus courantes parmi ces trois types, en plus des boucles \u00e9tanches, des boucles filet\u00e9es et d'autres formes de boucles sp\u00e9ciales. La principale base de production de tubages p\u00e9troliers API se trouve dans le nord de la Chine. Les tubages p\u00e9troliers peuvent \u00eatre divis\u00e9s en tubes sans soudure et tubes soud\u00e9s, le prix des tubes sans soudure \u00e9tant plus \u00e9lev\u00e9 que celui des tubes soud\u00e9s. Le mat\u00e9riau des tubages p\u00e9troliers est sup\u00e9rieur \u00e0 celui des autres tubes en acier au carbone ordinaires en termes de propri\u00e9t\u00e9s m\u00e9caniques. Le mat\u00e9riau des tubages p\u00e9troliers est sup\u00e9rieur \u00e0 celui des autres tubes en acier au carbone ordinaires en termes de propri\u00e9t\u00e9s m\u00e9caniques, ce qui explique son utilisation r\u00e9pandue dans le domaine du forage p\u00e9trolier. Les principaux clients des tubes de cuvelage p\u00e9troliers sont situ\u00e9s en Asie du Sud-Est, en Asie de l'Est, au Moyen-Orient, en Asie occidentale, en Am\u00e9rique latine et dans d'autres r\u00e9gions.<\/p>\n\n\n\n<figure class=\"wp-block-image size-full is-resized\"><img loading=\"lazy\" decoding=\"async\" width=\"674\" height=\"405\" src=\"https:\/\/khsteel.net\/wp-content\/uploads\/2025\/06\/image-6.png\" alt=\"\" class=\"wp-image-2891\" style=\"width:1500px;height:auto\" title=\"\" srcset=\"https:\/\/khsteel.net\/wp-content\/uploads\/2025\/06\/image-6.png 674w, https:\/\/khsteel.net\/wp-content\/uploads\/2025\/06\/image-6-300x180.png 300w, https:\/\/khsteel.net\/wp-content\/uploads\/2025\/06\/image-6-18x12.png 18w\" sizes=\"auto, (max-width: 674px) 100vw, 674px\" \/><\/figure>\n\n\n\n<p><\/p>","protected":false},"featured_media":2890,"parent":0,"template":"","meta":{"_acf_changed":true,"_gspb_post_css":"","_kad_blocks_custom_css":"","_kad_blocks_head_custom_js":"","_kad_blocks_body_custom_js":"","_kad_blocks_footer_custom_js":"","_kad_post_transparent":"","_kad_post_title":"","_kad_post_layout":"","_kad_post_sidebar_id":"","_kad_post_content_style":"","_kad_post_vertical_padding":"","_kad_post_feature":"","_kad_post_feature_position":"","_kad_post_header":false,"_kad_post_footer":false,"_kad_post_classname":""},"product-category":[],"class_list":["post-2887","product","type-product","status-publish","has-post-thumbnail","hentry"],"acf":[],"taxonomy_info":[],"featured_image_src_large":["https:\/\/khsteel.net\/wp-content\/uploads\/2025\/06\/9362f98a4671aaff3a215a57f052b02.png",567,566,false],"author_info":[],"comment_info":"","_links":{"self":[{"href":"https:\/\/khsteel.net\/fr\/wp-json\/wp\/v2\/product\/2887","targetHints":{"allow":["GET"]}}],"collection":[{"href":"https:\/\/khsteel.net\/fr\/wp-json\/wp\/v2\/product"}],"about":[{"href":"https:\/\/khsteel.net\/fr\/wp-json\/wp\/v2\/types\/product"}],"wp:featuredmedia":[{"embeddable":true,"href":"https:\/\/khsteel.net\/fr\/wp-json\/wp\/v2\/media\/2890"}],"wp:attachment":[{"href":"https:\/\/khsteel.net\/fr\/wp-json\/wp\/v2\/media?parent=2887"}],"wp:term":[{"taxonomy":"product-category","embeddable":true,"href":"https:\/\/khsteel.net\/fr\/wp-json\/wp\/v2\/product-category?post=2887"}],"curies":[{"name":"wp","href":"https:\/\/api.w.org\/{rel}","templated":true}]}}