{"id":2847,"date":"2025-06-13T09:40:53","date_gmt":"2025-06-13T09:40:53","guid":{"rendered":"https:\/\/khsteel.net\/?post_type=product&#038;p=2847"},"modified":"2025-06-20T06:40:06","modified_gmt":"2025-06-20T06:40:06","slug":"barres-en-acier-inoxydable-303-430-316-304","status":"publish","type":"product","link":"https:\/\/khsteel.net\/fr\/product\/stainless-steel-bar-303-430-316-304\/","title":{"rendered":"Barre d'acier inoxydable de haute qualit\u00e9 Astm 2mm 3mm 6mm pour la construction 2507 724l Sus 724l 303 430 316 304"},"content":{"rendered":"<p>Site web de l'entreprise<\/p>\n\n\n\n<p>Site web du bureau :<a href=\"https:\/\/khsteel.net\/fr\/\">https:\/\/khsteel.net\/<\/a><br>Site web d'Alibaba :<a href=\"https:\/\/lckehuan.en.alibaba.com\/\" target=\"_blank\" rel=\"noopener\">https:\/\/lckehuan.en.alibaba.com\/<\/a><\/p>\n\n\n\n<h4 class=\"wp-block-heading\" id=\"industry-specific-attributes-stainless-steel-bar\">Attributs sp\u00e9cifiques \u00e0 l'industrie Barres en acier inoxydable<\/h4>\n\n\n\n<figure class=\"wp-block-table\"><table><tbody><tr><td>Nom du produit<\/td><td>Barre en acier inoxydable<\/td><\/tr><tr><td>Grade<\/td><td>S\u00e9rie 200\/300\/400<\/td><\/tr><tr><td>Forme<\/td><td>Rond<\/td><\/tr><tr><td>Tol\u00e9rance<\/td><td>\u00b11%<\/td><\/tr><tr><td>Qualit\u00e9 de l'acier<\/td><td>301L, 301, 304N, 310S, 410, 316L, 316, 314, 304, 304L<\/td><\/tr><tr><td>Finition de la surface<\/td><td>Sur mesure<\/td><\/tr><tr><td>Produit<\/td><td>Barre ronde en acier inoxydable Tige<\/td><\/tr><\/tbody><\/table><\/figure>\n\n\n\n<p>Autres caract\u00e9ristiques<\/p>\n\n\n\n<figure class=\"wp-block-table\"><table><tbody><tr><td>Lieu d'origine<\/td><td>Shandong, Chine<\/td><\/tr><tr><td>D\u00e9lai de livraison<\/td><td>8-14 jours<\/td><\/tr><tr><td>Nom de la marque<\/td><td>Kehuan<\/td><\/tr><tr><td>Num\u00e9ro de mod\u00e8le<\/td><td>Barre en acier inoxydable<\/td><\/tr><tr><td>Type<\/td><td>Rond<\/td><\/tr><tr><td>Application<\/td><td>industrie chimique, construction, nucl\u00e9aire, \u00e9nergie, machines, construction navale<\/td><\/tr><tr><td>Service de traitement<\/td><td>Pliage, soudage, d\u00e9cochage, poin\u00e7onnage, d\u00e9coupage<\/td><\/tr><tr><td>Grade<\/td><td>201, 202 , 304 , 304L , 316, 316L, 316Ti, 317 ,etc.<\/td><\/tr><tr><td>Finition de la surface<\/td><td>Sur mesure<\/td><\/tr><tr><td>Technique<\/td><td>Lamin\u00e9s \u00e0 froid ; lamin\u00e9s \u00e0 chaud<\/td><\/tr><tr><td>Longueur<\/td><td>Sur mesure<\/td><\/tr><tr><td>Conditions de paiement<\/td><td>TT, LC, etc.<\/td><\/tr><tr><td>Nom de la marque<\/td><td>Kehuan<\/td><\/tr><tr><td>Conditions de prix<\/td><td>FOB, EXW, CIF, CFR<\/td><\/tr><tr><td>Nom du produit<\/td><td>Barre en acier inoxydable<\/td><\/tr><\/tbody><\/table><\/figure>\n\n\n\n<p>Application du produit : barre en acier inoxydable<\/p>\n\n\n\n<figure class=\"wp-block-table\"><table class=\"has-fixed-layout\"><tbody><tr><td><strong><br><br><\/strong><strong>Grade<\/strong><\/td><td>S\u00e9rie 300 : 304,304L,309,309s,310,310S,316,316L,316Ti,317L,321,347<br>200 S\u00e9rie : 201,202<br>S\u00e9rie 400 : 409,409L,410,420,430,431,439,440,441,444<br>Autres : 2205, 2507, 2906, 330, 660, 630, 631, 17-4ph, 17-7ph, S318039 904L, etc.<br>Acier inoxydable duplex : S22053,S25073,S22253,S31803,S32205,S32304<\/td><\/tr><tr><td><strong>Standard<\/strong><\/td><td>ASME, ASTM, EN, BS, GB, DIN, JIS, etc.<\/td><\/tr><tr><td><strong>Technique<\/strong><\/td><td>Lamin\u00e9s \u00e0 froid, lamin\u00e9s \u00e0 chaud<\/td><\/tr><tr><td><strong>Surface<\/strong><\/td><td>Recuit et d\u00e9cap\u00e9, brillant, poli, HL, noir<\/td><\/tr><tr><td><strong><br><\/strong><strong><br><\/strong><strong>Taille<\/strong><\/td><td>Tige ronde : Diam\u00e8tre : 3mm~800mm<br>Tige carr\u00e9e : 5x5mm - 200x200mm<br>Barre plate : 20x2mm - 200x20mm<br>Tige hexagonale : 8mm - 200mm<br>Barre d'angle : 20x20x2mm - 200x200x15mm<br>Longueur : 4-6m ou sur mesure<\/td><\/tr><tr><td><strong>Emballage<\/strong><\/td><td>Emballage standard pour l'exportation : bo\u00eete en bois<\/td><\/tr><tr><td><strong>D\u00e9lai de livraison<\/strong><\/td><td>7-15 jours, ou selon la quantit\u00e9 command\u00e9e ou sur n\u00e9gociation<\/td><\/tr><tr><td><strong>MOQ<\/strong><\/td><td>500 KGS<\/td><\/tr><\/tbody><\/table><\/figure>\n\n\n\n<figure class=\"wp-block-image size-full\"><img loading=\"lazy\" decoding=\"async\" width=\"482\" height=\"96\" src=\"https:\/\/khsteel.net\/wp-content\/uploads\/2025\/06\/image-2.png\" alt=\"\" class=\"wp-image-2840\" title=\"\" srcset=\"https:\/\/khsteel.net\/wp-content\/uploads\/2025\/06\/image-2.png 482w, https:\/\/khsteel.net\/wp-content\/uploads\/2025\/06\/image-2-300x60.png 300w, https:\/\/khsteel.net\/wp-content\/uploads\/2025\/06\/image-2-18x4.png 18w\" sizes=\"auto, (max-width: 482px) 100vw, 482px\" \/><\/figure>\n\n\n\n<figure class=\"wp-block-table\"><table class=\"has-fixed-layout\"><tbody><tr><td>Finition de la surface<\/td><td>Caract\u00e9ristiques et application<\/td><\/tr><tr><td>NO.1<\/td><td>La surface lamin\u00e9e \u00e0 chaud, recuite et d\u00e9cap\u00e9e, peut \u00eatre utilis\u00e9e comme mat\u00e9riau de laminage \u00e0 froid, r\u00e9servoirs industriels et dispositifs chimiques.<\/td><\/tr><tr><td>2D<\/td><td>Lamin\u00e9s \u00e0 froid, an\u00e9antis et d\u00e9cap\u00e9s sans d\u00e9pouillement, les produits \u00e9mouss\u00e9s peuvent \u00eatre utilis\u00e9s comme pi\u00e8ces automobiles, mat\u00e9riaux de construction et tuyauteries.<\/td><\/tr><tr><td>2B<\/td><td>La luminosit\u00e9 et la plan\u00e9it\u00e9 de la surface du NO.2B sont meilleures que celles du NO.2D. Gr\u00e2ce \u00e0 un traitement de surface sp\u00e9cial destin\u00e9 \u00e0 am\u00e9liorer ses propri\u00e9t\u00e9s m\u00e9caniques, le N02B pourrait presque satisfaire \u00e0 des utilisations multiples.<\/td><\/tr><tr><td>NO.3<\/td><td>Polis avec une bande abrasive de grain #100#120, ils ont une meilleure brillance avec des stries grossi\u00e8res peu con tinues, utilis\u00e9s comme in ner et ex.<br>or na ments ter naux pour la construction, les ap pli ca tions \u00e9lec triques et les ustensiles de cuisine, etc.<\/td><\/tr><tr><td>NO.4<\/td><td>Polis avec une bande abrasive de grain #150#180, ils ont une meilleure brillance avec des stries grossi\u00e8res discontinues, mais ils sont plus minces que le NO.3.<br>utilis\u00e9s pour la construction de bains et les ornements ext\u00e9rieurs appareils \u00e9lectriques, ustensiles de cuisine et \u00e9quipements de transformation des aliments, etc.<\/td><\/tr><tr><td>HL<\/td><td>Polie avec une bande abrasive de grain #150-320 sur la finition No.4 et pr\u00e9sente des stries continues, principalement utilis\u00e9e comme ornement de construction,<br>ascenseurs, porte de b\u00e2timent, plaque frontale, etc.<\/td><\/tr><tr><td>BA<\/td><td>Lamin\u00e9 \u00e0 froid, scell\u00e9 brillant et pass\u00e9 \u00e0 la peau, le produit pr\u00e9sente une brillance exceptionnelle et une bonne r\u00e9sistance \u00e0 la flexion, comme un miroir, usag\u00e9.<br>pour les appareils \u00e9lectriques, les miroirs, les appareils de cuisine ou les ma t\u00e9riaux nationaux, etc.<\/td><\/tr><\/tbody><\/table><\/figure>\n\n\n\n\n\n<figure class=\"wp-block-image\"><img decoding=\"async\" src=\"https:\/\/sc04.alicdn.com\/kf\/Haef7fe706a38439683e71fa6713b9d7em\/245885696\/Haef7fe706a38439683e71fa6713b9d7em.jpg\" alt=\"\" title=\"\"><\/figure>\n\n\n\n<figure class=\"wp-block-image\"><img decoding=\"async\" src=\"https:\/\/sc04.alicdn.com\/kf\/H21084ec2b20a45dbaeb69fa80be847d3A\/245885696\/H21084ec2b20a45dbaeb69fa80be847d3A.jpg\" alt=\"\u6b64\u56fe\u7247\u7684 alt \u5c5e\u6027\u4e3a\u7a7a\uff1b\u6587\u4ef6\u540d\u4e3a H21084ec2b20a45dbaeb69fa80be847d3A.jpg\" title=\"\"><\/figure>\n\n\n\n\n\n<figure class=\"wp-block-image\"><img decoding=\"async\" src=\"https:\/\/sc04.alicdn.com\/kf\/H7d6f9000bd1a4cea8f4ecc9754acb44di\/245885696\/H7d6f9000bd1a4cea8f4ecc9754acb44di.jpg\" alt=\"\" title=\"\"><\/figure>\n\n\n\n<p><\/p>","protected":false},"featured_media":2875,"parent":0,"template":"","meta":{"_acf_changed":false,"_gspb_post_css":"","_kad_blocks_custom_css":"","_kad_blocks_head_custom_js":"","_kad_blocks_body_custom_js":"","_kad_blocks_footer_custom_js":"","_kad_post_transparent":"","_kad_post_title":"","_kad_post_layout":"","_kad_post_sidebar_id":"","_kad_post_content_style":"","_kad_post_vertical_padding":"","_kad_post_feature":"","_kad_post_feature_position":"","_kad_post_header":false,"_kad_post_footer":false,"_kad_post_classname":""},"product-category":[91],"class_list":["post-2847","product","type-product","status-publish","has-post-thumbnail","hentry","product-category-the-stainless-steel-rod"],"acf":[],"taxonomy_info":{"product-category":[{"value":91,"label":"The stainless steel rod"}]},"featured_image_src_large":["https:\/\/khsteel.net\/wp-content\/uploads\/2025\/06\/8.jpeg",750,750,false],"author_info":[],"comment_info":"","_links":{"self":[{"href":"https:\/\/khsteel.net\/fr\/wp-json\/wp\/v2\/product\/2847","targetHints":{"allow":["GET"]}}],"collection":[{"href":"https:\/\/khsteel.net\/fr\/wp-json\/wp\/v2\/product"}],"about":[{"href":"https:\/\/khsteel.net\/fr\/wp-json\/wp\/v2\/types\/product"}],"wp:featuredmedia":[{"embeddable":true,"href":"https:\/\/khsteel.net\/fr\/wp-json\/wp\/v2\/media\/2875"}],"wp:attachment":[{"href":"https:\/\/khsteel.net\/fr\/wp-json\/wp\/v2\/media?parent=2847"}],"wp:term":[{"taxonomy":"product-category","embeddable":true,"href":"https:\/\/khsteel.net\/fr\/wp-json\/wp\/v2\/product-category?post=2847"}],"curies":[{"name":"wp","href":"https:\/\/api.w.org\/{rel}","templated":true}]}}