{"id":2844,"date":"2025-06-13T09:31:44","date_gmt":"2025-06-13T09:31:44","guid":{"rendered":"https:\/\/khsteel.net\/?post_type=product&#038;p=2844"},"modified":"2025-06-20T06:39:28","modified_gmt":"2025-06-20T06:39:28","slug":"barre-ronde-en-acier-inoxydable-4762s44600-etiree-a-froid","status":"publish","type":"product","link":"https:\/\/khsteel.net\/fr\/product\/cold-drawn4762s44600-stainless-steel-round-bar\/","title":{"rendered":"Barre ronde en acier inoxydable 1.4762 \u00e9tir\u00e9e \u00e0 froid de haute qualit\u00e9, S44600 , diam\u00e8tre ext\u00e9rieur 3-50mm barre ronde en acier inoxydable"},"content":{"rendered":"<p>Site web de l'entreprise<\/p>\n\n\n\n<p>Site web du bureau :<a href=\"https:\/\/khsteel.net\/fr\/\">https:\/\/khsteel.net\/<\/a><br>Site web d'Alibaba :<a href=\"https:\/\/lckehuan.en.alibaba.com\/\" target=\"_blank\" rel=\"noopener\">https:\/\/lckehuan.en.alibaba.com\/<\/a><\/p>\n\n\n\n<h3 class=\"wp-block-heading\" id=\"key-attributes\">Principales caract\u00e9ristiques<\/h3>\n\n\n\n<h4 class=\"wp-block-heading\" id=\"industry-specific-attributes-stainless-steel-round-bar\">Attributs sp\u00e9cifiques \u00e0 l'industrie Barre ronde en acier inoxydable<\/h4>\n\n\n\n<figure class=\"wp-block-table\"><table><tbody><tr><td>Nom du produit<\/td><td>barre ronde en acier inoxydable<\/td><\/tr><tr><td>Grade<\/td><td>S\u00e9rie 300<\/td><\/tr><tr><td>Forme<\/td><td>Rond<\/td><\/tr><tr><td>Tol\u00e9rance<\/td><td>\u00b11%<\/td><\/tr><tr><td>Qualit\u00e9 de l'acier<\/td><td>301L, 301, 304N, 310S, 410, 316L, 316, 314, 304, 304L<\/td><\/tr><tr><td>Finition de la surface<\/td><td>2B<\/td><\/tr><\/tbody><\/table><\/figure>\n\n\n\n<p>Autres caract\u00e9ristiques<\/p>\n\n\n\n<figure class=\"wp-block-table\"><table><tbody><tr><td>Lieu d'origine<\/td><td>Shandong, Chine<\/td><\/tr><tr><td>D\u00e9lai de livraison<\/td><td>15-21 jours<\/td><\/tr><tr><td>Nom de la marque<\/td><td>Kehuan<\/td><\/tr><tr><td>Num\u00e9ro de mod\u00e8le<\/td><td>Barre ronde en acier inoxydable<\/td><\/tr><tr><td>Type<\/td><td>Rond<\/td><\/tr><tr><td>Application<\/td><td>industrie, machines<\/td><\/tr><tr><td>Usage sp\u00e9cial<\/td><td>Aciers pour soupapes<\/td><\/tr><tr><td>Service de traitement<\/td><td>Pliage, soudage, d\u00e9cochage, poin\u00e7onnage, d\u00e9coupage<\/td><\/tr><tr><td>Grade<\/td><td>201, 202 , 304 , 304L , 316, 316L, 316Ti, 317 ,etc.<\/td><\/tr><tr><td>Finition de la surface<\/td><td>polissage brillant<\/td><\/tr><tr><td>Technique<\/td><td>Lamin\u00e9s \u00e0 froid ; lamin\u00e9s \u00e0 chaud<\/td><\/tr><tr><td>Longueur<\/td><td>5800mm,6000mm,12000mm<\/td><\/tr><tr><td>Conditions de paiement<\/td><td>30% TT pour d\u00e9p\u00f4t,70% TT \/70% LC \u00e0 vue<\/td><\/tr><tr><td>Application<\/td><td>industrie chimique, construction, nucl\u00e9aire, \u00e9nergie, machines, construction navale<\/td><\/tr><tr><td>Standard<\/td><td>JIS\/SUS\/GB\/DIN\/ASTM\/AISI\/EN<\/td><\/tr><tr><td>Nom de la marque<\/td><td>Kehuan<\/td><\/tr><tr><td>Conditions de prix<\/td><td>FOB, EXW, CIF, CFR<\/td><\/tr><tr><td>Emballage<\/td><td>Forfait standard de navigabilit\u00e9<\/td><\/tr><\/tbody><\/table><\/figure>\n\n\n\n<p>Application du produit<\/p>\n\n\n\n<figure class=\"wp-block-table\"><table><tbody><tr><td>Produit<\/td><td>Barre ronde en acier inoxydable<\/td><\/tr><tr><td>Surface<\/td><td>N\u00b0 1, d\u00e9cap\u00e9, noir, pel\u00e9, brillant, polissage, sablage<\/td><\/tr><tr><td>Diam\u00e8tre ext\u00e9rieur<\/td><td>4mm-350mm, ou selon les besoins<\/td><\/tr><tr><td>Mat\u00e9riau<\/td><td>201 202 301 303 303Cu 304 304L 316 316L 310S 316Ti 321 430 904L, etc.<\/td><\/tr><\/tbody><\/table><\/figure>\n\n\n\n<figure class=\"wp-block-table\"><table class=\"has-fixed-layout\"><tbody><tr><td><strong><br><br><\/strong><strong>Grade<\/strong><\/td><td>S\u00e9rie 300 : 304,304L,309,309s,310,310S,316,316L,316Ti,317L,321,347<br>200 S\u00e9rie : 201,202<br>S\u00e9rie 400 : 409,409L,410,420,430,431,439,440,441,444<br>Autres : 2205, 2507, 2906, 330, 660, 630, 631, 17-4ph, 17-7ph, S318039 904L, etc.<br>Acier inoxydable duplex : S22053,S25073,S22253,S31803,S32205,S32304<\/td><\/tr><tr><td><strong>Standard<\/strong><\/td><td>ASME, ASTM, EN, BS, GB, DIN, JIS, etc.<\/td><\/tr><tr><td><strong>Technique<\/strong><\/td><td>Lamin\u00e9s \u00e0 froid, lamin\u00e9s \u00e0 chaud<\/td><\/tr><tr><td><strong>Surface<\/strong><\/td><td>Recuit et d\u00e9cap\u00e9, brillant, poli, HL, noir<\/td><\/tr><tr><td><strong><br><\/strong><strong><br><\/strong><strong>Taille<\/strong><\/td><td>Tige ronde : Diam\u00e8tre : 3mm~800mm<br>Tige carr\u00e9e : 5x5mm - 200x200mm<br>Barre plate : 20x2mm - 200x20mm<br>Tige hexagonale : 8mm - 200mm<br>Barre d'angle : 20x20x2mm - 200x200x15mm<br>Longueur : 4-6m ou sur mesure<\/td><\/tr><tr><td><strong>Emballage<\/strong><\/td><td>Emballage standard pour l'exportation : bo\u00eete en bois<\/td><\/tr><tr><td><strong>D\u00e9lai de livraison<\/strong><\/td><td>7-15 jours, ou selon la quantit\u00e9 command\u00e9e ou sur n\u00e9gociation<\/td><\/tr><tr><td><strong>MOQ<\/strong><\/td><td>500 KGS<\/td><\/tr><\/tbody><\/table><\/figure>\n\n\n\n<figure class=\"wp-block-table\"><table class=\"has-fixed-layout\"><tbody><tr><td>Produit<\/td><td colspan=\"4\">Barre \/ tige en acier inoxydable<\/td><\/tr><tr><td>Forme<\/td><td colspan=\"4\">Barres rondes, barres d'angle, barres cannel\u00e9es, barres carr\u00e9es, barres plates, barres hexagonales et profil\u00e9s<\/td><\/tr><tr><td>Standard<\/td><td colspan=\"4\">ASTM A240,GB\/T3280-2007,JIS4304-2005,ASTM A167<\/td><\/tr><tr><td><br><br>Grade<\/td><td colspan=\"4\"><strong>S\u00e9rie 300<\/strong>: 301, 303\/Cu, 304\/L\/H, 304Cu, 305, 309\/S, 310\/S, 316\/L\/H\/Ti, 321\/H, 347\/H, 330,<strong>S\u00e9rie 400<\/strong>: 409\/L, 410, 416\/F, 420\/F, 430, 431, 440C, 441, 444, 446,<br><strong>S\u00e9rie 600<\/strong>: 13-8ph,15-5ph,17-4ph,17-7ph(630,631),660A\/B\/C\/D,<br><strong>Duplex<\/strong>: 2205(UNS S31803\/S32205), 2507(UNS S32750), UNSS32760, 2304, LDX2101, LDX2404, LDX4404, 904L.<\/td><\/tr><tr><td>Surface<\/td><td colspan=\"4\">D\u00e9cap\u00e9, brillant, ligne de cheveux, miroir, poli, tache, etc.<\/td><\/tr><tr><td>Acier inoxydable&nbsp;<\/td><td><strong>Barre ronde<\/strong><\/td><td><strong>Barre carr\u00e9e<\/strong><\/td><td><strong>Barre plate<\/strong><\/td><td><strong>Barre hexagonale<\/strong><\/td><\/tr><tr><td>Taille<\/td><td>4-400mm<\/td><td>10*10*300*300mm<\/td><td>3*12-30*200mm<\/td><td>12*12-65*65mm<\/td><\/tr><tr><td>Technologie<\/td><td colspan=\"4\">Lamin\u00e9s \u00e0 chaud, lamin\u00e9s \u00e0 froid, \u00e9tir\u00e9s \u00e0 froid, forg\u00e9s<\/td><\/tr><tr><td>Tol\u00e9rance<\/td><td colspan=\"4\">H8, H9 ou selon les besoins<\/td><\/tr><tr><td>Paquet<\/td><td colspan=\"4\">Recouverts d'une couche de film plastique et de carton, emball\u00e9s sur des palettes en bois\/un emballage en fer, li\u00e9s par une courroie en fer, charg\u00e9s dans les conteneurs.<\/td><\/tr><tr><td>Conditions de prix<\/td><td colspan=\"4\">Ex-Work, FOB, CFR, CIF, FCA, etc.<\/td><\/tr><tr><td>Conditions de paiement<\/td><td colspan=\"4\">TT, L\/C \u00e0 vue, Western Union, etc.<\/td><\/tr><tr><td><br><br>Application<\/td><td colspan=\"4\">1.\u00e9changeurs de chaleur et r\u00e9chauffeurs.2.d\u00e9corations, constructions.2.industrie p\u00e9troli\u00e8re et chimique.3.industrie alimentaire et pharmaceutique.4.construction navale et automobile.5.syst\u00e8mes de transport par eau.<\/td><\/tr><\/tbody><\/table><\/figure>\n\n\n\n<p>Caract\u00e9ristiques<\/p>\n\n\n\n<p>1. La barre en acier inoxydable est un type de produit fabriqu\u00e9 \u00e0 partir de mat\u00e9riaux en acier inoxydable. Il existe diff\u00e9rentes qualit\u00e9s d'acier inoxydable utilis\u00e9es dans diverses industries. 2. Les barres en acier inoxydable sont utilis\u00e9es pour leur solidit\u00e9 et leur r\u00e9sistance \u00e0 la corrosion. Tous les aciers inoxydables contiennent du chrome. La composition peut varier et la teneur en chrome varie \u00e9galement. Plus la teneur en chrome est \u00e9lev\u00e9e, plus la r\u00e9sistance \u00e0 la corrosion est importante. 3. L'acier inoxydable est durable, solide et mall\u00e9able. Il r\u00e9siste \u00e0 la rouille, \u00e0 la corrosion et aux acides.<\/p>\n\n\n\n<figure class=\"wp-block-image size-full is-resized\"><img loading=\"lazy\" decoding=\"async\" width=\"750\" height=\"750\" src=\"https:\/\/khsteel.net\/wp-content\/uploads\/2024\/07\/10005-32.jpg\" alt=\"\" class=\"wp-image-737\" style=\"width:349px;height:auto\" title=\"\" srcset=\"https:\/\/khsteel.net\/wp-content\/uploads\/2024\/07\/10005-32.jpg 750w, https:\/\/khsteel.net\/wp-content\/uploads\/2024\/07\/10005-32-300x300.jpg 300w, https:\/\/khsteel.net\/wp-content\/uploads\/2024\/07\/10005-32-150x150.jpg 150w\" sizes=\"auto, (max-width: 750px) 100vw, 750px\" \/><\/figure>\n\n\n\n<p>Les barres rondes brillantes en acier inoxydable peuvent \u00eatre facilement coup\u00e9es et usin\u00e9es en outils, et choisies pour cr\u00e9er des pi\u00e8ces de machines et des composants automobiles.<\/p>\n\n\n\n<figure class=\"wp-block-image size-large is-resized\"><img loading=\"lazy\" decoding=\"async\" width=\"1024\" height=\"652\" src=\"https:\/\/khsteel.net\/wp-content\/uploads\/2024\/07\/10006-19-1024x652.jpg\" alt=\"\" class=\"wp-image-736\" style=\"width:358px;height:auto\" title=\"\" srcset=\"https:\/\/khsteel.net\/wp-content\/uploads\/2024\/07\/10006-19-1024x652.jpg 1024w, https:\/\/khsteel.net\/wp-content\/uploads\/2024\/07\/10006-19-300x191.jpg 300w, https:\/\/khsteel.net\/wp-content\/uploads\/2024\/07\/10006-19-768x489.jpg 768w, https:\/\/khsteel.net\/wp-content\/uploads\/2024\/07\/10006-19.jpg 1256w\" sizes=\"auto, (max-width: 1024px) 100vw, 1024px\" \/><\/figure>\n\n\n\n\n\n<p><\/p>\n\n\n\n<p><\/p>","protected":false},"featured_media":737,"parent":0,"template":"","meta":{"_acf_changed":true,"_gspb_post_css":"","_kad_blocks_custom_css":"","_kad_blocks_head_custom_js":"","_kad_blocks_body_custom_js":"","_kad_blocks_footer_custom_js":"","_kad_post_transparent":"","_kad_post_title":"","_kad_post_layout":"","_kad_post_sidebar_id":"","_kad_post_content_style":"","_kad_post_vertical_padding":"","_kad_post_feature":"","_kad_post_feature_position":"","_kad_post_header":false,"_kad_post_footer":false,"_kad_post_classname":""},"product-category":[91],"class_list":["post-2844","product","type-product","status-publish","has-post-thumbnail","hentry","product-category-the-stainless-steel-rod"],"acf":[],"taxonomy_info":{"product-category":[{"value":91,"label":"The stainless steel rod"}]},"featured_image_src_large":["https:\/\/khsteel.net\/wp-content\/uploads\/2024\/07\/10005-32.jpg",750,750,false],"author_info":[],"comment_info":"","_links":{"self":[{"href":"https:\/\/khsteel.net\/fr\/wp-json\/wp\/v2\/product\/2844","targetHints":{"allow":["GET"]}}],"collection":[{"href":"https:\/\/khsteel.net\/fr\/wp-json\/wp\/v2\/product"}],"about":[{"href":"https:\/\/khsteel.net\/fr\/wp-json\/wp\/v2\/types\/product"}],"wp:featuredmedia":[{"embeddable":true,"href":"https:\/\/khsteel.net\/fr\/wp-json\/wp\/v2\/media\/737"}],"wp:attachment":[{"href":"https:\/\/khsteel.net\/fr\/wp-json\/wp\/v2\/media?parent=2844"}],"wp:term":[{"taxonomy":"product-category","embeddable":true,"href":"https:\/\/khsteel.net\/fr\/wp-json\/wp\/v2\/product-category?post=2844"}],"curies":[{"name":"wp","href":"https:\/\/api.w.org\/{rel}","templated":true}]}}