{"id":2833,"date":"2025-06-13T09:20:32","date_gmt":"2025-06-13T09:20:32","guid":{"rendered":"https:\/\/khsteel.net\/?post_type=product&#038;p=2833"},"modified":"2025-06-19T09:43:48","modified_gmt":"2025-06-19T09:43:48","slug":"barres-rondes-en-acier-au-carbone","status":"publish","type":"product","link":"https:\/\/khsteel.net\/fr\/product\/carbon-steel-round-bars\/","title":{"rendered":"Barres rondes en acier au carbone S45C 4140 lamin\u00e9es \u00e0 chaud Barres rondes SS400 S20C de premi\u00e8re qualit\u00e9"},"content":{"rendered":"<div class=\"wp-block-group is-vertical is-layout-flex wp-container-core-group-is-layout-8cf370e7 wp-block-group-is-layout-flex\">\n<h3 class=\"wp-block-heading\" id=\"carbon-steel-round-bars-applied-rangehttps-khsteel-net-product-hot-rolled-carbon-steel-round-bar-q235-mild-carbon-steel-round-bar\">Barres rondes en acier au carbone gamme appliqu\u00e9e<a href=\"https:\/\/khsteel.net\/fr\/produit\/hot-rolled-carbon-steel-round-bar-q235-mild-carbon-steel-round-bar\/\">https:\/\/khsteel.net\/product\/hot-rolled-carbon-steel-round-bar-q235-mild-carbon-steel-round-bar\/<\/a><\/h3>\n\n\n\n<p><strong>Acier \u00e0 outils<br>Les aciers \u00e0 outils peuvent \u00eatre class\u00e9s en fonction de leur composition chimique et de leur utilisation, et comprennent principalement les cat\u00e9gories suivantes :<\/strong><\/p>\n\n\n\n<p><strong>Acier \u00e0 outils au carbone : Ce type d'acier a une teneur \u00e9lev\u00e9e en carbone, g\u00e9n\u00e9ralement comprise entre 0,65% et 1,35%. L'acier \u00e0 outils au carbone pr\u00e9sente une duret\u00e9 et une r\u00e9sistance \u00e0 l'usure \u00e9lev\u00e9es, mais une faible duret\u00e9 rouge. Il convient aux outils qui n\u00e9cessitent une duret\u00e9 et une r\u00e9sistance \u00e0 l'usure \u00e9lev\u00e9es, tels que les marteaux, les burins, etc.<\/strong>Barres rondes en acier au carbone<\/p>\n\n\n\n<p><strong>Acier \u00e0 outils alli\u00e9 : Des \u00e9l\u00e9ments d'alliage tels que le chrome, le molybd\u00e8ne et le tungst\u00e8ne sont ajout\u00e9s \u00e0 l'acier \u00e0 outils au carbone pour am\u00e9liorer la trempabilit\u00e9 et la duret\u00e9. L'acier \u00e0 outils alli\u00e9 convient aux outils de coupe \u00e0 grande vitesse, aux moules et \u00e0 d'autres domaines, avec une duret\u00e9 et une r\u00e9sistance \u00e0 l'usure plus \u00e9lev\u00e9es.<\/strong><\/p>\n\n\n\n<p><strong>Acier \u00e0 haute vitesse : Il contient divers \u00e9l\u00e9ments d'alliage tels que le tungst\u00e8ne, le molybd\u00e8ne et le cobalt, pr\u00e9sente une duret\u00e9 et une r\u00e9sistance \u00e0 l'usure extr\u00eamement \u00e9lev\u00e9es et convient pour les outils de coupe \u00e0 grande vitesse et les moules de forgeage.<\/strong><\/p>\n\n\n\n<p><strong>Acier inoxydable : Il pr\u00e9sente une excellente r\u00e9sistance \u00e0 la corrosion et convient pour les moules, les couteaux, les roulements et d'autres domaines. Les sc\u00e9narios d'application sp\u00e9cifiques des diff\u00e9rents types d'acier \u00e0 outils sont les suivants :<\/strong><\/p>\n\n\n\n<p><strong>Acier \u00e0 outils au carbone : Tel que le T10A, adapt\u00e9 aux outils \u00e0 main tels que les marteaux et les ciseaux.<br>Acier \u00e0 outils alli\u00e9 : tel que SKD11, largement utilis\u00e9 dans les grandes matrices de d\u00e9formation \u00e0 froid et diverses matrices de d\u00e9formation \u00e0 froid, ainsi que dans les outils de coupe.<br>Acier \u00e0 outils \u00e0 haute vitesse : tel que W18Cr4V, adapt\u00e9 aux outils de coupe \u00e0 haute vitesse. Acier inoxydable : tel que le 3Cr13, adapt\u00e9 aux outils de coupe et de fabrication d'outils.l propri\u00e9t\u00e9s, telles que l'acier inoxydable, l'acier r\u00e9sistant \u00e0 la chaleur et l'acier r\u00e9sistant \u00e0 l'usure, etc.<\/strong><\/p>\n<\/div>\n\n\n\n<figure class=\"wp-block-image size-full is-resized\"><img loading=\"lazy\" decoding=\"async\" width=\"605\" height=\"719\" src=\"https:\/\/khsteel.net\/wp-content\/uploads\/2025\/06\/1749806188413.png\" alt=\"\" class=\"wp-image-2843\" style=\"width:1500px;height:auto\" title=\"\" srcset=\"https:\/\/khsteel.net\/wp-content\/uploads\/2025\/06\/1749806188413.png 605w, https:\/\/khsteel.net\/wp-content\/uploads\/2025\/06\/1749806188413-252x300.png 252w, https:\/\/khsteel.net\/wp-content\/uploads\/2025\/06\/1749806188413-10x12.png 10w\" sizes=\"auto, (max-width: 605px) 100vw, 605px\" \/><\/figure>\n\n\n\n<h3 class=\"wp-block-heading\" id=\"product-description\">description du produit<\/h3>\n\n\n\n<figure class=\"wp-block-table\"><table class=\"has-fixed-layout\"><tbody><tr><td>Nom du projet<\/td><td>Barres rondes en acier au carbone<\/td><\/tr><tr><td>Forme<\/td><td>Ronde, carr\u00e9e, rectangulaire, etc.<\/td><\/tr><tr><td>Mat\u00e9riau<\/td><td>S\u00e9rie Q195-Q420, s\u00e9rie SS400-SS540, s\u00e9rie S235JR-S355JR, s\u00e9rie A36-A992, s\u00e9rie Gr50, etc.<\/td><\/tr><tr><td>Surface<\/td><td>Acier doux fini brut, galvanis\u00e9 \u00e0 chaud, rev\u00eatement color\u00e9, etc.<\/td><\/tr><tr><td>Tol\u00e9rance de taille<\/td><td>\u00b13%<\/td><\/tr><tr><td>M\u00e9thode de traitement<\/td><td>Pliage, soudage, d\u00e9coilage, d\u00e9coupage, poin\u00e7onnage, polissage ou selon la demande du client<\/td><\/tr><tr><td>Taille<\/td><td>Diam\u00e8tre ext\u00e9rieur de 10 \u00e0 400 mm, longueur de 1 m \u00e0 12 m ou selon la demande sp\u00e9ciale du client.<\/td><\/tr><tr><td>Technologie<\/td><td>Rouleau chaud, \u00e9tir\u00e9 \u00e0 froid, etc.<\/td><\/tr><tr><td>Terme commercial<\/td><td>FOB, CIF, CFR, EXW, etc.<\/td><\/tr><tr><td>Dur\u00e9e du prix<\/td><td>T\/T, L\/C<\/td><\/tr><tr><td>D\u00e9lai d'ex\u00e9cution<\/td><td>Les petits lots peuvent \u00eatre livr\u00e9s en 7 jours, en fonction de la quantit\u00e9.<\/td><\/tr><tr><td>Certificat<\/td><td>ISO9001<\/td><\/tr><\/tbody><\/table><\/figure>\n\n\n\n<figure class=\"wp-block-image size-full is-resized\"><img loading=\"lazy\" decoding=\"async\" width=\"673\" height=\"398\" src=\"https:\/\/khsteel.net\/wp-content\/uploads\/2025\/06\/1749805663539-1.png\" alt=\"\" class=\"wp-image-2841\" style=\"width:1500px;height:auto\" title=\"\" srcset=\"https:\/\/khsteel.net\/wp-content\/uploads\/2025\/06\/1749805663539-1.png 673w, https:\/\/khsteel.net\/wp-content\/uploads\/2025\/06\/1749805663539-1-300x177.png 300w, https:\/\/khsteel.net\/wp-content\/uploads\/2025\/06\/1749805663539-1-18x12.png 18w\" sizes=\"auto, (max-width: 673px) 100vw, 673px\" \/><\/figure>\n\n\n\n<figure class=\"wp-block-image size-full is-resized\"><img loading=\"lazy\" decoding=\"async\" width=\"641\" height=\"564\" src=\"https:\/\/khsteel.net\/wp-content\/uploads\/2025\/06\/1749806215708.png\" alt=\"\" class=\"wp-image-2845\" style=\"width:1500px;height:auto\" title=\"\" srcset=\"https:\/\/khsteel.net\/wp-content\/uploads\/2025\/06\/1749806215708.png 641w, https:\/\/khsteel.net\/wp-content\/uploads\/2025\/06\/1749806215708-300x264.png 300w, https:\/\/khsteel.net\/wp-content\/uploads\/2025\/06\/1749806215708-14x12.png 14w\" sizes=\"auto, (max-width: 641px) 100vw, 641px\" \/><\/figure>\n\n\n\n<figure class=\"wp-block-image size-full is-resized\"><img loading=\"lazy\" decoding=\"async\" width=\"750\" height=\"737\" src=\"https:\/\/khsteel.net\/wp-content\/uploads\/2025\/06\/photobank-5.jpg\" alt=\"\" class=\"wp-image-3137\" style=\"width:1500px;height:auto\" title=\"\" srcset=\"https:\/\/khsteel.net\/wp-content\/uploads\/2025\/06\/photobank-5.jpg 750w, https:\/\/khsteel.net\/wp-content\/uploads\/2025\/06\/photobank-5-300x295.jpg 300w, https:\/\/khsteel.net\/wp-content\/uploads\/2025\/06\/photobank-5-12x12.jpg 12w\" sizes=\"auto, (max-width: 750px) 100vw, 750px\" \/><\/figure>\n\n\n\n<p>Shandong Kehuan Petroleum Equipment Co. a \u00e9t\u00e9 fond\u00e9e en 2011. Notre soci\u00e9t\u00e9 a pass\u00e9 la certification API5L et API5CT d\u00e9livr\u00e9e par l'American Petroleum Institute, a obtenu les certifications nationales IS09001, ISO18001, ISO14001 et a pass\u00e9 la certification nationale des produits 3C. Nous sommes l'un des plus grands fabricants de tubes en acier au carbone et en acier alli\u00e9 sans soudure dans la province de Shandong, en Chine, et nous r\u00e9pondons aux normes nationales et internationales. L'usine est situ\u00e9e dans la province de Shandong, en Chine. L'usine dispose de quatre lignes de laminage \u00e0 chaud de pointe, de huit lignes d'expansion de tubes et de l'une des lignes de traitement thermique les plus avanc\u00e9es de Chine. Nous produisons principalement des tubes en acier sans soudure de haute qualit\u00e9, de moyenne et haute gamme, avec un diam\u00e8tre ext\u00e9rieur de 30 \u00e0 1500 mm et une \u00e9paisseur de paroi de 6 \u00e0 100 mm, conform\u00e9ment aux normes ASTM\/API\/DIN. Barre ronde<\/p>\n\n\n\n<p>La capacit\u00e9 est de 800 000 tonnes. Afin de garantir la rapidit\u00e9 des livraisons, notre soci\u00e9t\u00e9 dispose d'une capacit\u00e9 de stockage de 150 000 tonnes tout au long de l'ann\u00e9e. Nos produits conviennent \u00e0 diff\u00e9rentes applications telles que l'industrie p\u00e9troli\u00e8re et gazi\u00e8re, la construction navale, les engrais, les chaudi\u00e8res et les \u00e9changeurs de chaleur, l'automobile, les roulements et l'ing\u00e9nierie g\u00e9n\u00e9rale. Avec des performances techniques sup\u00e9rieures et des co\u00fbts fiables, nos services couvrent l'Europe, l'Am\u00e9rique, le Moyen-Orient, le Japon, la Cor\u00e9e, l'Asie du Sud-Est et d'autres pays et r\u00e9gions. Nous adh\u00e9rons au principe de l'utilisateur d'abord, de l'assurance qualit\u00e9 parfaite, de la technologie de pointe, et continuons \u00e0 fournir \u00e0 nos clients des produits de haute qualit\u00e9 et un service apr\u00e8s-vente professionnel et attentionn\u00e9.<\/p>\n\n\n\n<h3 class=\"wp-block-heading\" id=\"carbon-steel-round-bar-product-features\">Barre ronde en acier au carbone Caract\u00e9ristiques du produit<\/h3>\n\n\n\n<p>1. Technologie du laminage \u00e0 chaud, du laminage \u00e0 froid ou de l'\u00e9tirage \u00e0 froid.<br>2. Section creuse avec un poids plus l\u00e9ger et une pression plus \u00e9lev\u00e9e.<br>3. Duret\u00e9 \u00e9lev\u00e9e, solidit\u00e9, r\u00e9sistance \u00e0 l'usure et anticorrosion.<br>4. Le SMLS peut \u00eatre cannel\u00e9, filet\u00e9 ou rainur\u00e9. La m\u00e9thode de rev\u00eatement comprend la laque noire\/rouge, la peinture vernie, la galvanisation \u00e0 chaud, etc.<\/p>\n\n\n<nav class=\"is-responsive wp-block-navigation is-layout-flex wp-block-navigation-is-layout-flex\" \n\t\t data-wp-interactive=\"core\/navigation\" data-wp-context='{\"overlayOpenedBy\":{\"click\":false,\"hover\":false,\"focus\":false},\"type\":\"overlay\",\"roleAttribute\":\"\",\"ariaLabel\":\"Menu\"}'><button aria-haspopup=\"dialog\" aria-label=\"Ouvrir le menu\" class=\"wp-block-navigation__responsive-container-open\" \n\t\t\t\tdata-wp-on--click=\"actions.openMenuOnClick\"\n\t\t\t\tdata-wp-on--keydown=\"actions.handleMenuKeydown\"\n\t\t\t><svg width=\"24\" height=\"24\" xmlns=\"http:\/\/www.w3.org\/2000\/svg\" viewbox=\"0 0 24 24\" aria-hidden=\"true\" focusable=\"false\"><path d=\"M4 7.5h16v1.5H4z\"><\/path><path d=\"M4 15h16v1.5H4z\"><\/path><\/svg><\/button>\n\t\t\t\t<div class=\"wp-block-navigation__responsive-container\"  id=\"modal-1\" \n\t\t\t\tdata-wp-class--has-modal-open=\"state.isMenuOpen\"\n\t\t\t\tdata-wp-class--is-menu-open=\"state.isMenuOpen\"\n\t\t\t\tdata-wp-watch=\"callbacks.initMenu\"\n\t\t\t\tdata-wp-on--keydown=\"actions.handleMenuKeydown\"\n\t\t\t\tdata-wp-on--focusout=\"actions.handleMenuFocusout\"\n\t\t\t\ttabindex=\"-1\"\n\t\t\t>\n\t\t\t\t\t<div class=\"wp-block-navigation__responsive-close\" tabindex=\"-1\">\n\t\t\t\t\t\t<div class=\"wp-block-navigation__responsive-dialog\" \n\t\t\t\tdata-wp-bind--aria-modal=\"state.ariaModal\"\n\t\t\t\tdata-wp-bind--aria-label=\"state.ariaLabel\"\n\t\t\t\tdata-wp-bind--role=\"state.roleAttribute\"\n\t\t\t>\n\t\t\t\t\t\t\t<button aria-label=\"Fermer le menu\" class=\"wp-block-navigation__responsive-container-close\" \n\t\t\t\tdata-wp-on--click=\"actions.closeMenuOnClick\"\n\t\t\t><svg xmlns=\"http:\/\/www.w3.org\/2000\/svg\" viewbox=\"0 0 24 24\" width=\"24\" height=\"24\" aria-hidden=\"true\" focusable=\"false\"><path d=\"m13.06 12 6.47-6.47-1.06-1.06L12 10.94 5.53 4.47 4.47 5.53 10.94 12l-6.47 6.47 1.06 1.06L12 13.06l6.47 6.47 1.06-1.06L13.06 12Z\"><\/path><\/svg><\/button>\n\t\t\t\t\t\t\t<div class=\"wp-block-navigation__responsive-container-content\" \n\t\t\t\tdata-wp-watch=\"callbacks.focusFirstElement\"\n\t\t\t id=\"modal-1-content\">\n\t\t\t\t\t\t\t\t<ul class=\"wp-block-navigation__container is-responsive wp-block-navigation\"><li data-wp-context=\"{ &quot;submenuOpenedBy&quot;: { &quot;click&quot;: false, &quot;hover&quot;: false, &quot;focus&quot;: false }, &quot;type&quot;: &quot;submenu&quot;, &quot;modal&quot;: null, &quot;previousFocus&quot;: null }\" data-wp-interactive=\"core\/navigation\" data-wp-on--focusout=\"actions.handleMenuFocusout\" data-wp-on--keydown=\"actions.handleMenuKeydown\" data-wp-on--mouseenter=\"actions.openMenuOnHover\" data-wp-on--mouseleave=\"actions.closeMenuOnHover\" data-wp-watch=\"callbacks.initMenu\" tabindex=\"-1\" class=\"wp-block-navigation-item has-child open-on-hover-click wp-block-navigation-submenu\"><a class=\"wp-block-navigation-item__content\" href=\"https:\/\/khsteel.net\/fr\/categorie-de-produits\/tuyau\/\"><span class=\"wp-block-navigation-item__label\">TUYAU<\/span><\/a><button data-wp-bind--aria-expanded=\"state.isMenuOpen\" data-wp-on--click=\"actions.toggleMenuOnClick\" aria-label=\"Sous-menu PIPE\" class=\"wp-block-navigation__submenu-icon wp-block-navigation-submenu__toggle\" ><svg xmlns=\"http:\/\/www.w3.org\/2000\/svg\" width=\"12\" height=\"12\" viewbox=\"0 0 12 12\" fill=\"none\" aria-hidden=\"true\" focusable=\"false\"><path d=\"M1.50002 4L6.00002 8L10.5 4\" stroke-width=\"1.5\"><\/path><\/svg><\/button><ul data-wp-on--focus=\"actions.openMenuOnFocus\" class=\"wp-block-navigation__submenu-container wp-block-navigation-submenu\"><li class=\"wp-block-navigation-item wp-block-navigation-link\"><a class=\"wp-block-navigation-item__content\"  href=\"https:\/\/khsteel.net\/fr\/categorie-de-produits\/tuyau\/tube-cylindrique\/\"><span class=\"wp-block-navigation-item__label\">Tube cylindrique<\/span><\/a><\/li><li class=\"wp-block-navigation-item wp-block-navigation-link\"><a class=\"wp-block-navigation-item__content\"  href=\"https:\/\/khsteel.net\/fr\/categorie-de-produits\/tuyau\/tube-galvanise-tube-rectangulaire-galvanise\/\"><span class=\"wp-block-navigation-item__label\">Tube galvanis\u00e9<\/span><\/a><\/li><li class=\"wp-block-navigation-item wp-block-navigation-link\"><a class=\"wp-block-navigation-item__content\"  href=\"https:\/\/khsteel.net\/fr\/categorie-de-produits\/tuyau\/tuyaux-irreguliers-et-rectangulaires\/\"><span class=\"wp-block-navigation-item__label\">Tuyaux irr\u00e9guliers et rectangulaires<\/span><\/a><\/li><li class=\"wp-block-navigation-item wp-block-navigation-link\"><a class=\"wp-block-navigation-item__content\"  href=\"https:\/\/khsteel.net\/fr\/categorie-de-produits\/tuyau\/ligne-de-tuyauterie-pour-le-petrole\/\"><span class=\"wp-block-navigation-item__label\">S\u00c9RIE API<\/span><\/a><\/li><li class=\"wp-block-navigation-item wp-block-navigation-link\"><a class=\"wp-block-navigation-item__content\"  href=\"https:\/\/khsteel.net\/fr\/categorie-de-produits\/tuyau\/tube-de-precision\/\"><span class=\"wp-block-navigation-item__label\">Tube de pr\u00e9cision<\/span><\/a><\/li><li class=\"wp-block-navigation-item wp-block-navigation-link\"><a class=\"wp-block-navigation-item__content\"  href=\"https:\/\/khsteel.net\/fr\/categorie-de-produits\/tuyau\/tube-en-alliage-sans-soudure\/\"><span class=\"wp-block-navigation-item__label\">Tube sans soudure\/en alliage<\/span><\/a><\/li><li class=\"wp-block-navigation-item wp-block-navigation-link\"><a class=\"wp-block-navigation-item__content\"  href=\"https:\/\/khsteel.net\/fr\/categorie-de-produits\/tuyau\/tube-en-acier-inoxydable-tube-carre-en-acier-inoxydable\/\"><span class=\"wp-block-navigation-item__label\">Tube en acier inoxydable<\/span><\/a><\/li><li class=\"wp-block-navigation-item wp-block-navigation-link\"><a class=\"wp-block-navigation-item__content\"  href=\"https:\/\/khsteel.net\/fr\/categorie-de-produits\/tuyau\/tube-soude-tube-soude-en-spirale\/\"><span class=\"wp-block-navigation-item__label\">Tube soud\u00e9<\/span><\/a><\/li><\/ul><\/li><li data-wp-context=\"{ &quot;submenuOpenedBy&quot;: { &quot;click&quot;: false, &quot;hover&quot;: false, &quot;focus&quot;: false }, &quot;type&quot;: &quot;submenu&quot;, &quot;modal&quot;: null, &quot;previousFocus&quot;: null }\" data-wp-interactive=\"core\/navigation\" data-wp-on--focusout=\"actions.handleMenuFocusout\" data-wp-on--keydown=\"actions.handleMenuKeydown\" data-wp-on--mouseenter=\"actions.openMenuOnHover\" data-wp-on--mouseleave=\"actions.closeMenuOnHover\" data-wp-watch=\"callbacks.initMenu\" tabindex=\"-1\" class=\"wp-block-navigation-item has-child open-on-hover-click wp-block-navigation-submenu\"><a class=\"wp-block-navigation-item__content\" href=\"https:\/\/khsteel.net\/fr\/categorie-de-produits\/bobine\/\"><span class=\"wp-block-navigation-item__label\">COIL<\/span><\/a><button data-wp-bind--aria-expanded=\"state.isMenuOpen\" data-wp-on--click=\"actions.toggleMenuOnClick\" aria-label=\"Sous-menu COIL\" class=\"wp-block-navigation__submenu-icon wp-block-navigation-submenu__toggle\" ><svg xmlns=\"http:\/\/www.w3.org\/2000\/svg\" width=\"12\" height=\"12\" viewbox=\"0 0 12 12\" fill=\"none\" aria-hidden=\"true\" focusable=\"false\"><path d=\"M1.50002 4L6.00002 8L10.5 4\" stroke-width=\"1.5\"><\/path><\/svg><\/button><ul data-wp-on--focus=\"actions.openMenuOnFocus\" class=\"wp-block-navigation__submenu-container wp-block-navigation-submenu\"><li class=\"wp-block-navigation-item wp-block-navigation-link\"><a class=\"wp-block-navigation-item__content\"  href=\"https:\/\/khsteel.net\/fr\/categorie-de-produits\/bobine\/acier-lamine-a-froid\/\"><span class=\"wp-block-navigation-item__label\">Acier lamin\u00e9 \u00e0 froid<\/span><\/a><\/li><li class=\"wp-block-navigation-item wp-block-navigation-link\"><a class=\"wp-block-navigation-item__content\"  href=\"https:\/\/khsteel.net\/fr\/categorie-de-produits\/bobine\/rouleau-revetu-de-couleur\/\"><span class=\"wp-block-navigation-item__label\">Rouleau enduit de couleur<\/span><\/a><\/li><li class=\"wp-block-navigation-item wp-block-navigation-link\"><a class=\"wp-block-navigation-item__content\"  href=\"https:\/\/khsteel.net\/fr\/categorie-de-produits\/bobine\/bobine-galvanisee\/\"><span class=\"wp-block-navigation-item__label\">Bobine galvanis\u00e9e<\/span><\/a><\/li><li class=\"wp-block-navigation-item wp-block-navigation-link\"><a class=\"wp-block-navigation-item__content\"  href=\"https:\/\/khsteel.net\/fr\/categorie-de-produits\/bobine\/bobines-dacier-laminees-a-chaud-bobines-a-motifs\/\"><span class=\"wp-block-navigation-item__label\">Bobines d'acier lamin\u00e9es \u00e0 chaud<\/span><\/a><\/li><li class=\"wp-block-navigation-item wp-block-navigation-link\"><a class=\"wp-block-navigation-item__content\"  href=\"https:\/\/khsteel.net\/fr\/categorie-de-produits\/bobine\/bobine-dacier-inoxydable\/\"><span class=\"wp-block-navigation-item__label\">Bobine d'acier inoxydable<\/span><\/a><\/li><\/ul><\/li><li data-wp-context=\"{ &quot;submenuOpenedBy&quot;: { &quot;click&quot;: false, &quot;hover&quot;: false, &quot;focus&quot;: false }, &quot;type&quot;: &quot;submenu&quot;, &quot;modal&quot;: null, &quot;previousFocus&quot;: null }\" data-wp-interactive=\"core\/navigation\" data-wp-on--focusout=\"actions.handleMenuFocusout\" data-wp-on--keydown=\"actions.handleMenuKeydown\" data-wp-on--mouseenter=\"actions.openMenuOnHover\" data-wp-on--mouseleave=\"actions.closeMenuOnHover\" data-wp-watch=\"callbacks.initMenu\" tabindex=\"-1\" class=\"wp-block-navigation-item has-child open-on-hover-click wp-block-navigation-submenu\"><a class=\"wp-block-navigation-item__content\" href=\"https:\/\/khsteel.net\/fr\/categorie-de-produits\/assiette\/\"><span class=\"wp-block-navigation-item__label\">PLATE<\/span><\/a><button data-wp-bind--aria-expanded=\"state.isMenuOpen\" data-wp-on--click=\"actions.toggleMenuOnClick\" aria-label=\"Sous-menu PLATE\" class=\"wp-block-navigation__submenu-icon wp-block-navigation-submenu__toggle\" ><svg xmlns=\"http:\/\/www.w3.org\/2000\/svg\" width=\"12\" height=\"12\" viewbox=\"0 0 12 12\" fill=\"none\" aria-hidden=\"true\" focusable=\"false\"><path d=\"M1.50002 4L6.00002 8L10.5 4\" stroke-width=\"1.5\"><\/path><\/svg><\/button><ul data-wp-on--focus=\"actions.openMenuOnFocus\" class=\"wp-block-navigation__submenu-container wp-block-navigation-submenu\"><li class=\"wp-block-navigation-item wp-block-navigation-link\"><a class=\"wp-block-navigation-item__content\"  href=\"https:\/\/khsteel.net\/fr\/categorie-de-produits\/assiette\/tole-laminee-a-froid-tole-structuree\/\"><span class=\"wp-block-navigation-item__label\">T\u00f4le lamin\u00e9e \u00e0 froid<\/span><\/a><\/li><li class=\"wp-block-navigation-item wp-block-navigation-link\"><a class=\"wp-block-navigation-item__content\"  href=\"https:\/\/khsteel.net\/fr\/categorie-de-produits\/assiette\/plaque-de-revetement-de-couleur\/\"><span class=\"wp-block-navigation-item__label\">Plaque de rev\u00eatement couleur<\/span><\/a><\/li><li class=\"wp-block-navigation-item wp-block-navigation-link\"><a class=\"wp-block-navigation-item__content\"  href=\"https:\/\/khsteel.net\/fr\/categorie-de-produits\/assiette\/tole-galvanisee\/\"><span class=\"wp-block-navigation-item__label\">T\u00f4le galvanis\u00e9e<\/span><\/a><\/li><li class=\"wp-block-navigation-item wp-block-navigation-link\"><a class=\"wp-block-navigation-item__content\"  href=\"https:\/\/khsteel.net\/fr\/categorie-de-produits\/assiette\/tole-dacier-laminee-a-chaud-tole-structuree\/\"><span class=\"wp-block-navigation-item__label\">T\u00f4les d'acier lamin\u00e9es \u00e0 chaud<\/span><\/a><\/li><li class=\"wp-block-navigation-item wp-block-navigation-link\"><a class=\"wp-block-navigation-item__content\"  href=\"https:\/\/khsteel.net\/fr\/categorie-de-produits\/assiette\/plaque-en-acier-inoxydable-plaque-a-motifs\/\"><span class=\"wp-block-navigation-item__label\">Plaque en acier inoxydable \/ plaque \u00e0 motifs<\/span><\/a><\/li><\/ul><\/li><li data-wp-context=\"{ &quot;submenuOpenedBy&quot;: { &quot;click&quot;: false, &quot;hover&quot;: false, &quot;focus&quot;: false }, &quot;type&quot;: &quot;submenu&quot;, &quot;modal&quot;: null, &quot;previousFocus&quot;: null }\" data-wp-interactive=\"core\/navigation\" data-wp-on--focusout=\"actions.handleMenuFocusout\" data-wp-on--keydown=\"actions.handleMenuKeydown\" data-wp-on--mouseenter=\"actions.openMenuOnHover\" data-wp-on--mouseleave=\"actions.closeMenuOnHover\" data-wp-watch=\"callbacks.initMenu\" tabindex=\"-1\" class=\"wp-block-navigation-item has-child open-on-hover-click wp-block-navigation-submenu\"><a class=\"wp-block-navigation-item__content\" href=\"https:\/\/khsteel.net\/fr\/categorie-de-produits\/materiau-de-la-section\/\"><span class=\"wp-block-navigation-item__label\">MAT\u00c9RIAU DE LA SECTION<\/span><\/a><button data-wp-bind--aria-expanded=\"state.isMenuOpen\" data-wp-on--click=\"actions.toggleMenuOnClick\" aria-label=\"Sous-menu SECTON MAT\u00c9RIAU\" class=\"wp-block-navigation__submenu-icon wp-block-navigation-submenu__toggle\" ><svg xmlns=\"http:\/\/www.w3.org\/2000\/svg\" width=\"12\" height=\"12\" viewbox=\"0 0 12 12\" fill=\"none\" aria-hidden=\"true\" focusable=\"false\"><path d=\"M1.50002 4L6.00002 8L10.5 4\" stroke-width=\"1.5\"><\/path><\/svg><\/button><ul data-wp-on--focus=\"actions.openMenuOnFocus\" class=\"wp-block-navigation__submenu-container wp-block-navigation-submenu\"><li class=\"wp-block-navigation-item wp-block-navigation-link\"><a class=\"wp-block-navigation-item__content\"  href=\"https:\/\/khsteel.net\/fr\/categorie-de-produits\/materiau-de-la-section\/acier-angulaire\/\"><span class=\"wp-block-navigation-item__label\">Acier angulaire<\/span><\/a><\/li><li class=\"wp-block-navigation-item wp-block-navigation-link\"><a class=\"wp-block-navigation-item__content\"  href=\"https:\/\/khsteel.net\/fr\/categorie-de-produits\/materiau-de-la-section\/acier-en-cannelure\/\"><span class=\"wp-block-navigation-item__label\">Profil\u00e9s en acier<\/span><\/a><\/li><li class=\"wp-block-navigation-item wp-block-navigation-link\"><a class=\"wp-block-navigation-item__content\"  href=\"https:\/\/khsteel.net\/fr\/categorie-de-produits\/materiau-de-la-section\/poutre-h\/\"><span class=\"wp-block-navigation-item__label\">poutre en h<\/span><\/a><\/li><li class=\"wp-block-navigation-item wp-block-navigation-link\"><a class=\"wp-block-navigation-item__content\"  href=\"https:\/\/khsteel.net\/fr\/categorie-de-produits\/materiau-de-la-section\/poutre-i\/\"><span class=\"wp-block-navigation-item__label\">Poutre en I<\/span><\/a><\/li><li class=\"wp-block-navigation-item wp-block-navigation-link\"><a class=\"wp-block-navigation-item__content\"  href=\"https:\/\/khsteel.net\/fr\/categorie-de-produits\/materiau-de-la-section\/acier-rond\/\"><span class=\"wp-block-navigation-item__label\">Acier rond<\/span><\/a><\/li><li class=\"wp-block-navigation-item wp-block-navigation-link\"><a class=\"wp-block-navigation-item__content\"  href=\"https:\/\/khsteel.net\/fr\/categorie-de-produits\/materiau-de-la-section\/la-tige-en-acier-inoxydable\/\"><span class=\"wp-block-navigation-item__label\">La tige en acier inoxydable<\/span><\/a><\/li><\/ul><\/li><li class=\"wp-block-navigation-item wp-block-navigation-link\"><a class=\"wp-block-navigation-item__content\"  href=\"https:\/\/khsteel.net\/fr\/categorie-de-produits\/produits-finis\/\"><span class=\"wp-block-navigation-item__label\">Produits finis<\/span><\/a><\/li><\/ul>\n\t\t\t\t\t\t\t<\/div>\n\t\t\t\t\t\t<\/div>\n\t\t\t\t\t<\/div>\n\t\t\t\t<\/div><\/nav>\n\n\n<div class=\"wp-block-group alignfull\"><div class=\"wp-block-group__inner-container is-layout-constrained wp-block-group-is-layout-constrained\"><\/div><\/div>\n\n\n\n<p><\/p>","protected":false},"featured_media":2787,"parent":0,"template":"","meta":{"_acf_changed":true,"_gspb_post_css":"","_kad_blocks_custom_css":"","_kad_blocks_head_custom_js":"","_kad_blocks_body_custom_js":"","_kad_blocks_footer_custom_js":"","_kad_post_transparent":"","_kad_post_title":"","_kad_post_layout":"","_kad_post_sidebar_id":"","_kad_post_content_style":"","_kad_post_vertical_padding":"","_kad_post_feature":"","_kad_post_feature_position":"","_kad_post_header":false,"_kad_post_footer":false,"_kad_post_classname":""},"product-category":[],"class_list":["post-2833","product","type-product","status-publish","has-post-thumbnail","hentry"],"acf":[],"taxonomy_info":[],"featured_image_src_large":["https:\/\/khsteel.net\/wp-content\/uploads\/2025\/06\/IMG_5273-1024x683.jpg",1024,683,true],"author_info":[],"comment_info":"","_links":{"self":[{"href":"https:\/\/khsteel.net\/fr\/wp-json\/wp\/v2\/product\/2833","targetHints":{"allow":["GET"]}}],"collection":[{"href":"https:\/\/khsteel.net\/fr\/wp-json\/wp\/v2\/product"}],"about":[{"href":"https:\/\/khsteel.net\/fr\/wp-json\/wp\/v2\/types\/product"}],"wp:featuredmedia":[{"embeddable":true,"href":"https:\/\/khsteel.net\/fr\/wp-json\/wp\/v2\/media\/2787"}],"wp:attachment":[{"href":"https:\/\/khsteel.net\/fr\/wp-json\/wp\/v2\/media?parent=2833"}],"wp:term":[{"taxonomy":"product-category","embeddable":true,"href":"https:\/\/khsteel.net\/fr\/wp-json\/wp\/v2\/product-category?post=2833"}],"curies":[{"name":"wp","href":"https:\/\/api.w.org\/{rel}","templated":true}]}}