{"id":2811,"date":"2025-06-13T09:10:28","date_gmt":"2025-06-13T09:10:28","guid":{"rendered":"https:\/\/khsteel.net\/?post_type=product&#038;p=2811"},"modified":"2025-06-13T09:10:28","modified_gmt":"2025-06-13T09:10:28","slug":"301l-301-304n-310s-410-316l-316-314-304l","status":"publish","type":"product","link":"https:\/\/khsteel.net\/fr\/product\/301l-301-304n-310s-410-316l-316-314-304-304l\/","title":{"rendered":"Barres rondes en acier inoxydable 316 et 304, polies miroir, r\u00e9sistantes \u00e0 la corrosion, barres brillantes et coupantes ASTM 310, 304L, 316L"},"content":{"rendered":"<h3 class=\"wp-block-heading\" id=\"key-attributes-astm-310-304l-316l-bright-bars-and-cutting\">Caract\u00e9ristiques principales ASTM 310, 304L, 316L barres brillantes et d\u00e9coupage<\/h3>\n\n\n\n<h4 class=\"wp-block-heading\" id=\"industry-specific-attributes\">Attributs sp\u00e9cifiques \u00e0 l'industrie<\/h4>\n\n\n\n<figure class=\"wp-block-table\"><table><tbody><tr><td>Standard<\/td><td>ASTM \/ JIS \/EN\/DIN\/GB<\/td><\/tr><tr><td>Grade<\/td><td>S\u00e9rie 300<\/td><\/tr><tr><td>Forme<\/td><td>Rond<\/td><\/tr><tr><td>Tol\u00e9rance<\/td><td>\u00b11%<\/td><\/tr><tr><td>Qualit\u00e9 de l'acier<\/td><td>301L, 301, 304N, 310S, 410, 316L, 316, 314, 304, 304L<\/td><\/tr><tr><td>Finition de la surface<\/td><td>2B<\/td><\/tr><\/tbody><\/table><\/figure>\n\n\n\n<p>Autres caract\u00e9ristiques<\/p>\n\n\n\n<figure class=\"wp-block-table\"><table><tbody><tr><td>Lieu d'origine<\/td><td>Shandong, Chine<\/td><\/tr><tr><td>D\u00e9lai de livraison<\/td><td>15-21 jours<\/td><\/tr><tr><td>Nom de la marque<\/td><td>Kehuan<\/td><\/tr><tr><td>Num\u00e9ro de mod\u00e8le<\/td><td>Barre ronde en acier inoxydable<\/td><\/tr><tr><td>Type<\/td><td>Rond<\/td><\/tr><tr><td>Application<\/td><td>industrie, machines<\/td><\/tr><tr><td>Usage sp\u00e9cial<\/td><td>Aciers pour soupapes<\/td><\/tr><tr><td>Service de traitement<\/td><td>Pliage, soudage, d\u00e9cochage, poin\u00e7onnage, d\u00e9coupage<\/td><\/tr><tr><td>Grade<\/td><td>201, 202 , 304 , 304L , 316, 316L, 316Ti, 317 ,etc.<\/td><\/tr><tr><td>Finition de la surface<\/td><td>polissage brillant<\/td><\/tr><tr><td>Technique<\/td><td>Lamin\u00e9s \u00e0 froid ; lamin\u00e9s \u00e0 chaud<\/td><\/tr><tr><td>Longueur<\/td><td>5800mm,6000mm,12000mm<\/td><\/tr><tr><td>Conditions de paiement<\/td><td>30% TT pour d\u00e9p\u00f4t,70% TT \/70% LC \u00e0 vue<\/td><\/tr><tr><td>Application<\/td><td>industrie chimique, construction, nucl\u00e9aire, \u00e9nergie, machines, construction navale<\/td><\/tr><tr><td>Standard<\/td><td>JIS\/SUS\/GB\/DIN\/ASTM\/AISI\/EN<\/td><\/tr><tr><td>Nom de la marque<\/td><td>Kehuan<\/td><\/tr><tr><td>Conditions de prix<\/td><td>FOB, EXW, CIF, CFR<\/td><\/tr><tr><td>Emballage<\/td><td>Forfait standard de navigabilit\u00e9<\/td><\/tr><\/tbody><\/table><\/figure>\n\n\n\n<p>Application du produit<\/p>\n\n\n\n<figure class=\"wp-block-table\"><table><tbody><tr><td>Produit<\/td><td>Barre ronde en acier inoxydable<\/td><\/tr><tr><td>Surface<\/td><td>N\u00b0 1, d\u00e9cap\u00e9, noir, pel\u00e9, brillant, polissage, sablage<\/td><\/tr><tr><td>Diam\u00e8tre ext\u00e9rieur<\/td><td>4mm-350mm, ou selon les besoins<\/td><\/tr><tr><td>Mat\u00e9riau<\/td><td>201 202 301 303 303Cu 304 304L 316 316L 310S 316Ti 321 430 904L, etc.<\/td><\/tr><\/tbody><\/table><\/figure>\n\n\n\n<figure class=\"wp-block-table\"><table class=\"has-fixed-layout\"><tbody><tr><td><strong><br><br><\/strong>Grade<\/td><td>S\u00e9rie 300 : 304,304L,309,309s,310,310S,316,316L,316Ti,317L,321,347<br>200 S\u00e9rie : 201,202<br>S\u00e9rie 400 : 409,409L,410,420,430,431,439,440,441,444<br>Autres : 2205, 2507, 2906, 330, 660, 630, 631, 17-4ph, 17-7ph, S318039 904L, etc.<br>Acier inoxydable duplex : S22053,S25073,S22253,S31803,S32205,S32304<\/td><\/tr><tr><td>Standard<\/td><td>ASME, ASTM, EN, BS, GB, DIN, JIS, etc.<\/td><\/tr><tr><td>Technique<\/td><td>Lamin\u00e9s \u00e0 froid, lamin\u00e9s \u00e0 chaud<\/td><\/tr><tr><td>Surface<\/td><td>Recuit et d\u00e9cap\u00e9, brillant, poli, HL, noir<\/td><\/tr><tr><td><strong><br><br><\/strong>Taille<\/td><td>Tige ronde : Diam\u00e8tre : 3mm~800mm<br>Tige carr\u00e9e : 5x5mm - 200x200mm<br>Barre plate : 20x2mm - 200x20mm<br>Tige hexagonale : 8mm - 200mm<br>Barre d'angle : 20x20x2mm - 200x200x15mm<br>Longueur : 4-6m ou sur mesure<\/td><\/tr><tr><td>Emballage<\/td><td>Emballage standard pour l'exportation : bo\u00eete en bois<\/td><\/tr><tr><td>D\u00e9lai de livraison<\/td><td>7-15 jours, ou selon la quantit\u00e9 command\u00e9e ou sur n\u00e9gociation<\/td><\/tr><tr><td>MOQ<\/td><td>500 KGS<\/td><\/tr><\/tbody><\/table><\/figure>\n\n\n\n<p><\/p>","protected":false},"featured_media":0,"parent":0,"template":"","meta":{"_acf_changed":true,"_gspb_post_css":"","_kad_blocks_custom_css":"","_kad_blocks_head_custom_js":"","_kad_blocks_body_custom_js":"","_kad_blocks_footer_custom_js":"","_kad_post_transparent":"","_kad_post_title":"","_kad_post_layout":"","_kad_post_sidebar_id":"","_kad_post_content_style":"","_kad_post_vertical_padding":"","_kad_post_feature":"","_kad_post_feature_position":"","_kad_post_header":false,"_kad_post_footer":false,"_kad_post_classname":""},"product-category":[],"class_list":["post-2811","product","type-product","status-publish","hentry"],"acf":[],"taxonomy_info":[],"featured_image_src_large":false,"author_info":[],"comment_info":"","_links":{"self":[{"href":"https:\/\/khsteel.net\/fr\/wp-json\/wp\/v2\/product\/2811","targetHints":{"allow":["GET"]}}],"collection":[{"href":"https:\/\/khsteel.net\/fr\/wp-json\/wp\/v2\/product"}],"about":[{"href":"https:\/\/khsteel.net\/fr\/wp-json\/wp\/v2\/types\/product"}],"wp:attachment":[{"href":"https:\/\/khsteel.net\/fr\/wp-json\/wp\/v2\/media?parent=2811"}],"wp:term":[{"taxonomy":"product-category","embeddable":true,"href":"https:\/\/khsteel.net\/fr\/wp-json\/wp\/v2\/product-category?post=2811"}],"curies":[{"name":"wp","href":"https:\/\/api.w.org\/{rel}","templated":true}]}}