{"id":2585,"date":"2025-06-13T06:15:25","date_gmt":"2025-06-13T06:15:25","guid":{"rendered":"https:\/\/khsteel.net\/?post_type=product&#038;p=2585"},"modified":"2025-06-14T06:20:21","modified_gmt":"2025-06-14T06:20:21","slug":"tube-de-conduite","status":"publish","type":"product","link":"https:\/\/khsteel.net\/fr\/product\/line-pipe\/","title":{"rendered":"Tube en acier au carbone sans soudure de haute qualit\u00e9 ASTM\/ASME pour l'industrie p\u00e9troli\u00e8re et chimique Tubes et conduites certifi\u00e9s API"},"content":{"rendered":"<p><strong>Introduction<\/strong><\/p>\n\n\n\n<p>Tubes de pipeline : Ils sont utilis\u00e9s pour transporter le p\u00e9trole, le gaz ou l'eau extraits du sol vers les entreprises industrielles de p\u00e9trole et de gaz naturel par l'interm\u00e9diaire de tubes de canalisation. <\/p>\n\n\n\n<p>Il existe deux types de tuyaux : les tuyaux sans soudure et les tuyaux soud\u00e9s. Leurs extr\u00e9mit\u00e9s peuvent \u00eatre plates, filet\u00e9es ou \u00e0 embo\u00eetement. Les m\u00e9thodes de raccordement comprennent le soudage des extr\u00e9mit\u00e9s, le raccordement par collier et le raccordement par embo\u00eetement,<\/p>\n\n\n\n<p><strong>Vue d'ensemble des tubes de canalisation<\/strong><\/p>\n\n\n\n<p>Application : Il est utilis\u00e9 pour le transport de gaz, d'eau et de p\u00e9trole dans les industries du p\u00e9trole et du gaz naturel.<\/p>\n\n\n\n<p>Objet :<br>Tuyaux de transport d'oxyg\u00e8ne, d'eau et de p\u00e9trole utilis\u00e9s dans les industries du p\u00e9trole et du gaz naturel<br>L'API SPEC 5L-2011 (Pipeline Tube Specification), compil\u00e9e et publi\u00e9e par l'American Petroleum Institute, est applicable dans le monde entier. Les principaux mat\u00e9riaux de ce tube sont L245, L290, L360, L415, L480, GR.B, X42, X46, X56, X65, X70, X80, X100 et d'autres nuances d'acier.<\/p>\n\n\n\n<p><strong>Notre certificat<\/strong><\/p>\n\n\n\n<figure class=\"wp-block-image size-full is-resized\"><img loading=\"lazy\" decoding=\"async\" width=\"883\" height=\"692\" src=\"https:\/\/khsteel.net\/wp-content\/uploads\/2025\/06\/\u5fae\u4fe1\u622a\u56fe_20250613140846.jpg\" alt=\"\" class=\"wp-image-2640\" style=\"width:464px;height:auto\" title=\"\" srcset=\"https:\/\/khsteel.net\/wp-content\/uploads\/2025\/06\/\u5fae\u4fe1\u622a\u56fe_20250613140846.jpg 883w, https:\/\/khsteel.net\/wp-content\/uploads\/2025\/06\/\u5fae\u4fe1\u622a\u56fe_20250613140846-300x235.jpg 300w, https:\/\/khsteel.net\/wp-content\/uploads\/2025\/06\/\u5fae\u4fe1\u622a\u56fe_20250613140846-768x602.jpg 768w, https:\/\/khsteel.net\/wp-content\/uploads\/2025\/06\/\u5fae\u4fe1\u622a\u56fe_20250613140846-15x12.jpg 15w\" sizes=\"auto, (max-width: 883px) 100vw, 883px\" \/><\/figure>\n\n\n\n<figure class=\"wp-block-image size-full is-resized\"><img loading=\"lazy\" decoding=\"async\" width=\"878\" height=\"690\" src=\"https:\/\/khsteel.net\/wp-content\/uploads\/2025\/06\/\u5fae\u4fe1\u622a\u56fe_20250613140920.jpg\" alt=\"\" class=\"wp-image-2643\" style=\"width:461px;height:auto\" title=\"\" srcset=\"https:\/\/khsteel.net\/wp-content\/uploads\/2025\/06\/\u5fae\u4fe1\u622a\u56fe_20250613140920.jpg 878w, https:\/\/khsteel.net\/wp-content\/uploads\/2025\/06\/\u5fae\u4fe1\u622a\u56fe_20250613140920-300x236.jpg 300w, https:\/\/khsteel.net\/wp-content\/uploads\/2025\/06\/\u5fae\u4fe1\u622a\u56fe_20250613140920-768x604.jpg 768w, https:\/\/khsteel.net\/wp-content\/uploads\/2025\/06\/\u5fae\u4fe1\u622a\u56fe_20250613140920-15x12.jpg 15w\" sizes=\"auto, (max-width: 878px) 100vw, 878px\" \/><\/figure>\n\n\n\n<p><strong>Produits<\/strong><\/p>\n\n\n\n<p>La canalisation de X42<\/p>\n\n\n\n<p>Le tube de pipeline X42 est un type de tube de pipeline dont la nuance d'acier est X42. Les tubes de pipeline sont utilis\u00e9s pour transporter le p\u00e9trole, le gaz et l'eau extraits du sol vers les entreprises industrielles de p\u00e9trole et de gaz naturel par l'interm\u00e9diaire de tubes de pipeline.<\/p>\n\n\n\n<figure class=\"wp-block-image size-large is-resized\"><img loading=\"lazy\" decoding=\"async\" width=\"1024\" height=\"1024\" src=\"https:\/\/khsteel.net\/wp-content\/uploads\/2025\/06\/845131a495a8015a649ec0e63c0e912-2-1024x1024.jpg\" alt=\"\" class=\"wp-image-2895\" style=\"width:979px;height:auto\" title=\"\" srcset=\"https:\/\/khsteel.net\/wp-content\/uploads\/2025\/06\/845131a495a8015a649ec0e63c0e912-2-1024x1024.jpg 1024w, https:\/\/khsteel.net\/wp-content\/uploads\/2025\/06\/845131a495a8015a649ec0e63c0e912-2-300x300.jpg 300w, https:\/\/khsteel.net\/wp-content\/uploads\/2025\/06\/845131a495a8015a649ec0e63c0e912-2-150x150.jpg 150w, https:\/\/khsteel.net\/wp-content\/uploads\/2025\/06\/845131a495a8015a649ec0e63c0e912-2-768x768.jpg 768w, https:\/\/khsteel.net\/wp-content\/uploads\/2025\/06\/845131a495a8015a649ec0e63c0e912-2-1536x1536.jpg 1536w, https:\/\/khsteel.net\/wp-content\/uploads\/2025\/06\/845131a495a8015a649ec0e63c0e912-2-2048x2048.jpg 2048w, https:\/\/khsteel.net\/wp-content\/uploads\/2025\/06\/845131a495a8015a649ec0e63c0e912-2-12x12.jpg 12w\" sizes=\"auto, (max-width: 1024px) 100vw, 1024px\" \/><figcaption class=\"wp-element-caption\">oplus_288<\/figcaption><\/figure>\n\n\n\n<h3 class=\"wp-block-heading\" id=\"key-attributes\">Principales caract\u00e9ristiques<\/h3>\n\n\n\n<h4 class=\"wp-block-heading\" id=\"industry-specific-attributes\">Attributs sp\u00e9cifiques \u00e0 l'industrie<\/h4>\n\n\n\n<figure class=\"wp-block-table\"><table class=\"has-fixed-layout\"><tbody><tr><td>Forme de la section<\/td><td>Rond<\/td><\/tr><tr><td>Traitement de surface<\/td><td>Lamin\u00e9s \u00e0 chaud<\/td><\/tr><tr><td>Tol\u00e9rance<\/td><td>\u00b110%<\/td><\/tr><tr><td>Huil\u00e9 ou non huil\u00e9<\/td><td>Non huil\u00e9<\/td><\/tr><tr><td>Facturation<\/td><td>en poids th\u00e9orique<\/td><\/tr><\/tbody><\/table><\/figure>\n\n\n\n<p>Autres caract\u00e9ristiques<\/p>\n\n\n\n<figure class=\"wp-block-table\"><table class=\"has-fixed-layout\"><tbody><tr><td>Lieu d'origine<\/td><td>Shandong, Chine<\/td><\/tr><tr><td>Alliage ou non<\/td><td>Non-alliage<\/td><\/tr><tr><td>Standard<\/td><td>JIS<\/td><\/tr><tr><td>Grade<\/td><td>Q195\/Q235\/Q345<\/td><\/tr><tr><td>D\u00e9lai de livraison<\/td><td>15-21 jours<\/td><\/tr><tr><td>Nom de la marque<\/td><td>Kehuan<\/td><\/tr><tr><td>Application<\/td><td>Conduite de fluide, conduite de chaudi\u00e8re, conduite de forage, conduite hydraulique, conduite de gaz, conduite de p\u00e9trole, conduite d'engrais chimique, conduite de structure<\/td><\/tr><tr><td>Tuyaux sp\u00e9ciaux<\/td><td>Autres, tuyaux \u00e0 paroi \u00e9paisse<\/td><\/tr><tr><td>Longueur<\/td><td>6m<\/td><\/tr><tr><td>Certificat<\/td><td>API, CE, Bsi, JIS, ISO9001<\/td><\/tr><tr><td>Service de traitement<\/td><td>Soudage, poin\u00e7onnage, d\u00e9coupage, cintrage, d\u00e9coilage<\/td><\/tr><tr><td>Nom du produit<\/td><td>tuyau de chaudi\u00e8re<\/td><\/tr><tr><td>Type<\/td><td>Tube rond en acier sans soudure<\/td><\/tr><tr><td>Surface<\/td><td>Exigence des clients<\/td><\/tr><tr><td>Utilisation<\/td><td>Fluide utilis\u00e9<\/td><\/tr><tr><td>Mat\u00e9riau<\/td><td>10#.20# 45# 16Mn<\/td><\/tr><tr><td>MOQ<\/td><td>1 tonne<\/td><\/tr><tr><td>Technologie<\/td><td>Sans soudure lamin\u00e9 \u00e0 chaud<\/td><\/tr><tr><td>\u00c9chantillon<\/td><td>Disponible<\/td><\/tr><tr><td>\u00c9paisseur de la paroi<\/td><td>6mm-70mm<\/td><\/tr><tr><td>Paiement<\/td><td>TT DP LC<\/td><\/tr><\/tbody><\/table><\/figure>\n\n\n\n<p>Sp\u00e9cifications<\/p>\n\n\n\n<figure class=\"wp-block-table\"><table class=\"has-fixed-layout\"><tbody><tr><td>Nom du produit<\/td><td>Tube en acier sans soudure pour chaudi\u00e8re<\/td><\/tr><tr><td>Standard<\/td><td>ASTM, GB, API,JIS,E<\/td><\/tr><tr><td>Longueur<\/td><td>Selon votre demande<\/td><\/tr><tr><td>Mat\u00e9riau<\/td><td>10#, 20#, A53(A,B), A106(B,C), A179-C, ST37, ST42, ST35.8, St42-2, St45-8, 10#-45#, A53-A369, ST35-ST52,AISI 1020\/1045\/1050 ,C75 ,S45C ,65MN , etc.<\/td><\/tr><tr><td>Surface<\/td><td>Galvanis\u00e9, huile, brillant, noir<\/td><\/tr><tr><td>D\u00e9tails de l'emballage<\/td><td>En paquet, en vrac dans un conteneur ou selon votre demande.<\/td><\/tr><\/tbody><\/table><\/figure>\n\n\n\n<p><\/p>","protected":false},"featured_media":0,"parent":0,"template":"","meta":{"_acf_changed":false,"_gspb_post_css":"","_kad_blocks_custom_css":"","_kad_blocks_head_custom_js":"","_kad_blocks_body_custom_js":"","_kad_blocks_footer_custom_js":"","_kad_post_transparent":"","_kad_post_title":"","_kad_post_layout":"","_kad_post_sidebar_id":"","_kad_post_content_style":"","_kad_post_vertical_padding":"","_kad_post_feature":"","_kad_post_feature_position":"","_kad_post_header":false,"_kad_post_footer":false,"_kad_post_classname":""},"product-category":[],"class_list":["post-2585","product","type-product","status-publish","hentry"],"acf":[],"taxonomy_info":[],"featured_image_src_large":false,"author_info":[],"comment_info":"","_links":{"self":[{"href":"https:\/\/khsteel.net\/fr\/wp-json\/wp\/v2\/product\/2585","targetHints":{"allow":["GET"]}}],"collection":[{"href":"https:\/\/khsteel.net\/fr\/wp-json\/wp\/v2\/product"}],"about":[{"href":"https:\/\/khsteel.net\/fr\/wp-json\/wp\/v2\/types\/product"}],"wp:attachment":[{"href":"https:\/\/khsteel.net\/fr\/wp-json\/wp\/v2\/media?parent=2585"}],"wp:term":[{"taxonomy":"product-category","embeddable":true,"href":"https:\/\/khsteel.net\/fr\/wp-json\/wp\/v2\/product-category?post=2585"}],"curies":[{"name":"wp","href":"https:\/\/api.w.org\/{rel}","templated":true}]}}