{"id":2500,"date":"2025-06-13T01:51:42","date_gmt":"2025-06-13T01:51:42","guid":{"rendered":"https:\/\/khsteel.net\/?post_type=product&#038;p=2500"},"modified":"2025-06-13T08:23:48","modified_gmt":"2025-06-13T08:23:48","slug":"2500-2-bobines-dacier-au-carbone-laminees-a-chaud","status":"publish","type":"product","link":"https:\/\/khsteel.net\/fr\/product\/2500-2-hot-rolled-carbon-steel-coil\/","title":{"rendered":"Bobine d'acier au carbone lamin\u00e9e \u00e0 chaud \u00e0 bas prix, fabriqu\u00e9e en gros par l'usine"},"content":{"rendered":"<p>T\u00f4les et feuillards d'acier au carbone lamin\u00e9s \u00e0 chaud Dc03 Spcc Bobines d'acier au carbone lamin\u00e9es \u00e0 froid Sae 1010 Bobines d'acier au carbone 0.9mm Bobines d'acier au carbone 6mm Bobines d'acier au carbone 1mm Bobines d'acier au carbone Bobines d'acier au carbone \u00e0 chaud Fournisseur de bobines d'acier au carbone 5mm Bobines d'acier au carbone 3mm Bobines d'acier au carbone \u00e0 chaud Bobines d'acier au carbone Q235 St37 Bobines d'acier au carbone lamin\u00e9es Bobines d'acier au carbone A36 Bobines d'acier au carbone<\/p>\n\n\n\n<h2 class=\"wp-block-heading\" id=\"key-attributes-about-carbon-steel-coil\">Caract\u00e9ristiques principales des bobines d'acier au carbone<\/h2>\n\n\n\n<p><\/p>\n\n\n\n<h4 class=\"wp-block-heading\" id=\"industry-specific-attributes\">Attributs sp\u00e9cifiques \u00e0 l'industrie<\/h4>\n\n\n\n<figure class=\"wp-block-table\"><table><tbody><tr><td>Type<\/td><td>Bobine d'acier<\/td><\/tr><tr><td>\u00c9paisseur<\/td><td>3,5-16 mm<\/td><\/tr><tr><td>Standard<\/td><td>ASTM, GB, JIS<\/td><\/tr><tr><td>Grade<\/td><td>SS400\/A36\/Q235\/S235JR\/S355JR\/A57<\/td><\/tr><\/tbody><\/table><\/figure>\n\n\n\n<p>Autres caract\u00e9ristiques<\/p>\n\n\n\n<figure class=\"wp-block-table\"><table><tbody><tr><td>Lieu d'origine<\/td><td>Shandong, Chine<\/td><\/tr><tr><td>Passeport pour la peau<\/td><td>Oui<\/td><\/tr><tr><td>Alliage ou non<\/td><td>Non-alliage<\/td><\/tr><tr><td>D\u00e9lai de livraison<\/td><td>15-21 jours<\/td><\/tr><tr><td>Nom de la marque<\/td><td>Kehuan<\/td><\/tr><tr><td>Application<\/td><td>T\u00f4le de navire, t\u00f4le de chaudi\u00e8re, t\u00f4le de conteneur, fabrication de tuyaux, fabrication de produits en acier lamin\u00e9s \u00e0 froid, fabrication de petits outils<\/td><\/tr><tr><td>Largeur<\/td><td>1251-1500mm<\/td><\/tr><tr><td>Longueur<\/td><td>selon les besoins du client<\/td><\/tr><tr><td>Certificat<\/td><td>API, JIS, ISO9001<\/td><\/tr><tr><td>Tol\u00e9rance<\/td><td>\u00b11%<\/td><\/tr><tr><td>Service de traitement<\/td><td>Soudage, poin\u00e7onnage, d\u00e9coupage, cintrage, d\u00e9coilage<\/td><\/tr><tr><td>Lieu d'origine<\/td><td>Shandong, Chine<\/td><\/tr><tr><td>Application<\/td><td>Plaque de navire, plaque de chaudi\u00e8re, plaque de conteneur, fabrication de tuyaux,<\/td><\/tr><tr><td>Technologie<\/td><td>Lamin\u00e9s \u00e0 chaud<\/td><\/tr><tr><td>\u00c9chantillon<\/td><td>Avialable<\/td><\/tr><tr><td>Paquet<\/td><td>Faisceaux de feuillards d'acier<\/td><\/tr><tr><td>MOQ<\/td><td>5Tonnes<\/td><\/tr><tr><td>Usage sp\u00e9cial<\/td><td>T\u00f4les d'acier \u00e0 haute r\u00e9sistance<\/td><\/tr><tr><td>Mat\u00e9riau<\/td><td>Q195\/Q235\/Q235b<\/td><\/tr><tr><td>Couleur<\/td><td>Noir<\/td><\/tr><tr><td>Conditions commerciales<\/td><td>FOB,CRF,CIF,EXW<\/td><\/tr><\/tbody><\/table><\/figure>\n\n\n\n<p>Sp\u00e9cifications<\/p>\n\n\n\n<figure class=\"wp-block-table\"><table><tbody><tr><td>Nom de la marque<\/td><td>KH<\/td><\/tr><tr><td>Dur\u00e9e du prix<\/td><td>EXW, Fob, CIF, CIR<\/td><\/tr><tr><td>Alliage ou non<\/td><td>Non-alliage<\/td><\/tr><tr><td>\u00c9paisseur<\/td><td>0,8-16 mm<\/td><\/tr><tr><td>Standard<\/td><td>JIS<\/td><\/tr><tr><td>Certificat<\/td><td>API, JIS, ISO9001<\/td><\/tr><tr><td>Tol\u00e9rance<\/td><td>\u00b11%<\/td><\/tr><tr><td>Date de livraison<\/td><td>Avoir du stock ou n\u00e9gocier en fonction de la commande r\u00e9elleCoupe<\/td><\/tr><tr><td>Huil\u00e9 ou non huil\u00e9<\/td><td>Non huil\u00e9<\/td><\/tr><tr><td>Facturation<\/td><td>en fonction du poids r\u00e9el<\/td><\/tr><tr><td>Nom du produit<\/td><td>T\u00f4le d'acier lamin\u00e9e \u00e0 chaud en bobine<\/td><\/tr><tr><td>Utilisation<\/td><td>Plaque de conteneur<\/td><\/tr><tr><td>Mot-cl\u00e9<\/td><td>bobines d'acier<\/td><\/tr><tr><td>longueur<\/td><td>Demande des clients<\/td><\/tr><tr><td>D\u00e9tails de l'emballage<\/td><td>Emballage standard pour l'exportation, groupage ou sur demande.<\/td><\/tr><tr><td>Avantage<\/td><td>Forte r\u00e9sistance \u00e0 la corrosion<\/td><\/tr><tr><td>MOQ<\/td><td>5 tonnes<\/td><\/tr><tr><td>Service<\/td><td>24 heures en ligne<\/td><\/tr><\/tbody><\/table><\/figure>\n\n\n\n<p><\/p>\n\n\n\n<p>Shandong Kehuan Petroleum Equipment Co. LTD a \u00e9t\u00e9 fond\u00e9e en 2011. Notre soci\u00e9t\u00e9 a pass\u00e9 la certification APl5L et APl5cT d\u00e9livr\u00e9e par l'American Petroleum Institute, a obtenu les certifications nationales 1s09001, 1s018001[S014001 et a pass\u00e9 la certification nationale des produits 3C. Nous sommes l'un des plus grands fabricants de tubes en acier au carbone et en acier alli\u00e9 sans soudure dans la province de Shandong, en Chine, qui r\u00e9pond aux normes nationales et internationalesL'usine est situ\u00e9e dans la ville de Liaocheng, dans la province de Shandong, en Chine. L'usine dispose de quatre lignes de laminage \u00e0 chaud, de huit lignes d'expansion de tubes et d'une des lignes de traitement thermique les plus avanc\u00e9es de Chine. Nous produisons principalement des tubes en acier sans soudure de haute qualit\u00e9, de moyenne et de haute qualit\u00e9, avec un diam\u00e8tre ext\u00e9rieur de 30 \u00e0 1500 mm et une \u00e9paisseur de paroi de 6 \u00e0 100 mm, conform\u00e9ment aux normes ASTM\/APL\/DIN. Notre capacit\u00e9 est de 80 MT. Afin d'assurer la rapidit\u00e9 des livraisons, notre soci\u00e9t\u00e9 dispose d'une capacit\u00e9 de stockage de 150 000 MT tout au long de l'ann\u00e9e. Nos produits conviennent \u00e0 diff\u00e9rentes applications telles que l'industrie p\u00e9troli\u00e8re et gazi\u00e8re, la construction navale, les engrais, les chaudi\u00e8res et les \u00e9changeurs de chaleur, l'automobile, les roulements et l'ing\u00e9nierie g\u00e9n\u00e9rale. Avec des performances techniques sup\u00e9rieures et des co\u00fbts fiables, nos services couvrent l'Europe, l'Am\u00e9rique, le Moyen-Orient, le Japon, la Cor\u00e9e, l'Asie du Sud-Est et d'autres pays et r\u00e9gions.<br>Nous adh\u00e9rons au principe de l'utilisateur d'abord, de l'assurance qualit\u00e9 parfaite, de la technologie de pointe, et nous continuons \u00e0 fournir \u00e0 nos clients des produits de haute qualit\u00e9 et un service apr\u00e8s-vente professionnel et attentionn\u00e9.<\/p>\n\n\n\n<p>FAQ<\/p>\n\n\n\n<p><strong>1. qui sommes-nous ?<\/strong> Nous sommes bas\u00e9s \u00e0 Shandong, Chine, depuis 2011, nous vendons \u00e0 Domestic Market(41.00%),South Asia(13.00%),Eastern Europe(13 .00%),Africa(7.00%),Mid East(7.00%),North America(6.00%), Am\u00e9rique du Sud(6.00%),Asie de l'Est(2.00%), Europe du Sud(1.00%), Oc\u00e9anie(1.00%),Europe de l'Ouest(1.00%),Am\u00e9rique centrale(1.00%),Europe du Nord(1.00%). Notre bureau compte au total entre 301 et 500 personnes. <strong>2. Comment pouvons-nous garantir la qualit\u00e9 ?<\/strong> Toujours un \u00e9chantillon de pr\u00e9production avant la production en s\u00e9rie ; toujours une inspection finale avant l'exp\u00e9dition ; <strong>3.Que pouvez-vous acheter chez nous ?<\/strong> Tubes en acier, t\u00f4les et plaques en acier, barres rondes, profil\u00e9s en acier et corni\u00e8res en acier, tubes en acier inoxydable <strong>4. Pourquoi devriez-vous acheter chez nous plut\u00f4t que chez d'autres fournisseurs ?<\/strong> En tant que fabricant, nous travaillons dans ce domaine depuis plus de 20 ans. *Service avant-vente Nous pouvons offrir un \u00e9chantillon gratuit d'une longueur de 20 cm avec le fret collect\u00e9. *Contr\u00f4le de qualit\u00e9 strict : 1) Centre technologique accr\u00e9dit\u00e9 par le gouvernement de Shandong 2) Laboratoire national accr\u00e9dit\u00e9 avec des certificats CNAS 3) Pendant et apr\u00e8s la production, 14 employ\u00e9s du contr\u00f4le de qualit\u00e9 ayant plus de 5 ans d'exp\u00e9rience inspectent les produits de mani\u00e8re al\u00e9atoire. *Production sur mesure : nous pouvons fabriquer en profondeur selon les dessins, effectuer des pliages, des coupes, des rainurages et des soudures. *Service apr\u00e8s-vente R\u00e9clamations relatives \u00e0 la qualit\u00e9\/quantit\u00e9 : L'acheteur a le droit de faire des r\u00e9clamations \u00e9crites sur la qualit\u00e9 et la quantit\u00e9 \u00e0 l'encontre du vendeur dans les 90 jours suivant l'arriv\u00e9e au port de destination. <strong>5. quels services pouvons-nous fournir ?<\/strong> Conditions de livraison accept\u00e9es : FOB\u3001CFR\u3001CIF\u3001FCA\uff1b Devise de paiement accept\u00e9e : USD\u3001RMB\u3001EURO Type de paiement accept\u00e9 : L\/C, T\/T ; Langues parl\u00e9es : ANGLAIS, CHINOIS,<\/p>\n\n\n\n<p><\/p>","protected":false},"featured_media":2767,"parent":0,"template":"","meta":{"_acf_changed":false,"_gspb_post_css":"","_kad_blocks_custom_css":"","_kad_blocks_head_custom_js":"","_kad_blocks_body_custom_js":"","_kad_blocks_footer_custom_js":"","_kad_post_transparent":"","_kad_post_title":"","_kad_post_layout":"","_kad_post_sidebar_id":"","_kad_post_content_style":"","_kad_post_vertical_padding":"","_kad_post_feature":"","_kad_post_feature_position":"","_kad_post_header":false,"_kad_post_footer":false,"_kad_post_classname":""},"product-category":[],"class_list":["post-2500","product","type-product","status-publish","has-post-thumbnail","hentry"],"acf":[],"taxonomy_info":[],"featured_image_src_large":["https:\/\/khsteel.net\/wp-content\/uploads\/2025\/06\/6948e5665a4e04edb0e391afa817a99.jpg",700,700,false],"author_info":[],"comment_info":"","_links":{"self":[{"href":"https:\/\/khsteel.net\/fr\/wp-json\/wp\/v2\/product\/2500","targetHints":{"allow":["GET"]}}],"collection":[{"href":"https:\/\/khsteel.net\/fr\/wp-json\/wp\/v2\/product"}],"about":[{"href":"https:\/\/khsteel.net\/fr\/wp-json\/wp\/v2\/types\/product"}],"wp:featuredmedia":[{"embeddable":true,"href":"https:\/\/khsteel.net\/fr\/wp-json\/wp\/v2\/media\/2767"}],"wp:attachment":[{"href":"https:\/\/khsteel.net\/fr\/wp-json\/wp\/v2\/media?parent=2500"}],"wp:term":[{"taxonomy":"product-category","embeddable":true,"href":"https:\/\/khsteel.net\/fr\/wp-json\/wp\/v2\/product-category?post=2500"}],"curies":[{"name":"wp","href":"https:\/\/api.w.org\/{rel}","templated":true}]}}