{"id":2377,"date":"2025-06-11T06:05:41","date_gmt":"2025-06-11T06:05:41","guid":{"rendered":"https:\/\/khsteel.net\/?post_type=product&#038;p=2377"},"modified":"2025-06-18T09:17:54","modified_gmt":"2025-06-18T09:17:54","slug":"ppgi-grillage-galvanise-prepatine","status":"publish","type":"product","link":"https:\/\/khsteel.net\/fr\/product\/ppgi-prepainted-galvanized-goil\/","title":{"rendered":"0.12~1.5mm Gi Gl PPGI PPGL Color Coated Hot Dipped Prepainted Galvanized Steel Coil (rouleau d'acier galvanis\u00e9 pr\u00e9laqu\u00e9)"},"content":{"rendered":"\n<h2><\/h2>\n\n\n\n<h2 class=\"wp-block-heading\" id=\"key-attributes-about-ppgi-gi-coil\">Key Attributes About PPGi GI Coil<\/h2>\n\n\n\n<figure class=\"wp-block-image size-full\"><img loading=\"lazy\" decoding=\"async\" width=\"792\" height=\"654\" src=\"https:\/\/khsteel.net\/wp-content\/uploads\/2025\/06\/1749613316433-4.png\" alt=\"\" class=\"wp-image-2378\" title=\"\" srcset=\"https:\/\/khsteel.net\/wp-content\/uploads\/2025\/06\/1749613316433-4.png 792w, https:\/\/khsteel.net\/wp-content\/uploads\/2025\/06\/1749613316433-4-300x248.png 300w, https:\/\/khsteel.net\/wp-content\/uploads\/2025\/06\/1749613316433-4-768x634.png 768w, https:\/\/khsteel.net\/wp-content\/uploads\/2025\/06\/1749613316433-4-15x12.png 15w\" sizes=\"auto, (max-width: 792px) 100vw, 792px\" \/><\/figure>\n\n\n\n<figure class=\"wp-block-image size-full\"><img loading=\"lazy\" decoding=\"async\" width=\"766\" height=\"820\" src=\"https:\/\/khsteel.net\/wp-content\/uploads\/2025\/06\/1749613354777-3.png\" alt=\"\" class=\"wp-image-2379\" title=\"\" srcset=\"https:\/\/khsteel.net\/wp-content\/uploads\/2025\/06\/1749613354777-3.png 766w, https:\/\/khsteel.net\/wp-content\/uploads\/2025\/06\/1749613354777-3-280x300.png 280w, https:\/\/khsteel.net\/wp-content\/uploads\/2025\/06\/1749613354777-3-11x12.png 11w\" sizes=\"auto, (max-width: 766px) 100vw, 766px\" \/><\/figure>\n\n\n\n<figure class=\"wp-block-image size-full\"><img loading=\"lazy\" decoding=\"async\" width=\"810\" height=\"542\" src=\"https:\/\/khsteel.net\/wp-content\/uploads\/2025\/06\/1749613433691-3.png\" alt=\"\" class=\"wp-image-2380\" title=\"\" srcset=\"https:\/\/khsteel.net\/wp-content\/uploads\/2025\/06\/1749613433691-3.png 810w, https:\/\/khsteel.net\/wp-content\/uploads\/2025\/06\/1749613433691-3-300x201.png 300w, https:\/\/khsteel.net\/wp-content\/uploads\/2025\/06\/1749613433691-3-768x514.png 768w, https:\/\/khsteel.net\/wp-content\/uploads\/2025\/06\/1749613433691-3-18x12.png 18w\" sizes=\"auto, (max-width: 810px) 100vw, 810px\" \/><\/figure>\n\n\n\n<figure class=\"wp-block-image size-full\"><img loading=\"lazy\" decoding=\"async\" width=\"791\" height=\"680\" src=\"https:\/\/khsteel.net\/wp-content\/uploads\/2025\/06\/1749613522991-2.png\" alt=\"\" class=\"wp-image-2381\" title=\"\" srcset=\"https:\/\/khsteel.net\/wp-content\/uploads\/2025\/06\/1749613522991-2.png 791w, https:\/\/khsteel.net\/wp-content\/uploads\/2025\/06\/1749613522991-2-300x258.png 300w, https:\/\/khsteel.net\/wp-content\/uploads\/2025\/06\/1749613522991-2-768x660.png 768w, https:\/\/khsteel.net\/wp-content\/uploads\/2025\/06\/1749613522991-2-14x12.png 14w\" sizes=\"auto, (max-width: 791px) 100vw, 791px\" \/><\/figure>\n\n\n<style>.kb-row-layout-id2377_299ef9-81 > .kt-row-column-wrap{align-content:start;}:where(.kb-row-layout-id2377_299ef9-81 > .kt-row-column-wrap) > .wp-block-kadence-column{justify-content:start;}.kb-row-layout-id2377_299ef9-81 > .kt-row-column-wrap{column-gap:var(--global-kb-gap-sm, 1rem);row-gap:var(--global-kb-gap-md, 2rem);max-width:var( --global-content-width, 1500px );padding-left:var(--global-content-edge-padding);padding-right:var(--global-content-edge-padding);padding-top:var(--global-kb-spacing-sm, 1.5rem);padding-bottom:var(--global-kb-spacing-xl, 4rem);}.kb-row-layout-id2377_299ef9-81 > .kt-row-column-wrap > div:not(.added-for-specificity){grid-column:initial;}.kb-row-layout-id2377_299ef9-81 > .kt-row-column-wrap{grid-template-columns:minmax(0, 1fr) minmax(0, 1fr) minmax(0, 2fr);}.kb-row-layout-id2377_299ef9-81 > .kt-row-layout-overlay{opacity:0.30;}@media all and (max-width: 1024px){.kb-row-layout-id2377_299ef9-81 > .kt-row-column-wrap{padding-top:var(--global-kb-spacing-xl, 4rem);grid-template-columns:minmax(0, 1fr) minmax(0, 1fr) minmax(0, 2fr);}}@media all and (max-width: 1024px){.kb-row-layout-id2377_299ef9-81 > .kt-row-column-wrap > div:not(.added-for-specificity){grid-column:initial;}}@media all and (max-width: 767px){.kb-row-layout-id2377_299ef9-81 > .kt-row-column-wrap > div:not(.added-for-specificity){grid-column:initial;}.kb-row-layout-id2377_299ef9-81 > .kt-row-column-wrap{grid-template-columns:minmax(0, 1fr);}.kb-row-layout-id2377_299ef9-81 > .kt-row-column-wrap > .wp-block-kadence-column:nth-child(1 of *:not(style)){order:3;}.kb-row-layout-id2377_299ef9-81 > .kt-row-column-wrap > .wp-block-kadence-column:nth-child(2 of *:not(style)){order:2;}.kb-row-layout-id2377_299ef9-81 > .kt-row-column-wrap > .wp-block-kadence-column:nth-child(3 of *:not(style)){order:1;}.kb-row-layout-id2377_299ef9-81 > .kt-row-column-wrap > .wp-block-kadence-column:nth-child(4 of *:not(style)){order:13;}.kb-row-layout-id2377_299ef9-81 > .kt-row-column-wrap > .wp-block-kadence-column:nth-child(5 of *:not(style)){order:12;}.kb-row-layout-id2377_299ef9-81 > .kt-row-column-wrap > .wp-block-kadence-column:nth-child(6 of *:not(style)){order:11;}.kb-row-layout-id2377_299ef9-81 > .kt-row-column-wrap > .wp-block-kadence-column:nth-child(7 of *:not(style)){order:23;}.kb-row-layout-id2377_299ef9-81 > .kt-row-column-wrap > .wp-block-kadence-column:nth-child(8 of *:not(style)){order:22;}.kb-row-layout-id2377_299ef9-81 > .kt-row-column-wrap > .wp-block-kadence-column:nth-child(9 of *:not(style)){order:21;}.kb-row-layout-id2377_299ef9-81 > .kt-row-column-wrap > .wp-block-kadence-column:nth-child(10 of *:not(style)){order:33;}.kb-row-layout-id2377_299ef9-81 > .kt-row-column-wrap > .wp-block-kadence-column:nth-child(11 of *:not(style)){order:32;}.kb-row-layout-id2377_299ef9-81 > .kt-row-column-wrap > .wp-block-kadence-column:nth-child(12 of *:not(style)){order:31;}}<\/style><div class=\"kb-row-layout-wrap kb-row-layout-id2377_299ef9-81 alignfull has-theme-palette8-background-color kt-row-has-bg wp-block-kadence-rowlayout\"><div class=\"kt-row-column-wrap kt-has-3-columns kt-row-layout-right-half kt-tab-layout-inherit kt-mobile-layout-row kt-row-valign-top kb-theme-content-width\">\n<style>.kadence-column2377_e1b1f7-1d > .kt-inside-inner-col{display:flex;}.kadence-column2377_e1b1f7-1d > .kt-inside-inner-col,.kadence-column2377_e1b1f7-1d > .kt-inside-inner-col:before{border-top-left-radius:0px;border-top-right-radius:0px;border-bottom-right-radius:0px;border-bottom-left-radius:0px;}.kadence-column2377_e1b1f7-1d > .kt-inside-inner-col{column-gap:var(--global-kb-gap-sm, 1rem);}.kadence-column2377_e1b1f7-1d > .kt-inside-inner-col{flex-direction:column;justify-content:flex-end;}.kadence-column2377_e1b1f7-1d > .kt-inside-inner-col > .aligncenter{width:100%;}.kt-row-column-wrap > .kadence-column2377_e1b1f7-1d{align-self:flex-end;}.kt-inner-column-height-full:not(.kt-has-1-columns) > .wp-block-kadence-column.kadence-column2377_e1b1f7-1d{align-self:auto;}.kt-inner-column-height-full:not(.kt-has-1-columns) > .wp-block-kadence-column.kadence-column2377_e1b1f7-1d > .kt-inside-inner-col{flex-direction:column;justify-content:flex-end;}.kadence-column2377_e1b1f7-1d > .kt-inside-inner-col:before{opacity:0.3;}.kadence-column2377_e1b1f7-1d{position:relative;}@media all and (max-width: 1024px){.kt-row-column-wrap > .kadence-column2377_e1b1f7-1d{align-self:flex-end;}}@media all and (max-width: 1024px){.kt-inner-column-height-full:not(.kt-has-1-columns) > .wp-block-kadence-column.kadence-column2377_e1b1f7-1d{align-self:auto;}}@media all and (max-width: 1024px){.kt-inner-column-height-full:not(.kt-has-1-columns) > .wp-block-kadence-column.kadence-column2377_e1b1f7-1d > .kt-inside-inner-col{flex-direction:column;justify-content:flex-end;}}@media all and (max-width: 1024px){.kadence-column2377_e1b1f7-1d > .kt-inside-inner-col{flex-direction:column;justify-content:flex-end;}}@media all and (max-width: 767px){.kt-row-column-wrap > .kadence-column2377_e1b1f7-1d{align-self:flex-end;}.kt-inner-column-height-full:not(.kt-has-1-columns) > .wp-block-kadence-column.kadence-column2377_e1b1f7-1d{align-self:auto;}.kt-inner-column-height-full:not(.kt-has-1-columns) > .wp-block-kadence-column.kadence-column2377_e1b1f7-1d > .kt-inside-inner-col{flex-direction:column;justify-content:flex-end;}.kadence-column2377_e1b1f7-1d > .kt-inside-inner-col{flex-direction:column;justify-content:flex-end;}}<\/style>\n<div class=\"wp-block-kadence-column kadence-column2377_e1b1f7-1d\"><div class=\"kt-inside-inner-col\"><style>.kb-image2377_d9d8dd-82 .kb-image-has-overlay:after{opacity:0.3;border-top-left-radius:10px;border-top-right-radius:10px;border-bottom-right-radius:10px;border-bottom-left-radius:10px;}.kb-image2377_d9d8dd-82 img.kb-img, .kb-image2377_d9d8dd-82 .kb-img img{border-top-left-radius:10px;border-top-right-radius:10px;border-bottom-right-radius:10px;border-bottom-left-radius:10px;}<\/style>\n<figure class=\"wp-block-kadence-image kb-image2377_d9d8dd-82 size-full kb-image-is-ratio-size\"><div class=\"kb-is-ratio-image kb-image-ratio-square\"><img loading=\"lazy\" decoding=\"async\" width=\"666\" height=\"500\" src=\"https:\/\/khsteel.net\/wp-content\/uploads\/2025\/02\/Kehuan-Customers-6.jpg\" alt=\"\" class=\"kb-img wp-image-1844\" title=\"\" srcset=\"https:\/\/khsteel.net\/wp-content\/uploads\/2025\/02\/Kehuan-Customers-6.jpg 666w, https:\/\/khsteel.net\/wp-content\/uploads\/2025\/02\/Kehuan-Customers-6-300x225.jpg 300w, https:\/\/khsteel.net\/wp-content\/uploads\/2025\/02\/Kehuan-Customers-6-16x12.jpg 16w\" sizes=\"auto, (max-width: 666px) 100vw, 666px\" \/><\/div><\/figure>\n<\/div><\/div>\n\n\n<style>.kadence-column2377_178906-c1 > .kt-inside-inner-col{display:flex;}.kadence-column2377_178906-c1 > .kt-inside-inner-col,.kadence-column2377_178906-c1 > .kt-inside-inner-col:before{border-top-left-radius:0px;border-top-right-radius:0px;border-bottom-right-radius:0px;border-bottom-left-radius:0px;}.kadence-column2377_178906-c1 > .kt-inside-inner-col{column-gap:var(--global-kb-gap-sm, 1rem);}.kadence-column2377_178906-c1 > .kt-inside-inner-col{flex-direction:column;justify-content:flex-end;}.kadence-column2377_178906-c1 > .kt-inside-inner-col > .aligncenter{width:100%;}.kt-row-column-wrap > .kadence-column2377_178906-c1{align-self:flex-end;}.kt-inner-column-height-full:not(.kt-has-1-columns) > .wp-block-kadence-column.kadence-column2377_178906-c1{align-self:auto;}.kt-inner-column-height-full:not(.kt-has-1-columns) > .wp-block-kadence-column.kadence-column2377_178906-c1 > .kt-inside-inner-col{flex-direction:column;justify-content:flex-end;}.kadence-column2377_178906-c1 > .kt-inside-inner-col:before{opacity:0.3;}.kadence-column2377_178906-c1{position:relative;}@media all and (max-width: 1024px){.kt-row-column-wrap > .kadence-column2377_178906-c1{align-self:flex-end;}}@media all and (max-width: 1024px){.kt-inner-column-height-full:not(.kt-has-1-columns) > .wp-block-kadence-column.kadence-column2377_178906-c1{align-self:auto;}}@media all and (max-width: 1024px){.kt-inner-column-height-full:not(.kt-has-1-columns) > .wp-block-kadence-column.kadence-column2377_178906-c1 > .kt-inside-inner-col{flex-direction:column;justify-content:flex-end;}}@media all and (max-width: 1024px){.kadence-column2377_178906-c1 > .kt-inside-inner-col{flex-direction:column;justify-content:flex-end;}}@media all and (max-width: 767px){.kt-row-column-wrap > .kadence-column2377_178906-c1{align-self:flex-end;}.kt-inner-column-height-full:not(.kt-has-1-columns) > .wp-block-kadence-column.kadence-column2377_178906-c1{align-self:auto;}.kt-inner-column-height-full:not(.kt-has-1-columns) > .wp-block-kadence-column.kadence-column2377_178906-c1 > .kt-inside-inner-col{flex-direction:column;justify-content:flex-end;}.kadence-column2377_178906-c1 > .kt-inside-inner-col{flex-direction:column;justify-content:flex-end;}}<\/style>\n<div class=\"wp-block-kadence-column kadence-column2377_178906-c1\"><div class=\"kt-inside-inner-col\"><style>.kadence-column2377_d5a557-dc > .kt-inside-inner-col{display:flex;}.kadence-column2377_d5a557-dc > .kt-inside-inner-col{padding-top:var(--global-kb-spacing-sm, 1.5rem);padding-bottom:var(--global-kb-spacing-sm, 1.5rem);}.kadence-column2377_d5a557-dc > .kt-inside-inner-col{box-shadow:0px 0px 60px 5px rgba(0, 0, 0, 0.09);}.kadence-column2377_d5a557-dc > .kt-inside-inner-col,.kadence-column2377_d5a557-dc > .kt-inside-inner-col:before{border-top-left-radius:500px;border-top-right-radius:500px;border-bottom-right-radius:500px;border-bottom-left-radius:500px;}.kadence-column2377_d5a557-dc > .kt-inside-inner-col{column-gap:var(--global-kb-gap-sm, 1rem);}.kadence-column2377_d5a557-dc > .kt-inside-inner-col{flex-direction:column;align-items:center;}.kadence-column2377_d5a557-dc > .kt-inside-inner-col > .kb-image-is-ratio-size{align-self:stretch;}.kadence-column2377_d5a557-dc > .kt-inside-inner-col > .wp-block-kadence-advancedgallery{align-self:stretch;}.kadence-column2377_d5a557-dc > .kt-inside-inner-col > .aligncenter{width:100%;}.kadence-column2377_d5a557-dc > .kt-inside-inner-col{background-color:var(--global-palette9, #ffffff);}.kadence-column2377_d5a557-dc > .kt-inside-inner-col:before{opacity:0.3;}.kadence-column2377_d5a557-dc{z-index:100;position:relative;}.kadence-column2377_d5a557-dc, .kt-inside-inner-col > .kadence-column2377_d5a557-dc:not(.specificity){margin-top:300px;margin-right:-60px;margin-bottom:-370px;margin-left:160px;}@media all and (max-width: 1024px){.kadence-column2377_d5a557-dc > .kt-inside-inner-col{flex-direction:column;justify-content:center;align-items:center;}}@media all and (max-width: 1024px){.kadence-column2377_d5a557-dc, .kt-inside-inner-col > .kadence-column2377_d5a557-dc:not(.specificity){margin-top:200px;margin-bottom:-290px;margin-left:110px;}}@media all and (max-width: 767px){.kadence-column2377_d5a557-dc > .kt-inside-inner-col{flex-direction:column;justify-content:center;align-items:center;}.kadence-column2377_d5a557-dc, .kt-inside-inner-col > .kadence-column2377_d5a557-dc:not(.specificity){margin-top:210px;margin-right:10px;margin-bottom:-300px;margin-left:190px;}}<\/style>\n<div class=\"wp-block-kadence-column kadence-column2377_d5a557-dc\"><div class=\"kt-inside-inner-col\"><style>.kb-count-up-2377_5f7f6a-6e .kb-count-up-title{color:var(--global-palette1, #3182CE);font-size:var(--global-kb-font-size-sm, 0.9rem);}.kb-count-up-2377_5f7f6a-6e .kb-count-up-title{text-align:center;}.kb-count-up-2377_5f7f6a-6e .kb-count-up-number{color:var(--global-palette3, #1A202C);font-size:var(--global-kb-font-size-lg, 2rem);}.kb-count-up-2377_5f7f6a-6e .kb-count-up-number{text-align:center;}<\/style>\n<div class=\"wp-block-kadence-countup kb-count-up-2377_5f7f6a-6e kb-count-up\" data-start=\"0\" data-end=\"20\" data-prefix=\"\" data-suffix=\"+\" data-duration=\"2.5\" data-separator=\"\"><div class=\"kb-count-up-process kb-count-up-number\"><\/div><div class=\"kb-count-up-title\">Stat Title<\/div><\/div>\n<\/div><\/div>\n\n\n<style>.kb-image2377_0ca3e9-15 .kb-image-has-overlay:after{opacity:0.3;border-top-left-radius:10px;border-top-right-radius:10px;border-bottom-right-radius:10px;border-bottom-left-radius:10px;}.kb-image2377_0ca3e9-15 img.kb-img, .kb-image2377_0ca3e9-15 .kb-img img{border-top-left-radius:10px;border-top-right-radius:10px;border-bottom-right-radius:10px;border-bottom-left-radius:10px;object-position:54% 41%;}<\/style>\n<figure class=\"wp-block-kadence-image kb-image2377_0ca3e9-15 size-full kb-image-is-ratio-size\"><div class=\"kb-is-ratio-image kb-image-ratio-port23\"><img loading=\"lazy\" decoding=\"async\" width=\"666\" height=\"500\" src=\"https:\/\/khsteel.net\/wp-content\/uploads\/2025\/02\/kehuan-customer-11.jpg\" alt=\"\" class=\"kb-img wp-image-1859\" title=\"\" srcset=\"https:\/\/khsteel.net\/wp-content\/uploads\/2025\/02\/kehuan-customer-11.jpg 666w, https:\/\/khsteel.net\/wp-content\/uploads\/2025\/02\/kehuan-customer-11-300x225.jpg 300w, https:\/\/khsteel.net\/wp-content\/uploads\/2025\/02\/kehuan-customer-11-16x12.jpg 16w\" sizes=\"auto, (max-width: 666px) 100vw, 666px\" \/><\/div><\/figure>\n<\/div><\/div>\n\n\n<style>.kadence-column2377_99966a-50 > .kt-inside-inner-col{display:flex;}.kadence-column2377_99966a-50 > .kt-inside-inner-col{padding-left:var(--global-kb-spacing-lg, 3rem);}.kadence-column2377_99966a-50 > .kt-inside-inner-col,.kadence-column2377_99966a-50 > .kt-inside-inner-col:before{border-top-left-radius:0px;border-top-right-radius:0px;border-bottom-right-radius:0px;border-bottom-left-radius:0px;}.kadence-column2377_99966a-50 > .kt-inside-inner-col{column-gap:var(--global-kb-gap-sm, 1rem);}.kadence-column2377_99966a-50 > .kt-inside-inner-col{flex-direction:column;justify-content:center;}.kadence-column2377_99966a-50 > .kt-inside-inner-col > .aligncenter{width:100%;}.kt-row-column-wrap > .kadence-column2377_99966a-50{align-self:center;}.kt-inner-column-height-full:not(.kt-has-1-columns) > .wp-block-kadence-column.kadence-column2377_99966a-50{align-self:auto;}.kt-inner-column-height-full:not(.kt-has-1-columns) > .wp-block-kadence-column.kadence-column2377_99966a-50 > .kt-inside-inner-col{flex-direction:column;justify-content:center;}.kadence-column2377_99966a-50 > .kt-inside-inner-col:before{opacity:0.3;}.kadence-column2377_99966a-50{position:relative;}@media all and (max-width: 1024px){.kt-row-column-wrap > .kadence-column2377_99966a-50{align-self:center;}}@media all and (max-width: 1024px){.kt-inner-column-height-full:not(.kt-has-1-columns) > .wp-block-kadence-column.kadence-column2377_99966a-50{align-self:auto;}}@media all and (max-width: 1024px){.kt-inner-column-height-full:not(.kt-has-1-columns) > .wp-block-kadence-column.kadence-column2377_99966a-50 > .kt-inside-inner-col{flex-direction:column;justify-content:center;}}@media all and (max-width: 1024px){.kadence-column2377_99966a-50 > .kt-inside-inner-col{flex-direction:column;justify-content:center;}}@media all and (max-width: 767px){.kt-row-column-wrap > .kadence-column2377_99966a-50{align-self:center;}.kt-inner-column-height-full:not(.kt-has-1-columns) > .wp-block-kadence-column.kadence-column2377_99966a-50{align-self:auto;}.kt-inner-column-height-full:not(.kt-has-1-columns) > .wp-block-kadence-column.kadence-column2377_99966a-50 > .kt-inside-inner-col{flex-direction:column;justify-content:center;}.kadence-column2377_99966a-50 > .kt-inside-inner-col{flex-direction:column;justify-content:center;}}<\/style>\n<div class=\"wp-block-kadence-column kadence-column2377_99966a-50\"><div class=\"kt-inside-inner-col\">\n<p><a href=\"http:\/\/www.khsteel.net\">Contact US<\/a><\/p>\n\n\n<style>.wp-block-kadence-advancedheading.kt-adv-heading2377_171f27-17, .wp-block-kadence-advancedheading.kt-adv-heading2377_171f27-17[data-kb-block=\"kb-adv-heading2377_171f27-17\"]{padding-top:0px;margin-top:var(--global-kb-spacing-xs, 1rem);font-size:var(--global-kb-font-size-lg, 2rem);line-height:1.2em;font-style:normal;}.wp-block-kadence-advancedheading.kt-adv-heading2377_171f27-17 mark.kt-highlight, .wp-block-kadence-advancedheading.kt-adv-heading2377_171f27-17[data-kb-block=\"kb-adv-heading2377_171f27-17\"] mark.kt-highlight{font-style:normal;color:#f76a0c;-webkit-box-decoration-break:clone;box-decoration-break:clone;padding-top:0px;padding-right:0px;padding-bottom:0px;padding-left:0px;}.wp-block-kadence-advancedheading.kt-adv-heading2377_171f27-17 img.kb-inline-image, .wp-block-kadence-advancedheading.kt-adv-heading2377_171f27-17[data-kb-block=\"kb-adv-heading2377_171f27-17\"] img.kb-inline-image{width:150px;vertical-align:baseline;}@media all and (max-width: 1024px){.wp-block-kadence-advancedheading.kt-adv-heading2377_171f27-17, .wp-block-kadence-advancedheading.kt-adv-heading2377_171f27-17[data-kb-block=\"kb-adv-heading2377_171f27-17\"]{font-size:var(--global-kb-font-size-lg, 2rem);text-align:left!important;}}<\/style>\n<h2 class=\"kt-adv-heading2377_171f27-17 wp-block-kadence-advancedheading has-theme-palette-3-color has-text-color\" data-kb-block=\"kb-adv-heading2377_171f27-17\">Company Profile<\/h2>\n\n\n<style>.wp-block-kadence-advancedheading.kt-adv-heading2377_6c8972-be, .wp-block-kadence-advancedheading.kt-adv-heading2377_6c8972-be[data-kb-block=\"kb-adv-heading2377_6c8972-be\"]{font-style:normal;}.wp-block-kadence-advancedheading.kt-adv-heading2377_6c8972-be mark.kt-highlight, .wp-block-kadence-advancedheading.kt-adv-heading2377_6c8972-be[data-kb-block=\"kb-adv-heading2377_6c8972-be\"] mark.kt-highlight{font-style:normal;color:#f76a0c;-webkit-box-decoration-break:clone;box-decoration-break:clone;padding-top:0px;padding-right:0px;padding-bottom:0px;padding-left:0px;}.wp-block-kadence-advancedheading.kt-adv-heading2377_6c8972-be img.kb-inline-image, .wp-block-kadence-advancedheading.kt-adv-heading2377_6c8972-be[data-kb-block=\"kb-adv-heading2377_6c8972-be\"] img.kb-inline-image{width:150px;vertical-align:baseline;}@media all and (max-width: 1024px){.wp-block-kadence-advancedheading.kt-adv-heading2377_6c8972-be, .wp-block-kadence-advancedheading.kt-adv-heading2377_6c8972-be[data-kb-block=\"kb-adv-heading2377_6c8972-be\"]{text-align:left!important;}}<\/style>\n<p class=\"kt-adv-heading2377_6c8972-be wp-block-kadence-advancedheading has-theme-palette-5-color has-text-color\" data-kb-block=\"kb-adv-heading2377_6c8972-be\">Shandong Kehuan Petroleum Equipment Co., LTD. was founded in 2011. Our company has passed the certification of API5L andAPI5CT issued by American Petroleum Institute , obtained national IS09001, ISO18001, ISO14001 and passed national 3C productcertification.<\/p>\n\n\n<style>.wp-block-kadence-advancedbtn.kb-btns2377_f72737-81{gap:var(--global-kb-gap-xs, 0.5rem );justify-content:flex-start;align-items:center;}.kt-btns2377_f72737-81 .kt-button{font-weight:normal;font-style:normal;}<\/style>\n<div class=\"wp-block-kadence-advancedbtn kb-buttons-wrap kb-btns2377_f72737-81\"><style>ul.menu .wp-block-kadence-advancedbtn .kb-btn2377_65bef8-af.kb-button{width:initial;}.wp-block-kadence-advancedbtn .kb-btn2377_65bef8-af.kb-button{padding-top:5px;padding-right:14px;padding-bottom:5px;padding-left:14px;}<\/style><a class=\"kb-button kt-button button kb-btn2377_65bef8-af kt-btn-size-standard kt-btn-width-type-auto kb-btn-global-inherit  kt-btn-has-text-true kt-btn-has-svg-false  wp-block-button__link wp-block-kadence-singlebtn\" href=\"https:\/\/lckehuan.en.alibaba.com\" target=\"_blank\" rel=\"noopener\"><span class=\"kt-btn-inner-text\">Click To Action<\/span><\/a><\/div>\n<\/div><\/div>\n\n<\/div><\/div>","protected":false},"featured_media":2368,"parent":0,"template":"","meta":{"_acf_changed":true,"_gspb_post_css":"","_kad_blocks_custom_css":"","_kad_blocks_head_custom_js":"","_kad_blocks_body_custom_js":"","_kad_blocks_footer_custom_js":"","_kad_post_transparent":"","_kad_post_title":"","_kad_post_layout":"","_kad_post_sidebar_id":"","_kad_post_content_style":"","_kad_post_vertical_padding":"","_kad_post_feature":"","_kad_post_feature_position":"","_kad_post_header":false,"_kad_post_footer":false,"_kad_post_classname":""},"product-category":[79],"class_list":["post-2377","product","type-product","status-publish","has-post-thumbnail","hentry","product-category-color-coated-roll"],"acf":[],"taxonomy_info":{"product-category":[{"value":79,"label":"Color coated roll"}]},"featured_image_src_large":["https:\/\/khsteel.net\/wp-content\/uploads\/2025\/06\/\u5f69\u6d82\u5377\u767d\u5e953.png",800,800,false],"author_info":[],"comment_info":"","_links":{"self":[{"href":"https:\/\/khsteel.net\/fr\/wp-json\/wp\/v2\/product\/2377","targetHints":{"allow":["GET"]}}],"collection":[{"href":"https:\/\/khsteel.net\/fr\/wp-json\/wp\/v2\/product"}],"about":[{"href":"https:\/\/khsteel.net\/fr\/wp-json\/wp\/v2\/types\/product"}],"wp:featuredmedia":[{"embeddable":true,"href":"https:\/\/khsteel.net\/fr\/wp-json\/wp\/v2\/media\/2368"}],"wp:attachment":[{"href":"https:\/\/khsteel.net\/fr\/wp-json\/wp\/v2\/media?parent=2377"}],"wp:term":[{"taxonomy":"product-category","embeddable":true,"href":"https:\/\/khsteel.net\/fr\/wp-json\/wp\/v2\/product-category?post=2377"}],"curies":[{"name":"wp","href":"https:\/\/api.w.org\/{rel}","templated":true}]}}