{"id":2231,"date":"2025-06-11T03:55:42","date_gmt":"2025-06-11T03:55:42","guid":{"rendered":"https:\/\/khsteel.net\/?post_type=product&#038;p=2231"},"modified":"2025-06-20T03:53:35","modified_gmt":"2025-06-20T03:53:35","slug":"bobine-de-ppgi-de-haute-qualite-a-bas-prix","status":"publish","type":"product","link":"https:\/\/khsteel.net\/fr\/product\/low-price-high-quality-ppgi-coil\/","title":{"rendered":"Bobine d'acier galvanis\u00e9 pr\u00e9patin\u00e9 \/ bobine PGI Fabrique chinoise de bobines d'acier \u00e0 bas prix"},"content":{"rendered":"\n<h2><\/h2>\n\n\n\n<h2 class=\"wp-block-heading\" id=\"key-attitude-about-ppgi\">Key Attitude About PPGI<\/h2>\n\n\n\n<figure class=\"wp-block-table\"><table class=\"has-fixed-layout\"><tbody><tr><td>Standard<\/td><td>PPGI:JIS G3303,GB\/T 12754-1991;PPGL:ASTM A755\/M,JIS G3322<\/td><\/tr><tr><td>Material<\/td><td>DX51D,DX52D,S350GD,S550GD<\/td><\/tr><tr><td>Thickness<\/td><td>0.12-3.0 mm<\/td><\/tr><tr><td>Width<\/td><td>20-1500 mm,Normal width is 914\/1000\/1219\/1250\/1500 mm<\/td><\/tr><tr><td>Type of coating process<\/td><td>Front:double coated&amp;double drying;Back:double coated&amp;double drying;single coated&amp;double drying;<\/td><\/tr><tr><td>Coating Types<\/td><td>Top paint:PVDF,HDP,SMP,PE,PU;Primer paint:Polyurethance,Epoxy,PEBack paint:epoxy,modified polyester<\/td><\/tr><tr><td>Coil ID<\/td><td>508 mm\/610 mm<\/td><\/tr><tr><td>Coil weight<\/td><td>3-12 tons<\/td><\/tr><tr><td>Packing<\/td><td>Export standard packing or according to customers&#8217; requirement.<\/td><\/tr><tr><td>Certificate<\/td><td>ISO9001:2008,SGS<\/td><\/tr><tr><td>Shipment<\/td><td>Within10-15 workdays,25-30 days when the quantity beyond 1000 tons.<\/td><\/tr><\/tbody><\/table><\/figure>\n\n\n\n<div class=\"wp-block-columns is-layout-flex wp-container-core-columns-is-layout-9d6595d7 wp-block-columns-is-layout-flex\">\n<div class=\"wp-block-column is-layout-flow wp-block-column-is-layout-flow\">\n<figure class=\"wp-block-image size-full\"><img loading=\"lazy\" decoding=\"async\" width=\"766\" height=\"820\" src=\"https:\/\/khsteel.net\/wp-content\/uploads\/2025\/06\/1749613354777-2.png\" alt=\"\" class=\"wp-image-2358\" title=\"\" srcset=\"https:\/\/khsteel.net\/wp-content\/uploads\/2025\/06\/1749613354777-2.png 766w, https:\/\/khsteel.net\/wp-content\/uploads\/2025\/06\/1749613354777-2-280x300.png 280w, https:\/\/khsteel.net\/wp-content\/uploads\/2025\/06\/1749613354777-2-11x12.png 11w\" sizes=\"auto, (max-width: 766px) 100vw, 766px\" \/><\/figure>\n<\/div>\n<\/div>\n\n\n\n<figure class=\"wp-block-image size-full\"><img loading=\"lazy\" decoding=\"async\" width=\"810\" height=\"542\" src=\"https:\/\/khsteel.net\/wp-content\/uploads\/2025\/06\/1749613433691-2.png\" alt=\"\" class=\"wp-image-2356\" title=\"\" srcset=\"https:\/\/khsteel.net\/wp-content\/uploads\/2025\/06\/1749613433691-2.png 810w, https:\/\/khsteel.net\/wp-content\/uploads\/2025\/06\/1749613433691-2-300x201.png 300w, https:\/\/khsteel.net\/wp-content\/uploads\/2025\/06\/1749613433691-2-768x514.png 768w, https:\/\/khsteel.net\/wp-content\/uploads\/2025\/06\/1749613433691-2-18x12.png 18w\" sizes=\"auto, (max-width: 810px) 100vw, 810px\" \/><\/figure>\n\n\n\n<figure class=\"wp-block-image size-full\"><img loading=\"lazy\" decoding=\"async\" width=\"791\" height=\"680\" src=\"https:\/\/khsteel.net\/wp-content\/uploads\/2025\/06\/1749613522991-1.png\" alt=\"\" class=\"wp-image-2357\" title=\"\" srcset=\"https:\/\/khsteel.net\/wp-content\/uploads\/2025\/06\/1749613522991-1.png 791w, https:\/\/khsteel.net\/wp-content\/uploads\/2025\/06\/1749613522991-1-300x258.png 300w, https:\/\/khsteel.net\/wp-content\/uploads\/2025\/06\/1749613522991-1-768x660.png 768w, https:\/\/khsteel.net\/wp-content\/uploads\/2025\/06\/1749613522991-1-14x12.png 14w\" sizes=\"auto, (max-width: 791px) 100vw, 791px\" \/><\/figure>\n\n\n<style>.kb-row-layout-id2231_4ce2d7-6c > .kt-row-column-wrap{align-content:start;}:where(.kb-row-layout-id2231_4ce2d7-6c > .kt-row-column-wrap) > .wp-block-kadence-column{justify-content:start;}.kb-row-layout-id2231_4ce2d7-6c > .kt-row-column-wrap{column-gap:var(--global-kb-gap-sm, 1rem);row-gap:var(--global-kb-gap-md, 2rem);max-width:var( --global-content-width, 1500px );padding-left:var(--global-content-edge-padding);padding-right:var(--global-content-edge-padding);padding-top:var(--global-kb-spacing-sm, 1.5rem);padding-bottom:var(--global-kb-spacing-xl, 4rem);}.kb-row-layout-id2231_4ce2d7-6c > .kt-row-column-wrap > div:not(.added-for-specificity){grid-column:initial;}.kb-row-layout-id2231_4ce2d7-6c > .kt-row-column-wrap{grid-template-columns:minmax(0, 1fr) minmax(0, 1fr) minmax(0, 2fr);}.kb-row-layout-id2231_4ce2d7-6c > .kt-row-layout-overlay{opacity:0.30;}@media all and (max-width: 1024px){.kb-row-layout-id2231_4ce2d7-6c > .kt-row-column-wrap{padding-top:var(--global-kb-spacing-xl, 4rem);grid-template-columns:minmax(0, 1fr) minmax(0, 1fr) minmax(0, 2fr);}}@media all and (max-width: 1024px){.kb-row-layout-id2231_4ce2d7-6c > .kt-row-column-wrap > div:not(.added-for-specificity){grid-column:initial;}}@media all and (max-width: 767px){.kb-row-layout-id2231_4ce2d7-6c > .kt-row-column-wrap > div:not(.added-for-specificity){grid-column:initial;}.kb-row-layout-id2231_4ce2d7-6c > .kt-row-column-wrap{grid-template-columns:minmax(0, 1fr);}.kb-row-layout-id2231_4ce2d7-6c > .kt-row-column-wrap > .wp-block-kadence-column:nth-child(1 of *:not(style)){order:3;}.kb-row-layout-id2231_4ce2d7-6c > .kt-row-column-wrap > .wp-block-kadence-column:nth-child(2 of *:not(style)){order:2;}.kb-row-layout-id2231_4ce2d7-6c > .kt-row-column-wrap > .wp-block-kadence-column:nth-child(3 of *:not(style)){order:1;}.kb-row-layout-id2231_4ce2d7-6c > .kt-row-column-wrap > .wp-block-kadence-column:nth-child(4 of *:not(style)){order:13;}.kb-row-layout-id2231_4ce2d7-6c > .kt-row-column-wrap > .wp-block-kadence-column:nth-child(5 of *:not(style)){order:12;}.kb-row-layout-id2231_4ce2d7-6c > .kt-row-column-wrap > .wp-block-kadence-column:nth-child(6 of *:not(style)){order:11;}.kb-row-layout-id2231_4ce2d7-6c > .kt-row-column-wrap > .wp-block-kadence-column:nth-child(7 of *:not(style)){order:23;}.kb-row-layout-id2231_4ce2d7-6c > .kt-row-column-wrap > .wp-block-kadence-column:nth-child(8 of *:not(style)){order:22;}.kb-row-layout-id2231_4ce2d7-6c > .kt-row-column-wrap > .wp-block-kadence-column:nth-child(9 of *:not(style)){order:21;}.kb-row-layout-id2231_4ce2d7-6c > .kt-row-column-wrap > .wp-block-kadence-column:nth-child(10 of *:not(style)){order:33;}.kb-row-layout-id2231_4ce2d7-6c > .kt-row-column-wrap > .wp-block-kadence-column:nth-child(11 of *:not(style)){order:32;}.kb-row-layout-id2231_4ce2d7-6c > .kt-row-column-wrap > .wp-block-kadence-column:nth-child(12 of *:not(style)){order:31;}}<\/style><div class=\"kb-row-layout-wrap kb-row-layout-id2231_4ce2d7-6c alignfull has-theme-palette8-background-color kt-row-has-bg wp-block-kadence-rowlayout\"><div class=\"kt-row-column-wrap kt-has-3-columns kt-row-layout-right-half kt-tab-layout-inherit kt-mobile-layout-row kt-row-valign-top kb-theme-content-width\">\n<style>.kadence-column2231_9c3138-84 > .kt-inside-inner-col{display:flex;}.kadence-column2231_9c3138-84 > .kt-inside-inner-col,.kadence-column2231_9c3138-84 > .kt-inside-inner-col:before{border-top-left-radius:0px;border-top-right-radius:0px;border-bottom-right-radius:0px;border-bottom-left-radius:0px;}.kadence-column2231_9c3138-84 > .kt-inside-inner-col{column-gap:var(--global-kb-gap-sm, 1rem);}.kadence-column2231_9c3138-84 > .kt-inside-inner-col{flex-direction:column;justify-content:flex-end;}.kadence-column2231_9c3138-84 > .kt-inside-inner-col > .aligncenter{width:100%;}.kt-row-column-wrap > .kadence-column2231_9c3138-84{align-self:flex-end;}.kt-inner-column-height-full:not(.kt-has-1-columns) > .wp-block-kadence-column.kadence-column2231_9c3138-84{align-self:auto;}.kt-inner-column-height-full:not(.kt-has-1-columns) > .wp-block-kadence-column.kadence-column2231_9c3138-84 > .kt-inside-inner-col{flex-direction:column;justify-content:flex-end;}.kadence-column2231_9c3138-84 > .kt-inside-inner-col:before{opacity:0.3;}.kadence-column2231_9c3138-84{position:relative;}@media all and (max-width: 1024px){.kt-row-column-wrap > .kadence-column2231_9c3138-84{align-self:flex-end;}}@media all and (max-width: 1024px){.kt-inner-column-height-full:not(.kt-has-1-columns) > .wp-block-kadence-column.kadence-column2231_9c3138-84{align-self:auto;}}@media all and (max-width: 1024px){.kt-inner-column-height-full:not(.kt-has-1-columns) > .wp-block-kadence-column.kadence-column2231_9c3138-84 > .kt-inside-inner-col{flex-direction:column;justify-content:flex-end;}}@media all and (max-width: 1024px){.kadence-column2231_9c3138-84 > .kt-inside-inner-col{flex-direction:column;justify-content:flex-end;}}@media all and (max-width: 767px){.kt-row-column-wrap > .kadence-column2231_9c3138-84{align-self:flex-end;}.kt-inner-column-height-full:not(.kt-has-1-columns) > .wp-block-kadence-column.kadence-column2231_9c3138-84{align-self:auto;}.kt-inner-column-height-full:not(.kt-has-1-columns) > .wp-block-kadence-column.kadence-column2231_9c3138-84 > .kt-inside-inner-col{flex-direction:column;justify-content:flex-end;}.kadence-column2231_9c3138-84 > .kt-inside-inner-col{flex-direction:column;justify-content:flex-end;}}<\/style>\n<div class=\"wp-block-kadence-column kadence-column2231_9c3138-84\"><div class=\"kt-inside-inner-col\"><style>.kb-image2231_cdb469-aa .kb-image-has-overlay:after{opacity:0.3;border-top-left-radius:10px;border-top-right-radius:10px;border-bottom-right-radius:10px;border-bottom-left-radius:10px;}.kb-image2231_cdb469-aa img.kb-img, .kb-image2231_cdb469-aa .kb-img img{border-top-left-radius:10px;border-top-right-radius:10px;border-bottom-right-radius:10px;border-bottom-left-radius:10px;}<\/style>\n<figure class=\"wp-block-kadence-image kb-image2231_cdb469-aa size-large kb-image-is-ratio-size\"><div class=\"kb-is-ratio-image kb-image-ratio-square\"><img loading=\"lazy\" decoding=\"async\" width=\"1024\" height=\"576\" src=\"https:\/\/khsteel.net\/wp-content\/uploads\/2025\/06\/1a570bcb36a42d262f01eabb7419d46-1024x576.png\" alt=\"\" class=\"kb-img wp-image-3077\" title=\"\" srcset=\"https:\/\/khsteel.net\/wp-content\/uploads\/2025\/06\/1a570bcb36a42d262f01eabb7419d46-1024x576.png 1024w, https:\/\/khsteel.net\/wp-content\/uploads\/2025\/06\/1a570bcb36a42d262f01eabb7419d46-300x169.png 300w, https:\/\/khsteel.net\/wp-content\/uploads\/2025\/06\/1a570bcb36a42d262f01eabb7419d46-768x432.png 768w, https:\/\/khsteel.net\/wp-content\/uploads\/2025\/06\/1a570bcb36a42d262f01eabb7419d46-1536x864.png 1536w, https:\/\/khsteel.net\/wp-content\/uploads\/2025\/06\/1a570bcb36a42d262f01eabb7419d46-18x10.png 18w, https:\/\/khsteel.net\/wp-content\/uploads\/2025\/06\/1a570bcb36a42d262f01eabb7419d46.png 1920w\" sizes=\"auto, (max-width: 1024px) 100vw, 1024px\" \/><\/div><\/figure>\n<\/div><\/div>\n\n\n<style>.kadence-column2231_82911c-04 > .kt-inside-inner-col{display:flex;}.kadence-column2231_82911c-04 > .kt-inside-inner-col,.kadence-column2231_82911c-04 > .kt-inside-inner-col:before{border-top-left-radius:0px;border-top-right-radius:0px;border-bottom-right-radius:0px;border-bottom-left-radius:0px;}.kadence-column2231_82911c-04 > .kt-inside-inner-col{column-gap:var(--global-kb-gap-sm, 1rem);}.kadence-column2231_82911c-04 > .kt-inside-inner-col{flex-direction:column;justify-content:flex-end;}.kadence-column2231_82911c-04 > .kt-inside-inner-col > .aligncenter{width:100%;}.kt-row-column-wrap > .kadence-column2231_82911c-04{align-self:flex-end;}.kt-inner-column-height-full:not(.kt-has-1-columns) > .wp-block-kadence-column.kadence-column2231_82911c-04{align-self:auto;}.kt-inner-column-height-full:not(.kt-has-1-columns) > .wp-block-kadence-column.kadence-column2231_82911c-04 > .kt-inside-inner-col{flex-direction:column;justify-content:flex-end;}.kadence-column2231_82911c-04 > .kt-inside-inner-col:before{opacity:0.3;}.kadence-column2231_82911c-04{position:relative;}@media all and (max-width: 1024px){.kt-row-column-wrap > .kadence-column2231_82911c-04{align-self:flex-end;}}@media all and (max-width: 1024px){.kt-inner-column-height-full:not(.kt-has-1-columns) > .wp-block-kadence-column.kadence-column2231_82911c-04{align-self:auto;}}@media all and (max-width: 1024px){.kt-inner-column-height-full:not(.kt-has-1-columns) > .wp-block-kadence-column.kadence-column2231_82911c-04 > .kt-inside-inner-col{flex-direction:column;justify-content:flex-end;}}@media all and (max-width: 1024px){.kadence-column2231_82911c-04 > .kt-inside-inner-col{flex-direction:column;justify-content:flex-end;}}@media all and (max-width: 767px){.kt-row-column-wrap > .kadence-column2231_82911c-04{align-self:flex-end;}.kt-inner-column-height-full:not(.kt-has-1-columns) > .wp-block-kadence-column.kadence-column2231_82911c-04{align-self:auto;}.kt-inner-column-height-full:not(.kt-has-1-columns) > .wp-block-kadence-column.kadence-column2231_82911c-04 > .kt-inside-inner-col{flex-direction:column;justify-content:flex-end;}.kadence-column2231_82911c-04 > .kt-inside-inner-col{flex-direction:column;justify-content:flex-end;}}<\/style>\n<div class=\"wp-block-kadence-column kadence-column2231_82911c-04\"><div class=\"kt-inside-inner-col\"><style>.kadence-column2231_7040cc-9a > .kt-inside-inner-col{display:flex;}.kadence-column2231_7040cc-9a > .kt-inside-inner-col{padding-top:var(--global-kb-spacing-sm, 1.5rem);padding-bottom:var(--global-kb-spacing-sm, 1.5rem);}.kadence-column2231_7040cc-9a > .kt-inside-inner-col{box-shadow:0px 0px 60px 5px rgba(0, 0, 0, 0.09);}.kadence-column2231_7040cc-9a > .kt-inside-inner-col,.kadence-column2231_7040cc-9a > .kt-inside-inner-col:before{border-top-left-radius:500px;border-top-right-radius:500px;border-bottom-right-radius:500px;border-bottom-left-radius:500px;}.kadence-column2231_7040cc-9a > .kt-inside-inner-col{column-gap:var(--global-kb-gap-sm, 1rem);}.kadence-column2231_7040cc-9a > .kt-inside-inner-col{flex-direction:column;align-items:center;}.kadence-column2231_7040cc-9a > .kt-inside-inner-col > .kb-image-is-ratio-size{align-self:stretch;}.kadence-column2231_7040cc-9a > .kt-inside-inner-col > .wp-block-kadence-advancedgallery{align-self:stretch;}.kadence-column2231_7040cc-9a > .kt-inside-inner-col > .aligncenter{width:100%;}.kadence-column2231_7040cc-9a > .kt-inside-inner-col{background-color:var(--global-palette9, #ffffff);}.kadence-column2231_7040cc-9a > .kt-inside-inner-col:before{opacity:0.3;}.kadence-column2231_7040cc-9a{z-index:100;position:relative;}.kadence-column2231_7040cc-9a, .kt-inside-inner-col > .kadence-column2231_7040cc-9a:not(.specificity){margin-top:300px;margin-right:-60px;margin-bottom:-370px;margin-left:160px;}@media all and (max-width: 1024px){.kadence-column2231_7040cc-9a > .kt-inside-inner-col{flex-direction:column;justify-content:center;align-items:center;}}@media all and (max-width: 1024px){.kadence-column2231_7040cc-9a, .kt-inside-inner-col > .kadence-column2231_7040cc-9a:not(.specificity){margin-top:200px;margin-bottom:-290px;margin-left:110px;}}@media all and (max-width: 767px){.kadence-column2231_7040cc-9a > .kt-inside-inner-col{flex-direction:column;justify-content:center;align-items:center;}.kadence-column2231_7040cc-9a, .kt-inside-inner-col > .kadence-column2231_7040cc-9a:not(.specificity){margin-top:210px;margin-right:10px;margin-bottom:-300px;margin-left:190px;}}<\/style>\n<div class=\"wp-block-kadence-column kadence-column2231_7040cc-9a\"><div class=\"kt-inside-inner-col\"><style>.kb-count-up-2231_ef00a3-6d .kb-count-up-title{color:var(--global-palette1, #3182CE);font-size:var(--global-kb-font-size-sm, 0.9rem);}.kb-count-up-2231_ef00a3-6d .kb-count-up-title{text-align:center;}.kb-count-up-2231_ef00a3-6d .kb-count-up-number{color:var(--global-palette3, #1A202C);font-size:var(--global-kb-font-size-lg, 2rem);}.kb-count-up-2231_ef00a3-6d .kb-count-up-number{text-align:center;}<\/style>\n<div class=\"wp-block-kadence-countup kb-count-up-2231_ef00a3-6d kb-count-up\" data-start=\"0\" data-end=\"20\" data-prefix=\"\" data-suffix=\"+\" data-duration=\"2.5\" data-separator=\"\"><div class=\"kb-count-up-process kb-count-up-number\"><\/div><div class=\"kb-count-up-title\">Stat Title<\/div><\/div>\n<\/div><\/div>\n\n\n<style>.kb-image2231_853d9b-93 .kb-image-has-overlay:after{opacity:0.3;border-top-left-radius:10px;border-top-right-radius:10px;border-bottom-right-radius:10px;border-bottom-left-radius:10px;}.kb-image2231_853d9b-93 img.kb-img, .kb-image2231_853d9b-93 .kb-img img{border-top-left-radius:10px;border-top-right-radius:10px;border-bottom-right-radius:10px;border-bottom-left-radius:10px;object-position:54% 41%;}<\/style>\n<figure class=\"wp-block-kadence-image kb-image2231_853d9b-93 size-large kb-image-is-ratio-size\"><div class=\"kb-is-ratio-image kb-image-ratio-port23\"><img loading=\"lazy\" decoding=\"async\" width=\"1024\" height=\"768\" src=\"https:\/\/khsteel.net\/wp-content\/uploads\/2025\/06\/\u5382\u95e8\u53e3-1024x768.jpg\" alt=\"\" class=\"kb-img wp-image-2482\" title=\"\" srcset=\"https:\/\/khsteel.net\/wp-content\/uploads\/2025\/06\/\u5382\u95e8\u53e3-1024x768.jpg 1024w, https:\/\/khsteel.net\/wp-content\/uploads\/2025\/06\/\u5382\u95e8\u53e3-300x225.jpg 300w, https:\/\/khsteel.net\/wp-content\/uploads\/2025\/06\/\u5382\u95e8\u53e3-768x576.jpg 768w, https:\/\/khsteel.net\/wp-content\/uploads\/2025\/06\/\u5382\u95e8\u53e3-1536x1152.jpg 1536w, https:\/\/khsteel.net\/wp-content\/uploads\/2025\/06\/\u5382\u95e8\u53e3-2048x1536.jpg 2048w, https:\/\/khsteel.net\/wp-content\/uploads\/2025\/06\/\u5382\u95e8\u53e3-16x12.jpg 16w\" sizes=\"auto, (max-width: 1024px) 100vw, 1024px\" \/><\/div><\/figure>\n<\/div><\/div>\n\n\n<style>.kadence-column2231_9a5827-3c > .kt-inside-inner-col{display:flex;}.kadence-column2231_9a5827-3c > .kt-inside-inner-col{padding-left:var(--global-kb-spacing-lg, 3rem);}.kadence-column2231_9a5827-3c > .kt-inside-inner-col,.kadence-column2231_9a5827-3c > .kt-inside-inner-col:before{border-top-left-radius:0px;border-top-right-radius:0px;border-bottom-right-radius:0px;border-bottom-left-radius:0px;}.kadence-column2231_9a5827-3c > .kt-inside-inner-col{column-gap:var(--global-kb-gap-sm, 1rem);}.kadence-column2231_9a5827-3c > .kt-inside-inner-col{flex-direction:column;justify-content:center;}.kadence-column2231_9a5827-3c > .kt-inside-inner-col > .aligncenter{width:100%;}.kt-row-column-wrap > .kadence-column2231_9a5827-3c{align-self:center;}.kt-inner-column-height-full:not(.kt-has-1-columns) > .wp-block-kadence-column.kadence-column2231_9a5827-3c{align-self:auto;}.kt-inner-column-height-full:not(.kt-has-1-columns) > .wp-block-kadence-column.kadence-column2231_9a5827-3c > .kt-inside-inner-col{flex-direction:column;justify-content:center;}.kadence-column2231_9a5827-3c > .kt-inside-inner-col:before{opacity:0.3;}.kadence-column2231_9a5827-3c{position:relative;}@media all and (max-width: 1024px){.kt-row-column-wrap > .kadence-column2231_9a5827-3c{align-self:center;}}@media all and (max-width: 1024px){.kt-inner-column-height-full:not(.kt-has-1-columns) > .wp-block-kadence-column.kadence-column2231_9a5827-3c{align-self:auto;}}@media all and (max-width: 1024px){.kt-inner-column-height-full:not(.kt-has-1-columns) > .wp-block-kadence-column.kadence-column2231_9a5827-3c > .kt-inside-inner-col{flex-direction:column;justify-content:center;}}@media all and (max-width: 1024px){.kadence-column2231_9a5827-3c > .kt-inside-inner-col{flex-direction:column;justify-content:center;}}@media all and (max-width: 767px){.kt-row-column-wrap > .kadence-column2231_9a5827-3c{align-self:center;}.kt-inner-column-height-full:not(.kt-has-1-columns) > .wp-block-kadence-column.kadence-column2231_9a5827-3c{align-self:auto;}.kt-inner-column-height-full:not(.kt-has-1-columns) > .wp-block-kadence-column.kadence-column2231_9a5827-3c > .kt-inside-inner-col{flex-direction:column;justify-content:center;}.kadence-column2231_9a5827-3c > .kt-inside-inner-col{flex-direction:column;justify-content:center;}}<\/style>\n<div class=\"wp-block-kadence-column kadence-column2231_9a5827-3c\"><div class=\"kt-inside-inner-col\"><style>.wp-block-kadence-advancedheading.kt-adv-heading2231_10b7f0-2e, .wp-block-kadence-advancedheading.kt-adv-heading2231_10b7f0-2e[data-kb-block=\"kb-adv-heading2231_10b7f0-2e\"]{padding-bottom:0px;margin-bottom:0px;text-align:left;font-size:20px;font-weight:500;font-style:normal;}.wp-block-kadence-advancedheading.kt-adv-heading2231_10b7f0-2e mark.kt-highlight, .wp-block-kadence-advancedheading.kt-adv-heading2231_10b7f0-2e[data-kb-block=\"kb-adv-heading2231_10b7f0-2e\"] mark.kt-highlight{font-style:normal;color:#f76a0c;-webkit-box-decoration-break:clone;box-decoration-break:clone;padding-top:0px;padding-right:0px;padding-bottom:0px;padding-left:0px;}.wp-block-kadence-advancedheading.kt-adv-heading2231_10b7f0-2e img.kb-inline-image, .wp-block-kadence-advancedheading.kt-adv-heading2231_10b7f0-2e[data-kb-block=\"kb-adv-heading2231_10b7f0-2e\"] img.kb-inline-image{width:150px;vertical-align:baseline;}@media all and (max-width: 1024px){.wp-block-kadence-advancedheading.kt-adv-heading2231_10b7f0-2e, .wp-block-kadence-advancedheading.kt-adv-heading2231_10b7f0-2e[data-kb-block=\"kb-adv-heading2231_10b7f0-2e\"]{text-align:left!important;}}<\/style>\n<div class=\"kt-adv-heading2231_10b7f0-2e wp-block-kadence-advancedheading has-theme-palette-3-color has-text-color\" data-kb-block=\"kb-adv-heading2231_10b7f0-2e\"><a href=\"https:\/\/lckehuan.en.alibaba.com\" target=\"_blank\" rel=\"noopener\">Contact US<\/a><\/div>\n\n\n<style>.wp-block-kadence-advancedheading.kt-adv-heading2231_c0f388-5d, .wp-block-kadence-advancedheading.kt-adv-heading2231_c0f388-5d[data-kb-block=\"kb-adv-heading2231_c0f388-5d\"]{padding-top:0px;margin-top:var(--global-kb-spacing-xs, 1rem);font-size:var(--global-kb-font-size-lg, 2rem);line-height:1.2em;font-style:normal;}.wp-block-kadence-advancedheading.kt-adv-heading2231_c0f388-5d mark.kt-highlight, .wp-block-kadence-advancedheading.kt-adv-heading2231_c0f388-5d[data-kb-block=\"kb-adv-heading2231_c0f388-5d\"] mark.kt-highlight{font-style:normal;color:#f76a0c;-webkit-box-decoration-break:clone;box-decoration-break:clone;padding-top:0px;padding-right:0px;padding-bottom:0px;padding-left:0px;}.wp-block-kadence-advancedheading.kt-adv-heading2231_c0f388-5d img.kb-inline-image, .wp-block-kadence-advancedheading.kt-adv-heading2231_c0f388-5d[data-kb-block=\"kb-adv-heading2231_c0f388-5d\"] img.kb-inline-image{width:150px;vertical-align:baseline;}@media all and (max-width: 1024px){.wp-block-kadence-advancedheading.kt-adv-heading2231_c0f388-5d, .wp-block-kadence-advancedheading.kt-adv-heading2231_c0f388-5d[data-kb-block=\"kb-adv-heading2231_c0f388-5d\"]{font-size:var(--global-kb-font-size-lg, 2rem);text-align:left!important;}}<\/style>\n<h2 class=\"kt-adv-heading2231_c0f388-5d wp-block-kadence-advancedheading has-theme-palette-3-color has-text-color\" data-kb-block=\"kb-adv-heading2231_c0f388-5d\">Company Profile<\/h2>\n\n\n<style>.wp-block-kadence-advancedheading.kt-adv-heading2231_b273ca-93, .wp-block-kadence-advancedheading.kt-adv-heading2231_b273ca-93[data-kb-block=\"kb-adv-heading2231_b273ca-93\"]{font-style:normal;}.wp-block-kadence-advancedheading.kt-adv-heading2231_b273ca-93 mark.kt-highlight, .wp-block-kadence-advancedheading.kt-adv-heading2231_b273ca-93[data-kb-block=\"kb-adv-heading2231_b273ca-93\"] mark.kt-highlight{font-style:normal;color:#f76a0c;-webkit-box-decoration-break:clone;box-decoration-break:clone;padding-top:0px;padding-right:0px;padding-bottom:0px;padding-left:0px;}.wp-block-kadence-advancedheading.kt-adv-heading2231_b273ca-93 img.kb-inline-image, .wp-block-kadence-advancedheading.kt-adv-heading2231_b273ca-93[data-kb-block=\"kb-adv-heading2231_b273ca-93\"] img.kb-inline-image{width:150px;vertical-align:baseline;}@media all and (max-width: 1024px){.wp-block-kadence-advancedheading.kt-adv-heading2231_b273ca-93, .wp-block-kadence-advancedheading.kt-adv-heading2231_b273ca-93[data-kb-block=\"kb-adv-heading2231_b273ca-93\"]{text-align:left!important;}}<\/style>\n<p class=\"kt-adv-heading2231_b273ca-93 wp-block-kadence-advancedheading has-theme-palette-5-color has-text-color\" data-kb-block=\"kb-adv-heading2231_b273ca-93\">Shandong Kehuan Petroleum Equipment Co., LTD. was founded in 2011. Our company has passed the certification of API5L andAPI5CT issued by American Petroleum Institute , obtained national IS09001, ISO18001, ISO14001 and passed national 3C productcertification.<\/p>\n\n\n<style>.wp-block-kadence-advancedbtn.kb-btns2231_467b2c-b0{gap:var(--global-kb-gap-xs, 0.5rem );justify-content:flex-start;align-items:center;}.kt-btns2231_467b2c-b0 .kt-button{font-weight:normal;font-style:normal;}<\/style>\n<div class=\"wp-block-kadence-advancedbtn kb-buttons-wrap kb-btns2231_467b2c-b0\"><style>ul.menu .wp-block-kadence-advancedbtn .kb-btn2231_ae2379-38.kb-button{width:initial;}.wp-block-kadence-advancedbtn .kb-btn2231_ae2379-38.kb-button{padding-top:5px;padding-right:14px;padding-bottom:5px;padding-left:14px;}<\/style><a class=\"kb-button kt-button button kb-btn2231_ae2379-38 kt-btn-size-standard kt-btn-width-type-auto kb-btn-global-inherit  kt-btn-has-text-true kt-btn-has-svg-false  wp-block-button__link wp-block-kadence-singlebtn\" href=\"http:\/\/www.khsteel.net\"><span class=\"kt-btn-inner-text\">Click To Action<\/span><\/a><\/div>\n<\/div><\/div>\n\n<\/div><\/div>","protected":false},"featured_media":2241,"parent":0,"template":"","meta":{"_acf_changed":true,"_gspb_post_css":"","_kad_blocks_custom_css":"","_kad_blocks_head_custom_js":"","_kad_blocks_body_custom_js":"","_kad_blocks_footer_custom_js":"","_kad_post_transparent":"","_kad_post_title":"","_kad_post_layout":"","_kad_post_sidebar_id":"","_kad_post_content_style":"","_kad_post_vertical_padding":"","_kad_post_feature":"","_kad_post_feature_position":"","_kad_post_header":false,"_kad_post_footer":false,"_kad_post_classname":""},"product-category":[79],"class_list":["post-2231","product","type-product","status-publish","has-post-thumbnail","hentry","product-category-color-coated-roll"],"acf":[],"taxonomy_info":{"product-category":[{"value":79,"label":"Color coated roll"}]},"featured_image_src_large":["https:\/\/khsteel.net\/wp-content\/uploads\/2025\/06\/03f973cac826cca54dac60da9100273-768x1024.jpg",768,1024,true],"author_info":[],"comment_info":"","_links":{"self":[{"href":"https:\/\/khsteel.net\/fr\/wp-json\/wp\/v2\/product\/2231","targetHints":{"allow":["GET"]}}],"collection":[{"href":"https:\/\/khsteel.net\/fr\/wp-json\/wp\/v2\/product"}],"about":[{"href":"https:\/\/khsteel.net\/fr\/wp-json\/wp\/v2\/types\/product"}],"wp:featuredmedia":[{"embeddable":true,"href":"https:\/\/khsteel.net\/fr\/wp-json\/wp\/v2\/media\/2241"}],"wp:attachment":[{"href":"https:\/\/khsteel.net\/fr\/wp-json\/wp\/v2\/media?parent=2231"}],"wp:term":[{"taxonomy":"product-category","embeddable":true,"href":"https:\/\/khsteel.net\/fr\/wp-json\/wp\/v2\/product-category?post=2231"}],"curies":[{"name":"wp","href":"https:\/\/api.w.org\/{rel}","templated":true}]}}