{"id":1507,"date":"2024-07-25T02:42:56","date_gmt":"2024-07-25T02:42:56","guid":{"rendered":"https:\/\/kehuan.easiwin.com\/?post_type=product&#038;p=1507"},"modified":"2025-04-28T05:53:58","modified_gmt":"2025-04-28T05:53:58","slug":"api-5l-psl-1-tuyau-de-pipeline-8-pouces-sch40-peinture-noire-acier-carbone-sans-soudure-pour-oleoducs-et-gazoducs","status":"publish","type":"product","link":"https:\/\/khsteel.net\/fr\/product\/api-5l-psl-1-pipeline-pipe-8-inch-sch40-black-painting-seamless-carbon-steel-for-oil-and-gas-pipeline\/","title":{"rendered":"API 5L Psl-1 Pipeline Pipe 8 Inch Sch40 Black Painting Seamless Carbon Steel For Oil And Gas Pipeline (tuyau en acier au carbone sans soudure pour ol\u00e9oducs et gazoducs)"},"content":{"rendered":"<h3 class=\"wp-block-heading\" id=\"key-attributes\">Principales caract\u00e9ristiques<\/h3>\n\n\n\n<h4 class=\"wp-block-heading\">Attributs sp\u00e9cifiques \u00e0 l'industrie<\/h4>\n\n\n\n<figure class=\"wp-block-table\"><table class=\"has-fixed-layout\"><tbody><tr><td>Forme de la section<\/td><td>Rond<\/td><\/tr><tr><td>Traitement de surface<\/td><td>Lamin\u00e9s \u00e0 chaud<\/td><\/tr><tr><td>Tol\u00e9rance<\/td><td>\u00b11%<\/td><\/tr><tr><td>Huil\u00e9 ou non huil\u00e9<\/td><td>Non huil\u00e9<\/td><\/tr><tr><td>Facturation<\/td><td>en fonction du poids r\u00e9el<\/td><\/tr><\/tbody><\/table><\/figure>\n\n\n\n<p>Autres caract\u00e9ristiques<\/p>\n\n\n\n<figure class=\"wp-block-table\"><table class=\"has-fixed-layout\"><tbody><tr><td>Lieu d'origine<\/td><td>Shandong, Chine<\/td><\/tr><tr><td>Alliage ou non<\/td><td>Non-alliage<\/td><\/tr><tr><td>Standard<\/td><td>API bs EN GB AiSi ASTM DIN,<\/td><\/tr><tr><td>Grade<\/td><td>acier au carbone<\/td><\/tr><tr><td>D\u00e9lai de livraison<\/td><td>dans les 7 jours<\/td><\/tr><tr><td>Nom de la marque<\/td><td>Kehuan<\/td><\/tr><tr><td>Application<\/td><td>Conduite de fluide, conduite de chaudi\u00e8re, conduite de forage, conduite hydraulique, conduite de gaz, conduite de p\u00e9trole, conduite d'engrais chimique, conduite de structure, autre<\/td><\/tr><tr><td>Tuyaux sp\u00e9ciaux<\/td><td>API Pipe, Other, EMT Pipe, Thick Wall Pipe<\/td><\/tr><tr><td>\u00c9paisseur<\/td><td>6-10mm<\/td><\/tr><tr><td>Longueur<\/td><td>12M, 6m, 6.4M<\/td><\/tr><tr><td>Certificat<\/td><td>API, CE, JIS, GS, ISO9001<\/td><\/tr><tr><td>Service de traitement<\/td><td>Soudage, poin\u00e7onnage, d\u00e9coupage, pliage<\/td><\/tr><tr><td>MOQ<\/td><td>2 tonnes<\/td><\/tr><tr><td>Mot-cl\u00e9<\/td><td>Tube rond en acier<\/td><\/tr><tr><td>Nom du produit<\/td><td>Tube en acier au carbone sans soudure API<\/td><\/tr><tr><td>Conditions de paiement<\/td><td>30%TT Avance + 70% Solde<\/td><\/tr><tr><td>Qualit\u00e9<\/td><td>Haute qualit\u00e9<\/td><\/tr><tr><td>D\u00e9lai de livraison<\/td><td>15-30 jours de travail<\/td><\/tr><tr><td>Avantage<\/td><td>Qualit\u00e9+prix comp\u00e9titif+service professionnel<\/td><\/tr><tr><td>Mat\u00e9riau<\/td><td>ASTM\/AISI\/SGCC\/CGCC\/TDC51DZM\/TDC52DTS350GD\/TS550GD\/DX51D+Z Q195-q345<\/td><\/tr><tr><td>Emballage<\/td><td>EMBALLAGE STANDARD<\/td><\/tr><tr><td>Utilisation<\/td><td>P\u00e9trole Gaz Eaux us\u00e9es Transport<\/td><\/tr><\/tbody><\/table><\/figure>\n\n\n\n<p>Application du produit<\/p>\n\n\n\n<figure class=\"wp-block-table\"><table class=\"has-fixed-layout\"><tbody><tr><td>Nom du produit<\/td><td>Tube en acier sans soudure\/Tube en acier sans soudure<\/td><td><\/td><\/tr><tr><td>Standard<\/td><td>AISI ASTM GB JIS<\/td><td><\/td><\/tr><tr><td>Diam\u00e8tre ext\u00e9rieur<\/td><td>21,3-1420 mm<\/td><td><\/td><\/tr><tr><td>\u00c9paisseur de la paroi<\/td><td>2.11-300mm<\/td><td><\/td><\/tr><tr><td>Dia Tol\u00e9rance<\/td><td>Contr\u00f4le avec dans l'\u00e9talon, OD:+-1%, WT:+-10%<\/td><td><\/td><\/tr><tr><td>Mat\u00e9riaux<\/td><td>10#,20#,45#,Q235,Q345,Q195,Q215,Q345C,Q345A<\/td><td><\/td><\/tr><tr><td>Mat\u00e9riaux<\/td><td>ASTM A53A\/A53B\/ A178C\/A106B API5L<\/td><td><\/td><\/tr><tr><td>Mat\u00e9riaux<\/td><td>ST37,ST37-2,DIN 1629 ST35, ST45,DIN 17175 ST35.8,DIN 17175 19Mn5<\/td><td><\/td><\/tr><tr><td>Mat\u00e9riaux<\/td><td>16Mn,Q345B,T1,T2,T5,T9,T11,T12,T22,T91,T92,P1,P2,P5,P9,P11,P12,P22,P91,P92,15CrMO,Cr5Mo,10CrMo910,12CrMo,13CrMo44,30CrMo,A333 GR.1,GR.3,GR.6,GR.7<\/td><td><\/td><\/tr><tr><td>Mat\u00e9riaux<\/td><td>Gr.B,X42,X46,X52,X60,X65,X70,X80,X100<\/td><td><\/td><\/tr><tr><td>Longueur<\/td><td>5.8m 6m Fixe.12m Fixe<\/td><td><\/td><\/tr><tr><td>L'inspection<\/td><td>ISO, BV, SGS, MTC<\/td><td><\/td><\/tr><tr><td>Surface<\/td><td>Peint en noir, galvanis\u00e9, rev\u00eatu de 3PE anticorrosion naturelle, ou selon les besoins.<\/td><td><\/td><\/tr><tr><td>Emballage<\/td><td>Feuillard d'acier emball\u00e9. Emballage maritime standard pour l'exportation, adapt\u00e9 \u00e0 tous les types de transport ou selon les besoins.<\/td><td><\/td><\/tr><tr><td>D\u00e9lai de livraison<\/td><td>14-21 jours<\/td><td><\/td><\/tr><tr><td>Application<\/td><td>Conduite de p\u00e9trole, conduite de forage, conduite hydraulique, conduite de gaz, conduite de fluide, conduite de chaudi\u00e8re, conduite de conduit, conduite d'\u00e9chafaudage, construction pharmaceutique et navale, etc.<\/td><td><\/td><\/tr><tr><td>MOQ<\/td><td>3 tonnes, commande d'\u00e9chantillons accept\u00e9e<\/td><td><\/td><\/tr><\/tbody><\/table><\/figure>","protected":false},"featured_media":1513,"parent":0,"template":"","meta":{"_acf_changed":false,"_gspb_post_css":"","_kad_blocks_custom_css":"","_kad_blocks_head_custom_js":"","_kad_blocks_body_custom_js":"","_kad_blocks_footer_custom_js":"","_kad_post_transparent":"","_kad_post_title":"","_kad_post_layout":"","_kad_post_sidebar_id":"","_kad_post_content_style":"","_kad_post_vertical_padding":"","_kad_post_feature":"","_kad_post_feature_position":"","_kad_post_header":false,"_kad_post_footer":false,"_kad_post_classname":""},"product-category":[],"class_list":["post-1507","product","type-product","status-publish","has-post-thumbnail","hentry"],"acf":[],"taxonomy_info":[],"featured_image_src_large":["https:\/\/khsteel.net\/wp-content\/uploads\/2024\/07\/10006-20.jpg",600,600,false],"author_info":[],"comment_info":"","_links":{"self":[{"href":"https:\/\/khsteel.net\/fr\/wp-json\/wp\/v2\/product\/1507","targetHints":{"allow":["GET"]}}],"collection":[{"href":"https:\/\/khsteel.net\/fr\/wp-json\/wp\/v2\/product"}],"about":[{"href":"https:\/\/khsteel.net\/fr\/wp-json\/wp\/v2\/types\/product"}],"wp:featuredmedia":[{"embeddable":true,"href":"https:\/\/khsteel.net\/fr\/wp-json\/wp\/v2\/media\/1513"}],"wp:attachment":[{"href":"https:\/\/khsteel.net\/fr\/wp-json\/wp\/v2\/media?parent=1507"}],"wp:term":[{"taxonomy":"product-category","embeddable":true,"href":"https:\/\/khsteel.net\/fr\/wp-json\/wp\/v2\/product-category?post=1507"}],"curies":[{"name":"wp","href":"https:\/\/api.w.org\/{rel}","templated":true}]}}