{"id":1498,"date":"2024-07-25T02:36:36","date_gmt":"2024-07-25T02:36:36","guid":{"rendered":"https:\/\/kehuan.easiwin.com\/?post_type=product&#038;p=1498"},"modified":"2025-04-28T05:55:05","modified_gmt":"2025-04-28T05:55:05","slug":"tube-en-acier-de-haute-qualite-prix-dusine-a106b-tube-pour-chaudiere-tube-en-acier-au-carbone-tube-sans-soudure","status":"publish","type":"product","link":"https:\/\/khsteel.net\/fr\/product\/high-quality-factory-price-a106b-steel-pipe-boiler-pipe-carbon-steel-tube-seamless-pipes\/","title":{"rendered":"Tuyau en acier a106b de haute qualit\u00e9 Tuyau pour chaudi\u00e8re Tuyau en acier au carbone Tuyaux sans soudure"},"content":{"rendered":"<h3 class=\"wp-block-heading\" id=\"key-attributes\">Principales caract\u00e9ristiques<\/h3>\n\n\n\n<h4 class=\"wp-block-heading\">Attributs sp\u00e9cifiques \u00e0 l'industrie<\/h4>\n\n\n\n<figure class=\"wp-block-table\"><table class=\"has-fixed-layout\"><tbody><tr><td>Forme de la section<\/td><td>Rond<\/td><\/tr><tr><td>Traitement de surface<\/td><td>Lamin\u00e9s \u00e0 chaud<\/td><\/tr><tr><td>Tol\u00e9rance<\/td><td>\u00b110%<\/td><\/tr><tr><td>Huil\u00e9 ou non huil\u00e9<\/td><td>Non huil\u00e9<\/td><\/tr><tr><td>Facturation<\/td><td>en poids th\u00e9orique<\/td><\/tr><\/tbody><\/table><\/figure>\n\n\n\n<p>Autres caract\u00e9ristiques<\/p>\n\n\n\n<figure class=\"wp-block-table\"><table class=\"has-fixed-layout\"><tbody><tr><td>Lieu d'origine<\/td><td>Shandong, Chine<\/td><\/tr><tr><td>Alliage ou non<\/td><td>Non-alliage<\/td><\/tr><tr><td>Standard<\/td><td>JIS<\/td><\/tr><tr><td>Grade<\/td><td>Q195\/Q235\/Q345<\/td><\/tr><tr><td>D\u00e9lai de livraison<\/td><td>15-21 jours<\/td><\/tr><tr><td>Nom de la marque<\/td><td>Kehuan<\/td><\/tr><tr><td>Application<\/td><td>Conduite de fluide, conduite de chaudi\u00e8re, conduite de forage, conduite hydraulique, conduite de gaz, conduite de p\u00e9trole, conduite d'engrais chimique, conduite de structure<\/td><\/tr><tr><td>Tuyaux sp\u00e9ciaux<\/td><td>Autres, tuyaux \u00e0 paroi \u00e9paisse<\/td><\/tr><tr><td>Longueur<\/td><td>6m<\/td><\/tr><tr><td>Certificat<\/td><td>API, CE, Bsi, JIS, ISO9001<\/td><\/tr><tr><td>Service de traitement<\/td><td>Soudage, poin\u00e7onnage, d\u00e9coupage, cintrage, d\u00e9coilage<\/td><\/tr><tr><td>Nom du produit<\/td><td>tuyau de chaudi\u00e8re<\/td><\/tr><tr><td>Type<\/td><td>Tube rond en acier sans soudure<\/td><\/tr><tr><td>Surface<\/td><td>Exigence des clients<\/td><\/tr><tr><td>Utilisation<\/td><td>Fluide utilis\u00e9<\/td><\/tr><tr><td>Mat\u00e9riau<\/td><td>10#.20# 45# 16Mn<\/td><\/tr><tr><td>MOQ<\/td><td>1 tonne<\/td><\/tr><tr><td>Technologie<\/td><td>Sans soudure lamin\u00e9 \u00e0 chaud<\/td><\/tr><tr><td>\u00c9chantillon<\/td><td>Disponible<\/td><\/tr><tr><td>\u00c9paisseur de la paroi<\/td><td>6mm-70mm<\/td><\/tr><tr><td>Paiement<\/td><td>TT DP LC<\/td><\/tr><\/tbody><\/table><\/figure>\n\n\n\n<p>Sp\u00e9cifications<\/p>\n\n\n\n<figure class=\"wp-block-table\"><table class=\"has-fixed-layout\"><tbody><tr><td>Nom du produit<\/td><td>Tube en acier sans soudure pour chaudi\u00e8re<\/td><\/tr><tr><td>Standard<\/td><td>ASTM, GB, API,JIS,E<\/td><\/tr><tr><td>Longueur<\/td><td>Selon votre demande<\/td><\/tr><tr><td>Mat\u00e9riau<\/td><td>10#, 20#, A53(A,B), A106(B,C), A179-C, ST37, ST42, ST35.8, St42-2, St45-8, 10#-45#, A53-A369, ST35-ST52,AISI 1020\/1045\/1050 ,C75 ,S45C ,65MN , etc.<\/td><\/tr><tr><td>Surface<\/td><td>Galvanis\u00e9, huile, brillant, noir<\/td><\/tr><tr><td>D\u00e9tails de l'emballage<\/td><td>En paquet, en vrac dans un conteneur ou selon votre demande.<\/td><\/tr><\/tbody><\/table><\/figure>","protected":false},"featured_media":1503,"parent":0,"template":"","meta":{"_acf_changed":true,"_gspb_post_css":"","_kad_blocks_custom_css":"","_kad_blocks_head_custom_js":"","_kad_blocks_body_custom_js":"","_kad_blocks_footer_custom_js":"","_kad_post_transparent":"","_kad_post_title":"","_kad_post_layout":"","_kad_post_sidebar_id":"","_kad_post_content_style":"","_kad_post_vertical_padding":"","_kad_post_feature":"","_kad_post_feature_position":"","_kad_post_header":false,"_kad_post_footer":false,"_kad_post_classname":""},"product-category":[],"class_list":["post-1498","product","type-product","status-publish","has-post-thumbnail","hentry"],"acf":[],"taxonomy_info":[],"featured_image_src_large":["https:\/\/khsteel.net\/wp-content\/uploads\/2024\/07\/10005-33.jpg",600,600,false],"author_info":[],"comment_info":"","_links":{"self":[{"href":"https:\/\/khsteel.net\/fr\/wp-json\/wp\/v2\/product\/1498","targetHints":{"allow":["GET"]}}],"collection":[{"href":"https:\/\/khsteel.net\/fr\/wp-json\/wp\/v2\/product"}],"about":[{"href":"https:\/\/khsteel.net\/fr\/wp-json\/wp\/v2\/types\/product"}],"wp:featuredmedia":[{"embeddable":true,"href":"https:\/\/khsteel.net\/fr\/wp-json\/wp\/v2\/media\/1503"}],"wp:attachment":[{"href":"https:\/\/khsteel.net\/fr\/wp-json\/wp\/v2\/media?parent=1498"}],"wp:term":[{"taxonomy":"product-category","embeddable":true,"href":"https:\/\/khsteel.net\/fr\/wp-json\/wp\/v2\/product-category?post=1498"}],"curies":[{"name":"wp","href":"https:\/\/api.w.org\/{rel}","templated":true}]}}