{"id":647,"date":"2024-07-09T08:37:50","date_gmt":"2024-07-09T08:37:50","guid":{"rendered":"https:\/\/kehuan.easiwin.com\/?post_type=product&#038;p=647"},"modified":"2025-04-28T05:56:05","modified_gmt":"2025-04-28T05:56:05","slug":"venta-caliente-de-tuberia-de-acero-al-carbono-sin-costura-astm-a106-a53-de-acero-al-carbono-sin-costura-de-tuberia-de-acero-para-la-construccion","status":"publish","type":"product","link":"https:\/\/khsteel.net\/es\/product\/hot-selling-seamless-carbon-steel-pipe-astm-a106-a53-carbon-steel-seamless-steel-pipe-for-construction\/","title":{"rendered":"Venta caliente de tubos de acero al carbono sin soldadura ASTM A106 A53 Tubos de acero al carbono sin soldadura para la construcci\u00f3n"},"content":{"rendered":"<h3 class=\"wp-block-heading\" id=\"key-attributes\">Atributos clave<\/h3>\n\n\n\n<h4 class=\"wp-block-heading\">Atributos espec\u00edficos del sector<\/h4>\n\n\n\n<figure class=\"wp-block-table\"><table><tbody><tr><td>Secci\u00f3n Forma<\/td><td>Redondo<\/td><\/tr><tr><td>Tratamiento de superficies<\/td><td>Laminado en caliente<\/td><\/tr><tr><td>Tolerancia<\/td><td>\u00b15%, \u00b11%<\/td><\/tr><tr><td>Engrasado o no engrasado<\/td><td>Sin aceite<\/td><\/tr><tr><td>Facturaci\u00f3n<\/td><td>por peso te\u00f3rico<\/td><\/tr><\/tbody><\/table><\/figure>\n\n\n\n<p>Otros atributos<\/p>\n\n\n\n<figure class=\"wp-block-table\"><table><tbody><tr><td>Lugar de origen<\/td><td>Shandong, China<\/td><\/tr><tr><td>Aleaci\u00f3n o no<\/td><td>Es aleaci\u00f3n<\/td><\/tr><tr><td>Est\u00e1ndar<\/td><td>ASTM<\/td><\/tr><tr><td>Grado<\/td><td>Q195\/Q235\/Q345 A53 A106<\/td><\/tr><tr><td>Plazo de entrega<\/td><td>8-14 d\u00edas<\/td><\/tr><tr><td>Marca<\/td><td>Kehuan<\/td><\/tr><tr><td>Aplicaci\u00f3n<\/td><td>Estructura Tuber\u00eda, Otros<\/td><\/tr><tr><td>Tuber\u00eda especial<\/td><td>Otros, Tubos de pared gruesa<\/td><\/tr><tr><td>Espesor<\/td><td>11-60mm<\/td><\/tr><tr><td>Longitud<\/td><td>12M, 6m, 6.4M<\/td><\/tr><tr><td>Certificado<\/td><td>API, ISO9001<\/td><\/tr><tr><td>Servicio de tramitaci\u00f3n<\/td><td>Plegado, soldadura, desenrollado, punzonado, corte<\/td><\/tr><tr><td>Est\u00e1ndar<\/td><td>ASTM JIS DIN GB ASME<\/td><\/tr><tr><td>Nombre del producto<\/td><td>Tubos laminados en caliente sin soldadura<\/td><\/tr><tr><td>Material<\/td><td>10#.20# 45# 16Mn<\/td><\/tr><tr><td>Tipo<\/td><td>Tubo redondo de acero sin soldadura<\/td><\/tr><tr><td>Palabra clave<\/td><td>Tubo de acero redondo<\/td><\/tr><tr><td>Superficie<\/td><td>Requisitos de los clientes<\/td><\/tr><tr><td>Utilizaci\u00f3n<\/td><td>Maquinaria para la construcci\u00f3n<\/td><\/tr><tr><td>Forma<\/td><td>Secci\u00f3n redonda<\/td><\/tr><tr><td>MOQ<\/td><td>5 toneladas<\/td><\/tr><tr><td>T\u00e9cnica<\/td><td>Base laminada en caliente<\/td><\/tr><\/tbody><\/table><\/figure>\n\n\n\n<figure class=\"wp-block-table\"><table><tbody><tr><td>Nombre<\/td><td>Tubo de acero al carbono sin soldadura de primera calidad<\/td><\/tr><tr><td>\u00c1rea usada<\/td><td>Petr\u00f3leo, qu\u00edmica, energ\u00eda, gas, agua, metalurgia, construcci\u00f3n naval, construcci\u00f3n, etc.<\/td><\/tr><tr><td>Embalaje<\/td><td>Embalaje de exportaci\u00f3n est\u00e1ndar o seg\u00fan los requisitos del cliente<\/td><\/tr><tr><td>Longitud<\/td><td>5,8 m 6 m 12 m o Seg\u00fan la demanda del cliente<\/td><\/tr><tr><td>Grado<\/td><td>A106 Gr.B, A53, ST52, Grado B,1020,1045<\/td><\/tr><tr><td>Precio<\/td><td>CIF FOB CNF EXW<\/td><\/tr><\/tbody><\/table><\/figure>","protected":false},"featured_media":653,"parent":0,"template":"","meta":{"_acf_changed":true,"_gspb_post_css":"","_kad_blocks_custom_css":"","_kad_blocks_head_custom_js":"","_kad_blocks_body_custom_js":"","_kad_blocks_footer_custom_js":"","_kad_post_transparent":"","_kad_post_title":"","_kad_post_layout":"","_kad_post_sidebar_id":"","_kad_post_content_style":"","_kad_post_vertical_padding":"","_kad_post_feature":"","_kad_post_feature_position":"","_kad_post_header":false,"_kad_post_footer":false,"_kad_post_classname":""},"product-category":[],"class_list":["post-647","product","type-product","status-publish","has-post-thumbnail","hentry"],"acf":[],"taxonomy_info":[],"featured_image_src_large":["https:\/\/khsteel.net\/wp-content\/uploads\/2024\/07\/10006-16.jpg",580,580,false],"author_info":[],"comment_info":"","_links":{"self":[{"href":"https:\/\/khsteel.net\/es\/wp-json\/wp\/v2\/product\/647","targetHints":{"allow":["GET"]}}],"collection":[{"href":"https:\/\/khsteel.net\/es\/wp-json\/wp\/v2\/product"}],"about":[{"href":"https:\/\/khsteel.net\/es\/wp-json\/wp\/v2\/types\/product"}],"wp:featuredmedia":[{"embeddable":true,"href":"https:\/\/khsteel.net\/es\/wp-json\/wp\/v2\/media\/653"}],"wp:attachment":[{"href":"https:\/\/khsteel.net\/es\/wp-json\/wp\/v2\/media?parent=647"}],"wp:term":[{"taxonomy":"product-category","embeddable":true,"href":"https:\/\/khsteel.net\/es\/wp-json\/wp\/v2\/product-category?post=647"}],"curies":[{"name":"wp","href":"https:\/\/api.w.org\/{rel}","templated":true}]}}