{"id":588,"date":"2024-07-09T07:53:10","date_gmt":"2024-07-09T07:53:10","guid":{"rendered":"https:\/\/kehuan.easiwin.com\/?post_type=product&#038;p=588"},"modified":"2025-04-28T06:00:50","modified_gmt":"2025-04-28T06:00:50","slug":"venta-en-caliente-escudos-de-caldera-piezas-de-reparacion-de-calderas-medio-tubo-manguito-drivepipe-erosion-escudo","status":"publish","type":"product","link":"https:\/\/khsteel.net\/es\/product\/hot-selling-boiler-shields-boiler-repair-parts-half-pipe-sleeve-drivepipe-erosion-shield\/","title":{"rendered":"Venta caliente Escudos de caldera Piezas de reparaci\u00f3n de calderas Media manga de tubo de impulsi\u00f3n Escudo de erosi\u00f3n"},"content":{"rendered":"<h3 class=\"wp-block-heading\" id=\"key-attributes\">Atributos clave<\/h3>\n\n\n\n<h4 class=\"wp-block-heading\">Atributos espec\u00edficos del sector<\/h4>\n\n\n\n<figure class=\"wp-block-table\"><table><tbody><tr><td>Tipo<\/td><td>Sin fisuras<\/td><\/tr><tr><td>Grado de acero<\/td><td>Serie 500<\/td><\/tr><tr><td>Tolerancia<\/td><td>\u00b11%<\/td><\/tr><tr><td>Grado<\/td><td>Serie 400<\/td><\/tr><tr><td>Grado de acero<\/td><td>301, 316L, 316<\/td><\/tr><tr><td>Acabado superficial<\/td><td>TSHS<\/td><\/tr><tr><td>Facturaci\u00f3n<\/td><td>por peso real<\/td><\/tr><\/tbody><\/table><\/figure>\n\n\n\n<p>Otros atributos<\/p>\n\n\n\n<figure class=\"wp-block-table\"><table><tbody><tr><td>Est\u00e1ndar<\/td><td>JIS<\/td><\/tr><tr><td>Lugar de origen<\/td><td>Shandong, China<\/td><\/tr><tr><td>Secci\u00f3n Forma<\/td><td>Redondo<\/td><\/tr><tr><td>Aleaci\u00f3n o no<\/td><td>Sin aleaci\u00f3n<\/td><\/tr><tr><td>Plazo de entrega<\/td><td>15-21 d\u00edas<\/td><\/tr><tr><td>Marca<\/td><td>kehuan<\/td><\/tr><tr><td>N\u00famero de modelo<\/td><td>k06<\/td><\/tr><tr><td>Aplicaci\u00f3n<\/td><td>Im\u00e1n industrial<\/td><\/tr><tr><td>Tipo de l\u00ednea de soldadura<\/td><td>Sin fisuras<\/td><\/tr><tr><td>Servicio de tramitaci\u00f3n<\/td><td>Doblado, soldadura, desenrollado, punzonado, corte, moldeado<\/td><\/tr><tr><td>Nombre del producto<\/td><td>Protectores contra la erosi\u00f3n de los tubos de caldera<\/td><\/tr><tr><td>Palabras clave<\/td><td>Escudo contra la erosi\u00f3n de la caldera<\/td><\/tr><tr><td>T\u00e9cnica<\/td><td>Forjado\/fundici\u00f3n<\/td><\/tr><tr><td>Utilizaci\u00f3n<\/td><td>Para proteger los tubos de la caldera<\/td><\/tr><tr><td>Material<\/td><td>Acero<\/td><\/tr><tr><td>tallas<\/td><td>Tama\u00f1os a medida<\/td><\/tr><tr><td>Paquete<\/td><td>Cart\u00f3n de madera<\/td><\/tr><\/tbody><\/table><\/figure>\n\n\n\n<p>Especificaci\u00f3n<\/p>\n\n\n\n<figure class=\"wp-block-table\"><table><tbody><tr><td>Est\u00e1ndar<\/td><td>ASTM<\/td><\/tr><tr><td>Grado<\/td><td>Serie 200<\/td><\/tr><tr><td>Aplicaci\u00f3n<\/td><td>Calderas, centrales el\u00e9ctricas<\/td><\/tr><tr><td>Tratamiento de superficies<\/td><td>Brillante<\/td><\/tr><tr><td>Lugar de origen<\/td><td>China<\/td><\/tr><tr><td><\/td><td>Shandong<\/td><\/tr><tr><td>Marca<\/td><td>kehuan<\/td><\/tr><tr><td>N\u00famero de modelo<\/td><td>k03<\/td><\/tr><tr><td>Tolerancia<\/td><td>\u00b11%<\/td><\/tr><tr><td>Servicio de tramitaci\u00f3n<\/td><td>Plegado, soldadura, desenrollado, punzonado, corte<\/td><\/tr><tr><td>Grado de acero<\/td><td>301L, 316L, 316<\/td><\/tr><tr><td>Acabado superficial<\/td><td>TSHS<\/td><\/tr><tr><td>Plazo de entrega<\/td><td>15-21 d\u00edas<\/td><\/tr><tr><td>Nombre del producto<\/td><td>Protectores contra la erosi\u00f3n de los tubos de caldera<\/td><\/tr><tr><td>Palabras clave<\/td><td>Escudo contra la erosi\u00f3n de la caldera<\/td><\/tr><tr><td>T\u00e9cnica<\/td><td>Forjado\/fundici\u00f3n<\/td><\/tr><tr><td>Utilizaci\u00f3n<\/td><td>Para proteger los tubos de la caldera<\/td><\/tr><tr><td>Material<\/td><td>Acero<\/td><\/tr><tr><td>tallas<\/td><td>Tama\u00f1os a medida<\/td><\/tr><tr><td>Paquete<\/td><td>Cart\u00f3n de madera<\/td><\/tr><\/tbody><\/table><\/figure>","protected":false},"featured_media":589,"parent":0,"template":"","meta":{"_acf_changed":true,"_gspb_post_css":"","_kad_blocks_custom_css":"","_kad_blocks_head_custom_js":"","_kad_blocks_body_custom_js":"","_kad_blocks_footer_custom_js":"","_kad_post_transparent":"","_kad_post_title":"","_kad_post_layout":"","_kad_post_sidebar_id":"","_kad_post_content_style":"","_kad_post_vertical_padding":"","_kad_post_feature":"","_kad_post_feature_position":"","_kad_post_header":false,"_kad_post_footer":false,"_kad_post_classname":""},"product-category":[],"class_list":["post-588","product","type-product","status-publish","has-post-thumbnail","hentry"],"acf":[],"taxonomy_info":[],"featured_image_src_large":["https:\/\/khsteel.net\/wp-content\/uploads\/2024\/07\/10001-10.png",720,720,false],"author_info":[],"comment_info":"","_links":{"self":[{"href":"https:\/\/khsteel.net\/es\/wp-json\/wp\/v2\/product\/588","targetHints":{"allow":["GET"]}}],"collection":[{"href":"https:\/\/khsteel.net\/es\/wp-json\/wp\/v2\/product"}],"about":[{"href":"https:\/\/khsteel.net\/es\/wp-json\/wp\/v2\/types\/product"}],"wp:featuredmedia":[{"embeddable":true,"href":"https:\/\/khsteel.net\/es\/wp-json\/wp\/v2\/media\/589"}],"wp:attachment":[{"href":"https:\/\/khsteel.net\/es\/wp-json\/wp\/v2\/media?parent=588"}],"wp:term":[{"taxonomy":"product-category","embeddable":true,"href":"https:\/\/khsteel.net\/es\/wp-json\/wp\/v2\/product-category?post=588"}],"curies":[{"name":"wp","href":"https:\/\/api.w.org\/{rel}","templated":true}]}}