{"id":570,"date":"2024-07-09T07:21:20","date_gmt":"2024-07-09T07:21:20","guid":{"rendered":"https:\/\/kehuan.easiwin.com\/?post_type=product&#038;p=570"},"modified":"2025-06-20T06:39:01","modified_gmt":"2025-06-20T06:39:01","slug":"varilla-de-acero-inoxidable-a276-2205-2507-4140-310s","status":"publish","type":"product","link":"https:\/\/khsteel.net\/es\/product\/stainless-steel-rod-a276-2205-2507-4140-310s\/","title":{"rendered":"Alta calidad Barra de acero inoxidable ASTM a276 2205 2507 4140 310s redondo ss barra de acero bidireccional varilla de acero inoxidable"},"content":{"rendered":"<p>Sitio web de la empresa<\/p>\n\n\n\n<p>P\u00e1gina web de la oficina:<a href=\"https:\/\/khsteel.net\/es\/\">https:\/\/khsteel.net\/<\/a><br>P\u00e1gina web de Alibaba:<a href=\"https:\/\/lckehuan.en.alibaba.com\/\" target=\"_blank\" rel=\"noopener\">https:\/\/lckehuan.en.alibaba.com\/<\/a><\/p>\n\n\n\n<h3 class=\"wp-block-heading\" id=\"key-attributes-stainless-steel-rod\">Atributos clave varilla de acero inoxidable<\/h3>\n\n\n\n<h4 class=\"wp-block-heading\" id=\"industry-specific-attributes\">Atributos espec\u00edficos del sector <\/h4>\n\n\n\n<figure class=\"wp-block-table\"><table><tbody><tr><td>Nombre del producto<\/td><td>varilla de acero inoxidable<\/td><\/tr><tr><td>Grado<\/td><td>Serie 300<\/td><\/tr><tr><td>Forma<\/td><td>Redondo<\/td><\/tr><tr><td>Tolerancia<\/td><td>\u00b11%<\/td><\/tr><tr><td>Grado de acero<\/td><td>301L, 301, 304N, 310S, 410, 316L, 316, 314, 304, 304L<\/td><\/tr><tr><td>Acabado superficial<\/td><td>2B<\/td><\/tr><\/tbody><\/table><\/figure>\n\n\n\n<p>Otros atributos<\/p>\n\n\n\n<figure class=\"wp-block-table\"><table><tbody><tr><td>Lugar de origen<\/td><td>Shandong, China<\/td><\/tr><tr><td>Plazo de entrega<\/td><td>15-21 d\u00edas<\/td><\/tr><tr><td>Marca<\/td><td>Kehuan<\/td><\/tr><tr><td>N\u00famero de modelo<\/td><td>Varilla de acero inoxidable<\/td><\/tr><tr><td>Tipo<\/td><td>Redondo<\/td><\/tr><tr><td>Aplicaci\u00f3n<\/td><td>industria, maquinaria<\/td><\/tr><tr><td>Uso especial<\/td><td>Aceros para v\u00e1lvulas<\/td><\/tr><tr><td>Servicio de tramitaci\u00f3n<\/td><td>Plegado, soldadura, desenrollado, punzonado, corte<\/td><\/tr><tr><td>Grado<\/td><td>201, 202 , 304 , 304L , 316, 316L, 316Ti, 317 ,etc.<\/td><\/tr><tr><td>Acabado superficial<\/td><td>abrillantador brillante<\/td><\/tr><tr><td>T\u00e9cnica<\/td><td>Laminado en fr\u00edo; Laminado en caliente<\/td><\/tr><tr><td>Longitud<\/td><td>5800mm,6000mm,12000mm<\/td><\/tr><tr><td>Condiciones de pago<\/td><td>30% TT para dep\u00f3sito,70% TT \/70% LC a la vista<\/td><\/tr><tr><td>Aplicaci\u00f3n<\/td><td>industria qu\u00edmica,construcci\u00f3n,nuclear,energ\u00eda,maquinaria,construcci\u00f3n naval<\/td><\/tr><tr><td>Est\u00e1ndar<\/td><td>JIS\/SUS\/GB\/DIN\/ASTM\/AISI\/ES<\/td><\/tr><tr><td>Marca<\/td><td>Kehuan<\/td><\/tr><tr><td>Condiciones de precio<\/td><td>FOB, EXW, CIF, CFR<\/td><\/tr><tr><td>Embalaje<\/td><td>Paquete marinero est\u00e1ndar<\/td><\/tr><\/tbody><\/table><\/figure>\n\n\n\n<p>Aplicaci\u00f3n del producto<\/p>\n\n\n\n<figure class=\"wp-block-table\"><table><tbody><tr><td>Producto<\/td><td>varilla de acero inoxidable<\/td><\/tr><tr><td>Superficie<\/td><td>No.1,Decapado,Negro,Pelado,Brillante,Pulido,Granallado<\/td><\/tr><tr><td>Di\u00e1metro exterior<\/td><td>4mm-350mm, o seg\u00fan se requiera<\/td><\/tr><tr><td>Material<\/td><td>201 202 301 303 303Cu 304 304L 316 316L 310S 316Ti 321 430 904L, etc.<\/td><\/tr><\/tbody><\/table><\/figure>\n\n\n\n<p>Caracter\u00edsticas<\/p>\n\n\n\n<p>1. Existen diferentes grados de acero inoxidable que se utilizan en diversas industrias. 2. Las barras de acero inoxidable se utilizan por sus propiedades de resistencia y resistencia a la corrosi\u00f3n. Todos los aceros inoxidables contienen cromo. La composici\u00f3n puede variar y el contenido de cromo tambi\u00e9n. Cuanto mayor es el contenido de cromo, mayor es la resistencia a la corrosi\u00f3n. 3. El acero inoxidable es duradero, fuerte y maleable. Es resistente a la oxidaci\u00f3n, la corrosi\u00f3n y el \u00e1cido.<\/p>\n\n\n\n<figure class=\"wp-block-image size-full is-resized\"><img loading=\"lazy\" decoding=\"async\" width=\"750\" height=\"750\" src=\"https:\/\/khsteel.net\/wp-content\/uploads\/2024\/07\/10005-32.jpg\" alt=\"\" class=\"wp-image-737\" style=\"width:349px;height:auto\" title=\"\" srcset=\"https:\/\/khsteel.net\/wp-content\/uploads\/2024\/07\/10005-32.jpg 750w, https:\/\/khsteel.net\/wp-content\/uploads\/2024\/07\/10005-32-300x300.jpg 300w, https:\/\/khsteel.net\/wp-content\/uploads\/2024\/07\/10005-32-150x150.jpg 150w\" sizes=\"auto, (max-width: 750px) 100vw, 750px\" \/><\/figure>\n\n\n\n\n\n<figure class=\"wp-block-image\"><img decoding=\"async\" src=\"https:\/\/sc04.alicdn.com\/kf\/Haef7fe706a38439683e71fa6713b9d7em\/245885696\/Haef7fe706a38439683e71fa6713b9d7em.jpg\" alt=\"\" title=\"\"><\/figure>\n\n\n\n<figure class=\"wp-block-image\"><img decoding=\"async\" src=\"https:\/\/sc04.alicdn.com\/kf\/H21084ec2b20a45dbaeb69fa80be847d3A\/245885696\/H21084ec2b20a45dbaeb69fa80be847d3A.jpg\" alt=\"\u6b64\u56fe\u7247\u7684 alt \u5c5e\u6027\u4e3a\u7a7a\uff1b\u6587\u4ef6\u540d\u4e3a H21084ec2b20a45dbaeb69fa80be847d3A.jpg\" title=\"\"><\/figure>\n\n\n\n<p><\/p>","protected":false},"featured_media":735,"parent":0,"template":"","meta":{"_acf_changed":true,"_gspb_post_css":"","_kad_blocks_custom_css":"","_kad_blocks_head_custom_js":"","_kad_blocks_body_custom_js":"","_kad_blocks_footer_custom_js":"","_kad_post_transparent":"","_kad_post_title":"","_kad_post_layout":"","_kad_post_sidebar_id":"","_kad_post_content_style":"","_kad_post_vertical_padding":"","_kad_post_feature":"","_kad_post_feature_position":"","_kad_post_header":false,"_kad_post_footer":false,"_kad_post_classname":""},"product-category":[91],"class_list":["post-570","product","type-product","status-publish","has-post-thumbnail","hentry","product-category-the-stainless-steel-rod"],"acf":[],"taxonomy_info":{"product-category":[{"value":91,"label":"The stainless steel rod"}]},"featured_image_src_large":["https:\/\/khsteel.net\/wp-content\/uploads\/2024\/07\/10002-10-1024x772.png",1024,772,true],"author_info":[],"comment_info":"","_links":{"self":[{"href":"https:\/\/khsteel.net\/es\/wp-json\/wp\/v2\/product\/570","targetHints":{"allow":["GET"]}}],"collection":[{"href":"https:\/\/khsteel.net\/es\/wp-json\/wp\/v2\/product"}],"about":[{"href":"https:\/\/khsteel.net\/es\/wp-json\/wp\/v2\/types\/product"}],"wp:featuredmedia":[{"embeddable":true,"href":"https:\/\/khsteel.net\/es\/wp-json\/wp\/v2\/media\/735"}],"wp:attachment":[{"href":"https:\/\/khsteel.net\/es\/wp-json\/wp\/v2\/media?parent=570"}],"wp:term":[{"taxonomy":"product-category","embeddable":true,"href":"https:\/\/khsteel.net\/es\/wp-json\/wp\/v2\/product-category?post=570"}],"curies":[{"name":"wp","href":"https:\/\/api.w.org\/{rel}","templated":true}]}}